{"id":83540,"date":"2026-01-05T10:22:29","date_gmt":"2026-01-05T09:22:29","guid":{"rendered":"https:\/\/filetafoin.com\/impressum\/"},"modified":"2026-01-13T17:42:40","modified_gmt":"2026-01-13T16:42:40","slug":"impressum","status":"publish","type":"page","link":"https:\/\/filetafoin.com\/de\/impressum\/","title":{"rendered":"Impressum"},"content":{"rendered":"<div class=\"wpb-content-wrapper\"><p>[vc_row unlock_row_content=&#8220;yes&#8220; row_height_percent=&#8220;30&#8243; back_image=&#8220;82786&#8243; back_position=&#8220;center center&#8220; overlay_alpha=&#8220;50&#8243; gutter_size=&#8220;3&#8243; column_width_percent=&#8220;100&#8243; shift_y=&#8220;0&#8243; z_index=&#8220;0&#8243; content_parallax=&#8220;0&#8243; uncode_shortcode_id=&#8220;170573&#8243;][vc_column width=&#8220;1\/1&#8243;][\/vc_column][\/vc_row][vc_row][vc_column width=&#8220;1\/1&#8243;][vc_column_text uncode_shortcode_id=&#8220;442276&#8243;]<\/p>\n<h1 style=\"text-align: center;\">Impressum<\/h1>\n<p>&nbsp;<\/p>\n<h2>Rechtliche Informationen<\/h2>\n<h3><strong>1. Vorstellung der Website.<\/strong><\/h3>\n<p>Gem\u00e4\u00df Artikel 6 des Gesetzes Nr. 2004-575 vom 21. Juni 2004 \u00fcber das Vertrauen in die digitale Wirtschaft werden den Nutzern der Website die Identit\u00e4ten der verschiedenen Beteiligten bei deren Erstellung und Pflege mitgeteilt:<br \/>\n<strong>Inhaber:<\/strong> Feelnets<br \/>\n<strong>Verantwortlich f\u00fcr die Ver\u00f6ffentlichung:<\/strong> El\u00e9onore SALKIND<br \/>\n<strong>Webmaster<\/strong>: Symbole Network<br \/>\n<strong>Hoster:<\/strong> OVH<br \/>\n<strong>Datenschutzbeauftragter:<\/strong> Fr\u00e9d\u00e9ric du Rivau<\/p>\n<h3>2. Allgemeine Nutzungsbedingungen der Website und der angebotenen Dienste.<\/h3>\n<p>Die Nutzung der Website <a href=\"https:\/\/filetafoin.com\/de\/\">https:\/\/filetafoin.com\/<\/a> setzt die vollst\u00e4ndige und uneingeschr\u00e4nkte Annahme der nachstehend beschriebenen allgemeinen Nutzungsbedingungen voraus. Diese Nutzungsbedingungen k\u00f6nnen jederzeit ge\u00e4ndert oder erg\u00e4nzt werden, daher werden die Nutzer der Website <a href=\"https:\/\/filetafoin.com\/de\/\">https:\/\/filetafoin.com\/<\/a> gebeten, diese regelm\u00e4\u00dfig zu konsultieren. <\/p>\n<p>Diese Website ist f\u00fcr Nutzer normalerweise jederzeit zug\u00e4nglich. Eine Unterbrechung aus Gr\u00fcnden der technischen Wartung kann jedoch von Feelnets beschlossen werden, wobei Feelnets sich bem\u00fchen wird, die Nutzer im Voraus \u00fcber die Daten und Zeiten des Eingriffs zu informieren. <\/p>\n<p>Die Website <a href=\"https:\/\/filetafoin.com\/de\/\">https:\/\/filetafoin.com\/<\/a> wird regelm\u00e4\u00dfig von Fr\u00e9d\u00e9ric Du Rivau aktualisiert. Ebenso k\u00f6nnen die rechtlichen Hinweise jederzeit ge\u00e4ndert werden: Sie sind jedoch f\u00fcr den Nutzer bindend, der gebeten wird, sie so oft wie m\u00f6glich zu konsultieren, um sich \u00fcber deren Inhalt zu informieren. <\/p>\n<h3>3. Beschreibung der angebotenen Dienste.<\/h3>\n<p>Zweck der Website <a href=\"https:\/\/filetafoin.com\/de\/\">https:\/\/filetafoin.com\/<\/a> ist es, Informationen \u00fcber alle Aktivit\u00e4ten des Unternehmens bereitzustellen.<\/p>\n<p>Feelnets bem\u00fcht sich, auf der Website <a href=\"https:\/\/filetafoin.com\/de\/\">https:\/\/filetafoin.com\/<\/a> m\u00f6glichst genaue Informationen bereitzustellen. Es kann jedoch keine Verantwortung f\u00fcr Auslassungen, Ungenauigkeiten und M\u00e4ngel bei der Aktualisierung \u00fcbernommen werden, sei es durch eigene Fehler oder durch Dritte, die diese Informationen bereitstellen. <\/p>\n<p>Alle auf der Website <a href=\"https:\/\/filetafoin.com\/de\/\">https:\/\/filetafoin.com\/<\/a> angegebenen Informationen dienen lediglich als Anhaltspunkt und k\u00f6nnen sich \u00e4ndern. Dar\u00fcber hinaus sind die auf der Website <a href=\"https:\/\/filetafoin.com\/de\/\">https:\/\/filetafoin.com\/<\/a> enthaltenen Informationen nicht vollst\u00e4ndig. Sie werden unter dem Vorbehalt von \u00c4nderungen bereitgestellt, die seit ihrer Online-Stellung vorgenommen wurden.  <\/p>\n<h3>4. Vertragliche Einschr\u00e4nkungen bez\u00fcglich technischer Daten.<\/h3>\n<p>Die Website verwendet JavaScript-Technologie.<\/p>\n<p>Die Website kann nicht f\u00fcr materielle Sch\u00e4den haftbar gemacht werden, die mit der Nutzung der Website verbunden sind. Dar\u00fcber hinaus verpflichtet sich der Nutzer der Website, auf die Website mit aktueller, virenfreier Hardware und einem aktualisierten Browser der neuesten Generation zuzugreifen. <\/p>\n<h3>5. Geistiges Eigentum und F\u00e4lschungen.<\/h3>\n<p>Feelnets ist Inhaber der geistigen Eigentumsrechte oder besitzt die Nutzungsrechte an allen auf der Website zug\u00e4nglichen Elementen, insbesondere Texten, Bildern, Grafiken, Logos, Icons, Sounds und Software.<\/p>\n<p>Jegliche Vervielf\u00e4ltigung, Darstellung, \u00c4nderung, Ver\u00f6ffentlichung, Anpassung aller oder eines Teils der Elemente der Website, unabh\u00e4ngig vom verwendeten Mittel oder Verfahren, ist ohne vorherige schriftliche Genehmigung von Feelnets untersagt.<\/p>\n<p>Jede unbefugte Nutzung der Website oder eines ihrer Elemente wird als Verletzung des Urheberrechts angesehen und gem\u00e4\u00df den Bestimmungen der Artikel L.335-2 ff. des franz\u00f6sischen Gesetzes \u00fcber geistiges Eigentum verfolgt.<\/p>\n<h3>6. Haftungsbeschr\u00e4nkungen.<\/h3>\n<p>Feelnets kann nicht f\u00fcr direkte und indirekte Sch\u00e4den haftbar gemacht werden, die an der Ausr\u00fcstung des Nutzers beim Zugriff auf die Website <a href=\"https:\/\/filetafoin.com\/de\/\">https:\/\/filetafoin.com\/<\/a> entstehen und entweder aus der Verwendung von Hardware resultieren, die nicht den unter Punkt 4 angegebenen Spezifikationen entspricht, oder aus dem Auftreten eines Bugs oder einer Inkompatibilit\u00e4t.<\/p>\n<p>Feelnets kann auch nicht f\u00fcr indirekte Sch\u00e4den (wie z.B. Marktverlust oder Verlust einer Chance) haftbar gemacht werden, die sich aus der Nutzung der Website <a href=\"https:\/\/filetafoin.com\/de\/\">https:\/\/filetafoin.com\/<\/a> ergeben.<\/p>\n<p>Interaktive Bereiche (M\u00f6glichkeit, Fragen im Kontaktbereich zu stellen) stehen den Nutzern zur Verf\u00fcgung. Feelnets beh\u00e4lt sich das Recht vor, ohne vorherige Mahnung jeglichen in diesem Bereich hinterlegten Inhalt zu l\u00f6schen, der gegen die in Frankreich geltende Gesetzgebung, insbesondere die Bestimmungen zum Datenschutz, versto\u00dfen w\u00fcrde. Gegebenenfalls beh\u00e4lt sich Feelnets auch das Recht vor, die zivil- und\/oder strafrechtliche Verantwortung des Nutzers geltend zu machen, insbesondere bei rassistischen, beleidigenden, verleumderischen oder pornografischen Nachrichten, unabh\u00e4ngig vom verwendeten Medium (Text, Fotografie\u2026).  <\/p>\n<h3>7. Verwaltung personenbezogener Daten.<\/h3>\n<p>In Frankreich sind personenbezogene Daten insbesondere durch das Gesetz Nr. 78-87 vom 6. Januar 1978, das Gesetz Nr. 2004-801 vom 6. August 2004, Artikel L. 226-13 des Strafgesetzbuches und die Europ\u00e4ische Richtlinie vom 24. Oktober 1995 gesch\u00fctzt.<\/p>\n<p>Bei der Nutzung der Website <a href=\"https:\/\/filetafoin.com\/de\/\">https:\/\/filetafoin.com\/<\/a> k\u00f6nnen folgende Daten erfasst werden: die URL der Links, \u00fcber die der Nutzer auf die Website <a href=\"https:\/\/filetafoin.com\/de\/\">https:\/\/filetafoin.com\/<\/a> zugegriffen hat, der Internetanbieter des Nutzers, die Internetprotokolladresse (IP) des Nutzers.<\/p>\n<p>In jedem Fall erhebt Feelnets personenbezogene Daten des Nutzers nur f\u00fcr die Zwecke bestimmter Dienste, die von der Website <a href=\"https:\/\/filetafoin.com\/de\/\">https:\/\/filetafoin.com\/<\/a> angeboten werden. Der Nutzer stellt diese Informationen wissentlich zur Verf\u00fcgung, insbesondere wenn er sie selbst eingibt. Dem Nutzer der Website <a href=\"https:\/\/filetafoin.com\/de\/\">https:\/\/filetafoin.com\/<\/a> wird dann mitgeteilt, ob die Bereitstellung dieser Informationen obligatorisch ist oder nicht.  <\/p>\n<p>Gem\u00e4\u00df den Bestimmungen der Artikel 38 ff. des Gesetzes 78-17 vom 6. Januar 1978 \u00fcber Informatik, Dateien und Freiheiten hat jeder Nutzer ein Recht auf Zugang, Berichtigung und Widerspruch bez\u00fcglich seiner personenbezogenen Daten, indem er einen schriftlichen und unterzeichneten Antrag stellt, begleitet von einer Kopie des Personalausweises mit Unterschrift des Inhabers, unter Angabe der Adresse, an die die Antwort gesendet werden soll.<\/p>\n<p>Keine pers\u00f6nlichen Informationen des Nutzers der Website <a href=\"https:\/\/filetafoin.com\/de\/\">https:\/\/filetafoin.com\/<\/a> werden ohne dessen Wissen ver\u00f6ffentlicht, ausgetauscht, \u00fcbertragen, abgetreten oder auf irgendeinem Medium an Dritte verkauft. Nur im Falle eines Erwerbs von Feelnets und seiner Rechte w\u00e4re die \u00dcbermittlung dieser Informationen an den potenziellen K\u00e4ufer zul\u00e4ssig, der seinerseits die gleiche Verpflichtung zur Aufbewahrung und \u00c4nderung der Daten gegen\u00fcber dem Nutzer der Website <a href=\"https:\/\/filetafoin.com\/de\/\">https:\/\/filetafoin.com\/<\/a> h\u00e4tte. <\/p>\n<p>Die Website ist nicht bei der CNIL gemeldet, da sie keine pers\u00f6nlichen Informationen sammelt.<\/p>\n<p>Die Datenbanken sind durch die Bestimmungen des Gesetzes vom 1. Juli 1998 gesch\u00fctzt, das die Richtlinie 96\/9 vom 11. M\u00e4rz 1996 \u00fcber den rechtlichen Schutz von Datenbanken umsetzt.<\/p>\n<h3>8. Hyperlinks und Cookies.<\/h3>\n<p>Die Website <a href=\"https:\/\/filetafoin.com\/de\/\">https:\/\/filetafoin.com\/<\/a> enth\u00e4lt eine Reihe von Hyperlinks zu anderen Websites, die mit Genehmigung von Feelnets eingerichtet wurden. Feelnets hat jedoch keine M\u00f6glichkeit, den Inhalt der so besuchten Websites zu \u00fcberpr\u00fcfen und \u00fcbernimmt daher keine Verantwortung daf\u00fcr. <\/p>\n<p>Das Surfen auf der Website <a href=\"https:\/\/filetafoin.com\/de\/\">https:\/\/filetafoin.com\/<\/a> kann zur Installation von Cookie(s) auf dem Computer des Nutzers f\u00fchren. Ein Cookie ist eine kleine Datei, die keine Identifizierung des Nutzers erm\u00f6glicht, aber Informationen \u00fcber die Navigation eines Computers auf einer Website speichert. Die so erhaltenen Daten sollen die sp\u00e4tere Navigation auf der Website erleichtern und dienen auch dazu, verschiedene Besucherfrequenzmessungen zu erm\u00f6glichen.  <\/p>\n<p>Die Ablehnung der Installation eines Cookies kann dazu f\u00fchren, dass bestimmte Dienste nicht zug\u00e4nglich sind. Der Nutzer kann seinen Computer jedoch wie folgt konfigurieren, um die Installation von Cookies abzulehnen: <\/p>\n<p>Unter Internet Explorer: Registerkarte Extras (Zahnrad-Symbol oben rechts) \/ Internetoptionen. Klicken Sie auf Datenschutz und w\u00e4hlen Sie Alle Cookies blockieren. Best\u00e4tigen Sie mit Ok.  <\/p>\n<p>Unter Firefox: Klicken Sie oben im Browserfenster auf die Firefox-Schaltfl\u00e4che und gehen Sie dann zum Reiter Optionen. Klicken Sie auf den Reiter Datenschutz.<br \/>\nStellen Sie die Aufbewahrungsregeln ein auf: Benutzerdefinierte Einstellungen f\u00fcr den Verlauf verwenden. Deaktivieren Sie schlie\u00dflich das Kontrollk\u00e4stchen, um Cookies zu deaktivieren.  <\/p>\n<p>Unter Safari: Klicken Sie oben rechts im Browser auf das Men\u00fcsymbol (symbolisiert durch ein Zahnrad). W\u00e4hlen Sie Einstellungen. Klicken Sie auf Erweiterte Einstellungen anzeigen. Im Abschnitt \u201eDatenschutz\u201c klicken Sie auf Inhaltseinstellungen. Im Abschnitt \u201eCookies\u201c k\u00f6nnen Sie Cookies blockieren.    <\/p>\n<p>Unter Chrome: Klicken Sie oben rechts im Browser auf das Men\u00fcsymbol (symbolisiert durch drei horizontale Linien). W\u00e4hlen Sie Einstellungen. Klicken Sie auf Erweiterte Einstellungen anzeigen. Im Abschnitt \u201eDatenschutz\u201c klicken Sie auf Einstellungen. Im Reiter \u201eDatenschutz\u201c k\u00f6nnen Sie Cookies blockieren.    <\/p>\n<h3>9. Anwendbares Recht und Gerichtsstand.<\/h3>\n<p>Alle Streitigkeiten im Zusammenhang mit der Nutzung der Website <a href=\"https:\/\/filetafoin.com\/de\/\">https:\/\/filetafoin.com\/<\/a> unterliegen franz\u00f6sischem Recht. Die ausschlie\u00dfliche Zust\u00e4ndigkeit liegt bei den zust\u00e4ndigen Gerichten in Paris. <\/p>\n<h3>10. Die wichtigsten relevanten Gesetze.<\/h3>\n<p>Gesetz Nr. 78-17 vom 6. Januar 1978, insbesondere ge\u00e4ndert durch das Gesetz Nr. 2004-801 vom 6. August 2004 \u00fcber Informatik, Dateien und Freiheiten.<\/p>\n<p>Gesetz Nr. 2004-575 vom 21. Juni 2004 \u00fcber das Vertrauen in die digitale Wirtschaft.<\/p>\n<h3>11. Glossar.<\/h3>\n<p>Nutzer: Internetnutzer, der sich mit der oben genannten Website verbindet und diese nutzt.<\/p>\n<p>Personenbezogene Daten: \u201eInformationen, die in irgendeiner Form, direkt oder indirekt, die Identifizierung der nat\u00fcrlichen Personen erm\u00f6glichen, auf die sie sich beziehen\u201c (Artikel 4 des Gesetzes Nr. 78-17 vom 6. Januar 1978).[\/vc_column_text][\/vc_column][\/vc_row]<\/p>\n<\/div>","protected":false},"excerpt":{"rendered":"<p>[vc_row unlock_row_content=&#8220;yes&#8220; row_height_percent=&#8220;30&#8243; back_image=&#8220;82786&#8243; back_position=&#8220;center center&#8220; overlay_alpha=&#8220;50&#8243; gutter_size=&#8220;3&#8243; column_width_percent=&#8220;100&#8243; shift_y=&#8220;0&#8243; z_index=&#8220;0&#8243; content_parallax=&#8220;0&#8243; uncode_shortcode_id=&#8220;170573&#8243;][vc_column width=&#8220;1\/1&#8243;][\/vc_column][\/vc_row][vc_row][vc_column width=&#8220;1\/1&#8243;][vc_column_text uncode_shortcode_id=&#8220;442276&#8243;] Impressum &nbsp; Rechtliche Informationen [&hellip;]<\/p>\n","protected":false},"author":2,"featured_media":0,"parent":0,"menu_order":0,"comment_status":"closed","ping_status":"closed","template":"","meta":{"footnotes":""},"class_list":["post-83540","page","type-page","status-publish","hentry"],"yoast_head":"<!-- This site is optimized with the Yoast SEO plugin v26.7 - https:\/\/yoast.com\/wordpress\/plugins\/seo\/ -->\n<title>Impressum - Filets \u00e0 Foin<\/title>\n<meta name=\"robots\" content=\"index, follow, max-snippet:-1, max-image-preview:large, max-video-preview:-1\" \/>\n<link rel=\"canonical\" href=\"https:\/\/filetafoin.com\/de\/impressum\/\" \/>\n<meta property=\"og:locale\" content=\"de_DE\" \/>\n<meta property=\"og:type\" content=\"article\" \/>\n<meta property=\"og:title\" content=\"Impressum - Filets \u00e0 Foin\" \/>\n<meta property=\"og:description\" content=\"[vc_row unlock_row_content=&#8220;yes&#8220; row_height_percent=&#8220;30&#8243; back_image=&#8220;82786&#8243; back_position=&#8220;center center&#8220; overlay_alpha=&#8220;50&#8243; gutter_size=&#8220;3&#8243; column_width_percent=&#8220;100&#8243; shift_y=&#8220;0&#8243; z_index=&#8220;0&#8243; content_parallax=&#8220;0&#8243; uncode_shortcode_id=&#8220;170573&#8243;][vc_column width=&#8220;1\/1&#8243;][\/vc_column][\/vc_row][vc_row][vc_column width=&#8220;1\/1&#8243;][vc_column_text uncode_shortcode_id=&#8220;442276&#8243;] Impressum &nbsp; Rechtliche Informationen [&hellip;]\" \/>\n<meta property=\"og:url\" content=\"https:\/\/filetafoin.com\/de\/impressum\/\" \/>\n<meta property=\"og:site_name\" content=\"Filets \u00e0 Foin\" \/>\n<meta property=\"article:modified_time\" content=\"2026-01-13T16:42:40+00:00\" \/>\n<meta name=\"twitter:card\" content=\"summary_large_image\" \/>\n<meta name=\"twitter:label1\" content=\"Gesch\u00e4tzte Lesezeit\" \/>\n\t<meta name=\"twitter:data1\" content=\"7\u00a0Minuten\" \/>\n<script type=\"application\/ld+json\" class=\"yoast-schema-graph\">{\"@context\":\"https:\/\/schema.org\",\"@graph\":[{\"@type\":\"WebPage\",\"@id\":\"https:\/\/filetafoin.com\/de\/impressum\/\",\"url\":\"https:\/\/filetafoin.com\/de\/impressum\/\",\"name\":\"Impressum - Filets \u00e0 Foin\",\"isPartOf\":{\"@id\":\"https:\/\/filetafoin.com\/de\/#website\"},\"datePublished\":\"2026-01-05T09:22:29+00:00\",\"dateModified\":\"2026-01-13T16:42:40+00:00\",\"breadcrumb\":{\"@id\":\"https:\/\/filetafoin.com\/de\/impressum\/#breadcrumb\"},\"inLanguage\":\"de\",\"potentialAction\":[{\"@type\":\"ReadAction\",\"target\":[\"https:\/\/filetafoin.com\/de\/impressum\/\"]}]},{\"@type\":\"BreadcrumbList\",\"@id\":\"https:\/\/filetafoin.com\/de\/impressum\/#breadcrumb\",\"itemListElement\":[{\"@type\":\"ListItem\",\"position\":1,\"name\":\"Accueil\",\"item\":\"https:\/\/filetafoin.com\/de\/spezialist-fuer-heunetze-fuer-pferde\/\"},{\"@type\":\"ListItem\",\"position\":2,\"name\":\"Impressum\"}]},{\"@type\":\"WebSite\",\"@id\":\"https:\/\/filetafoin.com\/de\/#website\",\"url\":\"https:\/\/filetafoin.com\/de\/\",\"name\":\"Filets \u00e0 Foin\",\"description\":\"Sp\u00e9cialiste du Filet \u00e0 Foin pour Chevaux\",\"potentialAction\":[{\"@type\":\"SearchAction\",\"target\":{\"@type\":\"EntryPoint\",\"urlTemplate\":\"https:\/\/filetafoin.com\/de\/?s={search_term_string}\"},\"query-input\":{\"@type\":\"PropertyValueSpecification\",\"valueRequired\":true,\"valueName\":\"search_term_string\"}}],\"inLanguage\":\"de\"}]}<\/script>\n<!-- \/ Yoast SEO plugin. -->","yoast_head_json":{"title":"Impressum - Filets \u00e0 Foin","robots":{"index":"index","follow":"follow","max-snippet":"max-snippet:-1","max-image-preview":"max-image-preview:large","max-video-preview":"max-video-preview:-1"},"canonical":"https:\/\/filetafoin.com\/de\/impressum\/","og_locale":"de_DE","og_type":"article","og_title":"Impressum - Filets \u00e0 Foin","og_description":"[vc_row unlock_row_content=&#8220;yes&#8220; row_height_percent=&#8220;30&#8243; back_image=&#8220;82786&#8243; back_position=&#8220;center center&#8220; overlay_alpha=&#8220;50&#8243; gutter_size=&#8220;3&#8243; column_width_percent=&#8220;100&#8243; shift_y=&#8220;0&#8243; z_index=&#8220;0&#8243; content_parallax=&#8220;0&#8243; uncode_shortcode_id=&#8220;170573&#8243;][vc_column width=&#8220;1\/1&#8243;][\/vc_column][\/vc_row][vc_row][vc_column width=&#8220;1\/1&#8243;][vc_column_text uncode_shortcode_id=&#8220;442276&#8243;] Impressum &nbsp; Rechtliche Informationen [&hellip;]","og_url":"https:\/\/filetafoin.com\/de\/impressum\/","og_site_name":"Filets \u00e0 Foin","article_modified_time":"2026-01-13T16:42:40+00:00","twitter_card":"summary_large_image","twitter_misc":{"Gesch\u00e4tzte Lesezeit":"7\u00a0Minuten"},"schema":{"@context":"https:\/\/schema.org","@graph":[{"@type":"WebPage","@id":"https:\/\/filetafoin.com\/de\/impressum\/","url":"https:\/\/filetafoin.com\/de\/impressum\/","name":"Impressum - Filets \u00e0 Foin","isPartOf":{"@id":"https:\/\/filetafoin.com\/de\/#website"},"datePublished":"2026-01-05T09:22:29+00:00","dateModified":"2026-01-13T16:42:40+00:00","breadcrumb":{"@id":"https:\/\/filetafoin.com\/de\/impressum\/#breadcrumb"},"inLanguage":"de","potentialAction":[{"@type":"ReadAction","target":["https:\/\/filetafoin.com\/de\/impressum\/"]}]},{"@type":"BreadcrumbList","@id":"https:\/\/filetafoin.com\/de\/impressum\/#breadcrumb","itemListElement":[{"@type":"ListItem","position":1,"name":"Accueil","item":"https:\/\/filetafoin.com\/de\/spezialist-fuer-heunetze-fuer-pferde\/"},{"@type":"ListItem","position":2,"name":"Impressum"}]},{"@type":"WebSite","@id":"https:\/\/filetafoin.com\/de\/#website","url":"https:\/\/filetafoin.com\/de\/","name":"Filets \u00e0 Foin","description":"Sp\u00e9cialiste du Filet \u00e0 Foin pour Chevaux","potentialAction":[{"@type":"SearchAction","target":{"@type":"EntryPoint","urlTemplate":"https:\/\/filetafoin.com\/de\/?s={search_term_string}"},"query-input":{"@type":"PropertyValueSpecification","valueRequired":true,"valueName":"search_term_string"}}],"inLanguage":"de"}]}},"_links":{"self":[{"href":"https:\/\/filetafoin.com\/de\/wp-json\/wp\/v2\/pages\/83540","targetHints":{"allow":["GET"]}}],"collection":[{"href":"https:\/\/filetafoin.com\/de\/wp-json\/wp\/v2\/pages"}],"about":[{"href":"https:\/\/filetafoin.com\/de\/wp-json\/wp\/v2\/types\/page"}],"author":[{"embeddable":true,"href":"https:\/\/filetafoin.com\/de\/wp-json\/wp\/v2\/users\/2"}],"replies":[{"embeddable":true,"href":"https:\/\/filetafoin.com\/de\/wp-json\/wp\/v2\/comments?post=83540"}],"version-history":[{"count":4,"href":"https:\/\/filetafoin.com\/de\/wp-json\/wp\/v2\/pages\/83540\/revisions"}],"predecessor-version":[{"id":83546,"href":"https:\/\/filetafoin.com\/de\/wp-json\/wp\/v2\/pages\/83540\/revisions\/83546"}],"wp:attachment":[{"href":"https:\/\/filetafoin.com\/de\/wp-json\/wp\/v2\/media?parent=83540"}],"curies":[{"name":"wp","href":"https:\/\/api.w.org\/{rel}","templated":true}]}}