{"id":83548,"date":"2025-10-27T11:16:21","date_gmt":"2025-10-27T10:16:21","guid":{"rendered":"https:\/\/filetafoin.com\/verfressenes-pferd-warum-frisst-es-so-schnell-und-wie-kann-man-es-verlangsamen\/"},"modified":"2026-03-13T17:53:23","modified_gmt":"2026-03-13T16:53:23","slug":"verfressenes-pferd-warum-frisst-es-so-schnell-und-wie-kann-man-es-verlangsamen","status":"publish","type":"page","link":"https:\/\/filetafoin.com\/de\/verfressenes-pferd-warum-frisst-es-so-schnell-und-wie-kann-man-es-verlangsamen\/","title":{"rendered":"Verfressenes Pferd: Warum frisst es so schnell und wie kann man es verlangsamen?"},"content":{"rendered":"<div class=\"wpb-content-wrapper\"><p>[vc_row row_height_percent=&#8220;0&#8243; override_padding=&#8220;yes&#8220; h_padding=&#8220;2&#8243; top_padding=&#8220;5&#8243; bottom_padding=&#8220;3&#8243; overlay_alpha=&#8220;100&#8243; gutter_size=&#8220;3&#8243; column_width_percent=&#8220;100&#8243; shift_y=&#8220;0&#8243; z_index=&#8220;0&#8243; row_height_use_pixel=&#8220;&#8220;][vc_column column_width_use_pixel=&#8220;yes&#8220; gutter_size=&#8220;3&#8243; overlay_alpha=&#8220;50&#8243; shift_x=&#8220;0&#8243; shift_y=&#8220;0&#8243; medium_width=&#8220;0&#8243; zoom_width=&#8220;0&#8243; zoom_height=&#8220;0&#8243; column_width_pixel=&#8220;800&#8243;][vc_column_text uncode_shortcode_id=&#8220;171070&#8243;]<\/p>\n<h2><strong> Warum mein Pferd verfressen ist: Der Konflikt zwischen Natur und Gefangenschaft<\/strong><\/h2>\n<p>[\/vc_column_text][vc_column_text uncode_shortcode_id=&#8220;388305&#8243;]Ihr Pferd verschlingt seine Heuration in Rekordzeit und lauert bereits auf die n\u00e4chste Mahlzeit? Dieses Verhalten eines \u201everfressenen Pferdes\u201c ist h\u00e4ufig, aber es ist kein blo\u00dfer Ausdruck von Fresslust. Es hat oft seinen Ursprung in einer <strong>Diskrepanz zwischen der h\u00e4uslichen Lebensweise<\/strong>, die ihnen auferlegt wird, und der <strong>Pferdephysiologie<\/strong>. In freier Wildbahn verbringt ein Pferd fast 16 Stunden pro Tag mit Grasen, wobei es kontinuierlich kleine Mengen aufnimmt.<\/p>\n<p>Das Boxenleben mit aufgeteilten Mahlzeiten (oft zwei oder drei pro Tag) f\u00fchrt zu Futterangst. Das Pferd frisst schnell aus Angst, zu kurz zu kommen, aus Langeweile oder aus einfachem Konkurrenzinstinkt, selbst wenn es allein ist.<\/p>\n<p>Das Leben mit unbegrenztem Zugang zu losem Heu bietet eine F\u00fclle an Raufutter. Das Heu ist <strong>leicht zug\u00e4nglich<\/strong>. Das Pferd kann sehr gro\u00dfe Bissen ohne Anstrengung oder Widerstand aufnehmen.<\/p>\n<p>Diese Fressgeschwindigkeit ist die direkte Antwort auf einen Fressrhythmus, der nicht der seine ist.[\/vc_column_text][\/vc_column][\/vc_row][vc_row row_height_percent=&#8220;0&#8243; override_padding=&#8220;yes&#8220; h_padding=&#8220;2&#8243; top_padding=&#8220;0&#8243; bottom_padding=&#8220;0&#8243; overlay_alpha=&#8220;100&#8243; gutter_size=&#8220;3&#8243; column_width_percent=&#8220;100&#8243; shift_y=&#8220;0&#8243; z_index=&#8220;0&#8243; row_height_use_pixel=&#8220;&#8220;][vc_column column_width_use_pixel=&#8220;yes&#8220; gutter_size=&#8220;3&#8243; overlay_alpha=&#8220;50&#8243; shift_x=&#8220;0&#8243; shift_y=&#8220;0&#8243; medium_width=&#8220;0&#8243; zoom_width=&#8220;0&#8243; zoom_height=&#8220;0&#8243; width=&#8220;5\/6&#8243;][vc_single_image media=&#8220;83549&#8243; media_width_percent=&#8220;100&#8243; media_ratio=&#8220;three-two&#8220; media_title_uppercase=&#8220;&#8220; uncode_shortcode_id=&#8220;144492&#8243;][\/vc_column][vc_column column_width_percent=&#8220;100&#8243; gutter_size=&#8220;3&#8243; overlay_alpha=&#8220;50&#8243; shift_x=&#8220;0&#8243; shift_y=&#8220;0&#8243; medium_width=&#8220;0&#8243; zoom_width=&#8220;0&#8243; zoom_height=&#8220;0&#8243; width=&#8220;1\/6&#8243;][vc_column_text uncode_shortcode_id=&#8220;125356&#8243;]Hier ein Heunetz Modell Baluchon XL. Erm\u00f6glicht eine einfache und schnelle Handhabung f\u00fcr die Heuverteilung im Format \u201ekleiner Ballen\u201c[\/vc_column_text][\/vc_column][\/vc_row][vc_row row_height_percent=&#8220;0&#8243; override_padding=&#8220;yes&#8220; h_padding=&#8220;2&#8243; top_padding=&#8220;3&#8243; bottom_padding=&#8220;3&#8243; overlay_alpha=&#8220;100&#8243; gutter_size=&#8220;3&#8243; column_width_percent=&#8220;100&#8243; shift_y=&#8220;0&#8243; z_index=&#8220;0&#8243; row_height_use_pixel=&#8220;&#8220;][vc_column column_width_use_pixel=&#8220;yes&#8220; gutter_size=&#8220;3&#8243; overlay_alpha=&#8220;50&#8243; shift_x=&#8220;0&#8243; shift_y=&#8220;0&#8243; medium_width=&#8220;0&#8243; zoom_width=&#8220;0&#8243; zoom_height=&#8220;0&#8243; column_width_pixel=&#8220;800&#8243;][vc_column_text uncode_shortcode_id=&#8220;136048&#8243;]<\/p>\n<h2><strong> Die Folgen einer zu schnellen Futteraufnahme f\u00fcr die Gesundheit<\/strong><\/h2>\n<p>Aus diesem Fressverhalten ergeben sich ernsthafte Gesundheitsprobleme bei Equiden.<\/p>\n<p>Zun\u00e4chst ist die unmittelbarste Gefahr die \u201eSchlundverstopfung\u201c: Durch das Schlucken gro\u00dfer Bissen ohne ausreichendes Kauen kann das Heu stecken bleiben.<\/p>\n<p>Doch langfristige Folgen sind gravierender. Ein Pferd, das zu schnell frisst, kaut nicht ausreichend und produziert daher weniger Speichel. Dabei ist Speichel das einzige Antazidum, das dem Pferd zur Verf\u00fcgung steht, um die permanente S\u00e4ure seines Magens zu puffern. Eine Mahlzeit, die in 30 Minuten statt 3 Stunden gefressen wird, bedeutet einen leeren Magen \u00fcber lange Zeitr\u00e4ume, was das Auftreten von Magengeschw\u00fcren beg\u00fcnstigt. Zudem st\u00f6rt dieser massive und schnelle Nahrungszufluss das gesamte Verdauungssystem, erh\u00f6ht signifikant das Kolikrisiko und f\u00f6rdert eine Gewichtszunahme.[\/vc_column_text][\/vc_column][\/vc_row][vc_row row_height_percent=&#8220;0&#8243; override_padding=&#8220;yes&#8220; h_padding=&#8220;2&#8243; top_padding=&#8220;3&#8243; bottom_padding=&#8220;3&#8243; overlay_alpha=&#8220;100&#8243; gutter_size=&#8220;3&#8243; column_width_percent=&#8220;100&#8243; shift_y=&#8220;0&#8243; z_index=&#8220;0&#8243; row_height_use_pixel=&#8220;&#8220;][vc_column column_width_use_pixel=&#8220;yes&#8220; gutter_size=&#8220;3&#8243; overlay_alpha=&#8220;50&#8243; shift_x=&#8220;0&#8243; shift_y=&#8220;0&#8243; medium_width=&#8220;0&#8243; zoom_width=&#8220;0&#8243; zoom_height=&#8220;0&#8243; column_width_pixel=&#8220;800&#8243;][vc_column_text uncode_shortcode_id=&#8220;135460&#8243;]<\/p>\n<h2><strong> Die ersten Schritte zur Regulierung des Fressrhythmus<\/strong><\/h2>\n<p>Gl\u00fccklicherweise gibt es L\u00f6sungen, die man umsetzen kann, um Ihrem Pferd zu helfen, einen ges\u00fcnderen und langsameren Fressrhythmus zu finden. Der erste Ansatzpunkt ist, die Mahlzeiten <strong>so oft wie m\u00f6glich aufzuteilen<\/strong>, um die Fastenperioden zu reduzieren. Diese L\u00f6sung ist jedoch f\u00fcr Pferdebesitzer kompliziert umzusetzen. Sie k\u00f6nnen auch <strong>das Heu anfeuchten<\/strong>, was das Pferd dazu zwingt, mehr zu sortieren und die Aufnahme leicht verlangsamt.<\/p>\n<p>Die effektivste L\u00f6sung ist jedoch, mechanisch auf die F\u00e4higkeit des Pferdes einzuwirken, sein Heu aufzunehmen. Das ist das gesamte Prinzip des \u201eSlow Feeding\u201c (oder langsamen F\u00fctterns), um das Pferd dazu zu zwingen, kleinere Bissen auf einmal zu nehmen und so langsamer zu fressen, wobei es sich dem nat\u00fcrlichen Verhalten des Pferdes ann\u00e4hert.<\/p>\n<p>[\/vc_column_text][\/vc_column][\/vc_row][vc_row row_height_percent=&#8220;0&#8243; override_padding=&#8220;yes&#8220; h_padding=&#8220;2&#8243; top_padding=&#8220;3&#8243; bottom_padding=&#8220;3&#8243; overlay_alpha=&#8220;100&#8243; gutter_size=&#8220;3&#8243; column_width_percent=&#8220;100&#8243; shift_y=&#8220;0&#8243; z_index=&#8220;0&#8243; row_height_use_pixel=&#8220;&#8220;][vc_column column_width_use_pixel=&#8220;yes&#8220; gutter_size=&#8220;3&#8243; overlay_alpha=&#8220;50&#8243; shift_x=&#8220;0&#8243; shift_y=&#8220;0&#8243; medium_width=&#8220;0&#8243; zoom_width=&#8220;0&#8243; zoom_height=&#8220;0&#8243; column_width_pixel=&#8220;800&#8243;][vc_column_text uncode_shortcode_id=&#8220;145743&#8243;]<\/p>\n<h2><strong> Das Heunetz: Das beste Slow-Feeding-Werkzeug<\/strong><\/h2>\n<p>Das Heunetz erweist sich als die einfachste, wirtschaftlichste und effektivste L\u00f6sung, um dem Bulimie-Effekt des Equiden entgegenzuwirken. Insbesondere ein Heunetz, das die Fresszeit des Heus radikal verl\u00e4ngert. Das Pferd kann keine gro\u00dfen Raufutterb\u00fcschel mehr \u201ehappen\u201c; es muss das Heu Halm f\u00fcr Halm aufnehmen. Eine Mahlzeit, die zuvor in 45 Minuten verschlungen wurde, kann sich nun \u00fcber 3 oder 4 Stunden erstrecken. Die Vorteile sind zweifach: Nicht nur wird die Fresszeit eingehalten, sondern auch das Kauen vervielfacht. Das Pferd produziert daher mehr Speichel, was seinen Magen sch\u00fctzt. Zudem besch\u00e4ftigt diese Aktivit\u00e4t seinen Geist, bek\u00e4mpft Langeweile und reduziert erheblich den Stress, der mit dem Warten auf die Mahlzeit verbunden ist.<\/p>\n<p>Unsere Tipps zur Maschenwahl finden Sie hier <a href=\"https:\/\/filetafoin.com\/de\/\">https:\/\/filetafoin.com\/<\/a> im Artikel \u201eDie richtige Maschenweite w\u00e4hlen\u201c.<\/p>\n<p>&nbsp;<\/p>\n<p>[\/vc_column_text][\/vc_column][\/vc_row][vc_row row_height_percent=&#8220;0&#8243; override_padding=&#8220;yes&#8220; h_padding=&#8220;2&#8243; top_padding=&#8220;3&#8243; bottom_padding=&#8220;3&#8243; overlay_alpha=&#8220;100&#8243; gutter_size=&#8220;3&#8243; column_width_percent=&#8220;100&#8243; shift_y=&#8220;0&#8243; z_index=&#8220;0&#8243; row_height_use_pixel=&#8220;&#8220;][vc_column column_width_use_pixel=&#8220;yes&#8220; gutter_size=&#8220;3&#8243; overlay_alpha=&#8220;50&#8243; shift_x=&#8220;0&#8243; shift_y=&#8220;0&#8243; medium_width=&#8220;0&#8243; zoom_width=&#8220;0&#8243; zoom_height=&#8220;0&#8243; column_width_pixel=&#8220;800&#8243;][vc_column_text uncode_shortcode_id=&#8220;108653&#8243;]<\/p>\n<h2><strong> Fazit: Verdauungsgesundheit und mentales Wohlbefinden in Einklang bringen<\/strong><\/h2>\n<p>Zusammenfassend l\u00e4sst sich sagen, dass ein verfressenes Pferd oft nur ein Pferd ist, dessen Lebensweise seine grundlegende Physiologie nicht respektiert. Die Fressgeschwindigkeit zu verlangsamen ist eine wahre R\u00fcckkehr zu Ruhe und Verdauungsfrieden. Durch die Verwendung eines geeigneten Werkzeugs wie dem Heunetz korrigieren Sie nicht nur einen \u201eVerhaltensfehler\u201c; Sie erf\u00fcllen ein vitales Bed\u00fcrfnis. Sie bieten Ihrem Begleiter eine bessere Verdauungsgesundheit, beugen aktiv dem Auftreten schwerwiegender Krankheiten wie Geschw\u00fcren und Koliken vor und verbessern sein mentales Wohlbefinden im Alltag.<\/p>\n<p>&nbsp;<\/p>\n<p>&nbsp;<\/p>\n<p>[\/vc_column_text][\/vc_column][\/vc_row]<\/p>\n<\/div>","protected":false},"excerpt":{"rendered":"<p>[vc_row row_height_percent=&#8220;0&#8243; override_padding=&#8220;yes&#8220; h_padding=&#8220;2&#8243; top_padding=&#8220;5&#8243; bottom_padding=&#8220;3&#8243; overlay_alpha=&#8220;100&#8243; gutter_size=&#8220;3&#8243; column_width_percent=&#8220;100&#8243; shift_y=&#8220;0&#8243; z_index=&#8220;0&#8243; row_height_use_pixel=&#8220;&#8220;][vc_column column_width_use_pixel=&#8220;yes&#8220; gutter_size=&#8220;3&#8243; overlay_alpha=&#8220;50&#8243; shift_x=&#8220;0&#8243; shift_y=&#8220;0&#8243; medium_width=&#8220;0&#8243; zoom_width=&#8220;0&#8243; zoom_height=&#8220;0&#8243; [&hellip;]<\/p>\n","protected":false},"author":6,"featured_media":83549,"parent":0,"menu_order":0,"comment_status":"closed","ping_status":"closed","template":"","meta":{"footnotes":""},"class_list":["post-83548","page","type-page","status-publish","has-post-thumbnail","hentry","page_category-leitfaden"],"yoast_head":"<!-- This site is optimized with the Yoast SEO plugin v26.7 - https:\/\/yoast.com\/wordpress\/plugins\/seo\/ -->\n<title>Verfressenes Pferd: Warum frisst es so schnell und wie kann man es verlangsamen? - Filets \u00e0 Foin<\/title>\n<meta name=\"description\" content=\"Frisst Ihr Pferd zu schnell? Finden Sie heraus, warum ein Pferd gefr\u00e4\u00dfig wird, welche Risiken es f\u00fcr seine Gesundheit birgt und wirksame L\u00f6sungen wie langsames F\u00fcttern.\" \/>\n<meta name=\"robots\" content=\"index, follow, max-snippet:-1, max-image-preview:large, max-video-preview:-1\" \/>\n<link rel=\"canonical\" href=\"https:\/\/filetafoin.com\/de\/verfressenes-pferd-warum-frisst-es-so-schnell-und-wie-kann-man-es-verlangsamen\/\" \/>\n<meta property=\"og:locale\" content=\"de_DE\" \/>\n<meta property=\"og:type\" content=\"article\" \/>\n<meta property=\"og:title\" content=\"Verfressenes Pferd: Warum frisst es so schnell und wie kann man es verlangsamen? - Filets \u00e0 Foin\" \/>\n<meta property=\"og:description\" content=\"Frisst Ihr Pferd zu schnell? Finden Sie heraus, warum ein Pferd gefr\u00e4\u00dfig wird, welche Risiken es f\u00fcr seine Gesundheit birgt und wirksame L\u00f6sungen wie langsames F\u00fcttern.\" \/>\n<meta property=\"og:url\" content=\"https:\/\/filetafoin.com\/de\/verfressenes-pferd-warum-frisst-es-so-schnell-und-wie-kann-man-es-verlangsamen\/\" \/>\n<meta property=\"og:site_name\" content=\"Filets \u00e0 Foin\" \/>\n<meta property=\"article:modified_time\" content=\"2026-03-13T16:53:23+00:00\" \/>\n<meta property=\"og:image\" content=\"https:\/\/filetafoin.com\/wp-content\/uploads\/2025\/10\/xl-scaled.jpg\" \/>\n\t<meta property=\"og:image:width\" content=\"2560\" \/>\n\t<meta property=\"og:image:height\" content=\"1655\" \/>\n\t<meta property=\"og:image:type\" content=\"image\/jpeg\" \/>\n<meta name=\"twitter:card\" content=\"summary_large_image\" \/>\n<meta name=\"twitter:label1\" content=\"Gesch\u00e4tzte Lesezeit\" \/>\n\t<meta name=\"twitter:data1\" content=\"6\u00a0Minuten\" \/>\n<script type=\"application\/ld+json\" class=\"yoast-schema-graph\">{\"@context\":\"https:\/\/schema.org\",\"@graph\":[{\"@type\":\"WebPage\",\"@id\":\"https:\/\/filetafoin.com\/de\/verfressenes-pferd-warum-frisst-es-so-schnell-und-wie-kann-man-es-verlangsamen\/\",\"url\":\"https:\/\/filetafoin.com\/de\/verfressenes-pferd-warum-frisst-es-so-schnell-und-wie-kann-man-es-verlangsamen\/\",\"name\":\"Verfressenes Pferd: Warum frisst es so schnell und wie kann man es verlangsamen? - Filets \u00e0 Foin\",\"isPartOf\":{\"@id\":\"https:\/\/filetafoin.com\/de\/#website\"},\"primaryImageOfPage\":{\"@id\":\"https:\/\/filetafoin.com\/de\/verfressenes-pferd-warum-frisst-es-so-schnell-und-wie-kann-man-es-verlangsamen\/#primaryimage\"},\"image\":{\"@id\":\"https:\/\/filetafoin.com\/de\/verfressenes-pferd-warum-frisst-es-so-schnell-und-wie-kann-man-es-verlangsamen\/#primaryimage\"},\"thumbnailUrl\":\"https:\/\/filetafoin.com\/wp-content\/uploads\/2025\/10\/xl-scaled.jpg\",\"datePublished\":\"2025-10-27T10:16:21+00:00\",\"dateModified\":\"2026-03-13T16:53:23+00:00\",\"description\":\"Frisst Ihr Pferd zu schnell? Finden Sie heraus, warum ein Pferd gefr\u00e4\u00dfig wird, welche Risiken es f\u00fcr seine Gesundheit birgt und wirksame L\u00f6sungen wie langsames F\u00fcttern.\",\"breadcrumb\":{\"@id\":\"https:\/\/filetafoin.com\/de\/verfressenes-pferd-warum-frisst-es-so-schnell-und-wie-kann-man-es-verlangsamen\/#breadcrumb\"},\"inLanguage\":\"de\",\"potentialAction\":[{\"@type\":\"ReadAction\",\"target\":[\"https:\/\/filetafoin.com\/de\/verfressenes-pferd-warum-frisst-es-so-schnell-und-wie-kann-man-es-verlangsamen\/\"]}]},{\"@type\":\"ImageObject\",\"inLanguage\":\"de\",\"@id\":\"https:\/\/filetafoin.com\/de\/verfressenes-pferd-warum-frisst-es-so-schnell-und-wie-kann-man-es-verlangsamen\/#primaryimage\",\"url\":\"https:\/\/filetafoin.com\/wp-content\/uploads\/2025\/10\/xl-scaled.jpg\",\"contentUrl\":\"https:\/\/filetafoin.com\/wp-content\/uploads\/2025\/10\/xl-scaled.jpg\",\"width\":2560,\"height\":1655},{\"@type\":\"BreadcrumbList\",\"@id\":\"https:\/\/filetafoin.com\/de\/verfressenes-pferd-warum-frisst-es-so-schnell-und-wie-kann-man-es-verlangsamen\/#breadcrumb\",\"itemListElement\":[{\"@type\":\"ListItem\",\"position\":1,\"name\":\"Accueil\",\"item\":\"https:\/\/filetafoin.com\/de\/spezialist-fuer-heunetze-fuer-pferde\/\"},{\"@type\":\"ListItem\",\"position\":2,\"name\":\"Verfressenes Pferd: Warum frisst es so schnell und wie kann man es verlangsamen?\"}]},{\"@type\":\"WebSite\",\"@id\":\"https:\/\/filetafoin.com\/de\/#website\",\"url\":\"https:\/\/filetafoin.com\/de\/\",\"name\":\"Filets \u00e0 Foin\",\"description\":\"Sp\u00e9cialiste du Filet \u00e0 Foin pour Chevaux\",\"potentialAction\":[{\"@type\":\"SearchAction\",\"target\":{\"@type\":\"EntryPoint\",\"urlTemplate\":\"https:\/\/filetafoin.com\/de\/?s={search_term_string}\"},\"query-input\":{\"@type\":\"PropertyValueSpecification\",\"valueRequired\":true,\"valueName\":\"search_term_string\"}}],\"inLanguage\":\"de\"}]}<\/script>\n<!-- \/ Yoast SEO plugin. -->","yoast_head_json":{"title":"Verfressenes Pferd: Warum frisst es so schnell und wie kann man es verlangsamen? - Filets \u00e0 Foin","description":"Frisst Ihr Pferd zu schnell? Finden Sie heraus, warum ein Pferd gefr\u00e4\u00dfig wird, welche Risiken es f\u00fcr seine Gesundheit birgt und wirksame L\u00f6sungen wie langsames F\u00fcttern.","robots":{"index":"index","follow":"follow","max-snippet":"max-snippet:-1","max-image-preview":"max-image-preview:large","max-video-preview":"max-video-preview:-1"},"canonical":"https:\/\/filetafoin.com\/de\/verfressenes-pferd-warum-frisst-es-so-schnell-und-wie-kann-man-es-verlangsamen\/","og_locale":"de_DE","og_type":"article","og_title":"Verfressenes Pferd: Warum frisst es so schnell und wie kann man es verlangsamen? - Filets \u00e0 Foin","og_description":"Frisst Ihr Pferd zu schnell? Finden Sie heraus, warum ein Pferd gefr\u00e4\u00dfig wird, welche Risiken es f\u00fcr seine Gesundheit birgt und wirksame L\u00f6sungen wie langsames F\u00fcttern.","og_url":"https:\/\/filetafoin.com\/de\/verfressenes-pferd-warum-frisst-es-so-schnell-und-wie-kann-man-es-verlangsamen\/","og_site_name":"Filets \u00e0 Foin","article_modified_time":"2026-03-13T16:53:23+00:00","og_image":[{"width":2560,"height":1655,"url":"https:\/\/filetafoin.com\/wp-content\/uploads\/2025\/10\/xl-scaled.jpg","type":"image\/jpeg"}],"twitter_card":"summary_large_image","twitter_misc":{"Gesch\u00e4tzte Lesezeit":"6\u00a0Minuten"},"schema":{"@context":"https:\/\/schema.org","@graph":[{"@type":"WebPage","@id":"https:\/\/filetafoin.com\/de\/verfressenes-pferd-warum-frisst-es-so-schnell-und-wie-kann-man-es-verlangsamen\/","url":"https:\/\/filetafoin.com\/de\/verfressenes-pferd-warum-frisst-es-so-schnell-und-wie-kann-man-es-verlangsamen\/","name":"Verfressenes Pferd: Warum frisst es so schnell und wie kann man es verlangsamen? - Filets \u00e0 Foin","isPartOf":{"@id":"https:\/\/filetafoin.com\/de\/#website"},"primaryImageOfPage":{"@id":"https:\/\/filetafoin.com\/de\/verfressenes-pferd-warum-frisst-es-so-schnell-und-wie-kann-man-es-verlangsamen\/#primaryimage"},"image":{"@id":"https:\/\/filetafoin.com\/de\/verfressenes-pferd-warum-frisst-es-so-schnell-und-wie-kann-man-es-verlangsamen\/#primaryimage"},"thumbnailUrl":"https:\/\/filetafoin.com\/wp-content\/uploads\/2025\/10\/xl-scaled.jpg","datePublished":"2025-10-27T10:16:21+00:00","dateModified":"2026-03-13T16:53:23+00:00","description":"Frisst Ihr Pferd zu schnell? Finden Sie heraus, warum ein Pferd gefr\u00e4\u00dfig wird, welche Risiken es f\u00fcr seine Gesundheit birgt und wirksame L\u00f6sungen wie langsames F\u00fcttern.","breadcrumb":{"@id":"https:\/\/filetafoin.com\/de\/verfressenes-pferd-warum-frisst-es-so-schnell-und-wie-kann-man-es-verlangsamen\/#breadcrumb"},"inLanguage":"de","potentialAction":[{"@type":"ReadAction","target":["https:\/\/filetafoin.com\/de\/verfressenes-pferd-warum-frisst-es-so-schnell-und-wie-kann-man-es-verlangsamen\/"]}]},{"@type":"ImageObject","inLanguage":"de","@id":"https:\/\/filetafoin.com\/de\/verfressenes-pferd-warum-frisst-es-so-schnell-und-wie-kann-man-es-verlangsamen\/#primaryimage","url":"https:\/\/filetafoin.com\/wp-content\/uploads\/2025\/10\/xl-scaled.jpg","contentUrl":"https:\/\/filetafoin.com\/wp-content\/uploads\/2025\/10\/xl-scaled.jpg","width":2560,"height":1655},{"@type":"BreadcrumbList","@id":"https:\/\/filetafoin.com\/de\/verfressenes-pferd-warum-frisst-es-so-schnell-und-wie-kann-man-es-verlangsamen\/#breadcrumb","itemListElement":[{"@type":"ListItem","position":1,"name":"Accueil","item":"https:\/\/filetafoin.com\/de\/spezialist-fuer-heunetze-fuer-pferde\/"},{"@type":"ListItem","position":2,"name":"Verfressenes Pferd: Warum frisst es so schnell und wie kann man es verlangsamen?"}]},{"@type":"WebSite","@id":"https:\/\/filetafoin.com\/de\/#website","url":"https:\/\/filetafoin.com\/de\/","name":"Filets \u00e0 Foin","description":"Sp\u00e9cialiste du Filet \u00e0 Foin pour Chevaux","potentialAction":[{"@type":"SearchAction","target":{"@type":"EntryPoint","urlTemplate":"https:\/\/filetafoin.com\/de\/?s={search_term_string}"},"query-input":{"@type":"PropertyValueSpecification","valueRequired":true,"valueName":"search_term_string"}}],"inLanguage":"de"}]}},"_links":{"self":[{"href":"https:\/\/filetafoin.com\/de\/wp-json\/wp\/v2\/pages\/83548","targetHints":{"allow":["GET"]}}],"collection":[{"href":"https:\/\/filetafoin.com\/de\/wp-json\/wp\/v2\/pages"}],"about":[{"href":"https:\/\/filetafoin.com\/de\/wp-json\/wp\/v2\/types\/page"}],"author":[{"embeddable":true,"href":"https:\/\/filetafoin.com\/de\/wp-json\/wp\/v2\/users\/6"}],"replies":[{"embeddable":true,"href":"https:\/\/filetafoin.com\/de\/wp-json\/wp\/v2\/comments?post=83548"}],"version-history":[{"count":11,"href":"https:\/\/filetafoin.com\/de\/wp-json\/wp\/v2\/pages\/83548\/revisions"}],"predecessor-version":[{"id":84158,"href":"https:\/\/filetafoin.com\/de\/wp-json\/wp\/v2\/pages\/83548\/revisions\/84158"}],"wp:featuredmedia":[{"embeddable":true,"href":"https:\/\/filetafoin.com\/de\/wp-json\/wp\/v2\/media\/83549"}],"wp:attachment":[{"href":"https:\/\/filetafoin.com\/de\/wp-json\/wp\/v2\/media?parent=83548"}],"curies":[{"name":"wp","href":"https:\/\/api.w.org\/{rel}","templated":true}]}}