{"id":83560,"date":"2025-09-17T09:09:01","date_gmt":"2025-09-17T07:09:01","guid":{"rendered":"https:\/\/filetafoin.com\/polyester-vs-polypropylen\/"},"modified":"2026-01-13T17:43:22","modified_gmt":"2026-01-13T16:43:22","slug":"polyester-vs-polypropylen","status":"publish","type":"page","link":"https:\/\/filetafoin.com\/de\/polyester-vs-polypropylen\/","title":{"rendered":"Polyester vs. Polypropylen"},"content":{"rendered":"<div class=\"wpb-content-wrapper\"><p>[vc_row row_height_percent=&#8220;0&#8243; override_padding=&#8220;yes&#8220; h_padding=&#8220;2&#8243; top_padding=&#8220;5&#8243; bottom_padding=&#8220;3&#8243; overlay_alpha=&#8220;100&#8243; gutter_size=&#8220;3&#8243; column_width_percent=&#8220;100&#8243; shift_y=&#8220;0&#8243; z_index=&#8220;0&#8243; row_height_use_pixel=&#8220;&#8220;][vc_column column_width_use_pixel=&#8220;yes&#8220; gutter_size=&#8220;3&#8243; overlay_alpha=&#8220;50&#8243; shift_x=&#8220;0&#8243; shift_y=&#8220;0&#8243; medium_width=&#8220;0&#8243; zoom_width=&#8220;0&#8243; zoom_height=&#8220;0&#8243; column_width_pixel=&#8220;800&#8243;][vc_column_text uncode_shortcode_id=&#8220;159503&#8243;]<\/p>\n<h2><strong>Welches Heunetz f\u00fcr Ihr Pferd?<\/strong><\/h2>\n<p>Die Wahl eines Heunetzes sollte nicht nur vom Preis abh\u00e4ngen; das Material ist von entscheidender Bedeutung f\u00fcr die Gesundheit Ihres Pferdes und die Langlebigkeit Ihrer Ausr\u00fcstung. Es gibt zwei g\u00e4ngigste Materialien, <strong>Polypropylen<\/strong> und <strong>Polyester<\/strong>, und es ist unerl\u00e4sslich, deren Unterschiede zu verstehen, um die richtige Wahl zu treffen. Andere Materialien wie Nylon werden wir nicht behandeln, sie sind zu vermeiden![\/vc_column_text][\/vc_column][\/vc_row][vc_row row_height_percent=&#8220;0&#8243; override_padding=&#8220;yes&#8220; h_padding=&#8220;2&#8243; top_padding=&#8220;0&#8243; bottom_padding=&#8220;0&#8243; overlay_alpha=&#8220;100&#8243; gutter_size=&#8220;3&#8243; column_width_percent=&#8220;100&#8243; shift_y=&#8220;0&#8243; z_index=&#8220;0&#8243; row_height_use_pixel=&#8220;&#8220;][vc_column column_width_use_pixel=&#8220;yes&#8220; gutter_size=&#8220;3&#8243; overlay_alpha=&#8220;50&#8243; shift_x=&#8220;0&#8243; shift_y=&#8220;0&#8243; medium_width=&#8220;0&#8243; zoom_width=&#8220;0&#8243; zoom_height=&#8220;0&#8243; width=&#8220;5\/6&#8243;][vc_single_image media=&#8220;83524&#8243; media_width_percent=&#8220;100&#8243; media_ratio=&#8220;sixteen-nine&#8220; alignment=&#8220;right&#8220; media_title_uppercase=&#8220;&#8220; uncode_shortcode_id=&#8220;971267&#8243;][\/vc_column][vc_column column_width_percent=&#8220;100&#8243; gutter_size=&#8220;3&#8243; overlay_alpha=&#8220;50&#8243; shift_x=&#8220;0&#8243; shift_y=&#8220;0&#8243; medium_width=&#8220;0&#8243; zoom_width=&#8220;0&#8243; zoom_height=&#8220;0&#8243; width=&#8220;1\/6&#8243;][vc_column_text uncode_shortcode_id=&#8220;108882&#8243;]Es ist ein wahrer Wettkampf zwischen Widerstandsf\u00e4higkeit, Sicherheit und Langlebigkeit.[\/vc_column_text][\/vc_column][\/vc_row][vc_row row_height_percent=&#8220;0&#8243; override_padding=&#8220;yes&#8220; h_padding=&#8220;2&#8243; top_padding=&#8220;3&#8243; bottom_padding=&#8220;3&#8243; overlay_alpha=&#8220;100&#8243; gutter_size=&#8220;3&#8243; column_width_percent=&#8220;100&#8243; shift_y=&#8220;0&#8243; z_index=&#8220;0&#8243; row_height_use_pixel=&#8220;&#8220;][vc_column column_width_use_pixel=&#8220;yes&#8220; gutter_size=&#8220;3&#8243; overlay_alpha=&#8220;50&#8243; shift_x=&#8220;0&#8243; shift_y=&#8220;0&#8243; medium_width=&#8220;0&#8243; zoom_width=&#8220;0&#8243; zoom_height=&#8220;0&#8243; column_width_pixel=&#8220;800&#8243;][vc_column_text uncode_shortcode_id=&#8220;130727&#8243;]<\/p>\n<h2><strong>Polypropylen (PP): Leicht, aber mit Grenzen<\/strong><\/h2>\n<p>Polypropylen ist weit verbreitet und hat den Vorteil, ein sehr erschwingliches und leichtes Material zu sein. Es ist das Material, das man haupts\u00e4chlich auf dem Markt f\u00fcr Heunetze findet. Seine Schw\u00e4chen sind jedoch erheblich:  <\/p>\n<p>Polypropylen ist UV-empfindlich, was es br\u00fcchig macht. Mit der Zeit, und besonders wenn es im Freien ausgesetzt ist, wird es spr\u00f6de und rau. Dieser Abbau kann zur Bildung kleiner, steifer und scharfer Fasern f\u00fchren, die das Maul und die Lippen Ihres Pferdes reizen k\u00f6nnen. Dies ist nicht ideal f\u00fcr den t\u00e4glichen Gebrauch. UV-Additive verz\u00f6gern den Abbau, verhindern ihn aber nicht vollst\u00e4ndig. Mit der Zeit und l\u00e4ngerer Exposition kann das Material immer noch rau werden und an Widerstandsf\u00e4higkeit verlieren.[\/vc_column_text][\/vc_column][\/vc_row][vc_row row_height_percent=&#8220;0&#8243; override_padding=&#8220;yes&#8220; h_padding=&#8220;2&#8243; top_padding=&#8220;3&#8243; bottom_padding=&#8220;3&#8243; overlay_alpha=&#8220;100&#8243; gutter_size=&#8220;3&#8243; column_width_percent=&#8220;100&#8243; shift_y=&#8220;0&#8243; z_index=&#8220;0&#8243; row_height_use_pixel=&#8220;&#8220;][vc_column column_width_use_pixel=&#8220;yes&#8220; gutter_size=&#8220;3&#8243; overlay_alpha=&#8220;50&#8243; shift_x=&#8220;0&#8243; shift_y=&#8220;0&#8243; medium_width=&#8220;0&#8243; zoom_width=&#8220;0&#8243; zoom_height=&#8220;0&#8243; column_width_pixel=&#8220;800&#8243;][vc_column_text uncode_shortcode_id=&#8220;965577&#8243;]<\/p>\n<h2><strong>Polyester: Die Wahl f\u00fcr Haltbarkeit und Komfort<\/strong><\/h2>\n<p>Polyester, das Material der <a href=\"http:\/\/www.feelnets.com\"><strong>Feelnets<\/strong><\/a> Heunetze, zeichnet sich durch seine Festigkeit, Leichtigkeit und Weichheit aus. Es ist widerstandsf\u00e4higer als Polypropylen (PP) und kann eine wesentlich h\u00f6here Zuglast tragen. Es ist das Material, das im Wassersportbereich wegen seiner Eigenschaften verwendet wird. Die Langlebigkeit Ihres Netzes ist viel h\u00f6her, selbst bei intensivem Gebrauch. Es besteht keine Gefahr der Zersetzung durch Sonneneinstrahlung und es bleibt auch nach Jahren des Gebrauchs geschmeidig und nicht reizend f\u00fcr Zahnfleisch, Z\u00e4hne und Tasthaare.    <\/p>\n<p>Polyester hat auch weitere Vorteile. Es ist nicht saugf\u00e4hig, nimmt also kein Wasser auf und schimmelt nicht. Das Heu bleibt somit gesund. Dar\u00fcber hinaus ist es viel weicher im Griff und birgt kein Risiko, die Haut oder das Maul Ihres Pferdes zu reizen, selbst wenn es nagt.   <\/p>\n<p>Polyester besitzt von Natur aus eine \u00fcberlegene UV-Best\u00e4ndigkeit, ohne so viele Additive wie PP zu ben\u00f6tigen. Dies ist eine seiner Zusammensetzung innewohnende Eigenschaft. Deshalb ist es das Material der Wahl f\u00fcr Bootssegel oder hochwertige Seile, wo Zuverl\u00e4ssigkeit und Langlebigkeit unter extremen Bedingungen entscheidend sind.  <\/p>\n<p>&nbsp;<\/p>\n<p>[\/vc_column_text][\/vc_column][\/vc_row][vc_row row_height_percent=&#8220;0&#8243; override_padding=&#8220;yes&#8220; h_padding=&#8220;2&#8243; top_padding=&#8220;3&#8243; bottom_padding=&#8220;3&#8243; overlay_alpha=&#8220;100&#8243; gutter_size=&#8220;3&#8243; column_width_percent=&#8220;100&#8243; shift_y=&#8220;0&#8243; z_index=&#8220;0&#8243; row_height_use_pixel=&#8220;&#8220;][vc_column column_width_use_pixel=&#8220;yes&#8220; gutter_size=&#8220;3&#8243; overlay_alpha=&#8220;50&#8243; shift_x=&#8220;0&#8243; shift_y=&#8220;0&#8243; medium_width=&#8220;0&#8243; zoom_width=&#8220;0&#8243; zoom_height=&#8220;0&#8243; column_width_pixel=&#8220;800&#8243;][vc_column_text uncode_shortcode_id=&#8220;175860&#8243;]<\/p>\n<h2><strong>Fazit: Polyester gewinnt haushoch<\/strong><\/h2>\n<p>F\u00fcr den Komfort Ihres Pferdes und Ihre Seelenruhe ist die Wahl klar. Polypropylen mag beim Kauf wirtschaftlich erscheinen, aber seine begrenzte Lebensdauer und die Risiken des Abbaus machen es langfristig zu einer wenig rentablen Investition. Die Entscheidung f\u00fcr ein Heunetz aus <strong>Feelnets Polyester<\/strong> bedeutet, ein Produkt zu w\u00e4hlen, das Sie jahrelang begleiten wird, w\u00e4hrend es gleichzeitig das Wohlbefinden Ihres Pferdes gew\u00e4hrleistet.  <\/p>\n<p>&nbsp;<\/p>\n<p>Unsere Auswahl an Polyesternetzen finden Sie <a href=\"https:\/\/filetafoin.com\/modeles-et-tarifs\/#tarifs\">hier<\/a><\/p>\n<p>[\/vc_column_text][\/vc_column][\/vc_row]<\/p>\n<\/div>","protected":false},"excerpt":{"rendered":"<p>[vc_row row_height_percent=&#8220;0&#8243; override_padding=&#8220;yes&#8220; h_padding=&#8220;2&#8243; top_padding=&#8220;5&#8243; bottom_padding=&#8220;3&#8243; overlay_alpha=&#8220;100&#8243; gutter_size=&#8220;3&#8243; column_width_percent=&#8220;100&#8243; shift_y=&#8220;0&#8243; z_index=&#8220;0&#8243; row_height_use_pixel=&#8220;&#8220;][vc_column column_width_use_pixel=&#8220;yes&#8220; gutter_size=&#8220;3&#8243; overlay_alpha=&#8220;50&#8243; shift_x=&#8220;0&#8243; shift_y=&#8220;0&#8243; medium_width=&#8220;0&#8243; zoom_width=&#8220;0&#8243; zoom_height=&#8220;0&#8243; [&hellip;]<\/p>\n","protected":false},"author":6,"featured_media":83524,"parent":0,"menu_order":0,"comment_status":"closed","ping_status":"closed","template":"","meta":{"footnotes":""},"class_list":["post-83560","page","type-page","status-publish","has-post-thumbnail","hentry","page_category-leitfaden"],"yoast_head":"<!-- This site is optimized with the Yoast SEO plugin v26.7 - https:\/\/yoast.com\/wordpress\/plugins\/seo\/ -->\n<title>Polyester vs. Polypropylen - Filets \u00e0 Foin<\/title>\n<meta name=\"robots\" content=\"index, follow, max-snippet:-1, max-image-preview:large, max-video-preview:-1\" \/>\n<link rel=\"canonical\" href=\"https:\/\/filetafoin.com\/de\/polyester-vs-polypropylen\/\" \/>\n<meta property=\"og:locale\" content=\"de_DE\" \/>\n<meta property=\"og:type\" content=\"article\" \/>\n<meta property=\"og:title\" content=\"Polyester vs. Polypropylen - Filets \u00e0 Foin\" \/>\n<meta property=\"og:description\" content=\"[vc_row row_height_percent=&#8220;0&#8243; override_padding=&#8220;yes&#8220; h_padding=&#8220;2&#8243; top_padding=&#8220;5&#8243; bottom_padding=&#8220;3&#8243; overlay_alpha=&#8220;100&#8243; gutter_size=&#8220;3&#8243; column_width_percent=&#8220;100&#8243; shift_y=&#8220;0&#8243; z_index=&#8220;0&#8243; row_height_use_pixel=&#8220;&#8220;][vc_column column_width_use_pixel=&#8220;yes&#8220; gutter_size=&#8220;3&#8243; overlay_alpha=&#8220;50&#8243; shift_x=&#8220;0&#8243; shift_y=&#8220;0&#8243; medium_width=&#8220;0&#8243; zoom_width=&#8220;0&#8243; zoom_height=&#8220;0&#8243; [&hellip;]\" \/>\n<meta property=\"og:url\" content=\"https:\/\/filetafoin.com\/de\/polyester-vs-polypropylen\/\" \/>\n<meta property=\"og:site_name\" content=\"Filets \u00e0 Foin\" \/>\n<meta property=\"article:modified_time\" content=\"2026-01-13T16:43:22+00:00\" \/>\n<meta property=\"og:image\" content=\"https:\/\/filetafoin.com\/wp-content\/uploads\/2025\/09\/Maille-48x48mm-beige-scaled.jpg\" \/>\n\t<meta property=\"og:image:width\" content=\"2560\" \/>\n\t<meta property=\"og:image:height\" content=\"1706\" \/>\n\t<meta property=\"og:image:type\" content=\"image\/jpeg\" \/>\n<meta name=\"twitter:card\" content=\"summary_large_image\" \/>\n<meta name=\"twitter:label1\" content=\"Gesch\u00e4tzte Lesezeit\" \/>\n\t<meta name=\"twitter:data1\" content=\"4\u00a0Minuten\" \/>\n<script type=\"application\/ld+json\" class=\"yoast-schema-graph\">{\"@context\":\"https:\/\/schema.org\",\"@graph\":[{\"@type\":\"WebPage\",\"@id\":\"https:\/\/filetafoin.com\/de\/polyester-vs-polypropylen\/\",\"url\":\"https:\/\/filetafoin.com\/de\/polyester-vs-polypropylen\/\",\"name\":\"Polyester vs. Polypropylen - Filets \u00e0 Foin\",\"isPartOf\":{\"@id\":\"https:\/\/filetafoin.com\/de\/#website\"},\"primaryImageOfPage\":{\"@id\":\"https:\/\/filetafoin.com\/de\/polyester-vs-polypropylen\/#primaryimage\"},\"image\":{\"@id\":\"https:\/\/filetafoin.com\/de\/polyester-vs-polypropylen\/#primaryimage\"},\"thumbnailUrl\":\"https:\/\/filetafoin.com\/wp-content\/uploads\/2025\/09\/Maille-48x48mm-beige-scaled.jpg\",\"datePublished\":\"2025-09-17T07:09:01+00:00\",\"dateModified\":\"2026-01-13T16:43:22+00:00\",\"breadcrumb\":{\"@id\":\"https:\/\/filetafoin.com\/de\/polyester-vs-polypropylen\/#breadcrumb\"},\"inLanguage\":\"de\",\"potentialAction\":[{\"@type\":\"ReadAction\",\"target\":[\"https:\/\/filetafoin.com\/de\/polyester-vs-polypropylen\/\"]}]},{\"@type\":\"ImageObject\",\"inLanguage\":\"de\",\"@id\":\"https:\/\/filetafoin.com\/de\/polyester-vs-polypropylen\/#primaryimage\",\"url\":\"https:\/\/filetafoin.com\/wp-content\/uploads\/2025\/09\/Maille-48x48mm-beige-scaled.jpg\",\"contentUrl\":\"https:\/\/filetafoin.com\/wp-content\/uploads\/2025\/09\/Maille-48x48mm-beige-scaled.jpg\",\"width\":2560,\"height\":1706},{\"@type\":\"BreadcrumbList\",\"@id\":\"https:\/\/filetafoin.com\/de\/polyester-vs-polypropylen\/#breadcrumb\",\"itemListElement\":[{\"@type\":\"ListItem\",\"position\":1,\"name\":\"Accueil\",\"item\":\"https:\/\/filetafoin.com\/de\/spezialist-fuer-heunetze-fuer-pferde\/\"},{\"@type\":\"ListItem\",\"position\":2,\"name\":\"Polyester vs. Polypropylen\"}]},{\"@type\":\"WebSite\",\"@id\":\"https:\/\/filetafoin.com\/de\/#website\",\"url\":\"https:\/\/filetafoin.com\/de\/\",\"name\":\"Filets \u00e0 Foin\",\"description\":\"Sp\u00e9cialiste du Filet \u00e0 Foin pour Chevaux\",\"potentialAction\":[{\"@type\":\"SearchAction\",\"target\":{\"@type\":\"EntryPoint\",\"urlTemplate\":\"https:\/\/filetafoin.com\/de\/?s={search_term_string}\"},\"query-input\":{\"@type\":\"PropertyValueSpecification\",\"valueRequired\":true,\"valueName\":\"search_term_string\"}}],\"inLanguage\":\"de\"}]}<\/script>\n<!-- \/ Yoast SEO plugin. -->","yoast_head_json":{"title":"Polyester vs. Polypropylen - Filets \u00e0 Foin","robots":{"index":"index","follow":"follow","max-snippet":"max-snippet:-1","max-image-preview":"max-image-preview:large","max-video-preview":"max-video-preview:-1"},"canonical":"https:\/\/filetafoin.com\/de\/polyester-vs-polypropylen\/","og_locale":"de_DE","og_type":"article","og_title":"Polyester vs. Polypropylen - Filets \u00e0 Foin","og_description":"[vc_row row_height_percent=&#8220;0&#8243; override_padding=&#8220;yes&#8220; h_padding=&#8220;2&#8243; top_padding=&#8220;5&#8243; bottom_padding=&#8220;3&#8243; overlay_alpha=&#8220;100&#8243; gutter_size=&#8220;3&#8243; column_width_percent=&#8220;100&#8243; shift_y=&#8220;0&#8243; z_index=&#8220;0&#8243; row_height_use_pixel=&#8220;&#8220;][vc_column column_width_use_pixel=&#8220;yes&#8220; gutter_size=&#8220;3&#8243; overlay_alpha=&#8220;50&#8243; shift_x=&#8220;0&#8243; shift_y=&#8220;0&#8243; medium_width=&#8220;0&#8243; zoom_width=&#8220;0&#8243; zoom_height=&#8220;0&#8243; [&hellip;]","og_url":"https:\/\/filetafoin.com\/de\/polyester-vs-polypropylen\/","og_site_name":"Filets \u00e0 Foin","article_modified_time":"2026-01-13T16:43:22+00:00","og_image":[{"width":2560,"height":1706,"url":"https:\/\/filetafoin.com\/wp-content\/uploads\/2025\/09\/Maille-48x48mm-beige-scaled.jpg","type":"image\/jpeg"}],"twitter_card":"summary_large_image","twitter_misc":{"Gesch\u00e4tzte Lesezeit":"4\u00a0Minuten"},"schema":{"@context":"https:\/\/schema.org","@graph":[{"@type":"WebPage","@id":"https:\/\/filetafoin.com\/de\/polyester-vs-polypropylen\/","url":"https:\/\/filetafoin.com\/de\/polyester-vs-polypropylen\/","name":"Polyester vs. Polypropylen - Filets \u00e0 Foin","isPartOf":{"@id":"https:\/\/filetafoin.com\/de\/#website"},"primaryImageOfPage":{"@id":"https:\/\/filetafoin.com\/de\/polyester-vs-polypropylen\/#primaryimage"},"image":{"@id":"https:\/\/filetafoin.com\/de\/polyester-vs-polypropylen\/#primaryimage"},"thumbnailUrl":"https:\/\/filetafoin.com\/wp-content\/uploads\/2025\/09\/Maille-48x48mm-beige-scaled.jpg","datePublished":"2025-09-17T07:09:01+00:00","dateModified":"2026-01-13T16:43:22+00:00","breadcrumb":{"@id":"https:\/\/filetafoin.com\/de\/polyester-vs-polypropylen\/#breadcrumb"},"inLanguage":"de","potentialAction":[{"@type":"ReadAction","target":["https:\/\/filetafoin.com\/de\/polyester-vs-polypropylen\/"]}]},{"@type":"ImageObject","inLanguage":"de","@id":"https:\/\/filetafoin.com\/de\/polyester-vs-polypropylen\/#primaryimage","url":"https:\/\/filetafoin.com\/wp-content\/uploads\/2025\/09\/Maille-48x48mm-beige-scaled.jpg","contentUrl":"https:\/\/filetafoin.com\/wp-content\/uploads\/2025\/09\/Maille-48x48mm-beige-scaled.jpg","width":2560,"height":1706},{"@type":"BreadcrumbList","@id":"https:\/\/filetafoin.com\/de\/polyester-vs-polypropylen\/#breadcrumb","itemListElement":[{"@type":"ListItem","position":1,"name":"Accueil","item":"https:\/\/filetafoin.com\/de\/spezialist-fuer-heunetze-fuer-pferde\/"},{"@type":"ListItem","position":2,"name":"Polyester vs. Polypropylen"}]},{"@type":"WebSite","@id":"https:\/\/filetafoin.com\/de\/#website","url":"https:\/\/filetafoin.com\/de\/","name":"Filets \u00e0 Foin","description":"Sp\u00e9cialiste du Filet \u00e0 Foin pour Chevaux","potentialAction":[{"@type":"SearchAction","target":{"@type":"EntryPoint","urlTemplate":"https:\/\/filetafoin.com\/de\/?s={search_term_string}"},"query-input":{"@type":"PropertyValueSpecification","valueRequired":true,"valueName":"search_term_string"}}],"inLanguage":"de"}]}},"_links":{"self":[{"href":"https:\/\/filetafoin.com\/de\/wp-json\/wp\/v2\/pages\/83560","targetHints":{"allow":["GET"]}}],"collection":[{"href":"https:\/\/filetafoin.com\/de\/wp-json\/wp\/v2\/pages"}],"about":[{"href":"https:\/\/filetafoin.com\/de\/wp-json\/wp\/v2\/types\/page"}],"author":[{"embeddable":true,"href":"https:\/\/filetafoin.com\/de\/wp-json\/wp\/v2\/users\/6"}],"replies":[{"embeddable":true,"href":"https:\/\/filetafoin.com\/de\/wp-json\/wp\/v2\/comments?post=83560"}],"version-history":[{"count":3,"href":"https:\/\/filetafoin.com\/de\/wp-json\/wp\/v2\/pages\/83560\/revisions"}],"predecessor-version":[{"id":83563,"href":"https:\/\/filetafoin.com\/de\/wp-json\/wp\/v2\/pages\/83560\/revisions\/83563"}],"wp:featuredmedia":[{"embeddable":true,"href":"https:\/\/filetafoin.com\/de\/wp-json\/wp\/v2\/media\/83524"}],"wp:attachment":[{"href":"https:\/\/filetafoin.com\/de\/wp-json\/wp\/v2\/media?parent=83560"}],"curies":[{"name":"wp","href":"https:\/\/api.w.org\/{rel}","templated":true}]}}