{"id":83568,"date":"2025-04-04T16:08:03","date_gmt":"2025-04-04T14:08:03","guid":{"rendered":"https:\/\/filetafoin.com\/der-fruehling-das-anweiden-und-heu\/"},"modified":"2026-01-13T17:44:05","modified_gmt":"2026-01-13T16:44:05","slug":"der-fruehling-das-anweiden-und-heu","status":"publish","type":"page","link":"https:\/\/filetafoin.com\/de\/der-fruehling-das-anweiden-und-heu\/","title":{"rendered":"Der Fr\u00fchling, das Anweiden und Heu"},"content":{"rendered":"<div class=\"wpb-content-wrapper\"><p>[vc_row row_height_percent=&#8220;0&#8243; override_padding=&#8220;yes&#8220; h_padding=&#8220;2&#8243; top_padding=&#8220;5&#8243; bottom_padding=&#8220;3&#8243; overlay_alpha=&#8220;100&#8243; gutter_size=&#8220;3&#8243; column_width_percent=&#8220;100&#8243; shift_y=&#8220;0&#8243; z_index=&#8220;0&#8243; row_height_use_pixel=&#8220;&#8220;][vc_column column_width_use_pixel=&#8220;yes&#8220; gutter_size=&#8220;3&#8243; overlay_alpha=&#8220;50&#8243; shift_x=&#8220;0&#8243; shift_y=&#8220;0&#8243; medium_width=&#8220;0&#8243; zoom_width=&#8220;0&#8243; zoom_height=&#8220;0&#8243; column_width_pixel=&#8220;800&#8243;][vc_column_text uncode_shortcode_id=&#8220;527881&#8243;]<\/p>\n<h2><strong><u>Hier sind 4 gute Gr\u00fcnde, den Pferden weiterhin Heu zu f\u00fcttern, auch wenn Gras auf den Weiden verf\u00fcgbar ist: <\/u><\/strong><\/h2>\n<p><strong>1\/ Grasqualit\u00e4t<\/strong>: Wenn das Gras n\u00e4hrstoffarm oder in unzureichender Menge vorhanden ist, kann Heu den N\u00e4hrstoffbedarf des Pferdes ausgleichen.<\/p>\n<p><strong>2\/ Futterumstellung<\/strong>: Eine abrupte Umstellung von einer reinen Heuf\u00fctterung auf eine reine Grasf\u00fctterung kann das Verdauungssystem des Pferdes st\u00f6ren. Schritt f\u00fcr Schritt!<\/p>\n<p><strong>3\/ Gesundheitsprobleme<\/strong>: Einige empfindlichere Pferde k\u00f6nnen von einer Heuzulage profitieren, um Zucker- oder Fruktan\u00fcberladungen im frischen Gras zu vermeiden.<\/p>\n<p><strong>4\/ Verf\u00fcgbarkeit<\/strong>: Wenn die Weiden, insbesondere am Ende der Saison, \u00e4rmer werden, kann Heu unerl\u00e4sslich sein, um eine ausgewogene Ern\u00e4hrung aufrechtzuerhalten.<\/p>\n<p>[\/vc_column_text][\/vc_column][\/vc_row][vc_row row_height_percent=&#8220;0&#8243; override_padding=&#8220;yes&#8220; h_padding=&#8220;2&#8243; top_padding=&#8220;0&#8243; bottom_padding=&#8220;0&#8243; overlay_alpha=&#8220;100&#8243; gutter_size=&#8220;3&#8243; column_width_percent=&#8220;100&#8243; shift_y=&#8220;0&#8243; z_index=&#8220;0&#8243; row_height_use_pixel=&#8220;&#8220;][vc_column column_width_use_pixel=&#8220;yes&#8220; gutter_size=&#8220;3&#8243; overlay_alpha=&#8220;50&#8243; shift_x=&#8220;0&#8243; shift_y=&#8220;0&#8243; medium_width=&#8220;0&#8243; zoom_width=&#8220;0&#8243; zoom_height=&#8220;0&#8243; width=&#8220;5\/6&#8243;][vc_single_image media=&#8220;83570&#8243; media_width_percent=&#8220;100&#8243; media_ratio=&#8220;three-two&#8220; media_title_uppercase=&#8220;&#8220; uncode_shortcode_id=&#8220;204789&#8243;][\/vc_column][vc_column column_width_percent=&#8220;100&#8243; gutter_size=&#8220;3&#8243; overlay_alpha=&#8220;50&#8243; shift_x=&#8220;0&#8243; shift_y=&#8220;0&#8243; medium_width=&#8220;0&#8243; zoom_width=&#8220;0&#8243; zoom_height=&#8220;0&#8243; width=&#8220;1\/6&#8243;][vc_column_text uncode_shortcode_id=&#8220;212547&#8243;]Heu ist eine vorteilhafte Vorsichtsma\u00dfnahme f\u00fcr die Gesundheit und das Wohlbefinden Ihrer Pferde.[\/vc_column_text][\/vc_column][\/vc_row][vc_row row_height_percent=&#8220;0&#8243; override_padding=&#8220;yes&#8220; h_padding=&#8220;2&#8243; top_padding=&#8220;3&#8243; bottom_padding=&#8220;3&#8243; overlay_alpha=&#8220;100&#8243; gutter_size=&#8220;3&#8243; column_width_percent=&#8220;100&#8243; shift_y=&#8220;0&#8243; z_index=&#8220;0&#8243; row_height_use_pixel=&#8220;&#8220;][vc_column column_width_use_pixel=&#8220;yes&#8220; gutter_size=&#8220;3&#8243; overlay_alpha=&#8220;50&#8243; shift_x=&#8220;0&#8243; shift_y=&#8220;0&#8243; medium_width=&#8220;0&#8243; zoom_width=&#8220;0&#8243; zoom_height=&#8220;0&#8243; column_width_pixel=&#8220;800&#8243;][vc_column_text uncode_shortcode_id=&#8220;725683&#8243;]<\/p>\n<h2><strong><u>Hier sind einige Vorsichtsma\u00dfnahmen, wenn man sein Pferd auf die Weide l\u00e4sst:<\/u><\/strong><\/h2>\n<ul>\n<li>Heu vor dem Anweiden f\u00fcttern, kein Kraftfutter<\/li>\n<li>Die Weidedauer langsam erh\u00f6hen und schrittweise verl\u00e4ngern<\/li>\n<li>Wenn das Pferd an Durchfall leidet, die Weidedauer nicht weiter verl\u00e4ngern, sondern die Heumenge erh\u00f6hen, bis sich die Darmflora normalisiert hat.<\/li>\n<li>Die Menge an Kraftfutter w\u00e4hrend der Anweidezeit reduzieren.<\/li>\n<li>Das Pferd ausreichend bewegen. Die zus\u00e4tzlichen Kalorien aus dem Gras m\u00fcssen durch Bewegung verbrannt werden und die Verdauung muss aktiv bleiben.<\/li>\n<li>Man sollte versuchen, den Stoffwechsel des Pferdes nicht zus\u00e4tzlich zu \u00fcberlasten. Wenn m\u00f6glich, sollte man medikament\u00f6se Behandlungen und Entwurmungen in dieser Zeit vermeiden.<\/li>\n<\/ul>\n<p>[\/vc_column_text][\/vc_column][\/vc_row][vc_row row_height_percent=&#8220;0&#8243; override_padding=&#8220;yes&#8220; h_padding=&#8220;2&#8243; top_padding=&#8220;3&#8243; bottom_padding=&#8220;3&#8243; overlay_alpha=&#8220;100&#8243; gutter_size=&#8220;3&#8243; column_width_percent=&#8220;100&#8243; shift_y=&#8220;0&#8243; z_index=&#8220;0&#8243; row_height_use_pixel=&#8220;&#8220;][vc_column column_width_use_pixel=&#8220;yes&#8220; gutter_size=&#8220;3&#8243; overlay_alpha=&#8220;50&#8243; shift_x=&#8220;0&#8243; shift_y=&#8220;0&#8243; medium_width=&#8220;0&#8243; zoom_width=&#8220;0&#8243; zoom_height=&#8220;0&#8243; column_width_pixel=&#8220;800&#8243;][vc_column_text uncode_shortcode_id=&#8220;162763&#8243;]<\/p>\n<h2><strong><u>Warum sind Vorsichtsma\u00dfnahmen beim Anweiden im Fr\u00fchling notwendig?<\/u><\/strong><\/h2>\n<p>Im Fr\u00fchling mag die Sonne bereits scheinen, aber die N\u00e4chte sind k\u00fchl und die Bodentemperatur liegt daher auch unter 8\u00b0. Die Sonneneinstrahlung l\u00f6st zwar die Photosynthese aus, aber die K\u00e4lte verhindert die Umwandlung der Energie in Wachstum. <strong>Der Fruktangehalt ist daher sehr hoch. <\/strong>Fruktane k\u00f6nnen zuckerempfindlichen Pferden gro\u00dfe Leiden verursachen.<\/p>\n<p>F\u00fcr gesunde Pferde ist eine normale Menge Fruktan kein Problem. Aber f\u00fcr Pferde, die zu Darm- oder Stoffwechselproblemen neigen, kann eine \u00fcberm\u00e4\u00dfige Menge gef\u00e4hrlich sein. Fruktan wird nicht im D\u00fcnndarm verdaut, es gelangt daher in den Dickdarm, wo es von Bakterien fermentiert wird. Dies st\u00f6rt die mikrobielle Flora und f\u00fchrt zu einer Reduzierung der Produktion gesunder N\u00e4hrstoffe wie fl\u00fcchtiger Fetts\u00e4uren, einer erh\u00f6hten Freisetzung sch\u00e4dlicher Substanzen und einer erh\u00f6hten Durchl\u00e4ssigkeit der Darmwand. Dies erm\u00f6glicht das Eindringen von Toxinen in den K\u00f6rper, was zu akuten Immunreaktionen und Stoffwechselproblemen f\u00fchrt. Die klinischen Folgen eines Fruktan\u00fcberschusses sind oft Koliken, Durchfall und Hufrehe.<\/p>\n<p>&nbsp;<\/p>\n<p>[\/vc_column_text][\/vc_column][\/vc_row][vc_row row_height_percent=&#8220;0&#8243; override_padding=&#8220;yes&#8220; h_padding=&#8220;2&#8243; top_padding=&#8220;3&#8243; bottom_padding=&#8220;3&#8243; overlay_alpha=&#8220;100&#8243; gutter_size=&#8220;3&#8243; column_width_percent=&#8220;100&#8243; shift_y=&#8220;0&#8243; z_index=&#8220;0&#8243; row_height_use_pixel=&#8220;&#8220;][vc_column column_width_use_pixel=&#8220;yes&#8220; gutter_size=&#8220;3&#8243; overlay_alpha=&#8220;50&#8243; shift_x=&#8220;0&#8243; shift_y=&#8220;0&#8243; medium_width=&#8220;0&#8243; zoom_width=&#8220;0&#8243; zoom_height=&#8220;0&#8243; column_width_pixel=&#8220;800&#8243;][vc_column_text uncode_shortcode_id=&#8220;906432&#8243;]<\/p>\n<h2><strong><u>Der Vorteil, im Fr\u00fchling weiterhin Heu zu f\u00fcttern:<\/u><\/strong><\/h2>\n<p>Heu hilft, die Fruktanaufnahme auszugleichen und zu reduzieren. Der Trocknungsprozess von Heu reduziert den Fruktangehalt im Vergleich zu frischem Gras. Indem Pferde Heu fressen, nehmen sie weniger fruktanreiches Futter auf. Durch die Zugabe von Heu zur F\u00fctterung wird das Verh\u00e4ltnis zwischen frischem Gras und einem neutraleren Futter ausgeglichen. Die gesamte aufgenommene Fruktanmenge wird dadurch erheblich reduziert. Zudem ist Heu reich an Ballaststoffen, was die Verdauung verlangsamt. Dies hilft auch, pl\u00f6tzliche Spitzen bei der Zuckeraufnahme, einschlie\u00dflich Fruktanen, zu begrenzen und sch\u00fctzt somit vor Problemen, die mit einem m\u00f6glichen \u00dcberkonsum verbunden sind.<\/p>\n<p>Wenn Sie spezifische F\u00e4lle oder Zweifel haben, ist es immer eine gute Idee, einen Tierarzt oder Pferdef\u00fctterungsexperten zu konsultieren! \ud83d\ude0a<\/p>\n<p>&nbsp;<\/p>\n<p>Unseren Artikel zu diesem Thema finden Sie <a href=\"https:\/\/filetafoin.com\/lalimentation-en-fourrage-des-chevaux\/\">hier<\/a><\/p>\n<p>&nbsp;<\/p>\n<p>[\/vc_column_text][\/vc_column][\/vc_row]<\/p>\n<\/div>","protected":false},"excerpt":{"rendered":"<p>[vc_row row_height_percent=&#8220;0&#8243; override_padding=&#8220;yes&#8220; h_padding=&#8220;2&#8243; top_padding=&#8220;5&#8243; bottom_padding=&#8220;3&#8243; overlay_alpha=&#8220;100&#8243; gutter_size=&#8220;3&#8243; column_width_percent=&#8220;100&#8243; shift_y=&#8220;0&#8243; z_index=&#8220;0&#8243; row_height_use_pixel=&#8220;&#8220;][vc_column column_width_use_pixel=&#8220;yes&#8220; gutter_size=&#8220;3&#8243; overlay_alpha=&#8220;50&#8243; shift_x=&#8220;0&#8243; shift_y=&#8220;0&#8243; medium_width=&#8220;0&#8243; zoom_width=&#8220;0&#8243; zoom_height=&#8220;0&#8243; [&hellip;]<\/p>\n","protected":false},"author":6,"featured_media":83355,"parent":0,"menu_order":0,"comment_status":"closed","ping_status":"closed","template":"","meta":{"footnotes":""},"class_list":["post-83568","page","type-page","status-publish","has-post-thumbnail","hentry","page_category-leitfaden"],"yoast_head":"<!-- This site is optimized with the Yoast SEO plugin v26.7 - https:\/\/yoast.com\/wordpress\/plugins\/seo\/ -->\n<title>Der Fr\u00fchling, das Anweiden und Heu - Filets \u00e0 Foin<\/title>\n<meta name=\"robots\" content=\"index, follow, max-snippet:-1, max-image-preview:large, max-video-preview:-1\" \/>\n<link rel=\"canonical\" href=\"https:\/\/filetafoin.com\/de\/der-fruehling-das-anweiden-und-heu\/\" \/>\n<meta property=\"og:locale\" content=\"de_DE\" \/>\n<meta property=\"og:type\" content=\"article\" \/>\n<meta property=\"og:title\" content=\"Der Fr\u00fchling, das Anweiden und Heu - Filets \u00e0 Foin\" \/>\n<meta property=\"og:description\" content=\"[vc_row row_height_percent=&#8220;0&#8243; override_padding=&#8220;yes&#8220; h_padding=&#8220;2&#8243; top_padding=&#8220;5&#8243; bottom_padding=&#8220;3&#8243; overlay_alpha=&#8220;100&#8243; gutter_size=&#8220;3&#8243; column_width_percent=&#8220;100&#8243; shift_y=&#8220;0&#8243; z_index=&#8220;0&#8243; row_height_use_pixel=&#8220;&#8220;][vc_column column_width_use_pixel=&#8220;yes&#8220; gutter_size=&#8220;3&#8243; overlay_alpha=&#8220;50&#8243; shift_x=&#8220;0&#8243; shift_y=&#8220;0&#8243; medium_width=&#8220;0&#8243; zoom_width=&#8220;0&#8243; zoom_height=&#8220;0&#8243; [&hellip;]\" \/>\n<meta property=\"og:url\" content=\"https:\/\/filetafoin.com\/de\/der-fruehling-das-anweiden-und-heu\/\" \/>\n<meta property=\"og:site_name\" content=\"Filets \u00e0 Foin\" \/>\n<meta property=\"article:modified_time\" content=\"2026-01-13T16:44:05+00:00\" \/>\n<meta property=\"og:image\" content=\"https:\/\/filetafoin.com\/wp-content\/uploads\/2025\/04\/Design-sans-titre2.jpg\" \/>\n\t<meta property=\"og:image:width\" content=\"940\" \/>\n\t<meta property=\"og:image:height\" content=\"788\" \/>\n\t<meta property=\"og:image:type\" content=\"image\/jpeg\" \/>\n<meta name=\"twitter:card\" content=\"summary_large_image\" \/>\n<meta name=\"twitter:label1\" content=\"Gesch\u00e4tzte Lesezeit\" \/>\n\t<meta name=\"twitter:data1\" content=\"5\u00a0Minuten\" \/>\n<script type=\"application\/ld+json\" class=\"yoast-schema-graph\">{\"@context\":\"https:\/\/schema.org\",\"@graph\":[{\"@type\":\"WebPage\",\"@id\":\"https:\/\/filetafoin.com\/de\/der-fruehling-das-anweiden-und-heu\/\",\"url\":\"https:\/\/filetafoin.com\/de\/der-fruehling-das-anweiden-und-heu\/\",\"name\":\"Der Fr\u00fchling, das Anweiden und Heu - Filets \u00e0 Foin\",\"isPartOf\":{\"@id\":\"https:\/\/filetafoin.com\/de\/#website\"},\"primaryImageOfPage\":{\"@id\":\"https:\/\/filetafoin.com\/de\/der-fruehling-das-anweiden-und-heu\/#primaryimage\"},\"image\":{\"@id\":\"https:\/\/filetafoin.com\/de\/der-fruehling-das-anweiden-und-heu\/#primaryimage\"},\"thumbnailUrl\":\"https:\/\/filetafoin.com\/wp-content\/uploads\/2025\/04\/Design-sans-titre2.jpg\",\"datePublished\":\"2025-04-04T14:08:03+00:00\",\"dateModified\":\"2026-01-13T16:44:05+00:00\",\"breadcrumb\":{\"@id\":\"https:\/\/filetafoin.com\/de\/der-fruehling-das-anweiden-und-heu\/#breadcrumb\"},\"inLanguage\":\"de\",\"potentialAction\":[{\"@type\":\"ReadAction\",\"target\":[\"https:\/\/filetafoin.com\/de\/der-fruehling-das-anweiden-und-heu\/\"]}]},{\"@type\":\"ImageObject\",\"inLanguage\":\"de\",\"@id\":\"https:\/\/filetafoin.com\/de\/der-fruehling-das-anweiden-und-heu\/#primaryimage\",\"url\":\"https:\/\/filetafoin.com\/wp-content\/uploads\/2025\/04\/Design-sans-titre2.jpg\",\"contentUrl\":\"https:\/\/filetafoin.com\/wp-content\/uploads\/2025\/04\/Design-sans-titre2.jpg\",\"width\":940,\"height\":788},{\"@type\":\"BreadcrumbList\",\"@id\":\"https:\/\/filetafoin.com\/de\/der-fruehling-das-anweiden-und-heu\/#breadcrumb\",\"itemListElement\":[{\"@type\":\"ListItem\",\"position\":1,\"name\":\"Accueil\",\"item\":\"https:\/\/filetafoin.com\/de\/spezialist-fuer-heunetze-fuer-pferde\/\"},{\"@type\":\"ListItem\",\"position\":2,\"name\":\"Der Fr\u00fchling, das Anweiden und Heu\"}]},{\"@type\":\"WebSite\",\"@id\":\"https:\/\/filetafoin.com\/de\/#website\",\"url\":\"https:\/\/filetafoin.com\/de\/\",\"name\":\"Filets \u00e0 Foin\",\"description\":\"Sp\u00e9cialiste du Filet \u00e0 Foin pour Chevaux\",\"potentialAction\":[{\"@type\":\"SearchAction\",\"target\":{\"@type\":\"EntryPoint\",\"urlTemplate\":\"https:\/\/filetafoin.com\/de\/?s={search_term_string}\"},\"query-input\":{\"@type\":\"PropertyValueSpecification\",\"valueRequired\":true,\"valueName\":\"search_term_string\"}}],\"inLanguage\":\"de\"}]}<\/script>\n<!-- \/ Yoast SEO plugin. -->","yoast_head_json":{"title":"Der Fr\u00fchling, das Anweiden und Heu - Filets \u00e0 Foin","robots":{"index":"index","follow":"follow","max-snippet":"max-snippet:-1","max-image-preview":"max-image-preview:large","max-video-preview":"max-video-preview:-1"},"canonical":"https:\/\/filetafoin.com\/de\/der-fruehling-das-anweiden-und-heu\/","og_locale":"de_DE","og_type":"article","og_title":"Der Fr\u00fchling, das Anweiden und Heu - Filets \u00e0 Foin","og_description":"[vc_row row_height_percent=&#8220;0&#8243; override_padding=&#8220;yes&#8220; h_padding=&#8220;2&#8243; top_padding=&#8220;5&#8243; bottom_padding=&#8220;3&#8243; overlay_alpha=&#8220;100&#8243; gutter_size=&#8220;3&#8243; column_width_percent=&#8220;100&#8243; shift_y=&#8220;0&#8243; z_index=&#8220;0&#8243; row_height_use_pixel=&#8220;&#8220;][vc_column column_width_use_pixel=&#8220;yes&#8220; gutter_size=&#8220;3&#8243; overlay_alpha=&#8220;50&#8243; shift_x=&#8220;0&#8243; shift_y=&#8220;0&#8243; medium_width=&#8220;0&#8243; zoom_width=&#8220;0&#8243; zoom_height=&#8220;0&#8243; [&hellip;]","og_url":"https:\/\/filetafoin.com\/de\/der-fruehling-das-anweiden-und-heu\/","og_site_name":"Filets \u00e0 Foin","article_modified_time":"2026-01-13T16:44:05+00:00","og_image":[{"width":940,"height":788,"url":"https:\/\/filetafoin.com\/wp-content\/uploads\/2025\/04\/Design-sans-titre2.jpg","type":"image\/jpeg"}],"twitter_card":"summary_large_image","twitter_misc":{"Gesch\u00e4tzte Lesezeit":"5\u00a0Minuten"},"schema":{"@context":"https:\/\/schema.org","@graph":[{"@type":"WebPage","@id":"https:\/\/filetafoin.com\/de\/der-fruehling-das-anweiden-und-heu\/","url":"https:\/\/filetafoin.com\/de\/der-fruehling-das-anweiden-und-heu\/","name":"Der Fr\u00fchling, das Anweiden und Heu - Filets \u00e0 Foin","isPartOf":{"@id":"https:\/\/filetafoin.com\/de\/#website"},"primaryImageOfPage":{"@id":"https:\/\/filetafoin.com\/de\/der-fruehling-das-anweiden-und-heu\/#primaryimage"},"image":{"@id":"https:\/\/filetafoin.com\/de\/der-fruehling-das-anweiden-und-heu\/#primaryimage"},"thumbnailUrl":"https:\/\/filetafoin.com\/wp-content\/uploads\/2025\/04\/Design-sans-titre2.jpg","datePublished":"2025-04-04T14:08:03+00:00","dateModified":"2026-01-13T16:44:05+00:00","breadcrumb":{"@id":"https:\/\/filetafoin.com\/de\/der-fruehling-das-anweiden-und-heu\/#breadcrumb"},"inLanguage":"de","potentialAction":[{"@type":"ReadAction","target":["https:\/\/filetafoin.com\/de\/der-fruehling-das-anweiden-und-heu\/"]}]},{"@type":"ImageObject","inLanguage":"de","@id":"https:\/\/filetafoin.com\/de\/der-fruehling-das-anweiden-und-heu\/#primaryimage","url":"https:\/\/filetafoin.com\/wp-content\/uploads\/2025\/04\/Design-sans-titre2.jpg","contentUrl":"https:\/\/filetafoin.com\/wp-content\/uploads\/2025\/04\/Design-sans-titre2.jpg","width":940,"height":788},{"@type":"BreadcrumbList","@id":"https:\/\/filetafoin.com\/de\/der-fruehling-das-anweiden-und-heu\/#breadcrumb","itemListElement":[{"@type":"ListItem","position":1,"name":"Accueil","item":"https:\/\/filetafoin.com\/de\/spezialist-fuer-heunetze-fuer-pferde\/"},{"@type":"ListItem","position":2,"name":"Der Fr\u00fchling, das Anweiden und Heu"}]},{"@type":"WebSite","@id":"https:\/\/filetafoin.com\/de\/#website","url":"https:\/\/filetafoin.com\/de\/","name":"Filets \u00e0 Foin","description":"Sp\u00e9cialiste du Filet \u00e0 Foin pour Chevaux","potentialAction":[{"@type":"SearchAction","target":{"@type":"EntryPoint","urlTemplate":"https:\/\/filetafoin.com\/de\/?s={search_term_string}"},"query-input":{"@type":"PropertyValueSpecification","valueRequired":true,"valueName":"search_term_string"}}],"inLanguage":"de"}]}},"_links":{"self":[{"href":"https:\/\/filetafoin.com\/de\/wp-json\/wp\/v2\/pages\/83568","targetHints":{"allow":["GET"]}}],"collection":[{"href":"https:\/\/filetafoin.com\/de\/wp-json\/wp\/v2\/pages"}],"about":[{"href":"https:\/\/filetafoin.com\/de\/wp-json\/wp\/v2\/types\/page"}],"author":[{"embeddable":true,"href":"https:\/\/filetafoin.com\/de\/wp-json\/wp\/v2\/users\/6"}],"replies":[{"embeddable":true,"href":"https:\/\/filetafoin.com\/de\/wp-json\/wp\/v2\/comments?post=83568"}],"version-history":[{"count":3,"href":"https:\/\/filetafoin.com\/de\/wp-json\/wp\/v2\/pages\/83568\/revisions"}],"predecessor-version":[{"id":83573,"href":"https:\/\/filetafoin.com\/de\/wp-json\/wp\/v2\/pages\/83568\/revisions\/83573"}],"wp:featuredmedia":[{"embeddable":true,"href":"https:\/\/filetafoin.com\/de\/wp-json\/wp\/v2\/media\/83355"}],"wp:attachment":[{"href":"https:\/\/filetafoin.com\/de\/wp-json\/wp\/v2\/media?parent=83568"}],"curies":[{"name":"wp","href":"https:\/\/api.w.org\/{rel}","templated":true}]}}