{"id":83584,"date":"2025-03-14T09:12:01","date_gmt":"2025-03-14T08:12:01","guid":{"rendered":"https:\/\/filetafoin.com\/die-raufutterfuetterung-von-pferden\/"},"modified":"2026-01-13T17:44:59","modified_gmt":"2026-01-13T16:44:59","slug":"die-raufutterfuetterung-von-pferden","status":"publish","type":"page","link":"https:\/\/filetafoin.com\/de\/die-raufutterfuetterung-von-pferden\/","title":{"rendered":"Die Raufutterf\u00fctterung von Pferden"},"content":{"rendered":"<div class=\"wpb-content-wrapper\"><p>[vc_row row_height_percent=&#8220;0&#8243; override_padding=&#8220;yes&#8220; h_padding=&#8220;2&#8243; top_padding=&#8220;5&#8243; bottom_padding=&#8220;3&#8243; overlay_alpha=&#8220;100&#8243; gutter_size=&#8220;3&#8243; column_width_percent=&#8220;100&#8243; shift_y=&#8220;0&#8243; z_index=&#8220;0&#8243; row_height_use_pixel=&#8220;&#8220;][vc_column column_width_use_pixel=&#8220;yes&#8220; gutter_size=&#8220;3&#8243; overlay_alpha=&#8220;50&#8243; shift_x=&#8220;0&#8243; shift_y=&#8220;0&#8243; medium_width=&#8220;0&#8243; zoom_width=&#8220;0&#8243; zoom_height=&#8220;0&#8243; column_width_pixel=&#8220;800&#8243;][vc_column_text uncode_shortcode_id=&#8220;172632&#8243;]<\/p>\n<h2>Heu ist ein Grundnahrungsmittel f\u00fcr Equiden. Es wird verwendet, um eine hochwertige Faserversorgung in ihrer Ern\u00e4hrung sicherzustellen. Der folgende Text erkl\u00e4rt Ihnen alles, was Sie \u00fcber Heu f\u00fcr Equiden wissen m\u00fcssen:  <\/h2>\n<p>[\/vc_column_text][\/vc_column][\/vc_row][vc_row row_height_percent=&#8220;0&#8243; override_padding=&#8220;yes&#8220; h_padding=&#8220;2&#8243; top_padding=&#8220;0&#8243; bottom_padding=&#8220;0&#8243; overlay_alpha=&#8220;100&#8243; gutter_size=&#8220;3&#8243; column_width_percent=&#8220;100&#8243; shift_y=&#8220;0&#8243; z_index=&#8220;0&#8243; row_height_use_pixel=&#8220;&#8220;][vc_column column_width_use_pixel=&#8220;yes&#8220; gutter_size=&#8220;3&#8243; overlay_alpha=&#8220;50&#8243; shift_x=&#8220;0&#8243; shift_y=&#8220;0&#8243; medium_width=&#8220;0&#8243; zoom_width=&#8220;0&#8243; zoom_height=&#8220;0&#8243; width=&#8220;5\/6&#8243;][vc_single_image media=&#8220;83585&#8243; media_width_percent=&#8220;100&#8243; media_ratio=&#8220;three-two&#8220; media_title_uppercase=&#8220;&#8220; uncode_shortcode_id=&#8220;104013&#8243;][\/vc_column][vc_column column_width_percent=&#8220;100&#8243; gutter_size=&#8220;3&#8243; overlay_alpha=&#8220;50&#8243; shift_x=&#8220;0&#8243; shift_y=&#8220;0&#8243; medium_width=&#8220;0&#8243; zoom_width=&#8220;0&#8243; zoom_height=&#8220;0&#8243; width=&#8220;1\/6&#8243;][vc_column_text uncode_shortcode_id=&#8220;192504&#8243;]Heu ist geschnittenes und getrocknetes Gras, das normalerweise aus verschiedenen Gras- und Leguminosenarten besteht. Es wird geerntet, wenn die Pflanzen einen optimalen Reifegrad erreicht haben, und anschlie\u00dfend getrocknet, um die Feuchtigkeit zu reduzieren.[\/vc_column_text][\/vc_column][\/vc_row][vc_row row_height_percent=&#8220;0&#8243; override_padding=&#8220;yes&#8220; h_padding=&#8220;2&#8243; top_padding=&#8220;3&#8243; bottom_padding=&#8220;3&#8243; overlay_alpha=&#8220;100&#8243; gutter_size=&#8220;3&#8243; column_width_percent=&#8220;100&#8243; shift_y=&#8220;0&#8243; z_index=&#8220;0&#8243; row_height_use_pixel=&#8220;&#8220;][vc_column column_width_use_pixel=&#8220;yes&#8220; gutter_size=&#8220;3&#8243; overlay_alpha=&#8220;50&#8243; shift_x=&#8220;0&#8243; shift_y=&#8220;0&#8243; medium_width=&#8220;0&#8243; zoom_width=&#8220;0&#8243; zoom_height=&#8220;0&#8243; column_width_pixel=&#8220;800&#8243;][vc_column_text uncode_shortcode_id=&#8220;142792&#8243;]<\/p>\n<h2>Warum ben\u00f6tigen Equiden Heu?<\/h2>\n<p>Equiden ben\u00f6tigen Heu aus verschiedenen Gr\u00fcnden. Zun\u00e4chst liefert es eine Quelle f\u00fcr Ballaststoffe, die f\u00fcr eine gesunde Verdauung unerl\u00e4sslich sind. Die Ballaststoffe helfen, Verdauungsprobleme wie Koliken vorzubeugen und tragen zur ordnungsgem\u00e4\u00dfen Funktion des Verdauungssystems bei. Dar\u00fcber hinaus kann Heu auch dazu beitragen, ein angemessenes K\u00f6rpergewicht bei Pferden und Eseln zu halten, die leicht zunehmen.[\/vc_column_text][\/vc_column][\/vc_row][vc_row row_height_percent=&#8220;0&#8243; override_padding=&#8220;yes&#8220; h_padding=&#8220;2&#8243; top_padding=&#8220;3&#8243; bottom_padding=&#8220;3&#8243; overlay_alpha=&#8220;100&#8243; gutter_size=&#8220;3&#8243; column_width_percent=&#8220;100&#8243; shift_y=&#8220;0&#8243; z_index=&#8220;0&#8243; row_height_use_pixel=&#8220;&#8220;][vc_column column_width_use_pixel=&#8220;yes&#8220; gutter_size=&#8220;3&#8243; overlay_alpha=&#8220;50&#8243; shift_x=&#8220;0&#8243; shift_y=&#8220;0&#8243; medium_width=&#8220;0&#8243; zoom_width=&#8220;0&#8243; zoom_height=&#8220;0&#8243; column_width_pixel=&#8220;800&#8243;][vc_column_text uncode_shortcode_id=&#8220;174807&#8243;]<\/p>\n<h2>Welche Art von Heu ist am besten f\u00fcr Equiden geeignet?<\/h2>\n<p>Die empfohlene Heuart f\u00fcr Equiden h\u00e4ngt von ihren individuellen Bed\u00fcrfnissen ab. Im Allgemeinen sollte hochwertiges Heu sauber, nicht \u00fcberm\u00e4\u00dfig staubig und schimmelfrei sein. Es ist vorzuziehen, Heu zu w\u00e4hlen, das einen guten Anteil an Gr\u00e4sern und Leguminosen enth\u00e4lt, um eine ausgewogene N\u00e4hrstoffzufuhr zu gew\u00e4hrleisten.[\/vc_column_text][\/vc_column][\/vc_row][vc_row row_height_percent=&#8220;0&#8243; override_padding=&#8220;yes&#8220; h_padding=&#8220;2&#8243; top_padding=&#8220;3&#8243; bottom_padding=&#8220;3&#8243; overlay_alpha=&#8220;100&#8243; gutter_size=&#8220;3&#8243; column_width_percent=&#8220;100&#8243; shift_y=&#8220;0&#8243; z_index=&#8220;0&#8243; row_height_use_pixel=&#8220;&#8220;][vc_column column_width_use_pixel=&#8220;yes&#8220; gutter_size=&#8220;3&#8243; overlay_alpha=&#8220;50&#8243; shift_x=&#8220;0&#8243; shift_y=&#8220;0&#8243; medium_width=&#8220;0&#8243; zoom_width=&#8220;0&#8243; zoom_height=&#8220;0&#8243; column_width_pixel=&#8220;800&#8243;][vc_column_text uncode_shortcode_id=&#8220;158797&#8243;]<\/p>\n<h2>Wie verabreicht man Equiden Heu?<\/h2>\n<p>Heu kann Equiden auf verschiedene Weisen verabreicht werden. Es kann lose in einer geeigneten Raufe angeboten werden, die es den Pferden erm\u00f6glicht, die Heuhalme herauszuziehen und nach Belieben zu fressen. Es kann auch in Form von <strong>Heunetzen<\/strong> angeboten werden, was hilft, den Heuverbrauch zu rationieren und Fressgier, Verschwendung und das Einatmen von Staub zu vermeiden.  <\/p>\n<p>Unsere Produktpalette und Preise finden Sie <a href=\"https:\/\/filetafoin.com\/modeles-et-tarifs\/#tarifs\">hier<\/a><\/p>\n<p>&nbsp;<\/p>\n<p>[\/vc_column_text][\/vc_column][\/vc_row][vc_row row_height_percent=&#8220;0&#8243; override_padding=&#8220;yes&#8220; h_padding=&#8220;2&#8243; top_padding=&#8220;3&#8243; bottom_padding=&#8220;3&#8243; overlay_alpha=&#8220;100&#8243; gutter_size=&#8220;3&#8243; column_width_percent=&#8220;100&#8243; shift_y=&#8220;0&#8243; z_index=&#8220;0&#8243; row_height_use_pixel=&#8220;&#8220;][vc_column column_width_use_pixel=&#8220;yes&#8220; gutter_size=&#8220;3&#8243; overlay_alpha=&#8220;50&#8243; shift_x=&#8220;0&#8243; shift_y=&#8220;0&#8243; medium_width=&#8220;0&#8243; zoom_width=&#8220;0&#8243; zoom_height=&#8220;0&#8243; column_width_pixel=&#8220;800&#8243;][vc_column_text uncode_shortcode_id=&#8220;138589&#8243;]<\/p>\n<h2>Vorteile von Heu im Vergleich zu Gras:<\/h2>\n<p>&#8211; Lagerf\u00e4higkeit: Heu kann \u00fcber lange Zeitr\u00e4ume gelagert werden, ohne zu verderben, was es zu einer zuverl\u00e4ssigen Futterquelle das ganze Jahr \u00fcber macht.<br \/>\n&#8211; N\u00e4hrwert: Heu enth\u00e4lt im Allgemeinen einen h\u00f6heren Fasergehalt als frisches Gras, was f\u00fcr das Verdauungssystem der Tiere vorteilhaft sein kann. Es kann auch das ganze Jahr \u00fcber eine konstante Zufuhr essentieller N\u00e4hrstoffe gew\u00e4hrleisten. <\/p>\n<p>&nbsp;<\/p>\n<p>[\/vc_column_text][\/vc_column][\/vc_row][vc_row row_height_percent=&#8220;0&#8243; override_padding=&#8220;yes&#8220; h_padding=&#8220;2&#8243; top_padding=&#8220;3&#8243; bottom_padding=&#8220;3&#8243; overlay_alpha=&#8220;100&#8243; gutter_size=&#8220;3&#8243; column_width_percent=&#8220;100&#8243; shift_y=&#8220;0&#8243; z_index=&#8220;0&#8243; row_height_use_pixel=&#8220;&#8220;][vc_column column_width_use_pixel=&#8220;yes&#8220; gutter_size=&#8220;3&#8243; overlay_alpha=&#8220;50&#8243; shift_x=&#8220;0&#8243; shift_y=&#8220;0&#8243; medium_width=&#8220;0&#8243; zoom_width=&#8220;0&#8243; zoom_height=&#8220;0&#8243; column_width_pixel=&#8220;800&#8243;][vc_column_text uncode_shortcode_id=&#8220;203328&#8243;]<\/p>\n<h2>Nachteile von Heu im Vergleich zu Gras:<\/h2>\n<p>&#8211; Geringere Energie- und Proteinwerte: Frisches Gras hat im Allgemeinen einen h\u00f6heren Energie- und Proteingehalt als Heu.<br \/>\n&#8211; Variable N\u00e4hrwertqualit\u00e4t: Die N\u00e4hrwertqualit\u00e4t von Heu kann je nach verschiedenen Faktoren variieren, wie z. B. Erntezeitpunkt, klimatische Bedingungen usw. Daher ist es wichtig sicherzustellen, dass das gew\u00e4hlte Heu einen angemessenen N\u00e4hrwert f\u00fcr die Tiere aufweist. Im Vergleich dazu ist frisches Gras, das in der Natur allgemein verf\u00fcgbar ist, in Bezug auf den N\u00e4hrwert konstanter.<br \/>\n&#8211; Im Gegensatz zu Gras ist Heu eine Staubquelle. Es kann aus mehreren Gr\u00fcnden Staub im Heu geben. Zun\u00e4chst k\u00f6nnen sich w\u00e4hrend der Ernte und Trocknung des Heus Erdpartikel, Pollen, Schimmelpilze und andere Allergene mit dem Heu vermischen. Wenn Heu zudem unter feuchten Bedingungen gelagert wird, kann es zu einer Zunahme von Schimmel und Staub kommen. Wenn Heu bewegt oder gehandhabt wird, werden diese Partikel in die Luft freigesetzt, was bei Equiden Atemprobleme (Allergien, Emphysem\u2026) verursachen kann. Es ist daher wichtig sicherzustellen, dass die Pferde ihre Nase nicht im Heu w\u00fchlen. Das Heunetz ist eine L\u00f6sung, die dieses Problem behebt.      <\/p>\n<p>Unseren Artikel zu diesem Thema finden Sie <a href=\"https:\/\/filetafoin.com\/comment-et-pourquoi-les-filets-a-foin-previennent-des-maladies-respiratoires-chez-les-chevaux\/\">hier<\/a><\/p>\n<p>&nbsp;<\/p>\n<p>&nbsp;<\/p>\n<p>[\/vc_column_text][\/vc_column][\/vc_row]<\/p>\n<\/div>","protected":false},"excerpt":{"rendered":"<p>[vc_row row_height_percent=&#8220;0&#8243; override_padding=&#8220;yes&#8220; h_padding=&#8220;2&#8243; top_padding=&#8220;5&#8243; bottom_padding=&#8220;3&#8243; overlay_alpha=&#8220;100&#8243; gutter_size=&#8220;3&#8243; column_width_percent=&#8220;100&#8243; shift_y=&#8220;0&#8243; z_index=&#8220;0&#8243; row_height_use_pixel=&#8220;&#8220;][vc_column column_width_use_pixel=&#8220;yes&#8220; gutter_size=&#8220;3&#8243; overlay_alpha=&#8220;50&#8243; shift_x=&#8220;0&#8243; shift_y=&#8220;0&#8243; medium_width=&#8220;0&#8243; zoom_width=&#8220;0&#8243; zoom_height=&#8220;0&#8243; [&hellip;]<\/p>\n","protected":false},"author":6,"featured_media":83344,"parent":0,"menu_order":0,"comment_status":"closed","ping_status":"closed","template":"","meta":{"footnotes":""},"class_list":["post-83584","page","type-page","status-publish","has-post-thumbnail","hentry","page_category-leitfaden"],"yoast_head":"<!-- This site is optimized with the Yoast SEO plugin v26.7 - https:\/\/yoast.com\/wordpress\/plugins\/seo\/ -->\n<title>Die Raufutterf\u00fctterung von Pferden - Filets \u00e0 Foin<\/title>\n<meta name=\"robots\" content=\"index, follow, max-snippet:-1, max-image-preview:large, max-video-preview:-1\" \/>\n<link rel=\"canonical\" href=\"https:\/\/filetafoin.com\/de\/die-raufutterfuetterung-von-pferden\/\" \/>\n<meta property=\"og:locale\" content=\"de_DE\" \/>\n<meta property=\"og:type\" content=\"article\" \/>\n<meta property=\"og:title\" content=\"Die Raufutterf\u00fctterung von Pferden - Filets \u00e0 Foin\" \/>\n<meta property=\"og:description\" content=\"[vc_row row_height_percent=&#8220;0&#8243; override_padding=&#8220;yes&#8220; h_padding=&#8220;2&#8243; top_padding=&#8220;5&#8243; bottom_padding=&#8220;3&#8243; overlay_alpha=&#8220;100&#8243; gutter_size=&#8220;3&#8243; column_width_percent=&#8220;100&#8243; shift_y=&#8220;0&#8243; z_index=&#8220;0&#8243; row_height_use_pixel=&#8220;&#8220;][vc_column column_width_use_pixel=&#8220;yes&#8220; gutter_size=&#8220;3&#8243; overlay_alpha=&#8220;50&#8243; shift_x=&#8220;0&#8243; shift_y=&#8220;0&#8243; medium_width=&#8220;0&#8243; zoom_width=&#8220;0&#8243; zoom_height=&#8220;0&#8243; [&hellip;]\" \/>\n<meta property=\"og:url\" content=\"https:\/\/filetafoin.com\/de\/die-raufutterfuetterung-von-pferden\/\" \/>\n<meta property=\"og:site_name\" content=\"Filets \u00e0 Foin\" \/>\n<meta property=\"article:modified_time\" content=\"2026-01-13T16:44:59+00:00\" \/>\n<meta property=\"og:image\" content=\"https:\/\/filetafoin.com\/wp-content\/uploads\/2025\/03\/foin-bouche.jpg\" \/>\n\t<meta property=\"og:image:width\" content=\"940\" \/>\n\t<meta property=\"og:image:height\" content=\"788\" \/>\n\t<meta property=\"og:image:type\" content=\"image\/jpeg\" \/>\n<meta name=\"twitter:card\" content=\"summary_large_image\" \/>\n<meta name=\"twitter:label1\" content=\"Gesch\u00e4tzte Lesezeit\" \/>\n\t<meta name=\"twitter:data1\" content=\"5\u00a0Minuten\" \/>\n<script type=\"application\/ld+json\" class=\"yoast-schema-graph\">{\"@context\":\"https:\/\/schema.org\",\"@graph\":[{\"@type\":\"WebPage\",\"@id\":\"https:\/\/filetafoin.com\/de\/die-raufutterfuetterung-von-pferden\/\",\"url\":\"https:\/\/filetafoin.com\/de\/die-raufutterfuetterung-von-pferden\/\",\"name\":\"Die Raufutterf\u00fctterung von Pferden - Filets \u00e0 Foin\",\"isPartOf\":{\"@id\":\"https:\/\/filetafoin.com\/de\/#website\"},\"primaryImageOfPage\":{\"@id\":\"https:\/\/filetafoin.com\/de\/die-raufutterfuetterung-von-pferden\/#primaryimage\"},\"image\":{\"@id\":\"https:\/\/filetafoin.com\/de\/die-raufutterfuetterung-von-pferden\/#primaryimage\"},\"thumbnailUrl\":\"https:\/\/filetafoin.com\/wp-content\/uploads\/2025\/03\/foin-bouche.jpg\",\"datePublished\":\"2025-03-14T08:12:01+00:00\",\"dateModified\":\"2026-01-13T16:44:59+00:00\",\"breadcrumb\":{\"@id\":\"https:\/\/filetafoin.com\/de\/die-raufutterfuetterung-von-pferden\/#breadcrumb\"},\"inLanguage\":\"de\",\"potentialAction\":[{\"@type\":\"ReadAction\",\"target\":[\"https:\/\/filetafoin.com\/de\/die-raufutterfuetterung-von-pferden\/\"]}]},{\"@type\":\"ImageObject\",\"inLanguage\":\"de\",\"@id\":\"https:\/\/filetafoin.com\/de\/die-raufutterfuetterung-von-pferden\/#primaryimage\",\"url\":\"https:\/\/filetafoin.com\/wp-content\/uploads\/2025\/03\/foin-bouche.jpg\",\"contentUrl\":\"https:\/\/filetafoin.com\/wp-content\/uploads\/2025\/03\/foin-bouche.jpg\",\"width\":940,\"height\":788},{\"@type\":\"BreadcrumbList\",\"@id\":\"https:\/\/filetafoin.com\/de\/die-raufutterfuetterung-von-pferden\/#breadcrumb\",\"itemListElement\":[{\"@type\":\"ListItem\",\"position\":1,\"name\":\"Accueil\",\"item\":\"https:\/\/filetafoin.com\/de\/spezialist-fuer-heunetze-fuer-pferde\/\"},{\"@type\":\"ListItem\",\"position\":2,\"name\":\"Die Raufutterf\u00fctterung von Pferden\"}]},{\"@type\":\"WebSite\",\"@id\":\"https:\/\/filetafoin.com\/de\/#website\",\"url\":\"https:\/\/filetafoin.com\/de\/\",\"name\":\"Filets \u00e0 Foin\",\"description\":\"Sp\u00e9cialiste du Filet \u00e0 Foin pour Chevaux\",\"potentialAction\":[{\"@type\":\"SearchAction\",\"target\":{\"@type\":\"EntryPoint\",\"urlTemplate\":\"https:\/\/filetafoin.com\/de\/?s={search_term_string}\"},\"query-input\":{\"@type\":\"PropertyValueSpecification\",\"valueRequired\":true,\"valueName\":\"search_term_string\"}}],\"inLanguage\":\"de\"}]}<\/script>\n<!-- \/ Yoast SEO plugin. -->","yoast_head_json":{"title":"Die Raufutterf\u00fctterung von Pferden - Filets \u00e0 Foin","robots":{"index":"index","follow":"follow","max-snippet":"max-snippet:-1","max-image-preview":"max-image-preview:large","max-video-preview":"max-video-preview:-1"},"canonical":"https:\/\/filetafoin.com\/de\/die-raufutterfuetterung-von-pferden\/","og_locale":"de_DE","og_type":"article","og_title":"Die Raufutterf\u00fctterung von Pferden - Filets \u00e0 Foin","og_description":"[vc_row row_height_percent=&#8220;0&#8243; override_padding=&#8220;yes&#8220; h_padding=&#8220;2&#8243; top_padding=&#8220;5&#8243; bottom_padding=&#8220;3&#8243; overlay_alpha=&#8220;100&#8243; gutter_size=&#8220;3&#8243; column_width_percent=&#8220;100&#8243; shift_y=&#8220;0&#8243; z_index=&#8220;0&#8243; row_height_use_pixel=&#8220;&#8220;][vc_column column_width_use_pixel=&#8220;yes&#8220; gutter_size=&#8220;3&#8243; overlay_alpha=&#8220;50&#8243; shift_x=&#8220;0&#8243; shift_y=&#8220;0&#8243; medium_width=&#8220;0&#8243; zoom_width=&#8220;0&#8243; zoom_height=&#8220;0&#8243; [&hellip;]","og_url":"https:\/\/filetafoin.com\/de\/die-raufutterfuetterung-von-pferden\/","og_site_name":"Filets \u00e0 Foin","article_modified_time":"2026-01-13T16:44:59+00:00","og_image":[{"width":940,"height":788,"url":"https:\/\/filetafoin.com\/wp-content\/uploads\/2025\/03\/foin-bouche.jpg","type":"image\/jpeg"}],"twitter_card":"summary_large_image","twitter_misc":{"Gesch\u00e4tzte Lesezeit":"5\u00a0Minuten"},"schema":{"@context":"https:\/\/schema.org","@graph":[{"@type":"WebPage","@id":"https:\/\/filetafoin.com\/de\/die-raufutterfuetterung-von-pferden\/","url":"https:\/\/filetafoin.com\/de\/die-raufutterfuetterung-von-pferden\/","name":"Die Raufutterf\u00fctterung von Pferden - Filets \u00e0 Foin","isPartOf":{"@id":"https:\/\/filetafoin.com\/de\/#website"},"primaryImageOfPage":{"@id":"https:\/\/filetafoin.com\/de\/die-raufutterfuetterung-von-pferden\/#primaryimage"},"image":{"@id":"https:\/\/filetafoin.com\/de\/die-raufutterfuetterung-von-pferden\/#primaryimage"},"thumbnailUrl":"https:\/\/filetafoin.com\/wp-content\/uploads\/2025\/03\/foin-bouche.jpg","datePublished":"2025-03-14T08:12:01+00:00","dateModified":"2026-01-13T16:44:59+00:00","breadcrumb":{"@id":"https:\/\/filetafoin.com\/de\/die-raufutterfuetterung-von-pferden\/#breadcrumb"},"inLanguage":"de","potentialAction":[{"@type":"ReadAction","target":["https:\/\/filetafoin.com\/de\/die-raufutterfuetterung-von-pferden\/"]}]},{"@type":"ImageObject","inLanguage":"de","@id":"https:\/\/filetafoin.com\/de\/die-raufutterfuetterung-von-pferden\/#primaryimage","url":"https:\/\/filetafoin.com\/wp-content\/uploads\/2025\/03\/foin-bouche.jpg","contentUrl":"https:\/\/filetafoin.com\/wp-content\/uploads\/2025\/03\/foin-bouche.jpg","width":940,"height":788},{"@type":"BreadcrumbList","@id":"https:\/\/filetafoin.com\/de\/die-raufutterfuetterung-von-pferden\/#breadcrumb","itemListElement":[{"@type":"ListItem","position":1,"name":"Accueil","item":"https:\/\/filetafoin.com\/de\/spezialist-fuer-heunetze-fuer-pferde\/"},{"@type":"ListItem","position":2,"name":"Die Raufutterf\u00fctterung von Pferden"}]},{"@type":"WebSite","@id":"https:\/\/filetafoin.com\/de\/#website","url":"https:\/\/filetafoin.com\/de\/","name":"Filets \u00e0 Foin","description":"Sp\u00e9cialiste du Filet \u00e0 Foin pour Chevaux","potentialAction":[{"@type":"SearchAction","target":{"@type":"EntryPoint","urlTemplate":"https:\/\/filetafoin.com\/de\/?s={search_term_string}"},"query-input":{"@type":"PropertyValueSpecification","valueRequired":true,"valueName":"search_term_string"}}],"inLanguage":"de"}]}},"_links":{"self":[{"href":"https:\/\/filetafoin.com\/de\/wp-json\/wp\/v2\/pages\/83584","targetHints":{"allow":["GET"]}}],"collection":[{"href":"https:\/\/filetafoin.com\/de\/wp-json\/wp\/v2\/pages"}],"about":[{"href":"https:\/\/filetafoin.com\/de\/wp-json\/wp\/v2\/types\/page"}],"author":[{"embeddable":true,"href":"https:\/\/filetafoin.com\/de\/wp-json\/wp\/v2\/users\/6"}],"replies":[{"embeddable":true,"href":"https:\/\/filetafoin.com\/de\/wp-json\/wp\/v2\/comments?post=83584"}],"version-history":[{"count":3,"href":"https:\/\/filetafoin.com\/de\/wp-json\/wp\/v2\/pages\/83584\/revisions"}],"predecessor-version":[{"id":83588,"href":"https:\/\/filetafoin.com\/de\/wp-json\/wp\/v2\/pages\/83584\/revisions\/83588"}],"wp:featuredmedia":[{"embeddable":true,"href":"https:\/\/filetafoin.com\/de\/wp-json\/wp\/v2\/media\/83344"}],"wp:attachment":[{"href":"https:\/\/filetafoin.com\/de\/wp-json\/wp\/v2\/media?parent=83584"}],"curies":[{"name":"wp","href":"https:\/\/api.w.org\/{rel}","templated":true}]}}