{"id":83594,"date":"2024-12-05T10:50:18","date_gmt":"2024-12-05T09:50:18","guid":{"rendered":"https:\/\/filetafoin.com\/vielfaeltige-einsatzmoeglichkeiten-von-heunetzen-im-stall\/"},"modified":"2026-01-13T17:45:19","modified_gmt":"2026-01-13T16:45:19","slug":"vielfaeltige-einsatzmoeglichkeiten-von-heunetzen-im-stall","status":"publish","type":"page","link":"https:\/\/filetafoin.com\/de\/vielfaeltige-einsatzmoeglichkeiten-von-heunetzen-im-stall\/","title":{"rendered":"Vielf\u00e4ltige Einsatzm\u00f6glichkeiten von Heunetzen im Stall"},"content":{"rendered":"<div class=\"wpb-content-wrapper\"><p>[vc_row row_height_percent=&#8220;0&#8243; override_padding=&#8220;yes&#8220; h_padding=&#8220;2&#8243; top_padding=&#8220;5&#8243; bottom_padding=&#8220;3&#8243; overlay_alpha=&#8220;100&#8243; gutter_size=&#8220;3&#8243; column_width_percent=&#8220;100&#8243; shift_y=&#8220;0&#8243; z_index=&#8220;0&#8243; row_height_use_pixel=&#8220;&#8220;][vc_column column_width_use_pixel=&#8220;yes&#8220; gutter_size=&#8220;3&#8243; overlay_alpha=&#8220;50&#8243; shift_x=&#8220;0&#8243; shift_y=&#8220;0&#8243; medium_width=&#8220;0&#8243; zoom_width=&#8220;0&#8243; zoom_height=&#8220;0&#8243; column_width_pixel=&#8220;800&#8243;][vc_column_text]<\/p>\n<h2>F\u00fctterungsmanagement<\/h2>\n<p>Eine der Hauptanwendungen von Heunetzen ist das F\u00fctterungsmanagement von Pferden. Engmaschige Netze zwingen Pferde dazu, langsamer zu fressen, was eine nat\u00fcrliche und kontinuierliche Futteraufnahme simuliert. Diese Methode reduziert das Risiko von Verdauungsproblemen wie Koliken und Magengeschw\u00fcren und erm\u00f6glicht es den Pferden gleichzeitig, sich \u00fcber l\u00e4ngere Zeitr\u00e4ume zu besch\u00e4ftigen. Durch die Verlangsamung der Heuaufnahme tragen Heunetze auch dazu bei, Langeweile und destruktives Verhalten zu verhindern.[\/vc_column_text][\/vc_column][\/vc_row][vc_row row_height_percent=&#8220;0&#8243; override_padding=&#8220;yes&#8220; h_padding=&#8220;2&#8243; top_padding=&#8220;0&#8243; bottom_padding=&#8220;0&#8243; overlay_alpha=&#8220;100&#8243; gutter_size=&#8220;3&#8243; column_width_percent=&#8220;100&#8243; shift_y=&#8220;0&#8243; z_index=&#8220;0&#8243; row_height_use_pixel=&#8220;&#8220;][vc_column column_width_use_pixel=&#8220;yes&#8220; gutter_size=&#8220;3&#8243; overlay_alpha=&#8220;50&#8243; shift_x=&#8220;0&#8243; shift_y=&#8220;0&#8243; medium_width=&#8220;0&#8243; zoom_width=&#8220;0&#8243; zoom_height=&#8220;0&#8243; width=&#8220;5\/6&#8243;][vc_single_image media=&#8220;83595&#8243; media_width_percent=&#8220;100&#8243; media_ratio=&#8220;three-two&#8220; media_title_uppercase=&#8220;&#8220; uncode_shortcode_id=&#8220;172648&#8243;][\/vc_column][vc_column column_width_percent=&#8220;100&#8243; gutter_size=&#8220;3&#8243; overlay_alpha=&#8220;50&#8243; shift_x=&#8220;0&#8243; shift_y=&#8220;0&#8243; medium_width=&#8220;0&#8243; zoom_width=&#8220;0&#8243; zoom_height=&#8220;0&#8243; width=&#8220;1\/6&#8243;][vc_column_text]Heunetze sind zu unverzichtbaren Hilfsmitteln in modernen Pferdest\u00e4llen geworden. Ihr einfaches, aber effektives Design erf\u00fcllt verschiedene Bed\u00fcrfnisse, vom F\u00fctterungsmanagement der Pferde bis zur Reduzierung der Heuverschwendung.[\/vc_column_text][\/vc_column][\/vc_row][vc_row row_height_percent=&#8220;0&#8243; override_padding=&#8220;yes&#8220; h_padding=&#8220;2&#8243; top_padding=&#8220;3&#8243; bottom_padding=&#8220;3&#8243; overlay_alpha=&#8220;100&#8243; gutter_size=&#8220;3&#8243; column_width_percent=&#8220;100&#8243; shift_y=&#8220;0&#8243; z_index=&#8220;0&#8243; row_height_use_pixel=&#8220;&#8220;][vc_column column_width_use_pixel=&#8220;yes&#8220; gutter_size=&#8220;3&#8243; overlay_alpha=&#8220;50&#8243; shift_x=&#8220;0&#8243; shift_y=&#8220;0&#8243; medium_width=&#8220;0&#8243; zoom_width=&#8220;0&#8243; zoom_height=&#8220;0&#8243; column_width_pixel=&#8220;800&#8243;][vc_column_text]<\/p>\n<h2>Reduzierung der Verschwendung<\/h2>\n<p>Heunetze sind auch wirksam bei der Reduzierung der Heuverschwendung. In traditionellen St\u00e4llen wird oft eine gro\u00dfe Menge Heu verschwendet, da Pferde es zertrampeln und verteilen. Durch die Verwendung von Heunetzen bleibt das Heu enthalten und sauber, was eine bessere Nutzung jedes Halms erm\u00f6glicht. Weniger Verschwendung bedeutet erhebliche Einsparungen bei den Heukosten, was f\u00fcr Z\u00fcchter und Stallmanager von Vorteil ist.<\/p>\n<p>[\/vc_column_text][\/vc_column][\/vc_row][vc_row row_height_percent=&#8220;0&#8243; override_padding=&#8220;yes&#8220; h_padding=&#8220;2&#8243; top_padding=&#8220;3&#8243; bottom_padding=&#8220;3&#8243; overlay_alpha=&#8220;100&#8243; gutter_size=&#8220;3&#8243; column_width_percent=&#8220;100&#8243; shift_y=&#8220;0&#8243; z_index=&#8220;0&#8243; row_height_use_pixel=&#8220;&#8220;][vc_column column_width_use_pixel=&#8220;yes&#8220; gutter_size=&#8220;3&#8243; overlay_alpha=&#8220;50&#8243; shift_x=&#8220;0&#8243; shift_y=&#8220;0&#8243; medium_width=&#8220;0&#8243; zoom_width=&#8220;0&#8243; zoom_height=&#8220;0&#8243; column_width_pixel=&#8220;800&#8243;][vc_column_text]<\/p>\n<h2>Vermeidung von Futterkonflikten<\/h2>\n<p>In St\u00e4llen, in denen mehrere Pferde zusammen gef\u00fcttert werden, k\u00f6nnen Heunetze dazu beitragen, Futterkonflikte zu vermeiden. Durch die Anordnung mehrerer Netze an verschiedenen Stellen hat jedes Pferd gleichen Zugang zum Heu, wodurch aggressives oder konkurrierendes Verhalten reduziert wird. Diese Methode tr\u00e4gt dazu bei, eine ruhigere und harmonischere Umgebung im Stall zu schaffen, was f\u00fcr das Wohlbefinden aller Pferde unerl\u00e4sslich ist.<\/p>\n<p>[\/vc_column_text][\/vc_column][\/vc_row][vc_row row_height_percent=&#8220;0&#8243; override_padding=&#8220;yes&#8220; h_padding=&#8220;2&#8243; top_padding=&#8220;3&#8243; bottom_padding=&#8220;3&#8243; overlay_alpha=&#8220;100&#8243; gutter_size=&#8220;3&#8243; column_width_percent=&#8220;100&#8243; shift_y=&#8220;0&#8243; z_index=&#8220;0&#8243; row_height_use_pixel=&#8220;&#8220;][vc_column column_width_use_pixel=&#8220;yes&#8220; gutter_size=&#8220;3&#8243; overlay_alpha=&#8220;50&#8243; shift_x=&#8220;0&#8243; shift_y=&#8220;0&#8243; medium_width=&#8220;0&#8243; zoom_width=&#8220;0&#8243; zoom_height=&#8220;0&#8243; column_width_pixel=&#8220;800&#8243;][vc_column_text]<\/p>\n<h2>Mentale und physische Stimulation<\/h2>\n<p>Heunetze bieten Pferden auch eine mentale und physische Stimulation. Der Prozess, Heu durch die Maschen zu ziehen, besch\u00e4ftigt die Pferde und f\u00f6rdert die Nutzung ihrer kognitiven F\u00e4higkeiten. Diese Stimulation ist besonders vorteilhaft f\u00fcr Pferde, die lange Zeit in Boxen oder Koppeln verbringen, da sie ihnen eine bereichernde Aktivit\u00e4t bietet. Dar\u00fcber hinaus kann diese Aktivit\u00e4t dazu beitragen, die Nackenmuskulatur zu st\u00e4rken und die Haltung der Pferde zu verbessern.<\/p>\n<p>[\/vc_column_text][\/vc_column][\/vc_row][vc_row row_height_percent=&#8220;0&#8243; override_padding=&#8220;yes&#8220; h_padding=&#8220;2&#8243; top_padding=&#8220;3&#8243; bottom_padding=&#8220;3&#8243; overlay_alpha=&#8220;100&#8243; gutter_size=&#8220;3&#8243; column_width_percent=&#8220;100&#8243; shift_y=&#8220;0&#8243; z_index=&#8220;0&#8243; row_height_use_pixel=&#8220;&#8220;][vc_column column_width_use_pixel=&#8220;yes&#8220; gutter_size=&#8220;3&#8243; overlay_alpha=&#8220;50&#8243; shift_x=&#8220;0&#8243; shift_y=&#8220;0&#8243; medium_width=&#8220;0&#8243; zoom_width=&#8220;0&#8243; zoom_height=&#8220;0&#8243; column_width_pixel=&#8220;800&#8243;][vc_column_text]<\/p>\n<h2>Verbesserung der Zahngesundheit<\/h2>\n<p>Die Verwendung von Heunetzen kann auch zur Zahngesundheit von Pferden beitragen. Indem Pferde langsamer fressen und ihre Z\u00e4hne benutzen, um Heu durch die Maschen zu ziehen, erfahren ihre Z\u00e4hne eine nat\u00fcrlichere Abnutzung. Dies kann dazu beitragen, h\u00e4ufige Zahnprobleme wie ungleichm\u00e4\u00dfige Zahnabnutzung zu verhindern, die zu Kaukomplikationen f\u00fchren und tier\u00e4rztliche Versorgung erfordern k\u00f6nnen. Durch die F\u00f6rderung einer nat\u00fcrlicheren F\u00fctterung spielen Heunetze eine Rolle bei der Erhaltung der Mundgesundheit von Pferden.   <\/p>\n<p>Zusammenfassend l\u00e4sst sich sagen, dass Heunetze vielseitige und vorteilhafte Hilfsmittel f\u00fcr Pferdest\u00e4lle sind. Vom F\u00fctterungsmanagement \u00fcber die Abfallreduzierung bis hin zur Vermeidung von Futterkonflikten sowie der mentalen und physischen Stimulation der Pferde sind ihre Einsatzm\u00f6glichkeiten vielf\u00e4ltig und wertvoll. Die Einf\u00fchrung von Heunetzen in Ihrem Stall kann das Wohlbefinden Ihrer Pferde und die Effizienz Ihres Managements erheblich verbessern.  <\/p>\n<p>ein weiterer Artikel <a href=\"https:\/\/filetafoin.com\/le-slowfeeding\/\">hier<\/a><\/p>\n<p>[\/vc_column_text][\/vc_column][\/vc_row]<\/p>\n<\/div>","protected":false},"excerpt":{"rendered":"<p>[vc_row row_height_percent=&#8220;0&#8243; override_padding=&#8220;yes&#8220; h_padding=&#8220;2&#8243; top_padding=&#8220;5&#8243; bottom_padding=&#8220;3&#8243; overlay_alpha=&#8220;100&#8243; gutter_size=&#8220;3&#8243; column_width_percent=&#8220;100&#8243; shift_y=&#8220;0&#8243; z_index=&#8220;0&#8243; row_height_use_pixel=&#8220;&#8220;][vc_column column_width_use_pixel=&#8220;yes&#8220; gutter_size=&#8220;3&#8243; overlay_alpha=&#8220;50&#8243; shift_x=&#8220;0&#8243; shift_y=&#8220;0&#8243; medium_width=&#8220;0&#8243; zoom_width=&#8220;0&#8243; zoom_height=&#8220;0&#8243; [&hellip;]<\/p>\n","protected":false},"author":6,"featured_media":83247,"parent":0,"menu_order":0,"comment_status":"closed","ping_status":"closed","template":"","meta":{"footnotes":""},"class_list":["post-83594","page","type-page","status-publish","has-post-thumbnail","hentry","page_category-leitfaden"],"yoast_head":"<!-- This site is optimized with the Yoast SEO plugin v26.7 - https:\/\/yoast.com\/wordpress\/plugins\/seo\/ -->\n<title>Vielf\u00e4ltige Einsatzm\u00f6glichkeiten von Heunetzen im Stall - Filets \u00e0 Foin<\/title>\n<meta name=\"robots\" content=\"index, follow, max-snippet:-1, max-image-preview:large, max-video-preview:-1\" \/>\n<link rel=\"canonical\" href=\"https:\/\/filetafoin.com\/de\/vielfaeltige-einsatzmoeglichkeiten-von-heunetzen-im-stall\/\" \/>\n<meta property=\"og:locale\" content=\"de_DE\" \/>\n<meta property=\"og:type\" content=\"article\" \/>\n<meta property=\"og:title\" content=\"Vielf\u00e4ltige Einsatzm\u00f6glichkeiten von Heunetzen im Stall - Filets \u00e0 Foin\" \/>\n<meta property=\"og:description\" content=\"[vc_row row_height_percent=&#8220;0&#8243; override_padding=&#8220;yes&#8220; h_padding=&#8220;2&#8243; top_padding=&#8220;5&#8243; bottom_padding=&#8220;3&#8243; overlay_alpha=&#8220;100&#8243; gutter_size=&#8220;3&#8243; column_width_percent=&#8220;100&#8243; shift_y=&#8220;0&#8243; z_index=&#8220;0&#8243; row_height_use_pixel=&#8220;&#8220;][vc_column column_width_use_pixel=&#8220;yes&#8220; gutter_size=&#8220;3&#8243; overlay_alpha=&#8220;50&#8243; shift_x=&#8220;0&#8243; shift_y=&#8220;0&#8243; medium_width=&#8220;0&#8243; zoom_width=&#8220;0&#8243; zoom_height=&#8220;0&#8243; [&hellip;]\" \/>\n<meta property=\"og:url\" content=\"https:\/\/filetafoin.com\/de\/vielfaeltige-einsatzmoeglichkeiten-von-heunetzen-im-stall\/\" \/>\n<meta property=\"og:site_name\" content=\"Filets \u00e0 Foin\" \/>\n<meta property=\"article:modified_time\" content=\"2026-01-13T16:45:19+00:00\" \/>\n<meta property=\"og:image\" content=\"https:\/\/filetafoin.com\/wp-content\/uploads\/2025\/01\/sac-2.jpg\" \/>\n\t<meta property=\"og:image:width\" content=\"2547\" \/>\n\t<meta property=\"og:image:height\" content=\"2560\" \/>\n\t<meta property=\"og:image:type\" content=\"image\/jpeg\" \/>\n<meta name=\"twitter:card\" content=\"summary_large_image\" \/>\n<meta name=\"twitter:label1\" content=\"Gesch\u00e4tzte Lesezeit\" \/>\n\t<meta name=\"twitter:data1\" content=\"4\u00a0Minuten\" \/>\n<script type=\"application\/ld+json\" class=\"yoast-schema-graph\">{\"@context\":\"https:\/\/schema.org\",\"@graph\":[{\"@type\":\"WebPage\",\"@id\":\"https:\/\/filetafoin.com\/de\/vielfaeltige-einsatzmoeglichkeiten-von-heunetzen-im-stall\/\",\"url\":\"https:\/\/filetafoin.com\/de\/vielfaeltige-einsatzmoeglichkeiten-von-heunetzen-im-stall\/\",\"name\":\"Vielf\u00e4ltige Einsatzm\u00f6glichkeiten von Heunetzen im Stall - Filets \u00e0 Foin\",\"isPartOf\":{\"@id\":\"https:\/\/filetafoin.com\/de\/#website\"},\"primaryImageOfPage\":{\"@id\":\"https:\/\/filetafoin.com\/de\/vielfaeltige-einsatzmoeglichkeiten-von-heunetzen-im-stall\/#primaryimage\"},\"image\":{\"@id\":\"https:\/\/filetafoin.com\/de\/vielfaeltige-einsatzmoeglichkeiten-von-heunetzen-im-stall\/#primaryimage\"},\"thumbnailUrl\":\"https:\/\/filetafoin.com\/wp-content\/uploads\/2025\/01\/sac-2.jpg\",\"datePublished\":\"2024-12-05T09:50:18+00:00\",\"dateModified\":\"2026-01-13T16:45:19+00:00\",\"breadcrumb\":{\"@id\":\"https:\/\/filetafoin.com\/de\/vielfaeltige-einsatzmoeglichkeiten-von-heunetzen-im-stall\/#breadcrumb\"},\"inLanguage\":\"de\",\"potentialAction\":[{\"@type\":\"ReadAction\",\"target\":[\"https:\/\/filetafoin.com\/de\/vielfaeltige-einsatzmoeglichkeiten-von-heunetzen-im-stall\/\"]}]},{\"@type\":\"ImageObject\",\"inLanguage\":\"de\",\"@id\":\"https:\/\/filetafoin.com\/de\/vielfaeltige-einsatzmoeglichkeiten-von-heunetzen-im-stall\/#primaryimage\",\"url\":\"https:\/\/filetafoin.com\/wp-content\/uploads\/2025\/01\/sac-2.jpg\",\"contentUrl\":\"https:\/\/filetafoin.com\/wp-content\/uploads\/2025\/01\/sac-2.jpg\",\"width\":2547,\"height\":2560},{\"@type\":\"BreadcrumbList\",\"@id\":\"https:\/\/filetafoin.com\/de\/vielfaeltige-einsatzmoeglichkeiten-von-heunetzen-im-stall\/#breadcrumb\",\"itemListElement\":[{\"@type\":\"ListItem\",\"position\":1,\"name\":\"Accueil\",\"item\":\"https:\/\/filetafoin.com\/de\/spezialist-fuer-heunetze-fuer-pferde\/\"},{\"@type\":\"ListItem\",\"position\":2,\"name\":\"Vielf\u00e4ltige Einsatzm\u00f6glichkeiten von Heunetzen im Stall\"}]},{\"@type\":\"WebSite\",\"@id\":\"https:\/\/filetafoin.com\/de\/#website\",\"url\":\"https:\/\/filetafoin.com\/de\/\",\"name\":\"Filets \u00e0 Foin\",\"description\":\"Sp\u00e9cialiste du Filet \u00e0 Foin pour Chevaux\",\"potentialAction\":[{\"@type\":\"SearchAction\",\"target\":{\"@type\":\"EntryPoint\",\"urlTemplate\":\"https:\/\/filetafoin.com\/de\/?s={search_term_string}\"},\"query-input\":{\"@type\":\"PropertyValueSpecification\",\"valueRequired\":true,\"valueName\":\"search_term_string\"}}],\"inLanguage\":\"de\"}]}<\/script>\n<!-- \/ Yoast SEO plugin. -->","yoast_head_json":{"title":"Vielf\u00e4ltige Einsatzm\u00f6glichkeiten von Heunetzen im Stall - Filets \u00e0 Foin","robots":{"index":"index","follow":"follow","max-snippet":"max-snippet:-1","max-image-preview":"max-image-preview:large","max-video-preview":"max-video-preview:-1"},"canonical":"https:\/\/filetafoin.com\/de\/vielfaeltige-einsatzmoeglichkeiten-von-heunetzen-im-stall\/","og_locale":"de_DE","og_type":"article","og_title":"Vielf\u00e4ltige Einsatzm\u00f6glichkeiten von Heunetzen im Stall - Filets \u00e0 Foin","og_description":"[vc_row row_height_percent=&#8220;0&#8243; override_padding=&#8220;yes&#8220; h_padding=&#8220;2&#8243; top_padding=&#8220;5&#8243; bottom_padding=&#8220;3&#8243; overlay_alpha=&#8220;100&#8243; gutter_size=&#8220;3&#8243; column_width_percent=&#8220;100&#8243; shift_y=&#8220;0&#8243; z_index=&#8220;0&#8243; row_height_use_pixel=&#8220;&#8220;][vc_column column_width_use_pixel=&#8220;yes&#8220; gutter_size=&#8220;3&#8243; overlay_alpha=&#8220;50&#8243; shift_x=&#8220;0&#8243; shift_y=&#8220;0&#8243; medium_width=&#8220;0&#8243; zoom_width=&#8220;0&#8243; zoom_height=&#8220;0&#8243; [&hellip;]","og_url":"https:\/\/filetafoin.com\/de\/vielfaeltige-einsatzmoeglichkeiten-von-heunetzen-im-stall\/","og_site_name":"Filets \u00e0 Foin","article_modified_time":"2026-01-13T16:45:19+00:00","og_image":[{"width":2547,"height":2560,"url":"https:\/\/filetafoin.com\/wp-content\/uploads\/2025\/01\/sac-2.jpg","type":"image\/jpeg"}],"twitter_card":"summary_large_image","twitter_misc":{"Gesch\u00e4tzte Lesezeit":"4\u00a0Minuten"},"schema":{"@context":"https:\/\/schema.org","@graph":[{"@type":"WebPage","@id":"https:\/\/filetafoin.com\/de\/vielfaeltige-einsatzmoeglichkeiten-von-heunetzen-im-stall\/","url":"https:\/\/filetafoin.com\/de\/vielfaeltige-einsatzmoeglichkeiten-von-heunetzen-im-stall\/","name":"Vielf\u00e4ltige Einsatzm\u00f6glichkeiten von Heunetzen im Stall - Filets \u00e0 Foin","isPartOf":{"@id":"https:\/\/filetafoin.com\/de\/#website"},"primaryImageOfPage":{"@id":"https:\/\/filetafoin.com\/de\/vielfaeltige-einsatzmoeglichkeiten-von-heunetzen-im-stall\/#primaryimage"},"image":{"@id":"https:\/\/filetafoin.com\/de\/vielfaeltige-einsatzmoeglichkeiten-von-heunetzen-im-stall\/#primaryimage"},"thumbnailUrl":"https:\/\/filetafoin.com\/wp-content\/uploads\/2025\/01\/sac-2.jpg","datePublished":"2024-12-05T09:50:18+00:00","dateModified":"2026-01-13T16:45:19+00:00","breadcrumb":{"@id":"https:\/\/filetafoin.com\/de\/vielfaeltige-einsatzmoeglichkeiten-von-heunetzen-im-stall\/#breadcrumb"},"inLanguage":"de","potentialAction":[{"@type":"ReadAction","target":["https:\/\/filetafoin.com\/de\/vielfaeltige-einsatzmoeglichkeiten-von-heunetzen-im-stall\/"]}]},{"@type":"ImageObject","inLanguage":"de","@id":"https:\/\/filetafoin.com\/de\/vielfaeltige-einsatzmoeglichkeiten-von-heunetzen-im-stall\/#primaryimage","url":"https:\/\/filetafoin.com\/wp-content\/uploads\/2025\/01\/sac-2.jpg","contentUrl":"https:\/\/filetafoin.com\/wp-content\/uploads\/2025\/01\/sac-2.jpg","width":2547,"height":2560},{"@type":"BreadcrumbList","@id":"https:\/\/filetafoin.com\/de\/vielfaeltige-einsatzmoeglichkeiten-von-heunetzen-im-stall\/#breadcrumb","itemListElement":[{"@type":"ListItem","position":1,"name":"Accueil","item":"https:\/\/filetafoin.com\/de\/spezialist-fuer-heunetze-fuer-pferde\/"},{"@type":"ListItem","position":2,"name":"Vielf\u00e4ltige Einsatzm\u00f6glichkeiten von Heunetzen im Stall"}]},{"@type":"WebSite","@id":"https:\/\/filetafoin.com\/de\/#website","url":"https:\/\/filetafoin.com\/de\/","name":"Filets \u00e0 Foin","description":"Sp\u00e9cialiste du Filet \u00e0 Foin pour Chevaux","potentialAction":[{"@type":"SearchAction","target":{"@type":"EntryPoint","urlTemplate":"https:\/\/filetafoin.com\/de\/?s={search_term_string}"},"query-input":{"@type":"PropertyValueSpecification","valueRequired":true,"valueName":"search_term_string"}}],"inLanguage":"de"}]}},"_links":{"self":[{"href":"https:\/\/filetafoin.com\/de\/wp-json\/wp\/v2\/pages\/83594","targetHints":{"allow":["GET"]}}],"collection":[{"href":"https:\/\/filetafoin.com\/de\/wp-json\/wp\/v2\/pages"}],"about":[{"href":"https:\/\/filetafoin.com\/de\/wp-json\/wp\/v2\/types\/page"}],"author":[{"embeddable":true,"href":"https:\/\/filetafoin.com\/de\/wp-json\/wp\/v2\/users\/6"}],"replies":[{"embeddable":true,"href":"https:\/\/filetafoin.com\/de\/wp-json\/wp\/v2\/comments?post=83594"}],"version-history":[{"count":3,"href":"https:\/\/filetafoin.com\/de\/wp-json\/wp\/v2\/pages\/83594\/revisions"}],"predecessor-version":[{"id":83598,"href":"https:\/\/filetafoin.com\/de\/wp-json\/wp\/v2\/pages\/83594\/revisions\/83598"}],"wp:featuredmedia":[{"embeddable":true,"href":"https:\/\/filetafoin.com\/de\/wp-json\/wp\/v2\/media\/83247"}],"wp:attachment":[{"href":"https:\/\/filetafoin.com\/de\/wp-json\/wp\/v2\/media?parent=83594"}],"curies":[{"name":"wp","href":"https:\/\/api.w.org\/{rel}","templated":true}]}}