{"id":83603,"date":"2024-11-20T11:17:48","date_gmt":"2024-11-20T10:17:48","guid":{"rendered":"https:\/\/filetafoin.com\/haeufig-gestellte-fragen-zur-verwendung-von-heunetzen\/"},"modified":"2026-01-13T17:45:53","modified_gmt":"2026-01-13T16:45:53","slug":"haeufig-gestellte-fragen-zur-verwendung-von-heunetzen","status":"publish","type":"page","link":"https:\/\/filetafoin.com\/de\/haeufig-gestellte-fragen-zur-verwendung-von-heunetzen\/","title":{"rendered":"H\u00e4ufig gestellte Fragen zur Verwendung von Heunetzen"},"content":{"rendered":"<div class=\"wpb-content-wrapper\"><p>[vc_row][vc_column width=&#8220;1\/1&#8243;][vc_single_image media=&#8220;83604&#8243; media_width_percent=&#8220;73&#8243; alignment=&#8220;center&#8220; uncode_shortcode_id=&#8220;135144&#8243;][\/vc_column][\/vc_row][vc_row row_height_percent=&#8220;0&#8243; override_padding=&#8220;yes&#8220; h_padding=&#8220;2&#8243; top_padding=&#8220;3&#8243; bottom_padding=&#8220;3&#8243; overlay_alpha=&#8220;100&#8243; gutter_size=&#8220;3&#8243; column_width_percent=&#8220;100&#8243; shift_y=&#8220;0&#8243; z_index=&#8220;0&#8243; row_height_use_pixel=&#8220;&#8220;][vc_column column_width_use_pixel=&#8220;yes&#8220; gutter_size=&#8220;3&#8243; overlay_alpha=&#8220;50&#8243; shift_x=&#8220;0&#8243; shift_y=&#8220;0&#8243; medium_width=&#8220;0&#8243; zoom_width=&#8220;0&#8243; zoom_height=&#8220;0&#8243; column_width_pixel=&#8220;800&#8243;][vc_column_text]<\/p>\n<ul>\n<li>\n<h2><strong>Wie w\u00e4hlt man die Maschengr\u00f6\u00dfe?<\/strong><\/h2>\n<\/li>\n<\/ul>\n<p>Es ist wichtig, eine geeignete Maschengr\u00f6\u00dfe entsprechend der gew\u00fcnschten Verwendung Ihres Netzes zu w\u00e4hlen. Dabei m\u00fcssen die Gr\u00f6\u00dfe der Heuhalme und die Fressgewohnheiten Ihres Pferdes ber\u00fccksichtigt werden. Kleinere Maschen (ca. 3 bis 50 cm) verlangsamen die Heuaufnahme und f\u00f6rdern eine langsamere und regelm\u00e4\u00dfigere F\u00fctterung, was vorteilhaft f\u00fcr die Verdauung ist. Gr\u00f6\u00dfere Maschen (&gt; 6 cm) eignen sich f\u00fcr Pferde, die keine Probleme mit Gier haben und eine gr\u00f6\u00dfere Heuaufnahme ben\u00f6tigen. Weitere Informationen finden Sie <a href=\"https:\/\/filetafoin.com\/de\/\">hier<\/a>[\/vc_column_text][vc_column_text]<\/p>\n<ul>\n<li>\n<h2><strong>Wie gew\u00f6hnt man ein Pferd an das Heunetz?<\/strong><\/h2>\n<\/li>\n<\/ul>\n<p>Manche Pferde k\u00f6nnen anfangs z\u00f6gern, ein Heunetz zu benutzen. Es ist hilfreich, sie daran zu gew\u00f6hnen, indem man Heu aus den Maschen des Netzes zieht, sodass das Heu herausragt und leicht zu greifen ist.[\/vc_column_text][vc_column_text]<\/p>\n<ul>\n<li>\n<h2><strong>Wie wasche ich mein Netz?<\/strong><\/h2>\n<\/li>\n<\/ul>\n<p>Regelm\u00e4\u00dfige Reinigung ist unerl\u00e4sslich, um die Ansammlung von Staub und Schmutz zu vermeiden. Verwenden Sie eine weiche B\u00fcrste und sp\u00fclen Sie es mit klarem Wasser ab.[\/vc_column_text][vc_column_text]<\/p>\n<ul>\n<li>\n<h2><strong>Wie repariert man ein Loch in Ihrem Heunetz?<\/strong><\/h2>\n<\/li>\n<\/ul>\n<p>Sie k\u00f6nnen Ihr Netz selbst mit einer Kordel reparieren. Wir bieten auch einen Reparaturservice an. Um ein Angebot anzufordern, senden Sie die Ma\u00dfe des Lochs, idealerweise ein Foto, an commercial@feelnets.com.[\/vc_column_text][vc_column_text]<\/p>\n<ul>\n<li>\n<h2><strong>Wie bestellt man ein ma\u00dfgeschneidertes Heunetz?<\/strong><\/h2>\n<\/li>\n<\/ul>\n<p>Wenn Sie spezifische Ma\u00dfe haben, ist es m\u00f6glich, ein ma\u00dfgeschneidertes Netz zu bestellen, das perfekt auf Ihre Bed\u00fcrfnisse zugeschnitten ist. Wir haben keinen Online-Shop; Sie k\u00f6nnen Ihre Bestellung <a href=\"https:\/\/filetafoin.com\/de\/kontakt\/\">hier<\/a> aufgeben.[\/vc_column_text][vc_column_text]<\/p>\n<ul>\n<li>\n<h2><strong>Welche Vorteile haben Heunetze?<\/strong><\/h2>\n<\/li>\n<\/ul>\n<p>Heunetze helfen, Staub zu reduzieren, f\u00f6rdern eine langsamere und nat\u00fcrlichere F\u00fctterung und k\u00f6nnen die Maulgesundheit von Pferden verbessern.[\/vc_column_text][vc_column_text]<\/p>\n<ul>\n<li>\n<h2><strong>Wie lange ist die Lebensdauer eines Heunetzes?<\/strong><\/h2>\n<\/li>\n<\/ul>\n<p>Bei richtiger Pflege kann ein Heunetz aus Polyester mehrere Jahre halten. Im Au\u00dfenbereich hat Polyester eine Lebenserwartung von 18 Jahren.[\/vc_column_text][vc_column_text]<\/p>\n<ul>\n<li>\n<h2><strong>Sind Heunetze f\u00fcr alle Heusorten geeignet?<\/strong><\/h2>\n<\/li>\n<\/ul>\n<p>Ja, aber es ist wichtig, ein Netz mit der passenden Maschengr\u00f6\u00dfe zu w\u00e4hlen. Z\u00f6gern Sie nicht, uns um Rat zu fragen.[\/vc_column_text][\/vc_column][\/vc_row]<\/p>\n<\/div>","protected":false},"excerpt":{"rendered":"<p>[vc_row][vc_column width=&#8220;1\/1&#8243;][vc_single_image media=&#8220;83604&#8243; media_width_percent=&#8220;73&#8243; alignment=&#8220;center&#8220; uncode_shortcode_id=&#8220;135144&#8243;][\/vc_column][\/vc_row][vc_row row_height_percent=&#8220;0&#8243; override_padding=&#8220;yes&#8220; h_padding=&#8220;2&#8243; top_padding=&#8220;3&#8243; bottom_padding=&#8220;3&#8243; overlay_alpha=&#8220;100&#8243; gutter_size=&#8220;3&#8243; column_width_percent=&#8220;100&#8243; shift_y=&#8220;0&#8243; z_index=&#8220;0&#8243; row_height_use_pixel=&#8220;&#8220;][vc_column column_width_use_pixel=&#8220;yes&#8220; gutter_size=&#8220;3&#8243; overlay_alpha=&#8220;50&#8243; [&hellip;]<\/p>\n","protected":false},"author":6,"featured_media":83236,"parent":0,"menu_order":0,"comment_status":"closed","ping_status":"closed","template":"","meta":{"footnotes":""},"class_list":["post-83603","page","type-page","status-publish","has-post-thumbnail","hentry","page_category-leitfaden"],"yoast_head":"<!-- This site is optimized with the Yoast SEO plugin v26.7 - https:\/\/yoast.com\/wordpress\/plugins\/seo\/ -->\n<title>H\u00e4ufig gestellte Fragen zur Verwendung von Heunetzen - Filets \u00e0 Foin<\/title>\n<meta name=\"robots\" content=\"index, follow, max-snippet:-1, max-image-preview:large, max-video-preview:-1\" \/>\n<link rel=\"canonical\" href=\"https:\/\/filetafoin.com\/de\/haeufig-gestellte-fragen-zur-verwendung-von-heunetzen\/\" \/>\n<meta property=\"og:locale\" content=\"de_DE\" \/>\n<meta property=\"og:type\" content=\"article\" \/>\n<meta property=\"og:title\" content=\"H\u00e4ufig gestellte Fragen zur Verwendung von Heunetzen - Filets \u00e0 Foin\" \/>\n<meta property=\"og:description\" content=\"[vc_row][vc_column width=&#8220;1\/1&#8243;][vc_single_image media=&#8220;83604&#8243; media_width_percent=&#8220;73&#8243; alignment=&#8220;center&#8220; uncode_shortcode_id=&#8220;135144&#8243;][\/vc_column][\/vc_row][vc_row row_height_percent=&#8220;0&#8243; override_padding=&#8220;yes&#8220; h_padding=&#8220;2&#8243; top_padding=&#8220;3&#8243; bottom_padding=&#8220;3&#8243; overlay_alpha=&#8220;100&#8243; gutter_size=&#8220;3&#8243; column_width_percent=&#8220;100&#8243; shift_y=&#8220;0&#8243; z_index=&#8220;0&#8243; row_height_use_pixel=&#8220;&#8220;][vc_column column_width_use_pixel=&#8220;yes&#8220; gutter_size=&#8220;3&#8243; overlay_alpha=&#8220;50&#8243; [&hellip;]\" \/>\n<meta property=\"og:url\" content=\"https:\/\/filetafoin.com\/de\/haeufig-gestellte-fragen-zur-verwendung-von-heunetzen\/\" \/>\n<meta property=\"og:site_name\" content=\"Filets \u00e0 Foin\" \/>\n<meta property=\"article:modified_time\" content=\"2026-01-13T16:45:53+00:00\" \/>\n<meta property=\"og:image\" content=\"https:\/\/filetafoin.com\/wp-content\/uploads\/2024\/11\/FQ2A7652-compressee-scaled.jpg\" \/>\n\t<meta property=\"og:image:width\" content=\"2560\" \/>\n\t<meta property=\"og:image:height\" content=\"1706\" \/>\n\t<meta property=\"og:image:type\" content=\"image\/jpeg\" \/>\n<meta name=\"twitter:card\" content=\"summary_large_image\" \/>\n<meta name=\"twitter:label1\" content=\"Gesch\u00e4tzte Lesezeit\" \/>\n\t<meta name=\"twitter:data1\" content=\"2\u00a0Minuten\" \/>\n<script type=\"application\/ld+json\" class=\"yoast-schema-graph\">{\"@context\":\"https:\/\/schema.org\",\"@graph\":[{\"@type\":\"WebPage\",\"@id\":\"https:\/\/filetafoin.com\/de\/haeufig-gestellte-fragen-zur-verwendung-von-heunetzen\/\",\"url\":\"https:\/\/filetafoin.com\/de\/haeufig-gestellte-fragen-zur-verwendung-von-heunetzen\/\",\"name\":\"H\u00e4ufig gestellte Fragen zur Verwendung von Heunetzen - Filets \u00e0 Foin\",\"isPartOf\":{\"@id\":\"https:\/\/filetafoin.com\/de\/#website\"},\"primaryImageOfPage\":{\"@id\":\"https:\/\/filetafoin.com\/de\/haeufig-gestellte-fragen-zur-verwendung-von-heunetzen\/#primaryimage\"},\"image\":{\"@id\":\"https:\/\/filetafoin.com\/de\/haeufig-gestellte-fragen-zur-verwendung-von-heunetzen\/#primaryimage\"},\"thumbnailUrl\":\"https:\/\/filetafoin.com\/wp-content\/uploads\/2024\/11\/FQ2A7652-compressee-scaled.jpg\",\"datePublished\":\"2024-11-20T10:17:48+00:00\",\"dateModified\":\"2026-01-13T16:45:53+00:00\",\"breadcrumb\":{\"@id\":\"https:\/\/filetafoin.com\/de\/haeufig-gestellte-fragen-zur-verwendung-von-heunetzen\/#breadcrumb\"},\"inLanguage\":\"de\",\"potentialAction\":[{\"@type\":\"ReadAction\",\"target\":[\"https:\/\/filetafoin.com\/de\/haeufig-gestellte-fragen-zur-verwendung-von-heunetzen\/\"]}]},{\"@type\":\"ImageObject\",\"inLanguage\":\"de\",\"@id\":\"https:\/\/filetafoin.com\/de\/haeufig-gestellte-fragen-zur-verwendung-von-heunetzen\/#primaryimage\",\"url\":\"https:\/\/filetafoin.com\/wp-content\/uploads\/2024\/11\/FQ2A7652-compressee-scaled.jpg\",\"contentUrl\":\"https:\/\/filetafoin.com\/wp-content\/uploads\/2024\/11\/FQ2A7652-compressee-scaled.jpg\",\"width\":2560,\"height\":1706},{\"@type\":\"BreadcrumbList\",\"@id\":\"https:\/\/filetafoin.com\/de\/haeufig-gestellte-fragen-zur-verwendung-von-heunetzen\/#breadcrumb\",\"itemListElement\":[{\"@type\":\"ListItem\",\"position\":1,\"name\":\"Accueil\",\"item\":\"https:\/\/filetafoin.com\/de\/spezialist-fuer-heunetze-fuer-pferde\/\"},{\"@type\":\"ListItem\",\"position\":2,\"name\":\"H\u00e4ufig gestellte Fragen zur Verwendung von Heunetzen\"}]},{\"@type\":\"WebSite\",\"@id\":\"https:\/\/filetafoin.com\/de\/#website\",\"url\":\"https:\/\/filetafoin.com\/de\/\",\"name\":\"Filets \u00e0 Foin\",\"description\":\"Sp\u00e9cialiste du Filet \u00e0 Foin pour Chevaux\",\"potentialAction\":[{\"@type\":\"SearchAction\",\"target\":{\"@type\":\"EntryPoint\",\"urlTemplate\":\"https:\/\/filetafoin.com\/de\/?s={search_term_string}\"},\"query-input\":{\"@type\":\"PropertyValueSpecification\",\"valueRequired\":true,\"valueName\":\"search_term_string\"}}],\"inLanguage\":\"de\"}]}<\/script>\n<!-- \/ Yoast SEO plugin. -->","yoast_head_json":{"title":"H\u00e4ufig gestellte Fragen zur Verwendung von Heunetzen - Filets \u00e0 Foin","robots":{"index":"index","follow":"follow","max-snippet":"max-snippet:-1","max-image-preview":"max-image-preview:large","max-video-preview":"max-video-preview:-1"},"canonical":"https:\/\/filetafoin.com\/de\/haeufig-gestellte-fragen-zur-verwendung-von-heunetzen\/","og_locale":"de_DE","og_type":"article","og_title":"H\u00e4ufig gestellte Fragen zur Verwendung von Heunetzen - Filets \u00e0 Foin","og_description":"[vc_row][vc_column width=&#8220;1\/1&#8243;][vc_single_image media=&#8220;83604&#8243; media_width_percent=&#8220;73&#8243; alignment=&#8220;center&#8220; uncode_shortcode_id=&#8220;135144&#8243;][\/vc_column][\/vc_row][vc_row row_height_percent=&#8220;0&#8243; override_padding=&#8220;yes&#8220; h_padding=&#8220;2&#8243; top_padding=&#8220;3&#8243; bottom_padding=&#8220;3&#8243; overlay_alpha=&#8220;100&#8243; gutter_size=&#8220;3&#8243; column_width_percent=&#8220;100&#8243; shift_y=&#8220;0&#8243; z_index=&#8220;0&#8243; row_height_use_pixel=&#8220;&#8220;][vc_column column_width_use_pixel=&#8220;yes&#8220; gutter_size=&#8220;3&#8243; overlay_alpha=&#8220;50&#8243; [&hellip;]","og_url":"https:\/\/filetafoin.com\/de\/haeufig-gestellte-fragen-zur-verwendung-von-heunetzen\/","og_site_name":"Filets \u00e0 Foin","article_modified_time":"2026-01-13T16:45:53+00:00","og_image":[{"width":2560,"height":1706,"url":"https:\/\/filetafoin.com\/wp-content\/uploads\/2024\/11\/FQ2A7652-compressee-scaled.jpg","type":"image\/jpeg"}],"twitter_card":"summary_large_image","twitter_misc":{"Gesch\u00e4tzte Lesezeit":"2\u00a0Minuten"},"schema":{"@context":"https:\/\/schema.org","@graph":[{"@type":"WebPage","@id":"https:\/\/filetafoin.com\/de\/haeufig-gestellte-fragen-zur-verwendung-von-heunetzen\/","url":"https:\/\/filetafoin.com\/de\/haeufig-gestellte-fragen-zur-verwendung-von-heunetzen\/","name":"H\u00e4ufig gestellte Fragen zur Verwendung von Heunetzen - Filets \u00e0 Foin","isPartOf":{"@id":"https:\/\/filetafoin.com\/de\/#website"},"primaryImageOfPage":{"@id":"https:\/\/filetafoin.com\/de\/haeufig-gestellte-fragen-zur-verwendung-von-heunetzen\/#primaryimage"},"image":{"@id":"https:\/\/filetafoin.com\/de\/haeufig-gestellte-fragen-zur-verwendung-von-heunetzen\/#primaryimage"},"thumbnailUrl":"https:\/\/filetafoin.com\/wp-content\/uploads\/2024\/11\/FQ2A7652-compressee-scaled.jpg","datePublished":"2024-11-20T10:17:48+00:00","dateModified":"2026-01-13T16:45:53+00:00","breadcrumb":{"@id":"https:\/\/filetafoin.com\/de\/haeufig-gestellte-fragen-zur-verwendung-von-heunetzen\/#breadcrumb"},"inLanguage":"de","potentialAction":[{"@type":"ReadAction","target":["https:\/\/filetafoin.com\/de\/haeufig-gestellte-fragen-zur-verwendung-von-heunetzen\/"]}]},{"@type":"ImageObject","inLanguage":"de","@id":"https:\/\/filetafoin.com\/de\/haeufig-gestellte-fragen-zur-verwendung-von-heunetzen\/#primaryimage","url":"https:\/\/filetafoin.com\/wp-content\/uploads\/2024\/11\/FQ2A7652-compressee-scaled.jpg","contentUrl":"https:\/\/filetafoin.com\/wp-content\/uploads\/2024\/11\/FQ2A7652-compressee-scaled.jpg","width":2560,"height":1706},{"@type":"BreadcrumbList","@id":"https:\/\/filetafoin.com\/de\/haeufig-gestellte-fragen-zur-verwendung-von-heunetzen\/#breadcrumb","itemListElement":[{"@type":"ListItem","position":1,"name":"Accueil","item":"https:\/\/filetafoin.com\/de\/spezialist-fuer-heunetze-fuer-pferde\/"},{"@type":"ListItem","position":2,"name":"H\u00e4ufig gestellte Fragen zur Verwendung von Heunetzen"}]},{"@type":"WebSite","@id":"https:\/\/filetafoin.com\/de\/#website","url":"https:\/\/filetafoin.com\/de\/","name":"Filets \u00e0 Foin","description":"Sp\u00e9cialiste du Filet \u00e0 Foin pour Chevaux","potentialAction":[{"@type":"SearchAction","target":{"@type":"EntryPoint","urlTemplate":"https:\/\/filetafoin.com\/de\/?s={search_term_string}"},"query-input":{"@type":"PropertyValueSpecification","valueRequired":true,"valueName":"search_term_string"}}],"inLanguage":"de"}]}},"_links":{"self":[{"href":"https:\/\/filetafoin.com\/de\/wp-json\/wp\/v2\/pages\/83603","targetHints":{"allow":["GET"]}}],"collection":[{"href":"https:\/\/filetafoin.com\/de\/wp-json\/wp\/v2\/pages"}],"about":[{"href":"https:\/\/filetafoin.com\/de\/wp-json\/wp\/v2\/types\/page"}],"author":[{"embeddable":true,"href":"https:\/\/filetafoin.com\/de\/wp-json\/wp\/v2\/users\/6"}],"replies":[{"embeddable":true,"href":"https:\/\/filetafoin.com\/de\/wp-json\/wp\/v2\/comments?post=83603"}],"version-history":[{"count":2,"href":"https:\/\/filetafoin.com\/de\/wp-json\/wp\/v2\/pages\/83603\/revisions"}],"predecessor-version":[{"id":83609,"href":"https:\/\/filetafoin.com\/de\/wp-json\/wp\/v2\/pages\/83603\/revisions\/83609"}],"wp:featuredmedia":[{"embeddable":true,"href":"https:\/\/filetafoin.com\/de\/wp-json\/wp\/v2\/media\/83236"}],"wp:attachment":[{"href":"https:\/\/filetafoin.com\/de\/wp-json\/wp\/v2\/media?parent=83603"}],"curies":[{"name":"wp","href":"https:\/\/api.w.org\/{rel}","templated":true}]}}