{"id":83614,"date":"2024-11-12T15:33:38","date_gmt":"2024-11-12T14:33:38","guid":{"rendered":"https:\/\/filetafoin.com\/wie-und-warum-heunetze-atemwegserkrankungen-bei-pferden-vorbeugen\/"},"modified":"2026-03-31T17:48:14","modified_gmt":"2026-03-31T15:48:14","slug":"wie-und-warum-heunetze-atemwegserkrankungen-bei-pferden-vorbeugen","status":"publish","type":"page","link":"https:\/\/filetafoin.com\/de\/wie-und-warum-heunetze-atemwegserkrankungen-bei-pferden-vorbeugen\/","title":{"rendered":"Wie und warum Heunetze Atemwegserkrankungen bei Pferden vorbeugen"},"content":{"rendered":"<div class=\"wpb-content-wrapper\"><p>[vc_row row_height_percent=&#8220;0&#8243; override_padding=&#8220;yes&#8220; h_padding=&#8220;2&#8243; top_padding=&#8220;5&#8243; bottom_padding=&#8220;3&#8243; overlay_alpha=&#8220;100&#8243; gutter_size=&#8220;3&#8243; column_width_percent=&#8220;100&#8243; shift_y=&#8220;0&#8243; z_index=&#8220;0&#8243; row_height_use_pixel=&#8220;&#8220;][vc_column column_width_use_pixel=&#8220;yes&#8220; gutter_size=&#8220;3&#8243; overlay_alpha=&#8220;50&#8243; shift_x=&#8220;0&#8243; shift_y=&#8220;0&#8243; medium_width=&#8220;0&#8243; zoom_width=&#8220;0&#8243; zoom_height=&#8220;0&#8243; column_width_pixel=&#8220;800&#8243;][vc_column_text]<\/p>\n<h2>Reduzierung der Staubinhalation<\/h2>\n<p>Heunetze sind eine innovative L\u00f6sung f\u00fcr die Pferdef\u00fctterung, die zahlreiche gesundheitliche Vorteile bieten, insbesondere zur Vorbeugung von Atemwegserkrankungen. Das Grundprinzip von Heunetzen ist es, die Heuaufnahme zu verlangsamen, was nicht nur die Verdauung verbessert, sondern auch die Inhalation von Staub und anderen Schwebepartikeln reduziert. Tats\u00e4chlich ist es so, dass Pferde, wenn sie langsam und methodisch fressen, weniger dazu neigen, Staubwolken aufzuwirbeln, die ihre Atemwege reizen k\u00f6nnten. Dies ist entscheidend, da die kontinuierliche Exposition gegen\u00fcber Staub und Allergenen ein Hauptrisikofaktor f\u00fcr Erkrankungen wie Emphyseme ist, eine chronische Lungenerkrankung, die die Lebensqualit\u00e4t des Pferdes stark beeintr\u00e4chtigen kann. Mit einem Heunetz k\u00f6nnen Pferde ihren Kopf nicht mehr tief ins Heu stecken, wodurch sie weniger Staub und andere Allergene einatmen.[\/vc_column_text][\/vc_column][\/vc_row][vc_row row_height_percent=&#8220;0&#8243; override_padding=&#8220;yes&#8220; h_padding=&#8220;2&#8243; top_padding=&#8220;0&#8243; bottom_padding=&#8220;0&#8243; overlay_alpha=&#8220;100&#8243; gutter_size=&#8220;3&#8243; column_width_percent=&#8220;100&#8243; shift_y=&#8220;0&#8243; z_index=&#8220;0&#8243; row_height_use_pixel=&#8220;&#8220;][vc_column column_width_use_pixel=&#8220;yes&#8220; gutter_size=&#8220;3&#8243; overlay_alpha=&#8220;50&#8243; shift_x=&#8220;0&#8243; shift_y=&#8220;0&#8243; medium_width=&#8220;0&#8243; zoom_width=&#8220;0&#8243; zoom_height=&#8220;0&#8243; width=&#8220;5\/6&#8243;][vc_single_image media=&#8220;83615&#8243; media_width_percent=&#8220;100&#8243; media_ratio=&#8220;three-two&#8220; media_title_uppercase=&#8220;&#8220;][\/vc_column][vc_column column_width_percent=&#8220;100&#8243; gutter_size=&#8220;3&#8243; overlay_alpha=&#8220;50&#8243; shift_x=&#8220;0&#8243; shift_y=&#8220;0&#8243; medium_width=&#8220;0&#8243; zoom_width=&#8220;0&#8243; zoom_height=&#8220;0&#8243; width=&#8220;1\/6&#8243;][vc_column_text]Alle Heunetz-Sortimente und Preise <a href=\"https:\/\/filetafoin.com\/de\/modelle-und-preise\/#tarifs\">hier<\/a>[\/vc_column_text][\/vc_column][\/vc_row][vc_row row_height_percent=&#8220;0&#8243; override_padding=&#8220;yes&#8220; h_padding=&#8220;2&#8243; top_padding=&#8220;3&#8243; bottom_padding=&#8220;3&#8243; overlay_alpha=&#8220;100&#8243; gutter_size=&#8220;3&#8243; column_width_percent=&#8220;100&#8243; shift_y=&#8220;0&#8243; z_index=&#8220;0&#8243; row_height_use_pixel=&#8220;&#8220;][vc_column column_width_use_pixel=&#8220;yes&#8220; gutter_size=&#8220;3&#8243; overlay_alpha=&#8220;50&#8243; shift_x=&#8220;0&#8243; shift_y=&#8220;0&#8243; medium_width=&#8220;0&#8243; zoom_width=&#8220;0&#8243; zoom_height=&#8220;0&#8243; column_width_pixel=&#8220;800&#8243;][vc_column_text]<\/p>\n<h2>Vorbeugung von Emphysemen<\/h2>\n<p>Das Emphysem, auch bekannt als chronisch obstruktive Lungenerkrankung (COPD) bei Pferden, ist durch eine Entz\u00fcndung der kleinen Atemwege und Alveolen gekennzeichnet, die zu schweren Atembeschwerden f\u00fchrt. Es ist das \u00c4quivalent zu Asthma beim Menschen. Diese Krankheit wird oft durch wiederholtes Einatmen von Staub, Schimmelsporen und anderen Reizstoffen im Heu verursacht. Heunetze spielen eine wesentliche Rolle bei der Reduzierung dieser Risiken, indem sie das Heu kompakt halten und so die Menge an freigesetztem Staub beim Fressen der Pferde begrenzen. Durch langsameren Verzehr atmen Pferde weniger sch\u00e4dliche Partikel ein, was die Reizung der Atemwege verringert und die Wahrscheinlichkeit der Entwicklung chronischer Lungenerkrankungen reduziert.[\/vc_column_text][\/vc_column][\/vc_row][vc_row row_height_percent=&#8220;0&#8243; override_padding=&#8220;yes&#8220; h_padding=&#8220;2&#8243; top_padding=&#8220;3&#8243; bottom_padding=&#8220;3&#8243; overlay_alpha=&#8220;100&#8243; gutter_size=&#8220;3&#8243; column_width_percent=&#8220;100&#8243; shift_y=&#8220;0&#8243; z_index=&#8220;0&#8243; row_height_use_pixel=&#8220;&#8220;][vc_column column_width_use_pixel=&#8220;yes&#8220; gutter_size=&#8220;3&#8243; overlay_alpha=&#8220;50&#8243; shift_x=&#8220;0&#8243; shift_y=&#8220;0&#8243; medium_width=&#8220;0&#8243; zoom_width=&#8220;0&#8243; zoom_height=&#8220;0&#8243; column_width_pixel=&#8220;800&#8243;][vc_column_text]<\/p>\n<h2>Nat\u00fcrliche Fresshaltung<\/h2>\n<p>Neben der Begrenzung der Staubinhalation f\u00f6rdern Heunetze eine nat\u00fcrlichere und ges\u00fcndere Fresshaltung bei Pferden. Wenn Heu auf dem Boden ausgelegt wird, neigen Pferde dazu, schnell zu fressen, was Atemwegs- und Verdauungsprobleme verschlimmern kann. Heunetze hingegen erm\u00f6glichen es Pferden, n\u00e4her an ihrem nat\u00fcrlichen Fressverhalten zu fressen, mit gesenktem Kopf, was vorteilhaft f\u00fcr den Abfluss der oberen Atemwege und zur Vorbeugung von Atemwegserkrankungen ist. Diese ergonomischere F\u00fctterungsweise tr\u00e4gt auch dazu bei, Stress zu reduzieren und das allgemeine Wohlbefinden der Pferde zu verbessern, da sie mehr Zeit mit Fressen verbringen und ihr Kaubed\u00fcrfnis befriedigen k\u00f6nnen.[\/vc_column_text][\/vc_column][\/vc_row][vc_row row_height_percent=&#8220;0&#8243; override_padding=&#8220;yes&#8220; h_padding=&#8220;2&#8243; top_padding=&#8220;3&#8243; bottom_padding=&#8220;3&#8243; overlay_alpha=&#8220;100&#8243; gutter_size=&#8220;3&#8243; column_width_percent=&#8220;100&#8243; shift_y=&#8220;0&#8243; z_index=&#8220;0&#8243; row_height_use_pixel=&#8220;&#8220;][vc_column column_width_use_pixel=&#8220;yes&#8220; gutter_size=&#8220;3&#8243; overlay_alpha=&#8220;50&#8243; shift_x=&#8220;0&#8243; shift_y=&#8220;0&#8243; medium_width=&#8220;0&#8243; zoom_width=&#8220;0&#8243; zoom_height=&#8220;0&#8243; column_width_pixel=&#8220;800&#8243;][vc_column_text]<\/p>\n<h2>Verbesserung des F\u00fctterungsumfelds<\/h2>\n<p>Schlie\u00dflich sind Heunetze auch vorteilhaft f\u00fcr das gesamte F\u00fctterungsumfeld der Pferde. Indem sie die Menge an verstreutem und aufgewirbeltem Heu reduzieren, halten sie die Futterbereiche sauberer und staubfreier. Weniger Staub in der unmittelbaren Umgebung bedeutet eine bessere Luftqualit\u00e4t f\u00fcr alle anwesenden Pferde, was besonders in geschlossenen St\u00e4llen wichtig ist, wo die Bel\u00fcftung eingeschr\u00e4nkt sein kann. Durch die Investition in hochwertige Heunetze k\u00f6nnen Pferdebesitzer und Stallmanager zu einer ges\u00fcnderen und sichereren Umgebung f\u00fcr ihre Pferde beitragen, wodurch die H\u00e4ufigkeit von Atemwegserkrankungen reduziert und die allgemeine Gesundheit und das Wohlbefinden ihrer Tiere verbessert werden.[\/vc_column_text][\/vc_column][\/vc_row][vc_row row_height_percent=&#8220;0&#8243; override_padding=&#8220;yes&#8220; h_padding=&#8220;2&#8243; top_padding=&#8220;3&#8243; bottom_padding=&#8220;3&#8243; overlay_alpha=&#8220;100&#8243; gutter_size=&#8220;3&#8243; column_width_percent=&#8220;100&#8243; shift_y=&#8220;0&#8243; z_index=&#8220;0&#8243; row_height_use_pixel=&#8220;&#8220;][vc_column column_width_use_pixel=&#8220;yes&#8220; gutter_size=&#8220;3&#8243; overlay_alpha=&#8220;50&#8243; shift_x=&#8220;0&#8243; shift_y=&#8220;0&#8243; medium_width=&#8220;0&#8243; zoom_width=&#8220;0&#8243; zoom_height=&#8220;0&#8243; column_width_pixel=&#8220;800&#8243;][vc_column_text]Zusammenfassend l\u00e4sst sich sagen, bieten Heunetze eine effektive und praktische L\u00f6sung zur Vorbeugung von Atemwegserkrankungen, einschlie\u00dflich Emphysemen, bei Pferden. Indem sie die Heuaufnahme verlangsamen, die Staubinhalation reduzieren, nat\u00fcrliche Fresshaltungen f\u00f6rdern und die Luftqualit\u00e4t in den St\u00e4llen verbessern, tragen diese Netze ma\u00dfgeblich zur Atemwegsgesundheit der Pferde bei. F\u00fcr jeden Pferdebesitzer, dem das Wohl seines Tieres am Herzen liegt, stellt die Verwendung von Heunetzen eine kluge und langfristig vorteilhafte Investition dar.[\/vc_column_text][\/vc_column][\/vc_row]<\/p>\n<\/div>","protected":false},"excerpt":{"rendered":"<p>[vc_row row_height_percent=&#8220;0&#8243; override_padding=&#8220;yes&#8220; h_padding=&#8220;2&#8243; top_padding=&#8220;5&#8243; bottom_padding=&#8220;3&#8243; overlay_alpha=&#8220;100&#8243; gutter_size=&#8220;3&#8243; column_width_percent=&#8220;100&#8243; shift_y=&#8220;0&#8243; z_index=&#8220;0&#8243; row_height_use_pixel=&#8220;&#8220;][vc_column column_width_use_pixel=&#8220;yes&#8220; gutter_size=&#8220;3&#8243; overlay_alpha=&#8220;50&#8243; shift_x=&#8220;0&#8243; shift_y=&#8220;0&#8243; medium_width=&#8220;0&#8243; zoom_width=&#8220;0&#8243; zoom_height=&#8220;0&#8243; [&hellip;]<\/p>\n","protected":false},"author":6,"featured_media":83615,"parent":0,"menu_order":0,"comment_status":"closed","ping_status":"closed","template":"","meta":{"footnotes":""},"class_list":["post-83614","page","type-page","status-publish","has-post-thumbnail","hentry","page_category-leitfaden"],"yoast_head":"<!-- This site is optimized with the Yoast SEO plugin v26.7 - https:\/\/yoast.com\/wordpress\/plugins\/seo\/ -->\n<title>Wie und warum Heunetze Atemwegserkrankungen bei Pferden vorbeugen - Filets \u00e0 Foin<\/title>\n<meta name=\"description\" content=\"Entdecken Sie, wie Heunetze Staub reduzieren, die Atmung des Pferdes verbessern und helfen, equines Emphysem vorzubeugen, w\u00e4hrend sie eine nat\u00fcrliche F\u00fctterung f\u00f6rdern.\" \/>\n<meta name=\"robots\" content=\"index, follow, max-snippet:-1, max-image-preview:large, max-video-preview:-1\" \/>\n<link rel=\"canonical\" href=\"https:\/\/filetafoin.com\/de\/wie-und-warum-heunetze-atemwegserkrankungen-bei-pferden-vorbeugen\/\" \/>\n<meta property=\"og:locale\" content=\"de_DE\" \/>\n<meta property=\"og:type\" content=\"article\" \/>\n<meta property=\"og:title\" content=\"Wie und warum Heunetze Atemwegserkrankungen bei Pferden vorbeugen - Filets \u00e0 Foin\" \/>\n<meta property=\"og:description\" content=\"Entdecken Sie, wie Heunetze Staub reduzieren, die Atmung des Pferdes verbessern und helfen, equines Emphysem vorzubeugen, w\u00e4hrend sie eine nat\u00fcrliche F\u00fctterung f\u00f6rdern.\" \/>\n<meta property=\"og:url\" content=\"https:\/\/filetafoin.com\/de\/wie-und-warum-heunetze-atemwegserkrankungen-bei-pferden-vorbeugen\/\" \/>\n<meta property=\"og:site_name\" content=\"Filets \u00e0 Foin\" \/>\n<meta property=\"article:modified_time\" content=\"2026-03-31T15:48:14+00:00\" \/>\n<meta property=\"og:image\" content=\"https:\/\/filetafoin.com\/wp-content\/uploads\/2024\/11\/Design-sans-titre1.png\" \/>\n\t<meta property=\"og:image:width\" content=\"931\" \/>\n\t<meta property=\"og:image:height\" content=\"628\" \/>\n\t<meta property=\"og:image:type\" content=\"image\/png\" \/>\n<meta name=\"twitter:card\" content=\"summary_large_image\" \/>\n<meta name=\"twitter:label1\" content=\"Gesch\u00e4tzte Lesezeit\" \/>\n\t<meta name=\"twitter:data1\" content=\"5\u00a0Minuten\" \/>\n<script type=\"application\/ld+json\" class=\"yoast-schema-graph\">{\"@context\":\"https:\/\/schema.org\",\"@graph\":[{\"@type\":\"WebPage\",\"@id\":\"https:\/\/filetafoin.com\/de\/wie-und-warum-heunetze-atemwegserkrankungen-bei-pferden-vorbeugen\/\",\"url\":\"https:\/\/filetafoin.com\/de\/wie-und-warum-heunetze-atemwegserkrankungen-bei-pferden-vorbeugen\/\",\"name\":\"Wie und warum Heunetze Atemwegserkrankungen bei Pferden vorbeugen - Filets \u00e0 Foin\",\"isPartOf\":{\"@id\":\"https:\/\/filetafoin.com\/de\/#website\"},\"primaryImageOfPage\":{\"@id\":\"https:\/\/filetafoin.com\/de\/wie-und-warum-heunetze-atemwegserkrankungen-bei-pferden-vorbeugen\/#primaryimage\"},\"image\":{\"@id\":\"https:\/\/filetafoin.com\/de\/wie-und-warum-heunetze-atemwegserkrankungen-bei-pferden-vorbeugen\/#primaryimage\"},\"thumbnailUrl\":\"https:\/\/filetafoin.com\/wp-content\/uploads\/2024\/11\/Design-sans-titre1.png\",\"datePublished\":\"2024-11-12T14:33:38+00:00\",\"dateModified\":\"2026-03-31T15:48:14+00:00\",\"description\":\"Entdecken Sie, wie Heunetze Staub reduzieren, die Atmung des Pferdes verbessern und helfen, equines Emphysem vorzubeugen, w\u00e4hrend sie eine nat\u00fcrliche F\u00fctterung f\u00f6rdern.\",\"breadcrumb\":{\"@id\":\"https:\/\/filetafoin.com\/de\/wie-und-warum-heunetze-atemwegserkrankungen-bei-pferden-vorbeugen\/#breadcrumb\"},\"inLanguage\":\"de\",\"potentialAction\":[{\"@type\":\"ReadAction\",\"target\":[\"https:\/\/filetafoin.com\/de\/wie-und-warum-heunetze-atemwegserkrankungen-bei-pferden-vorbeugen\/\"]}]},{\"@type\":\"ImageObject\",\"inLanguage\":\"de\",\"@id\":\"https:\/\/filetafoin.com\/de\/wie-und-warum-heunetze-atemwegserkrankungen-bei-pferden-vorbeugen\/#primaryimage\",\"url\":\"https:\/\/filetafoin.com\/wp-content\/uploads\/2024\/11\/Design-sans-titre1.png\",\"contentUrl\":\"https:\/\/filetafoin.com\/wp-content\/uploads\/2024\/11\/Design-sans-titre1.png\",\"width\":931,\"height\":628},{\"@type\":\"BreadcrumbList\",\"@id\":\"https:\/\/filetafoin.com\/de\/wie-und-warum-heunetze-atemwegserkrankungen-bei-pferden-vorbeugen\/#breadcrumb\",\"itemListElement\":[{\"@type\":\"ListItem\",\"position\":1,\"name\":\"Accueil\",\"item\":\"https:\/\/filetafoin.com\/de\/spezialist-fuer-heunetze-fuer-pferde\/\"},{\"@type\":\"ListItem\",\"position\":2,\"name\":\"Wie und warum Heunetze Atemwegserkrankungen bei Pferden vorbeugen\"}]},{\"@type\":\"WebSite\",\"@id\":\"https:\/\/filetafoin.com\/de\/#website\",\"url\":\"https:\/\/filetafoin.com\/de\/\",\"name\":\"Filets \u00e0 Foin\",\"description\":\"Sp\u00e9cialiste du Filet \u00e0 Foin pour Chevaux\",\"potentialAction\":[{\"@type\":\"SearchAction\",\"target\":{\"@type\":\"EntryPoint\",\"urlTemplate\":\"https:\/\/filetafoin.com\/de\/?s={search_term_string}\"},\"query-input\":{\"@type\":\"PropertyValueSpecification\",\"valueRequired\":true,\"valueName\":\"search_term_string\"}}],\"inLanguage\":\"de\"}]}<\/script>\n<!-- \/ Yoast SEO plugin. -->","yoast_head_json":{"title":"Wie und warum Heunetze Atemwegserkrankungen bei Pferden vorbeugen - Filets \u00e0 Foin","description":"Entdecken Sie, wie Heunetze Staub reduzieren, die Atmung des Pferdes verbessern und helfen, equines Emphysem vorzubeugen, w\u00e4hrend sie eine nat\u00fcrliche F\u00fctterung f\u00f6rdern.","robots":{"index":"index","follow":"follow","max-snippet":"max-snippet:-1","max-image-preview":"max-image-preview:large","max-video-preview":"max-video-preview:-1"},"canonical":"https:\/\/filetafoin.com\/de\/wie-und-warum-heunetze-atemwegserkrankungen-bei-pferden-vorbeugen\/","og_locale":"de_DE","og_type":"article","og_title":"Wie und warum Heunetze Atemwegserkrankungen bei Pferden vorbeugen - Filets \u00e0 Foin","og_description":"Entdecken Sie, wie Heunetze Staub reduzieren, die Atmung des Pferdes verbessern und helfen, equines Emphysem vorzubeugen, w\u00e4hrend sie eine nat\u00fcrliche F\u00fctterung f\u00f6rdern.","og_url":"https:\/\/filetafoin.com\/de\/wie-und-warum-heunetze-atemwegserkrankungen-bei-pferden-vorbeugen\/","og_site_name":"Filets \u00e0 Foin","article_modified_time":"2026-03-31T15:48:14+00:00","og_image":[{"width":931,"height":628,"url":"https:\/\/filetafoin.com\/wp-content\/uploads\/2024\/11\/Design-sans-titre1.png","type":"image\/png"}],"twitter_card":"summary_large_image","twitter_misc":{"Gesch\u00e4tzte Lesezeit":"5\u00a0Minuten"},"schema":{"@context":"https:\/\/schema.org","@graph":[{"@type":"WebPage","@id":"https:\/\/filetafoin.com\/de\/wie-und-warum-heunetze-atemwegserkrankungen-bei-pferden-vorbeugen\/","url":"https:\/\/filetafoin.com\/de\/wie-und-warum-heunetze-atemwegserkrankungen-bei-pferden-vorbeugen\/","name":"Wie und warum Heunetze Atemwegserkrankungen bei Pferden vorbeugen - Filets \u00e0 Foin","isPartOf":{"@id":"https:\/\/filetafoin.com\/de\/#website"},"primaryImageOfPage":{"@id":"https:\/\/filetafoin.com\/de\/wie-und-warum-heunetze-atemwegserkrankungen-bei-pferden-vorbeugen\/#primaryimage"},"image":{"@id":"https:\/\/filetafoin.com\/de\/wie-und-warum-heunetze-atemwegserkrankungen-bei-pferden-vorbeugen\/#primaryimage"},"thumbnailUrl":"https:\/\/filetafoin.com\/wp-content\/uploads\/2024\/11\/Design-sans-titre1.png","datePublished":"2024-11-12T14:33:38+00:00","dateModified":"2026-03-31T15:48:14+00:00","description":"Entdecken Sie, wie Heunetze Staub reduzieren, die Atmung des Pferdes verbessern und helfen, equines Emphysem vorzubeugen, w\u00e4hrend sie eine nat\u00fcrliche F\u00fctterung f\u00f6rdern.","breadcrumb":{"@id":"https:\/\/filetafoin.com\/de\/wie-und-warum-heunetze-atemwegserkrankungen-bei-pferden-vorbeugen\/#breadcrumb"},"inLanguage":"de","potentialAction":[{"@type":"ReadAction","target":["https:\/\/filetafoin.com\/de\/wie-und-warum-heunetze-atemwegserkrankungen-bei-pferden-vorbeugen\/"]}]},{"@type":"ImageObject","inLanguage":"de","@id":"https:\/\/filetafoin.com\/de\/wie-und-warum-heunetze-atemwegserkrankungen-bei-pferden-vorbeugen\/#primaryimage","url":"https:\/\/filetafoin.com\/wp-content\/uploads\/2024\/11\/Design-sans-titre1.png","contentUrl":"https:\/\/filetafoin.com\/wp-content\/uploads\/2024\/11\/Design-sans-titre1.png","width":931,"height":628},{"@type":"BreadcrumbList","@id":"https:\/\/filetafoin.com\/de\/wie-und-warum-heunetze-atemwegserkrankungen-bei-pferden-vorbeugen\/#breadcrumb","itemListElement":[{"@type":"ListItem","position":1,"name":"Accueil","item":"https:\/\/filetafoin.com\/de\/spezialist-fuer-heunetze-fuer-pferde\/"},{"@type":"ListItem","position":2,"name":"Wie und warum Heunetze Atemwegserkrankungen bei Pferden vorbeugen"}]},{"@type":"WebSite","@id":"https:\/\/filetafoin.com\/de\/#website","url":"https:\/\/filetafoin.com\/de\/","name":"Filets \u00e0 Foin","description":"Sp\u00e9cialiste du Filet \u00e0 Foin pour Chevaux","potentialAction":[{"@type":"SearchAction","target":{"@type":"EntryPoint","urlTemplate":"https:\/\/filetafoin.com\/de\/?s={search_term_string}"},"query-input":{"@type":"PropertyValueSpecification","valueRequired":true,"valueName":"search_term_string"}}],"inLanguage":"de"}]}},"_links":{"self":[{"href":"https:\/\/filetafoin.com\/de\/wp-json\/wp\/v2\/pages\/83614","targetHints":{"allow":["GET"]}}],"collection":[{"href":"https:\/\/filetafoin.com\/de\/wp-json\/wp\/v2\/pages"}],"about":[{"href":"https:\/\/filetafoin.com\/de\/wp-json\/wp\/v2\/types\/page"}],"author":[{"embeddable":true,"href":"https:\/\/filetafoin.com\/de\/wp-json\/wp\/v2\/users\/6"}],"replies":[{"embeddable":true,"href":"https:\/\/filetafoin.com\/de\/wp-json\/wp\/v2\/comments?post=83614"}],"version-history":[{"count":5,"href":"https:\/\/filetafoin.com\/de\/wp-json\/wp\/v2\/pages\/83614\/revisions"}],"predecessor-version":[{"id":84171,"href":"https:\/\/filetafoin.com\/de\/wp-json\/wp\/v2\/pages\/83614\/revisions\/84171"}],"wp:featuredmedia":[{"embeddable":true,"href":"https:\/\/filetafoin.com\/de\/wp-json\/wp\/v2\/media\/83615"}],"wp:attachment":[{"href":"https:\/\/filetafoin.com\/de\/wp-json\/wp\/v2\/media?parent=83614"}],"curies":[{"name":"wp","href":"https:\/\/api.w.org\/{rel}","templated":true}]}}