{"id":83621,"date":"2024-11-05T09:49:43","date_gmt":"2024-11-05T08:49:43","guid":{"rendered":"https:\/\/filetafoin.com\/slowfeeding\/"},"modified":"2026-01-13T17:47:00","modified_gmt":"2026-01-13T16:47:00","slug":"slowfeeding","status":"publish","type":"page","link":"https:\/\/filetafoin.com\/de\/slowfeeding\/","title":{"rendered":"Slowfeeding"},"content":{"rendered":"<div class=\"wpb-content-wrapper\"><p>[vc_row row_height_percent=&#8220;0&#8243; override_padding=&#8220;yes&#8220; h_padding=&#8220;2&#8243; top_padding=&#8220;5&#8243; bottom_padding=&#8220;3&#8243; overlay_alpha=&#8220;100&#8243; gutter_size=&#8220;3&#8243; column_width_percent=&#8220;100&#8243; shift_y=&#8220;0&#8243; z_index=&#8220;0&#8243; row_height_use_pixel=&#8220;&#8220;][vc_column column_width_use_pixel=&#8220;yes&#8220; gutter_size=&#8220;3&#8243; overlay_alpha=&#8220;50&#8243; shift_x=&#8220;0&#8243; shift_y=&#8220;0&#8243; medium_width=&#8220;0&#8243; zoom_width=&#8220;0&#8243; zoom_height=&#8220;0&#8243; column_width_pixel=&#8220;800&#8243;][vc_column_text]<\/p>\n<h2>Kennen Sie Slowfeeding?<\/h2>\n<p>Das <strong>Slowfeeding<\/strong>, oder die Praxis, Equiden langsam zu f\u00fcttern, wird unter Pferde- und Ponybesitzern immer beliebter.<br \/>\nDiese Methode besteht darin, ihnen kleine Mengen \u00fcber einen l\u00e4ngeren Zeitraum verteilt zu geben, wodurch ihr nat\u00fcrliches Weideverhalten nachgeahmt wird. Slowfeeding bietet zahlreiche <strong>Vorteile f\u00fcr die Gesundheit und das Wohlbefinden<\/strong> unserer equinen Begleiter. Zun\u00e4chst hilft Slowfeeding, Verdauungsproblemen bei Equiden vorzubeugen. Indem man ihnen kleine Mengen Heu anbietet, werden sie zum l\u00e4ngeren Kauen angeregt, was die Speichelproduktion f\u00f6rdert und zu einer besseren Zersetzung der Nahrung beitr\u00e4gt.[\/vc_column_text][\/vc_column][\/vc_row][vc_row row_height_percent=&#8220;0&#8243; override_padding=&#8220;yes&#8220; h_padding=&#8220;2&#8243; top_padding=&#8220;0&#8243; bottom_padding=&#8220;0&#8243; overlay_alpha=&#8220;100&#8243; gutter_size=&#8220;3&#8243; column_width_percent=&#8220;100&#8243; shift_y=&#8220;0&#8243; z_index=&#8220;0&#8243; row_height_use_pixel=&#8220;&#8220;][vc_column column_width_use_pixel=&#8220;yes&#8220; gutter_size=&#8220;3&#8243; overlay_alpha=&#8220;50&#8243; shift_x=&#8220;0&#8243; shift_y=&#8220;0&#8243; medium_width=&#8220;0&#8243; zoom_width=&#8220;0&#8243; zoom_height=&#8220;0&#8243; width=&#8220;5\/6&#8243;][vc_single_image media=&#8220;83622&#8243; media_width_percent=&#8220;100&#8243; media_ratio=&#8220;three-two&#8220; media_title_uppercase=&#8220;&#8220; uncode_shortcode_id=&#8220;358961&#8243;][\/vc_column][vc_column column_width_percent=&#8220;100&#8243; gutter_size=&#8220;3&#8243; overlay_alpha=&#8220;50&#8243; shift_x=&#8220;0&#8243; shift_y=&#8220;0&#8243; medium_width=&#8220;0&#8243; zoom_width=&#8220;0&#8243; zoom_height=&#8220;0&#8243; width=&#8220;1\/6&#8243;][vc_column_text]Das Heunetz verhindert, dass das Pferd gro\u00dfe Heumengen auf einmal aufnehmen kann. So nimmt es das Heu Halm f\u00fcr Halm auf und kaut wesentlich l\u00e4nger.[\/vc_column_text][\/vc_column][\/vc_row][vc_row row_height_percent=&#8220;0&#8243; override_padding=&#8220;yes&#8220; h_padding=&#8220;2&#8243; top_padding=&#8220;3&#8243; bottom_padding=&#8220;3&#8243; overlay_alpha=&#8220;100&#8243; gutter_size=&#8220;3&#8243; column_width_percent=&#8220;100&#8243; shift_y=&#8220;0&#8243; z_index=&#8220;0&#8243; row_height_use_pixel=&#8220;&#8220;][vc_column column_width_use_pixel=&#8220;yes&#8220; gutter_size=&#8220;3&#8243; overlay_alpha=&#8220;50&#8243; shift_x=&#8220;0&#8243; shift_y=&#8220;0&#8243; medium_width=&#8220;0&#8243; zoom_width=&#8220;0&#8243; zoom_height=&#8220;0&#8243; column_width_pixel=&#8220;800&#8243;][vc_column_text]<\/p>\n<h2>Die zahlreichen Vorteile des Slowfeedings<\/h2>\n<p>Slowfeeding, das durch das <strong>Heunetz<\/strong> erm\u00f6glicht wird, reduziert das Risiko von Koliken und anderen Verdauungsst\u00f6rungen. Dar\u00fcber hinaus hilft Slowfeeding, \u00dcbergewicht bei Equiden vorzubeugen. Indem man ihnen kleine Mengen Heu in regelm\u00e4\u00dfigen Abst\u00e4nden gibt, werden Blutzuckerspitzen und Hei\u00dfhungerattacken vermieden. Dies tr\u00e4gt dazu bei, die Gesundheit zu erhalten und die Entwicklung von Fettleibigkeit zu verhindern, die bei Pferden und Ponys zu Problemen f\u00fchren kann.<br \/>\nDie Praxis des Slowfeedings, dank des Heunetzes, f\u00f6rdert auch die mentale Besch\u00e4ftigung der Equiden. Indem sie l\u00e4nger fressen, werden sie ermutigt, ihre Umgebung zu erkunden und ihren Geist besch\u00e4ftigt zu halten. Dies reduziert das Risiko von Langeweile und unerw\u00fcnschten Verhaltensweisen wie Tics.<br \/>\nDar\u00fcber hinaus erm\u00f6glicht Slowfeeding, die nat\u00fcrliche F\u00fctterung von frei lebenden Equiden nachzuahmen. In ihrer nat\u00fcrlichen Umgebung verbringen Pferde und Ponys einen Gro\u00dfteil ihrer Zeit damit, den ganzen Tag \u00fcber kleine Portionen Gras zu fressen. Indem man ihnen Heu oder ein langsames Heuverteilungssystem mittels Heunetz anbietet, wird diese bedarfsgerechte F\u00fctterung reproduziert und ihren nat\u00fcrlichen Bed\u00fcrfnissen entsprochen.<br \/>\n<strong>Slowfeeding beugt somit Langeweile, \u00dcberf\u00fctterung, Verdauungsproblemen und destruktivem Verhalten bei Pferden vor<\/strong>.[\/vc_column_text][\/vc_column][\/vc_row][vc_row row_height_percent=&#8220;0&#8243; override_padding=&#8220;yes&#8220; h_padding=&#8220;2&#8243; top_padding=&#8220;3&#8243; bottom_padding=&#8220;3&#8243; overlay_alpha=&#8220;100&#8243; gutter_size=&#8220;3&#8243; column_width_percent=&#8220;100&#8243; shift_y=&#8220;0&#8243; z_index=&#8220;0&#8243; row_height_use_pixel=&#8220;&#8220;][vc_column column_width_use_pixel=&#8220;yes&#8220; gutter_size=&#8220;3&#8243; overlay_alpha=&#8220;50&#8243; shift_x=&#8220;0&#8243; shift_y=&#8220;0&#8243; medium_width=&#8220;0&#8243; zoom_width=&#8220;0&#8243; zoom_height=&#8220;0&#8243; column_width_pixel=&#8220;800&#8243;][vc_column_text]<\/p>\n<h2>So praktizieren Sie Slowfeeding bei Equiden:<\/h2>\n<p>&#8211; Verwenden Sie <strong>Heunetze<\/strong>: Heunetze reduzieren die Futteraufnahme des Tieres erheblich. Sie k\u00f6nnen im Paddock oder in einem Unterstand befestigt werden. <strong>Wir bieten <a href=\"https:\/\/filetafoin.com\/#mailles\">verschiedene Netzmaschengr\u00f6\u00dfen an, die Wahl der Gr\u00f6\u00dfe<\/a> erm\u00f6glicht es Ihnen, die F\u00fctterungsgeschwindigkeit zu beeinflussen.<\/strong>  <\/p>\n<p>&#8211; Bieten Sie Gras ad libitum an: Wenn m\u00f6glich, lassen Sie die Pferde den ganzen Tag weiden. Frisches Gras ist eine nat\u00fcrliche Nahrungsquelle und f\u00f6rdert das Weideverhalten. <\/p>\n<p>Die Slowfeeding-Technik erm\u00f6glicht es, ihre nat\u00fcrliche F\u00fctterung zu simulieren, indem die Geschwindigkeit reduziert wird, mit der sie ihr Heu fressen.<br \/>\nUm diese Methode zu erleichtern, verwenden viele Besitzer ein speziell daf\u00fcr entwickeltes Heunetz. Dieses Netz ist mit <strong>entsprechend gro\u00dfen Maschen<\/strong> ausgestattet, die den Zugang zur Nahrung begrenzen und das Tier so zwingen, sich Zeit beim Fressen zu lassen. <\/p>\n<p>Neben der Verl\u00e4ngerung der Fressdauer verhindert das Slowfeeding mit Heunetz die Heuverschwendung und beugt \u00dcbergewichts- und Verdauungsproblemen bei Pferden vor. Es ist eine einfache und effektive L\u00f6sung, um unseren Pflanzenfresser-Begleitern eine ausgewogene Ern\u00e4hrung zu gew\u00e4hrleisten.[\/vc_column_text][\/vc_column][\/vc_row]<\/p>\n<\/div>","protected":false},"excerpt":{"rendered":"<p>[vc_row row_height_percent=&#8220;0&#8243; override_padding=&#8220;yes&#8220; h_padding=&#8220;2&#8243; top_padding=&#8220;5&#8243; bottom_padding=&#8220;3&#8243; overlay_alpha=&#8220;100&#8243; gutter_size=&#8220;3&#8243; column_width_percent=&#8220;100&#8243; shift_y=&#8220;0&#8243; z_index=&#8220;0&#8243; row_height_use_pixel=&#8220;&#8220;][vc_column column_width_use_pixel=&#8220;yes&#8220; gutter_size=&#8220;3&#8243; overlay_alpha=&#8220;50&#8243; shift_x=&#8220;0&#8243; shift_y=&#8220;0&#8243; medium_width=&#8220;0&#8243; zoom_width=&#8220;0&#8243; zoom_height=&#8220;0&#8243; [&hellip;]<\/p>\n","protected":false},"author":6,"featured_media":82866,"parent":0,"menu_order":0,"comment_status":"closed","ping_status":"closed","template":"","meta":{"footnotes":""},"class_list":["post-83621","page","type-page","status-publish","has-post-thumbnail","hentry","page_category-leitfaden"],"yoast_head":"<!-- This site is optimized with the Yoast SEO plugin v26.7 - https:\/\/yoast.com\/wordpress\/plugins\/seo\/ -->\n<title>Slowfeeding - Filets \u00e0 Foin<\/title>\n<meta name=\"robots\" content=\"index, follow, max-snippet:-1, max-image-preview:large, max-video-preview:-1\" \/>\n<link rel=\"canonical\" href=\"https:\/\/filetafoin.com\/de\/slowfeeding\/\" \/>\n<meta property=\"og:locale\" content=\"de_DE\" \/>\n<meta property=\"og:type\" content=\"article\" \/>\n<meta property=\"og:title\" content=\"Slowfeeding - Filets \u00e0 Foin\" \/>\n<meta property=\"og:description\" content=\"[vc_row row_height_percent=&#8220;0&#8243; override_padding=&#8220;yes&#8220; h_padding=&#8220;2&#8243; top_padding=&#8220;5&#8243; bottom_padding=&#8220;3&#8243; overlay_alpha=&#8220;100&#8243; gutter_size=&#8220;3&#8243; column_width_percent=&#8220;100&#8243; shift_y=&#8220;0&#8243; z_index=&#8220;0&#8243; row_height_use_pixel=&#8220;&#8220;][vc_column column_width_use_pixel=&#8220;yes&#8220; gutter_size=&#8220;3&#8243; overlay_alpha=&#8220;50&#8243; shift_x=&#8220;0&#8243; shift_y=&#8220;0&#8243; medium_width=&#8220;0&#8243; zoom_width=&#8220;0&#8243; zoom_height=&#8220;0&#8243; [&hellip;]\" \/>\n<meta property=\"og:url\" content=\"https:\/\/filetafoin.com\/de\/slowfeeding\/\" \/>\n<meta property=\"og:site_name\" content=\"Filets \u00e0 Foin\" \/>\n<meta property=\"article:modified_time\" content=\"2026-01-13T16:47:00+00:00\" \/>\n<meta property=\"og:image\" content=\"https:\/\/filetafoin.com\/wp-content\/uploads\/2023\/10\/20201204_102250-1-1.jpg\" \/>\n\t<meta property=\"og:image:width\" content=\"1651\" \/>\n\t<meta property=\"og:image:height\" content=\"1238\" \/>\n\t<meta property=\"og:image:type\" content=\"image\/jpeg\" \/>\n<meta name=\"twitter:card\" content=\"summary_large_image\" \/>\n<meta name=\"twitter:label1\" content=\"Gesch\u00e4tzte Lesezeit\" \/>\n\t<meta name=\"twitter:data1\" content=\"4\u00a0Minuten\" \/>\n<script type=\"application\/ld+json\" class=\"yoast-schema-graph\">{\"@context\":\"https:\/\/schema.org\",\"@graph\":[{\"@type\":\"WebPage\",\"@id\":\"https:\/\/filetafoin.com\/de\/slowfeeding\/\",\"url\":\"https:\/\/filetafoin.com\/de\/slowfeeding\/\",\"name\":\"Slowfeeding - Filets \u00e0 Foin\",\"isPartOf\":{\"@id\":\"https:\/\/filetafoin.com\/de\/#website\"},\"primaryImageOfPage\":{\"@id\":\"https:\/\/filetafoin.com\/de\/slowfeeding\/#primaryimage\"},\"image\":{\"@id\":\"https:\/\/filetafoin.com\/de\/slowfeeding\/#primaryimage\"},\"thumbnailUrl\":\"https:\/\/filetafoin.com\/wp-content\/uploads\/2023\/10\/20201204_102250-1-1.jpg\",\"datePublished\":\"2024-11-05T08:49:43+00:00\",\"dateModified\":\"2026-01-13T16:47:00+00:00\",\"breadcrumb\":{\"@id\":\"https:\/\/filetafoin.com\/de\/slowfeeding\/#breadcrumb\"},\"inLanguage\":\"de\",\"potentialAction\":[{\"@type\":\"ReadAction\",\"target\":[\"https:\/\/filetafoin.com\/de\/slowfeeding\/\"]}]},{\"@type\":\"ImageObject\",\"inLanguage\":\"de\",\"@id\":\"https:\/\/filetafoin.com\/de\/slowfeeding\/#primaryimage\",\"url\":\"https:\/\/filetafoin.com\/wp-content\/uploads\/2023\/10\/20201204_102250-1-1.jpg\",\"contentUrl\":\"https:\/\/filetafoin.com\/wp-content\/uploads\/2023\/10\/20201204_102250-1-1.jpg\",\"width\":1651,\"height\":1238},{\"@type\":\"BreadcrumbList\",\"@id\":\"https:\/\/filetafoin.com\/de\/slowfeeding\/#breadcrumb\",\"itemListElement\":[{\"@type\":\"ListItem\",\"position\":1,\"name\":\"Accueil\",\"item\":\"https:\/\/filetafoin.com\/de\/spezialist-fuer-heunetze-fuer-pferde\/\"},{\"@type\":\"ListItem\",\"position\":2,\"name\":\"Slowfeeding\"}]},{\"@type\":\"WebSite\",\"@id\":\"https:\/\/filetafoin.com\/de\/#website\",\"url\":\"https:\/\/filetafoin.com\/de\/\",\"name\":\"Filets \u00e0 Foin\",\"description\":\"Sp\u00e9cialiste du Filet \u00e0 Foin pour Chevaux\",\"potentialAction\":[{\"@type\":\"SearchAction\",\"target\":{\"@type\":\"EntryPoint\",\"urlTemplate\":\"https:\/\/filetafoin.com\/de\/?s={search_term_string}\"},\"query-input\":{\"@type\":\"PropertyValueSpecification\",\"valueRequired\":true,\"valueName\":\"search_term_string\"}}],\"inLanguage\":\"de\"}]}<\/script>\n<!-- \/ Yoast SEO plugin. -->","yoast_head_json":{"title":"Slowfeeding - Filets \u00e0 Foin","robots":{"index":"index","follow":"follow","max-snippet":"max-snippet:-1","max-image-preview":"max-image-preview:large","max-video-preview":"max-video-preview:-1"},"canonical":"https:\/\/filetafoin.com\/de\/slowfeeding\/","og_locale":"de_DE","og_type":"article","og_title":"Slowfeeding - Filets \u00e0 Foin","og_description":"[vc_row row_height_percent=&#8220;0&#8243; override_padding=&#8220;yes&#8220; h_padding=&#8220;2&#8243; top_padding=&#8220;5&#8243; bottom_padding=&#8220;3&#8243; overlay_alpha=&#8220;100&#8243; gutter_size=&#8220;3&#8243; column_width_percent=&#8220;100&#8243; shift_y=&#8220;0&#8243; z_index=&#8220;0&#8243; row_height_use_pixel=&#8220;&#8220;][vc_column column_width_use_pixel=&#8220;yes&#8220; gutter_size=&#8220;3&#8243; overlay_alpha=&#8220;50&#8243; shift_x=&#8220;0&#8243; shift_y=&#8220;0&#8243; medium_width=&#8220;0&#8243; zoom_width=&#8220;0&#8243; zoom_height=&#8220;0&#8243; [&hellip;]","og_url":"https:\/\/filetafoin.com\/de\/slowfeeding\/","og_site_name":"Filets \u00e0 Foin","article_modified_time":"2026-01-13T16:47:00+00:00","og_image":[{"width":1651,"height":1238,"url":"https:\/\/filetafoin.com\/wp-content\/uploads\/2023\/10\/20201204_102250-1-1.jpg","type":"image\/jpeg"}],"twitter_card":"summary_large_image","twitter_misc":{"Gesch\u00e4tzte Lesezeit":"4\u00a0Minuten"},"schema":{"@context":"https:\/\/schema.org","@graph":[{"@type":"WebPage","@id":"https:\/\/filetafoin.com\/de\/slowfeeding\/","url":"https:\/\/filetafoin.com\/de\/slowfeeding\/","name":"Slowfeeding - Filets \u00e0 Foin","isPartOf":{"@id":"https:\/\/filetafoin.com\/de\/#website"},"primaryImageOfPage":{"@id":"https:\/\/filetafoin.com\/de\/slowfeeding\/#primaryimage"},"image":{"@id":"https:\/\/filetafoin.com\/de\/slowfeeding\/#primaryimage"},"thumbnailUrl":"https:\/\/filetafoin.com\/wp-content\/uploads\/2023\/10\/20201204_102250-1-1.jpg","datePublished":"2024-11-05T08:49:43+00:00","dateModified":"2026-01-13T16:47:00+00:00","breadcrumb":{"@id":"https:\/\/filetafoin.com\/de\/slowfeeding\/#breadcrumb"},"inLanguage":"de","potentialAction":[{"@type":"ReadAction","target":["https:\/\/filetafoin.com\/de\/slowfeeding\/"]}]},{"@type":"ImageObject","inLanguage":"de","@id":"https:\/\/filetafoin.com\/de\/slowfeeding\/#primaryimage","url":"https:\/\/filetafoin.com\/wp-content\/uploads\/2023\/10\/20201204_102250-1-1.jpg","contentUrl":"https:\/\/filetafoin.com\/wp-content\/uploads\/2023\/10\/20201204_102250-1-1.jpg","width":1651,"height":1238},{"@type":"BreadcrumbList","@id":"https:\/\/filetafoin.com\/de\/slowfeeding\/#breadcrumb","itemListElement":[{"@type":"ListItem","position":1,"name":"Accueil","item":"https:\/\/filetafoin.com\/de\/spezialist-fuer-heunetze-fuer-pferde\/"},{"@type":"ListItem","position":2,"name":"Slowfeeding"}]},{"@type":"WebSite","@id":"https:\/\/filetafoin.com\/de\/#website","url":"https:\/\/filetafoin.com\/de\/","name":"Filets \u00e0 Foin","description":"Sp\u00e9cialiste du Filet \u00e0 Foin pour Chevaux","potentialAction":[{"@type":"SearchAction","target":{"@type":"EntryPoint","urlTemplate":"https:\/\/filetafoin.com\/de\/?s={search_term_string}"},"query-input":{"@type":"PropertyValueSpecification","valueRequired":true,"valueName":"search_term_string"}}],"inLanguage":"de"}]}},"_links":{"self":[{"href":"https:\/\/filetafoin.com\/de\/wp-json\/wp\/v2\/pages\/83621","targetHints":{"allow":["GET"]}}],"collection":[{"href":"https:\/\/filetafoin.com\/de\/wp-json\/wp\/v2\/pages"}],"about":[{"href":"https:\/\/filetafoin.com\/de\/wp-json\/wp\/v2\/types\/page"}],"author":[{"embeddable":true,"href":"https:\/\/filetafoin.com\/de\/wp-json\/wp\/v2\/users\/6"}],"replies":[{"embeddable":true,"href":"https:\/\/filetafoin.com\/de\/wp-json\/wp\/v2\/comments?post=83621"}],"version-history":[{"count":5,"href":"https:\/\/filetafoin.com\/de\/wp-json\/wp\/v2\/pages\/83621\/revisions"}],"predecessor-version":[{"id":83633,"href":"https:\/\/filetafoin.com\/de\/wp-json\/wp\/v2\/pages\/83621\/revisions\/83633"}],"wp:featuredmedia":[{"embeddable":true,"href":"https:\/\/filetafoin.com\/de\/wp-json\/wp\/v2\/media\/82866"}],"wp:attachment":[{"href":"https:\/\/filetafoin.com\/de\/wp-json\/wp\/v2\/media?parent=83621"}],"curies":[{"name":"wp","href":"https:\/\/api.w.org\/{rel}","templated":true}]}}