{"id":83641,"date":"2024-10-30T14:29:51","date_gmt":"2024-10-30T13:29:51","guid":{"rendered":"https:\/\/filetafoin.com\/heunetzgroesse-waehlen\/"},"modified":"2026-03-16T14:01:08","modified_gmt":"2026-03-16T13:01:08","slug":"heunetzgroesse-waehlen","status":"publish","type":"page","link":"https:\/\/filetafoin.com\/de\/heunetzgroesse-waehlen\/","title":{"rendered":"Heunetzgr\u00f6\u00dfe w\u00e4hlen"},"content":{"rendered":"<div class=\"wpb-content-wrapper\"><p>[vc_row row_height_percent=&#8220;0&#8243; override_padding=&#8220;yes&#8220; h_padding=&#8220;2&#8243; top_padding=&#8220;5&#8243; bottom_padding=&#8220;3&#8243; overlay_alpha=&#8220;100&#8243; gutter_size=&#8220;3&#8243; column_width_percent=&#8220;100&#8243; shift_y=&#8220;0&#8243; z_index=&#8220;0&#8243; row_height_use_pixel=&#8220;&#8220;][vc_column column_width_use_pixel=&#8220;yes&#8220; gutter_size=&#8220;3&#8243; overlay_alpha=&#8220;50&#8243; shift_x=&#8220;0&#8243; shift_y=&#8220;0&#8243; medium_width=&#8220;0&#8243; zoom_width=&#8220;0&#8243; zoom_height=&#8220;0&#8243; column_width_pixel=&#8220;800&#8243;][vc_column_text]<\/p>\n<h2>Hier sind einige n\u00fctzliche Tipps, die Ihnen bei der Auswahl der Abmessungen Ihrer Heunetze in Form von Netzdecken, S\u00e4cken und Ballennetzen helfen.<\/h2>\n<p>[\/vc_column_text][\/vc_column][\/vc_row][vc_row row_height_percent=&#8220;0&#8243; override_padding=&#8220;yes&#8220; h_padding=&#8220;2&#8243; top_padding=&#8220;0&#8243; bottom_padding=&#8220;0&#8243; overlay_alpha=&#8220;100&#8243; gutter_size=&#8220;3&#8243; column_width_percent=&#8220;100&#8243; shift_y=&#8220;0&#8243; z_index=&#8220;0&#8243; row_height_use_pixel=&#8220;&#8220;][vc_column column_width_use_pixel=&#8220;yes&#8220; gutter_size=&#8220;3&#8243; overlay_alpha=&#8220;50&#8243; shift_x=&#8220;0&#8243; shift_y=&#8220;0&#8243; medium_width=&#8220;0&#8243; zoom_width=&#8220;0&#8243; zoom_height=&#8220;0&#8243; width=&#8220;5\/6&#8243;][vc_single_image media=&#8220;83642&#8243; media_width_percent=&#8220;100&#8243; media_ratio=&#8220;three-two&#8220; media_title_uppercase=&#8220;&#8220; uncode_shortcode_id=&#8220;587159&#8243;][\/vc_column][vc_column column_width_percent=&#8220;100&#8243; gutter_size=&#8220;3&#8243; overlay_alpha=&#8220;50&#8243; shift_x=&#8220;0&#8243; shift_y=&#8220;0&#8243; medium_width=&#8220;0&#8243; zoom_width=&#8220;0&#8243; zoom_height=&#8220;0&#8243; width=&#8220;1\/6&#8243;][vc_column_text]Die Form des Netzes h\u00e4ngt von Ihren Gewohnheiten und der Heuaufbereitung ab.[\/vc_column_text][\/vc_column][\/vc_row][vc_row row_height_percent=&#8220;0&#8243; override_padding=&#8220;yes&#8220; h_padding=&#8220;2&#8243; top_padding=&#8220;3&#8243; bottom_padding=&#8220;3&#8243; overlay_alpha=&#8220;100&#8243; gutter_size=&#8220;3&#8243; column_width_percent=&#8220;100&#8243; shift_y=&#8220;0&#8243; z_index=&#8220;0&#8243; row_height_use_pixel=&#8220;&#8220;][vc_column column_width_use_pixel=&#8220;yes&#8220; gutter_size=&#8220;3&#8243; overlay_alpha=&#8220;50&#8243; shift_x=&#8220;0&#8243; shift_y=&#8220;0&#8243; medium_width=&#8220;0&#8243; zoom_width=&#8220;0&#8243; zoom_height=&#8220;0&#8243; column_width_pixel=&#8220;800&#8243;][vc_column_text]<\/p>\n<h2>Um die ideale Gr\u00f6\u00dfe eines Heunetzes in Form einer Netzdecke zu bestimmen, das zu Ihrer Raufe passt, ber\u00fccksichtigen Sie dessen Abmessungen sowie die H\u00f6he des Heus. Befolgen Sie diese Schritte: <\/h2>\n<ol>\n<li><strong>Messen Sie die Abmessungen<\/strong> der Raufe: Notieren Sie L\u00e4nge und Breite.<\/li>\n<li>Messen Sie die <strong>H\u00f6he der Raufe<\/strong> an der Stelle, an der das Netz befestigt wird.<\/li>\n<li>Sch\u00e4tzen Sie die <strong>H\u00f6he des Heus<\/strong>, sobald es gut in der Raufe verdichtet ist.<\/li>\n<li><strong>Addieren Sie die Heuh\u00f6he oder die Befestigungsh\u00f6he des Netzes<\/strong> (nehmen Sie die gr\u00f6\u00dfere der beiden Abmessungen) zur Breite und L\u00e4nge der Raufe, damit das Heu bis zum Boden zug\u00e4nglich ist.<\/li>\n<li><strong>W\u00e4hlen Sie die Maschengr\u00f6\u00dfe<\/strong>: Heunetze gibt es in verschiedenen Maschengr\u00f6\u00dfen (30 mm, 45 mm, 65 mm). W\u00e4hlen Sie diejenige, die Ihren Bed\u00fcrfnissen am besten entspricht. Z\u00f6gern Sie nicht, unseren Rat einzuholen.  <\/li>\n<\/ol>\n<p>Zum Beispiel, wenn Ihre Raufe 2 m x 4 m misst und 60 cm hoch ist, w\u00e4hlen Sie ein Netz mit den Ma\u00dfen 2,60 m x 4,60 m.<\/p>\n<p>Wenn Sie Hilfe ben\u00f6tigen, sind wir per Telefon, E-Mail oder WhatsApp f\u00fcr Sie da. \ud83d\ude09 <a href=\"https:\/\/filetafoin.com\/de\/kontakt\/\">Kontakt<\/a>[\/vc_column_text][\/vc_column][\/vc_row][vc_row row_height_percent=&#8220;0&#8243; override_padding=&#8220;yes&#8220; h_padding=&#8220;2&#8243; top_padding=&#8220;3&#8243; bottom_padding=&#8220;3&#8243; overlay_alpha=&#8220;100&#8243; gutter_size=&#8220;3&#8243; column_width_percent=&#8220;100&#8243; shift_y=&#8220;0&#8243; z_index=&#8220;0&#8243; row_height_use_pixel=&#8220;&#8220;][vc_column column_width_use_pixel=&#8220;yes&#8220; gutter_size=&#8220;3&#8243; overlay_alpha=&#8220;50&#8243; shift_x=&#8220;0&#8243; shift_y=&#8220;0&#8243; medium_width=&#8220;0&#8243; zoom_width=&#8220;0&#8243; zoom_height=&#8220;0&#8243; column_width_pixel=&#8220;800&#8243;][vc_column_text uncode_shortcode_id=&#8220;786701&#8243;]<\/p>\n<h2>Um <strong>die Gr\u00f6\u00dfe eines Heunetzes in Sackform<\/strong> abh\u00e4ngig von Ihren Gewohnheiten und Bed\u00fcrfnissen zu berechnen:<\/h2>\n<p><strong>Anzahl der zu f\u00fctternden Pferde<\/strong><\/p>\n<ul>\n<li>Den <strong>Heuverbrauch<\/strong> jedes einzelnen Pferdes kennen und die Netzgr\u00f6\u00dfe entsprechend w\u00e4hlen.<\/li>\n<li><strong>Mehrere Pferde<\/strong>: Ein gr\u00f6\u00dferes Netz vorsehen, um eine gr\u00f6\u00dfere Menge Heu aufzunehmen und zu vermeiden, dass sich die Pferde dr\u00e4ngeln. Oder idealerweise mehrere Netze. <\/li>\n<\/ul>\n<p><strong>F\u00fcllh\u00e4ufigkeit<\/strong><\/p>\n<ul>\n<li><strong>T\u00e4gliches Bef\u00fcllen<\/strong>: Ein mittelgro\u00dfes Netz ist geeignet.<\/li>\n<li><strong>Weniger h\u00e4ufiges Bef\u00fcllen<\/strong>: W\u00e4hlen Sie ein gr\u00f6\u00dferes Netz, um mehr Heu auf einmal zu lagern.<\/li>\n<\/ul>\n<p><strong>Maschengr\u00f6\u00dfe<\/strong><\/p>\n<ul>\n<li>W\u00e4hlen Sie eine Maschengr\u00f6\u00dfe, die den Heuverbrauch verlangsamt, ohne den Zugang f\u00fcr die Pferde zu erschweren. Kleinere Maschen (ca. 3 cm) f\u00fcr maximale Verlangsamung, gr\u00f6\u00dfere Maschen (ca. 65 cm) f\u00fcr leichteren Zugang. <\/li>\n<\/ul>\n<p>Hier ist eine allgemeine <strong>Entsprechung<\/strong> zwischen der Gr\u00f6\u00dfe von Heunetzen in Sackform und dem Heugewicht, das sie fassen k\u00f6nnen:<\/p>\n<ol>\n<li><strong>Kleine Netze (1 m x 0,90 m)<\/strong>: Sie k\u00f6nnen in der Regel zwischen 7 und 10 kg Heu fassen.<\/li>\n<li><strong>Mittelgro\u00dfe Netze (1,50 m x 1 m)<\/strong>: Diese Netze k\u00f6nnen zwischen 11 und 16 kg Heu fassen.<\/li>\n<li><strong>Gro\u00dfe Netze (2 m x 1 m)<\/strong>: Sie k\u00f6nnen zwischen 18 und 21 kg Heu fassen.<\/li>\n<\/ol>\n<p>Die Kapazit\u00e4ten k\u00f6nnen abh\u00e4ngig von der Heudichte und der Maschengr\u00f6\u00dfe variieren. Dies gibt Ihnen jedoch eine allgemeine Vorstellung, um Ihnen bei der Auswahl des richtigen Heunetzes zu helfen. <\/p>\n<p>Wenn Sie Hilfe ben\u00f6tigen, sind wir per Telefon, E-Mail oder WhatsApp f\u00fcr Sie da. \ud83d\ude09 <a href=\"https:\/\/filetafoin.com\/de\/kontakt\/\">Kontakt<\/a>[\/vc_column_text][\/vc_column][\/vc_row][vc_row row_height_percent=&#8220;0&#8243; override_padding=&#8220;yes&#8220; h_padding=&#8220;2&#8243; top_padding=&#8220;3&#8243; bottom_padding=&#8220;3&#8243; overlay_alpha=&#8220;100&#8243; gutter_size=&#8220;3&#8243; column_width_percent=&#8220;100&#8243; shift_y=&#8220;0&#8243; z_index=&#8220;0&#8243; row_height_use_pixel=&#8220;&#8220;][vc_column column_width_use_pixel=&#8220;yes&#8220; gutter_size=&#8220;3&#8243; overlay_alpha=&#8220;50&#8243; shift_x=&#8220;0&#8243; shift_y=&#8220;0&#8243; medium_width=&#8220;0&#8243; zoom_width=&#8220;0&#8243; zoom_height=&#8220;0&#8243; column_width_pixel=&#8220;800&#8243;][vc_column_text]<\/p>\n<h2>W\u00e4hlen Sie Ihr Heunetz in Ballenform:<\/h2>\n<p><u>Das Fassungsverm\u00f6gen des Ballennetzes M<\/u> betr\u00e4gt 8 bis 10 Kilogramm Heu.<\/p>\n<p><u>Das Fassungsverm\u00f6gen des Ballennetzes XL<\/u> entspricht einem ganzen Heuballen (95 x 50 x 35 cm).<\/p>\n<p>&nbsp;<\/p>\n<p>[\/vc_column_text][\/vc_column][\/vc_row][vc_row][vc_column width=&#8220;1\/1&#8243;][vc_single_image media=&#8220;83643&#8243; media_width_percent=&#8220;60&#8243; alignment=&#8220;center&#8220;][\/vc_column][\/vc_row]<\/p>\n<\/div>","protected":false},"excerpt":{"rendered":"<p>[vc_row row_height_percent=&#8220;0&#8243; override_padding=&#8220;yes&#8220; h_padding=&#8220;2&#8243; top_padding=&#8220;5&#8243; bottom_padding=&#8220;3&#8243; overlay_alpha=&#8220;100&#8243; gutter_size=&#8220;3&#8243; column_width_percent=&#8220;100&#8243; shift_y=&#8220;0&#8243; z_index=&#8220;0&#8243; row_height_use_pixel=&#8220;&#8220;][vc_column column_width_use_pixel=&#8220;yes&#8220; gutter_size=&#8220;3&#8243; overlay_alpha=&#8220;50&#8243; shift_x=&#8220;0&#8243; shift_y=&#8220;0&#8243; medium_width=&#8220;0&#8243; zoom_width=&#8220;0&#8243; zoom_height=&#8220;0&#8243; [&hellip;]<\/p>\n","protected":false},"author":6,"featured_media":83642,"parent":0,"menu_order":0,"comment_status":"closed","ping_status":"closed","template":"","meta":{"footnotes":""},"class_list":["post-83641","page","type-page","status-publish","has-post-thumbnail","hentry","page_category-leitfaden"],"yoast_head":"<!-- This site is optimized with the Yoast SEO plugin v26.7 - https:\/\/yoast.com\/wordpress\/plugins\/seo\/ -->\n<title>Heunetzgr\u00f6\u00dfe w\u00e4hlen - Filets \u00e0 Foin<\/title>\n<meta name=\"description\" content=\"Erfahren Sie, wie Sie die ideale Gr\u00f6\u00dfe Ihres Heunetzes (Plane, Sack oder B\u00fcndel) passend zu Ihrer Raufe, Ihren Pferden und der Heumenge ausw\u00e4hlen.\" \/>\n<meta name=\"robots\" content=\"index, follow, max-snippet:-1, max-image-preview:large, max-video-preview:-1\" \/>\n<link rel=\"canonical\" href=\"https:\/\/filetafoin.com\/de\/heunetzgroesse-waehlen\/\" \/>\n<meta property=\"og:locale\" content=\"de_DE\" \/>\n<meta property=\"og:type\" content=\"article\" \/>\n<meta property=\"og:title\" content=\"Heunetzgr\u00f6\u00dfe w\u00e4hlen - Filets \u00e0 Foin\" \/>\n<meta property=\"og:description\" content=\"Erfahren Sie, wie Sie die ideale Gr\u00f6\u00dfe Ihres Heunetzes (Plane, Sack oder B\u00fcndel) passend zu Ihrer Raufe, Ihren Pferden und der Heumenge ausw\u00e4hlen.\" \/>\n<meta property=\"og:url\" content=\"https:\/\/filetafoin.com\/de\/heunetzgroesse-waehlen\/\" \/>\n<meta property=\"og:site_name\" content=\"Filets \u00e0 Foin\" \/>\n<meta property=\"article:modified_time\" content=\"2026-03-16T13:01:08+00:00\" \/>\n<meta property=\"og:image\" content=\"https:\/\/filetafoin.com\/wp-content\/uploads\/2024\/11\/FQ2A7666-compressee-scaled.jpg\" \/>\n\t<meta property=\"og:image:width\" content=\"2560\" \/>\n\t<meta property=\"og:image:height\" content=\"1707\" \/>\n\t<meta property=\"og:image:type\" content=\"image\/jpeg\" \/>\n<meta name=\"twitter:card\" content=\"summary_large_image\" \/>\n<meta name=\"twitter:label1\" content=\"Gesch\u00e4tzte Lesezeit\" \/>\n\t<meta name=\"twitter:data1\" content=\"4\u00a0Minuten\" \/>\n<script type=\"application\/ld+json\" class=\"yoast-schema-graph\">{\"@context\":\"https:\/\/schema.org\",\"@graph\":[{\"@type\":\"WebPage\",\"@id\":\"https:\/\/filetafoin.com\/de\/heunetzgroesse-waehlen\/\",\"url\":\"https:\/\/filetafoin.com\/de\/heunetzgroesse-waehlen\/\",\"name\":\"Heunetzgr\u00f6\u00dfe w\u00e4hlen - Filets \u00e0 Foin\",\"isPartOf\":{\"@id\":\"https:\/\/filetafoin.com\/de\/#website\"},\"primaryImageOfPage\":{\"@id\":\"https:\/\/filetafoin.com\/de\/heunetzgroesse-waehlen\/#primaryimage\"},\"image\":{\"@id\":\"https:\/\/filetafoin.com\/de\/heunetzgroesse-waehlen\/#primaryimage\"},\"thumbnailUrl\":\"https:\/\/filetafoin.com\/wp-content\/uploads\/2024\/11\/FQ2A7666-compressee-scaled.jpg\",\"datePublished\":\"2024-10-30T13:29:51+00:00\",\"dateModified\":\"2026-03-16T13:01:08+00:00\",\"description\":\"Erfahren Sie, wie Sie die ideale Gr\u00f6\u00dfe Ihres Heunetzes (Plane, Sack oder B\u00fcndel) passend zu Ihrer Raufe, Ihren Pferden und der Heumenge ausw\u00e4hlen.\",\"breadcrumb\":{\"@id\":\"https:\/\/filetafoin.com\/de\/heunetzgroesse-waehlen\/#breadcrumb\"},\"inLanguage\":\"de\",\"potentialAction\":[{\"@type\":\"ReadAction\",\"target\":[\"https:\/\/filetafoin.com\/de\/heunetzgroesse-waehlen\/\"]}]},{\"@type\":\"ImageObject\",\"inLanguage\":\"de\",\"@id\":\"https:\/\/filetafoin.com\/de\/heunetzgroesse-waehlen\/#primaryimage\",\"url\":\"https:\/\/filetafoin.com\/wp-content\/uploads\/2024\/11\/FQ2A7666-compressee-scaled.jpg\",\"contentUrl\":\"https:\/\/filetafoin.com\/wp-content\/uploads\/2024\/11\/FQ2A7666-compressee-scaled.jpg\",\"width\":2560,\"height\":1707},{\"@type\":\"BreadcrumbList\",\"@id\":\"https:\/\/filetafoin.com\/de\/heunetzgroesse-waehlen\/#breadcrumb\",\"itemListElement\":[{\"@type\":\"ListItem\",\"position\":1,\"name\":\"Accueil\",\"item\":\"https:\/\/filetafoin.com\/de\/spezialist-fuer-heunetze-fuer-pferde\/\"},{\"@type\":\"ListItem\",\"position\":2,\"name\":\"Heunetzgr\u00f6\u00dfe w\u00e4hlen\"}]},{\"@type\":\"WebSite\",\"@id\":\"https:\/\/filetafoin.com\/de\/#website\",\"url\":\"https:\/\/filetafoin.com\/de\/\",\"name\":\"Filets \u00e0 Foin\",\"description\":\"Sp\u00e9cialiste du Filet \u00e0 Foin pour Chevaux\",\"potentialAction\":[{\"@type\":\"SearchAction\",\"target\":{\"@type\":\"EntryPoint\",\"urlTemplate\":\"https:\/\/filetafoin.com\/de\/?s={search_term_string}\"},\"query-input\":{\"@type\":\"PropertyValueSpecification\",\"valueRequired\":true,\"valueName\":\"search_term_string\"}}],\"inLanguage\":\"de\"}]}<\/script>\n<!-- \/ Yoast SEO plugin. -->","yoast_head_json":{"title":"Heunetzgr\u00f6\u00dfe w\u00e4hlen - Filets \u00e0 Foin","description":"Erfahren Sie, wie Sie die ideale Gr\u00f6\u00dfe Ihres Heunetzes (Plane, Sack oder B\u00fcndel) passend zu Ihrer Raufe, Ihren Pferden und der Heumenge ausw\u00e4hlen.","robots":{"index":"index","follow":"follow","max-snippet":"max-snippet:-1","max-image-preview":"max-image-preview:large","max-video-preview":"max-video-preview:-1"},"canonical":"https:\/\/filetafoin.com\/de\/heunetzgroesse-waehlen\/","og_locale":"de_DE","og_type":"article","og_title":"Heunetzgr\u00f6\u00dfe w\u00e4hlen - Filets \u00e0 Foin","og_description":"Erfahren Sie, wie Sie die ideale Gr\u00f6\u00dfe Ihres Heunetzes (Plane, Sack oder B\u00fcndel) passend zu Ihrer Raufe, Ihren Pferden und der Heumenge ausw\u00e4hlen.","og_url":"https:\/\/filetafoin.com\/de\/heunetzgroesse-waehlen\/","og_site_name":"Filets \u00e0 Foin","article_modified_time":"2026-03-16T13:01:08+00:00","og_image":[{"width":2560,"height":1707,"url":"https:\/\/filetafoin.com\/wp-content\/uploads\/2024\/11\/FQ2A7666-compressee-scaled.jpg","type":"image\/jpeg"}],"twitter_card":"summary_large_image","twitter_misc":{"Gesch\u00e4tzte Lesezeit":"4\u00a0Minuten"},"schema":{"@context":"https:\/\/schema.org","@graph":[{"@type":"WebPage","@id":"https:\/\/filetafoin.com\/de\/heunetzgroesse-waehlen\/","url":"https:\/\/filetafoin.com\/de\/heunetzgroesse-waehlen\/","name":"Heunetzgr\u00f6\u00dfe w\u00e4hlen - Filets \u00e0 Foin","isPartOf":{"@id":"https:\/\/filetafoin.com\/de\/#website"},"primaryImageOfPage":{"@id":"https:\/\/filetafoin.com\/de\/heunetzgroesse-waehlen\/#primaryimage"},"image":{"@id":"https:\/\/filetafoin.com\/de\/heunetzgroesse-waehlen\/#primaryimage"},"thumbnailUrl":"https:\/\/filetafoin.com\/wp-content\/uploads\/2024\/11\/FQ2A7666-compressee-scaled.jpg","datePublished":"2024-10-30T13:29:51+00:00","dateModified":"2026-03-16T13:01:08+00:00","description":"Erfahren Sie, wie Sie die ideale Gr\u00f6\u00dfe Ihres Heunetzes (Plane, Sack oder B\u00fcndel) passend zu Ihrer Raufe, Ihren Pferden und der Heumenge ausw\u00e4hlen.","breadcrumb":{"@id":"https:\/\/filetafoin.com\/de\/heunetzgroesse-waehlen\/#breadcrumb"},"inLanguage":"de","potentialAction":[{"@type":"ReadAction","target":["https:\/\/filetafoin.com\/de\/heunetzgroesse-waehlen\/"]}]},{"@type":"ImageObject","inLanguage":"de","@id":"https:\/\/filetafoin.com\/de\/heunetzgroesse-waehlen\/#primaryimage","url":"https:\/\/filetafoin.com\/wp-content\/uploads\/2024\/11\/FQ2A7666-compressee-scaled.jpg","contentUrl":"https:\/\/filetafoin.com\/wp-content\/uploads\/2024\/11\/FQ2A7666-compressee-scaled.jpg","width":2560,"height":1707},{"@type":"BreadcrumbList","@id":"https:\/\/filetafoin.com\/de\/heunetzgroesse-waehlen\/#breadcrumb","itemListElement":[{"@type":"ListItem","position":1,"name":"Accueil","item":"https:\/\/filetafoin.com\/de\/spezialist-fuer-heunetze-fuer-pferde\/"},{"@type":"ListItem","position":2,"name":"Heunetzgr\u00f6\u00dfe w\u00e4hlen"}]},{"@type":"WebSite","@id":"https:\/\/filetafoin.com\/de\/#website","url":"https:\/\/filetafoin.com\/de\/","name":"Filets \u00e0 Foin","description":"Sp\u00e9cialiste du Filet \u00e0 Foin pour Chevaux","potentialAction":[{"@type":"SearchAction","target":{"@type":"EntryPoint","urlTemplate":"https:\/\/filetafoin.com\/de\/?s={search_term_string}"},"query-input":{"@type":"PropertyValueSpecification","valueRequired":true,"valueName":"search_term_string"}}],"inLanguage":"de"}]}},"_links":{"self":[{"href":"https:\/\/filetafoin.com\/de\/wp-json\/wp\/v2\/pages\/83641","targetHints":{"allow":["GET"]}}],"collection":[{"href":"https:\/\/filetafoin.com\/de\/wp-json\/wp\/v2\/pages"}],"about":[{"href":"https:\/\/filetafoin.com\/de\/wp-json\/wp\/v2\/types\/page"}],"author":[{"embeddable":true,"href":"https:\/\/filetafoin.com\/de\/wp-json\/wp\/v2\/users\/6"}],"replies":[{"embeddable":true,"href":"https:\/\/filetafoin.com\/de\/wp-json\/wp\/v2\/comments?post=83641"}],"version-history":[{"count":6,"href":"https:\/\/filetafoin.com\/de\/wp-json\/wp\/v2\/pages\/83641\/revisions"}],"predecessor-version":[{"id":84164,"href":"https:\/\/filetafoin.com\/de\/wp-json\/wp\/v2\/pages\/83641\/revisions\/84164"}],"wp:featuredmedia":[{"embeddable":true,"href":"https:\/\/filetafoin.com\/de\/wp-json\/wp\/v2\/media\/83642"}],"wp:attachment":[{"href":"https:\/\/filetafoin.com\/de\/wp-json\/wp\/v2\/media?parent=83641"}],"curies":[{"name":"wp","href":"https:\/\/api.w.org\/{rel}","templated":true}]}}