{"id":83661,"date":"2024-09-20T09:18:33","date_gmt":"2024-09-20T07:18:33","guid":{"rendered":"https:\/\/filetafoin.com\/das-palox-heunetz\/"},"modified":"2026-01-13T17:48:15","modified_gmt":"2026-01-13T16:48:15","slug":"das-palox-heunetz","status":"publish","type":"page","link":"https:\/\/filetafoin.com\/de\/das-palox-heunetz\/","title":{"rendered":"Das Palox-Heunetz"},"content":{"rendered":"<div class=\"wpb-content-wrapper\"><p>[vc_row row_height_percent=&#8220;0&#8243; override_padding=&#8220;yes&#8220; h_padding=&#8220;2&#8243; top_padding=&#8220;5&#8243; bottom_padding=&#8220;3&#8243; overlay_alpha=&#8220;100&#8243; gutter_size=&#8220;3&#8243; column_width_percent=&#8220;100&#8243; shift_y=&#8220;0&#8243; z_index=&#8220;0&#8243; row_height_use_pixel=&#8220;&#8220;][vc_column column_width_use_pixel=&#8220;yes&#8220; gutter_size=&#8220;3&#8243; overlay_alpha=&#8220;50&#8243; shift_x=&#8220;0&#8243; shift_y=&#8220;0&#8243; medium_width=&#8220;0&#8243; zoom_width=&#8220;0&#8243; zoom_height=&#8220;0&#8243; column_width_pixel=&#8220;800&#8243;][vc_column_text]<\/p>\n<h2>Ein unverzichtbares Hilfsmittel f\u00fcr die Pferdef\u00fctterung<\/h2>\n<p>Das Palox-Heunetz ist ein unverzichtbares Hilfsmittel f\u00fcr Z\u00fcchter und Pferdebesitzer, die eine Palox oder Holzkiste als Futterraufe nutzen m\u00f6chten. Dieses System ist praktisch, einfach und effizient. Dieses Netz wurde speziell daf\u00fcr entwickelt, sich an die Abmessungen von Paloxen anzupassen, diesen gro\u00dfen Kisten, die \u00fcblicherweise zur Lagerung und zum Transport von Ernten verwendet werden.[\/vc_column_text][\/vc_column][\/vc_row][vc_row row_height_percent=&#8220;0&#8243; override_padding=&#8220;yes&#8220; h_padding=&#8220;2&#8243; top_padding=&#8220;0&#8243; bottom_padding=&#8220;0&#8243; overlay_alpha=&#8220;100&#8243; gutter_size=&#8220;3&#8243; column_width_percent=&#8220;100&#8243; shift_y=&#8220;0&#8243; z_index=&#8220;0&#8243; row_height_use_pixel=&#8220;&#8220;][vc_column column_width_use_pixel=&#8220;yes&#8220; gutter_size=&#8220;3&#8243; overlay_alpha=&#8220;50&#8243; shift_x=&#8220;0&#8243; shift_y=&#8220;0&#8243; medium_width=&#8220;0&#8243; zoom_width=&#8220;0&#8243; zoom_height=&#8220;0&#8243; width=&#8220;5\/6&#8243;][vc_single_image media=&#8220;83662&#8243; media_width_percent=&#8220;100&#8243; media_ratio=&#8220;three-two&#8220; media_title_uppercase=&#8220;&#8220;][\/vc_column][vc_column column_width_percent=&#8220;100&#8243; gutter_size=&#8220;3&#8243; overlay_alpha=&#8220;50&#8243; shift_x=&#8220;0&#8243; shift_y=&#8220;0&#8243; medium_width=&#8220;0&#8243; zoom_width=&#8220;0&#8243; zoom_height=&#8220;0&#8243; width=&#8220;1\/6&#8243;][vc_column_text]<em>Es gibt verschiedene Arten von Paloxen: aus Holz, Kunststoff und Metall.<\/em>[\/vc_column_text][\/vc_column][\/vc_row][vc_row row_height_percent=&#8220;0&#8243; override_padding=&#8220;yes&#8220; h_padding=&#8220;2&#8243; top_padding=&#8220;3&#8243; bottom_padding=&#8220;3&#8243; overlay_alpha=&#8220;100&#8243; gutter_size=&#8220;3&#8243; column_width_percent=&#8220;100&#8243; shift_y=&#8220;0&#8243; z_index=&#8220;0&#8243; row_height_use_pixel=&#8220;&#8220;][vc_column column_width_use_pixel=&#8220;yes&#8220; gutter_size=&#8220;3&#8243; overlay_alpha=&#8220;50&#8243; shift_x=&#8220;0&#8243; shift_y=&#8220;0&#8243; medium_width=&#8220;0&#8243; zoom_width=&#8220;0&#8243; zoom_height=&#8220;0&#8243; column_width_pixel=&#8220;800&#8243;][vc_column_text]<\/p>\n<h2>Vorteile des Designs des Palox-Heunetzes<\/h2>\n<p>Einer der Vorteile des Palox-Heunetzes ist seine F\u00e4higkeit, das Heu gut im Netz zu halten. Dank seines Designs mit mehr oder weniger engen Maschen vermeidet es Materialverluste und Verschwendung, w\u00e4hrend es gleichzeitig eine gute Bel\u00fcftung des Heus erm\u00f6glicht. Zudem ist dieses Netz widerstandsf\u00e4hig und langlebig, wodurch es f\u00fcr eine intensive Nutzung geeignet ist.<\/p>\n<p>[\/vc_column_text][vc_column_text]<\/p>\n<h2>Organisation und Sicherheit<\/h2>\n<p>Das Palox-Heunetz f\u00f6rdert die Organisation und Optimierung der Futterverteilung an Equiden. Es erleichtert auch das Bef\u00fcllen mit Heu. Dank seines Befestigungssystems kann es sicher an den Seiten oder am Boden der Kiste befestigt werden, wodurch die Sicherheit der Equiden gew\u00e4hrleistet ist. Zudem ist seine Installation einfach und schnell, was Zeit beim Bef\u00fcllen des Heunetzes spart. Seine Gr\u00f6\u00dfe ist so konzipiert, dass es nach dem Bef\u00fcllen nicht \u00fcber den Rand der Raufe hinausragt und somit Unf\u00e4lle vermieden werden.[\/vc_column_text][vc_column_text]<\/p>\n<h2>Vorteile f\u00fcr die Gesundheit der Pferde<\/h2>\n<p>Pferden Heu in einer Palox oder Holzkiste zu f\u00fcttern, bietet mehrere Vorteile. Zun\u00e4chst wird dadurch die Heuverschwendung begrenzt. Das Heu bleibt sauber und trocken, da es nicht direkt mit dem Boden in Ber\u00fchrung kommt, was das Risiko einer Kontamination durch Staub oder Exkremente reduziert. Das Hinzuf\u00fcgen eines speziellen Palox-Heunetzes bietet zus\u00e4tzliche Vorteile. Das Netz verlangsamt die Heuaufnahme, verl\u00e4ngert die Kauzeit und verbessert die Verdauung. Dies erm\u00f6glicht es auch, das nat\u00fcrliche Weideverhalten der Pferde zu simulieren, wodurch Stress und Langeweile reduziert werden. Zusammenfassend optimiert diese Kombination die Heuverwaltung und f\u00f6rdert gleichzeitig das Wohlbefinden der Pferde.      <\/p>\n<p><a href=\"https:\/\/filetafoin.com\/modeles-et-tarifs\/\">Unser Sortiment an Palox-Heunetzen<\/a>[\/vc_column_text][\/vc_column][\/vc_row]<\/p>\n<\/div>","protected":false},"excerpt":{"rendered":"<p>[vc_row row_height_percent=&#8220;0&#8243; override_padding=&#8220;yes&#8220; h_padding=&#8220;2&#8243; top_padding=&#8220;5&#8243; bottom_padding=&#8220;3&#8243; overlay_alpha=&#8220;100&#8243; gutter_size=&#8220;3&#8243; column_width_percent=&#8220;100&#8243; shift_y=&#8220;0&#8243; z_index=&#8220;0&#8243; row_height_use_pixel=&#8220;&#8220;][vc_column column_width_use_pixel=&#8220;yes&#8220; gutter_size=&#8220;3&#8243; overlay_alpha=&#8220;50&#8243; shift_x=&#8220;0&#8243; shift_y=&#8220;0&#8243; medium_width=&#8220;0&#8243; zoom_width=&#8220;0&#8243; zoom_height=&#8220;0&#8243; [&hellip;]<\/p>\n","protected":false},"author":6,"featured_media":83161,"parent":0,"menu_order":0,"comment_status":"closed","ping_status":"closed","template":"","meta":{"footnotes":""},"class_list":["post-83661","page","type-page","status-publish","has-post-thumbnail","hentry","page_category-leitfaden"],"yoast_head":"<!-- This site is optimized with the Yoast SEO plugin v26.7 - https:\/\/yoast.com\/wordpress\/plugins\/seo\/ -->\n<title>Das Palox-Heunetz - Filets \u00e0 Foin<\/title>\n<meta name=\"robots\" content=\"index, follow, max-snippet:-1, max-image-preview:large, max-video-preview:-1\" \/>\n<link rel=\"canonical\" href=\"https:\/\/filetafoin.com\/de\/das-palox-heunetz\/\" \/>\n<meta property=\"og:locale\" content=\"de_DE\" \/>\n<meta property=\"og:type\" content=\"article\" \/>\n<meta property=\"og:title\" content=\"Das Palox-Heunetz - Filets \u00e0 Foin\" \/>\n<meta property=\"og:description\" content=\"[vc_row row_height_percent=&#8220;0&#8243; override_padding=&#8220;yes&#8220; h_padding=&#8220;2&#8243; top_padding=&#8220;5&#8243; bottom_padding=&#8220;3&#8243; overlay_alpha=&#8220;100&#8243; gutter_size=&#8220;3&#8243; column_width_percent=&#8220;100&#8243; shift_y=&#8220;0&#8243; z_index=&#8220;0&#8243; row_height_use_pixel=&#8220;&#8220;][vc_column column_width_use_pixel=&#8220;yes&#8220; gutter_size=&#8220;3&#8243; overlay_alpha=&#8220;50&#8243; shift_x=&#8220;0&#8243; shift_y=&#8220;0&#8243; medium_width=&#8220;0&#8243; zoom_width=&#8220;0&#8243; zoom_height=&#8220;0&#8243; [&hellip;]\" \/>\n<meta property=\"og:url\" content=\"https:\/\/filetafoin.com\/de\/das-palox-heunetz\/\" \/>\n<meta property=\"og:site_name\" content=\"Filets \u00e0 Foin\" \/>\n<meta property=\"article:modified_time\" content=\"2026-01-13T16:48:15+00:00\" \/>\n<meta property=\"og:image\" content=\"https:\/\/filetafoin.com\/wp-content\/uploads\/2024\/09\/20231031_125154-compressee-scaled.jpg\" \/>\n\t<meta property=\"og:image:width\" content=\"1920\" \/>\n\t<meta property=\"og:image:height\" content=\"2560\" \/>\n\t<meta property=\"og:image:type\" content=\"image\/jpeg\" \/>\n<meta name=\"twitter:card\" content=\"summary_large_image\" \/>\n<meta name=\"twitter:label1\" content=\"Gesch\u00e4tzte Lesezeit\" \/>\n\t<meta name=\"twitter:data1\" content=\"3\u00a0Minuten\" \/>\n<script type=\"application\/ld+json\" class=\"yoast-schema-graph\">{\"@context\":\"https:\/\/schema.org\",\"@graph\":[{\"@type\":\"WebPage\",\"@id\":\"https:\/\/filetafoin.com\/de\/das-palox-heunetz\/\",\"url\":\"https:\/\/filetafoin.com\/de\/das-palox-heunetz\/\",\"name\":\"Das Palox-Heunetz - Filets \u00e0 Foin\",\"isPartOf\":{\"@id\":\"https:\/\/filetafoin.com\/de\/#website\"},\"primaryImageOfPage\":{\"@id\":\"https:\/\/filetafoin.com\/de\/das-palox-heunetz\/#primaryimage\"},\"image\":{\"@id\":\"https:\/\/filetafoin.com\/de\/das-palox-heunetz\/#primaryimage\"},\"thumbnailUrl\":\"https:\/\/filetafoin.com\/wp-content\/uploads\/2024\/09\/20231031_125154-compressee-scaled.jpg\",\"datePublished\":\"2024-09-20T07:18:33+00:00\",\"dateModified\":\"2026-01-13T16:48:15+00:00\",\"breadcrumb\":{\"@id\":\"https:\/\/filetafoin.com\/de\/das-palox-heunetz\/#breadcrumb\"},\"inLanguage\":\"de\",\"potentialAction\":[{\"@type\":\"ReadAction\",\"target\":[\"https:\/\/filetafoin.com\/de\/das-palox-heunetz\/\"]}]},{\"@type\":\"ImageObject\",\"inLanguage\":\"de\",\"@id\":\"https:\/\/filetafoin.com\/de\/das-palox-heunetz\/#primaryimage\",\"url\":\"https:\/\/filetafoin.com\/wp-content\/uploads\/2024\/09\/20231031_125154-compressee-scaled.jpg\",\"contentUrl\":\"https:\/\/filetafoin.com\/wp-content\/uploads\/2024\/09\/20231031_125154-compressee-scaled.jpg\",\"width\":1920,\"height\":2560},{\"@type\":\"BreadcrumbList\",\"@id\":\"https:\/\/filetafoin.com\/de\/das-palox-heunetz\/#breadcrumb\",\"itemListElement\":[{\"@type\":\"ListItem\",\"position\":1,\"name\":\"Accueil\",\"item\":\"https:\/\/filetafoin.com\/de\/spezialist-fuer-heunetze-fuer-pferde\/\"},{\"@type\":\"ListItem\",\"position\":2,\"name\":\"Das Palox-Heunetz\"}]},{\"@type\":\"WebSite\",\"@id\":\"https:\/\/filetafoin.com\/de\/#website\",\"url\":\"https:\/\/filetafoin.com\/de\/\",\"name\":\"Filets \u00e0 Foin\",\"description\":\"Sp\u00e9cialiste du Filet \u00e0 Foin pour Chevaux\",\"potentialAction\":[{\"@type\":\"SearchAction\",\"target\":{\"@type\":\"EntryPoint\",\"urlTemplate\":\"https:\/\/filetafoin.com\/de\/?s={search_term_string}\"},\"query-input\":{\"@type\":\"PropertyValueSpecification\",\"valueRequired\":true,\"valueName\":\"search_term_string\"}}],\"inLanguage\":\"de\"}]}<\/script>\n<!-- \/ Yoast SEO plugin. -->","yoast_head_json":{"title":"Das Palox-Heunetz - Filets \u00e0 Foin","robots":{"index":"index","follow":"follow","max-snippet":"max-snippet:-1","max-image-preview":"max-image-preview:large","max-video-preview":"max-video-preview:-1"},"canonical":"https:\/\/filetafoin.com\/de\/das-palox-heunetz\/","og_locale":"de_DE","og_type":"article","og_title":"Das Palox-Heunetz - Filets \u00e0 Foin","og_description":"[vc_row row_height_percent=&#8220;0&#8243; override_padding=&#8220;yes&#8220; h_padding=&#8220;2&#8243; top_padding=&#8220;5&#8243; bottom_padding=&#8220;3&#8243; overlay_alpha=&#8220;100&#8243; gutter_size=&#8220;3&#8243; column_width_percent=&#8220;100&#8243; shift_y=&#8220;0&#8243; z_index=&#8220;0&#8243; row_height_use_pixel=&#8220;&#8220;][vc_column column_width_use_pixel=&#8220;yes&#8220; gutter_size=&#8220;3&#8243; overlay_alpha=&#8220;50&#8243; shift_x=&#8220;0&#8243; shift_y=&#8220;0&#8243; medium_width=&#8220;0&#8243; zoom_width=&#8220;0&#8243; zoom_height=&#8220;0&#8243; [&hellip;]","og_url":"https:\/\/filetafoin.com\/de\/das-palox-heunetz\/","og_site_name":"Filets \u00e0 Foin","article_modified_time":"2026-01-13T16:48:15+00:00","og_image":[{"width":1920,"height":2560,"url":"https:\/\/filetafoin.com\/wp-content\/uploads\/2024\/09\/20231031_125154-compressee-scaled.jpg","type":"image\/jpeg"}],"twitter_card":"summary_large_image","twitter_misc":{"Gesch\u00e4tzte Lesezeit":"3\u00a0Minuten"},"schema":{"@context":"https:\/\/schema.org","@graph":[{"@type":"WebPage","@id":"https:\/\/filetafoin.com\/de\/das-palox-heunetz\/","url":"https:\/\/filetafoin.com\/de\/das-palox-heunetz\/","name":"Das Palox-Heunetz - Filets \u00e0 Foin","isPartOf":{"@id":"https:\/\/filetafoin.com\/de\/#website"},"primaryImageOfPage":{"@id":"https:\/\/filetafoin.com\/de\/das-palox-heunetz\/#primaryimage"},"image":{"@id":"https:\/\/filetafoin.com\/de\/das-palox-heunetz\/#primaryimage"},"thumbnailUrl":"https:\/\/filetafoin.com\/wp-content\/uploads\/2024\/09\/20231031_125154-compressee-scaled.jpg","datePublished":"2024-09-20T07:18:33+00:00","dateModified":"2026-01-13T16:48:15+00:00","breadcrumb":{"@id":"https:\/\/filetafoin.com\/de\/das-palox-heunetz\/#breadcrumb"},"inLanguage":"de","potentialAction":[{"@type":"ReadAction","target":["https:\/\/filetafoin.com\/de\/das-palox-heunetz\/"]}]},{"@type":"ImageObject","inLanguage":"de","@id":"https:\/\/filetafoin.com\/de\/das-palox-heunetz\/#primaryimage","url":"https:\/\/filetafoin.com\/wp-content\/uploads\/2024\/09\/20231031_125154-compressee-scaled.jpg","contentUrl":"https:\/\/filetafoin.com\/wp-content\/uploads\/2024\/09\/20231031_125154-compressee-scaled.jpg","width":1920,"height":2560},{"@type":"BreadcrumbList","@id":"https:\/\/filetafoin.com\/de\/das-palox-heunetz\/#breadcrumb","itemListElement":[{"@type":"ListItem","position":1,"name":"Accueil","item":"https:\/\/filetafoin.com\/de\/spezialist-fuer-heunetze-fuer-pferde\/"},{"@type":"ListItem","position":2,"name":"Das Palox-Heunetz"}]},{"@type":"WebSite","@id":"https:\/\/filetafoin.com\/de\/#website","url":"https:\/\/filetafoin.com\/de\/","name":"Filets \u00e0 Foin","description":"Sp\u00e9cialiste du Filet \u00e0 Foin pour Chevaux","potentialAction":[{"@type":"SearchAction","target":{"@type":"EntryPoint","urlTemplate":"https:\/\/filetafoin.com\/de\/?s={search_term_string}"},"query-input":{"@type":"PropertyValueSpecification","valueRequired":true,"valueName":"search_term_string"}}],"inLanguage":"de"}]}},"_links":{"self":[{"href":"https:\/\/filetafoin.com\/de\/wp-json\/wp\/v2\/pages\/83661","targetHints":{"allow":["GET"]}}],"collection":[{"href":"https:\/\/filetafoin.com\/de\/wp-json\/wp\/v2\/pages"}],"about":[{"href":"https:\/\/filetafoin.com\/de\/wp-json\/wp\/v2\/types\/page"}],"author":[{"embeddable":true,"href":"https:\/\/filetafoin.com\/de\/wp-json\/wp\/v2\/users\/6"}],"replies":[{"embeddable":true,"href":"https:\/\/filetafoin.com\/de\/wp-json\/wp\/v2\/comments?post=83661"}],"version-history":[{"count":2,"href":"https:\/\/filetafoin.com\/de\/wp-json\/wp\/v2\/pages\/83661\/revisions"}],"predecessor-version":[{"id":83667,"href":"https:\/\/filetafoin.com\/de\/wp-json\/wp\/v2\/pages\/83661\/revisions\/83667"}],"wp:featuredmedia":[{"embeddable":true,"href":"https:\/\/filetafoin.com\/de\/wp-json\/wp\/v2\/media\/83161"}],"wp:attachment":[{"href":"https:\/\/filetafoin.com\/de\/wp-json\/wp\/v2\/media?parent=83661"}],"curies":[{"name":"wp","href":"https:\/\/api.w.org\/{rel}","templated":true}]}}