{"id":83668,"date":"2024-09-16T14:48:42","date_gmt":"2024-09-16T12:48:42","guid":{"rendered":"https:\/\/filetafoin.com\/heunetze-vorsichtsmassnahmen-bei-gebrauch-und-installation\/"},"modified":"2026-03-31T17:52:17","modified_gmt":"2026-03-31T15:52:17","slug":"heunetze-vorsichtsmassnahmen-bei-gebrauch-und-installation","status":"publish","type":"page","link":"https:\/\/filetafoin.com\/de\/heunetze-vorsichtsmassnahmen-bei-gebrauch-und-installation\/","title":{"rendered":"Heunetze: Vorsichtsma\u00dfnahmen bei Gebrauch und Installation"},"content":{"rendered":"<div class=\"wpb-content-wrapper\"><p>[vc_row row_height_percent=&#8220;0&#8243; override_padding=&#8220;yes&#8220; h_padding=&#8220;2&#8243; top_padding=&#8220;5&#8243; bottom_padding=&#8220;3&#8243; overlay_alpha=&#8220;100&#8243; gutter_size=&#8220;3&#8243; column_width_percent=&#8220;100&#8243; shift_y=&#8220;0&#8243; z_index=&#8220;0&#8243; row_height_use_pixel=&#8220;&#8220;][vc_column column_width_use_pixel=&#8220;yes&#8220; gutter_size=&#8220;3&#8243; overlay_alpha=&#8220;50&#8243; shift_x=&#8220;0&#8243; shift_y=&#8220;0&#8243; medium_width=&#8220;0&#8243; zoom_width=&#8220;0&#8243; zoom_height=&#8220;0&#8243; column_width_pixel=&#8220;800&#8243;][vc_column_text]<\/p>\n<h2>Die Installation und Verwendung von Heunetzen f\u00fcr Pferde erfordert bestimmte Vorsichtsma\u00dfnahmen, um die Sicherheit und das Wohlbefinden der Tiere zu gew\u00e4hrleisten.<\/h2>\n<p>Zun\u00e4chst ist es unerl\u00e4sslich, ein Qualit\u00e4tsnetz zu w\u00e4hlen, das aus robusten und widerstandsf\u00e4higen Materialien gefertigt ist (wir empfehlen Polyamid oder noch besser Polyester). Die Maschen m\u00fcssen klein genug sein, um zu verhindern, dass sich Pferde Hufe oder Z\u00e4hne einklemmen, aber gro\u00df genug, um eine einfache Heuaufnahme zu erm\u00f6glichen.[\/vc_column_text][\/vc_column][\/vc_row][vc_row row_height_percent=&#8220;0&#8243; override_padding=&#8220;yes&#8220; h_padding=&#8220;2&#8243; top_padding=&#8220;0&#8243; bottom_padding=&#8220;0&#8243; overlay_alpha=&#8220;100&#8243; gutter_size=&#8220;3&#8243; column_width_percent=&#8220;100&#8243; shift_y=&#8220;0&#8243; z_index=&#8220;0&#8243; row_height_use_pixel=&#8220;&#8220;][vc_column column_width_use_pixel=&#8220;yes&#8220; gutter_size=&#8220;3&#8243; overlay_alpha=&#8220;50&#8243; shift_x=&#8220;0&#8243; shift_y=&#8220;0&#8243; medium_width=&#8220;0&#8243; zoom_width=&#8220;0&#8243; zoom_height=&#8220;0&#8243; width=&#8220;5\/6&#8243;][vc_single_image media=&#8220;83669&#8243; media_width_percent=&#8220;100&#8243; media_ratio=&#8220;three-two&#8220; media_title_uppercase=&#8220;&#8220; uncode_shortcode_id=&#8220;889702&#8243;][\/vc_column][vc_column column_width_percent=&#8220;100&#8243; gutter_size=&#8220;3&#8243; overlay_alpha=&#8220;50&#8243; shift_x=&#8220;0&#8243; shift_y=&#8220;0&#8243; medium_width=&#8220;0&#8243; zoom_width=&#8220;0&#8243; zoom_height=&#8220;0&#8243; width=&#8220;1\/6&#8243;][vc_column_text]Achten Sie bei der Installation darauf, das Netz in einer geeigneten H\u00f6he anzubringen.<\/p>\n<p><a href=\"https:\/\/filetafoin.com\/de\/wie-man-ein-heunetz-fuer-pferde-richtig-installiert\/\">Unser Leitfaden<\/a>[\/vc_column_text][\/vc_column][\/vc_row][vc_row row_height_percent=&#8220;0&#8243; override_padding=&#8220;yes&#8220; h_padding=&#8220;2&#8243; top_padding=&#8220;3&#8243; bottom_padding=&#8220;3&#8243; overlay_alpha=&#8220;100&#8243; gutter_size=&#8220;3&#8243; column_width_percent=&#8220;100&#8243; shift_y=&#8220;0&#8243; z_index=&#8220;0&#8243; row_height_use_pixel=&#8220;&#8220;][vc_column column_width_use_pixel=&#8220;yes&#8220; gutter_size=&#8220;3&#8243; overlay_alpha=&#8220;50&#8243; shift_x=&#8220;0&#8243; shift_y=&#8220;0&#8243; medium_width=&#8220;0&#8243; zoom_width=&#8220;0&#8243; zoom_height=&#8220;0&#8243; column_width_pixel=&#8220;800&#8243;][vc_column_text]<\/p>\n<h2>Achten Sie darauf, Ihr Heunetz in einer angemessenen H\u00f6he zu installieren.<\/h2>\n<p>Im Allgemeinen auf Brusth\u00f6he des Pferdes oder auf dem Boden (in einer Raufe), um \u00fcberm\u00e4\u00dfige Belastungen von Nacken und R\u00fcckenmuskulatur zu vermeiden. Stellen Sie sicher, dass das Netz fest angebracht ist und die Installation keine scharfen Kanten oder hervorstehenden Teile aufweist, die das Tier verletzen k\u00f6nnten.[\/vc_column_text][vc_column_text]<\/p>\n<h2>\u00dcberwachen Sie den Zustand Ihrer Heunetze<\/h2>\n<p>Es ist auch entscheidend, den Zustand des Netzes regelm\u00e4\u00dfig zu \u00fcberpr\u00fcfen. Abgenutzte oder besch\u00e4digte Netze m\u00fcssen ersetzt oder repariert werden, um Verletzungsrisiken vorzubeugen. W\u00e4hrend der Nutzung sollten die Pferde auf Anzeichen von Stress oder abnormalem Verhalten \u00fcberwacht werden, wie z. B. Schwierigkeiten beim Fressen oder Verletzungen im Maulbereich (die durch Netze schlechter Qualit\u00e4t entstehen k\u00f6nnen).<\/p>\n<p>[\/vc_column_text][vc_column_text]<\/p>\n<h2>Heunetze f\u00fcr eine Herde<\/h2>\n<p>Um Konflikte zwischen Pferden, insbesondere in Gruppen, zu vermeiden, wird empfohlen, mehrere Heunetze an verschiedenen Stellen anzubringen. Dies erm\u00f6glicht jedem Pferd einen gleichberechtigten Zugang zum Heu und reduziert das Risiko von Rangeleien.<\/p>\n<p>[\/vc_column_text][vc_column_text]<\/p>\n<h2>Heu von guter Qualit\u00e4t<\/h2>\n<p>Stellen Sie schlie\u00dflich sicher, dass das verwendete Heu von guter Qualit\u00e4t, frei von Schimmel und Staub ist, um Atemwegs- und Verdauungsprobleme vorzubeugen. Indem Sie diese Vorsichtsma\u00dfnahmen befolgen, tragen Sie zur Gesundheit und zum Wohlbefinden Ihrer Pferde bei und optimieren gleichzeitig die Nutzung der Heunetze.<\/p>\n<p>[\/vc_column_text][\/vc_column][\/vc_row]<\/p>\n<\/div>","protected":false},"excerpt":{"rendered":"<p>[vc_row row_height_percent=&#8220;0&#8243; override_padding=&#8220;yes&#8220; h_padding=&#8220;2&#8243; top_padding=&#8220;5&#8243; bottom_padding=&#8220;3&#8243; overlay_alpha=&#8220;100&#8243; gutter_size=&#8220;3&#8243; column_width_percent=&#8220;100&#8243; shift_y=&#8220;0&#8243; z_index=&#8220;0&#8243; row_height_use_pixel=&#8220;&#8220;][vc_column column_width_use_pixel=&#8220;yes&#8220; gutter_size=&#8220;3&#8243; overlay_alpha=&#8220;50&#8243; shift_x=&#8220;0&#8243; shift_y=&#8220;0&#8243; medium_width=&#8220;0&#8243; zoom_width=&#8220;0&#8243; zoom_height=&#8220;0&#8243; [&hellip;]<\/p>\n","protected":false},"author":6,"featured_media":83669,"parent":0,"menu_order":0,"comment_status":"closed","ping_status":"closed","template":"","meta":{"footnotes":""},"class_list":["post-83668","page","type-page","status-publish","has-post-thumbnail","hentry","page_category-leitfaden"],"yoast_head":"<!-- This site is optimized with the Yoast SEO plugin v26.7 - https:\/\/yoast.com\/wordpress\/plugins\/seo\/ -->\n<title>Heunetze: Vorsichtsma\u00dfnahmen bei Gebrauch und Installation - Filets \u00e0 Foin<\/title>\n<meta name=\"description\" content=\"Entdecken Sie die besten Praktiken f\u00fcr die sichere Installation und Verwendung eines Heunetzes: ideale H\u00f6he, Wartung, Heuqualit\u00e4t und Risikopr\u00e4vention.\" \/>\n<meta name=\"robots\" content=\"index, follow, max-snippet:-1, max-image-preview:large, max-video-preview:-1\" \/>\n<link rel=\"canonical\" href=\"https:\/\/filetafoin.com\/de\/heunetze-vorsichtsmassnahmen-bei-gebrauch-und-installation\/\" \/>\n<meta property=\"og:locale\" content=\"de_DE\" \/>\n<meta property=\"og:type\" content=\"article\" \/>\n<meta property=\"og:title\" content=\"Heunetze: Vorsichtsma\u00dfnahmen bei Gebrauch und Installation - Filets \u00e0 Foin\" \/>\n<meta property=\"og:description\" content=\"Entdecken Sie die besten Praktiken f\u00fcr die sichere Installation und Verwendung eines Heunetzes: ideale H\u00f6he, Wartung, Heuqualit\u00e4t und Risikopr\u00e4vention.\" \/>\n<meta property=\"og:url\" content=\"https:\/\/filetafoin.com\/de\/heunetze-vorsichtsmassnahmen-bei-gebrauch-und-installation\/\" \/>\n<meta property=\"og:site_name\" content=\"Filets \u00e0 Foin\" \/>\n<meta property=\"article:modified_time\" content=\"2026-03-31T15:52:17+00:00\" \/>\n<meta property=\"og:image\" content=\"https:\/\/filetafoin.com\/wp-content\/uploads\/2024\/09\/FQ2A7607-compressee-scaled.jpg\" \/>\n\t<meta property=\"og:image:width\" content=\"2560\" \/>\n\t<meta property=\"og:image:height\" content=\"1707\" \/>\n\t<meta property=\"og:image:type\" content=\"image\/jpeg\" \/>\n<meta name=\"twitter:card\" content=\"summary_large_image\" \/>\n<meta name=\"twitter:label1\" content=\"Gesch\u00e4tzte Lesezeit\" \/>\n\t<meta name=\"twitter:data1\" content=\"3\u00a0Minuten\" \/>\n<script type=\"application\/ld+json\" class=\"yoast-schema-graph\">{\"@context\":\"https:\/\/schema.org\",\"@graph\":[{\"@type\":\"WebPage\",\"@id\":\"https:\/\/filetafoin.com\/de\/heunetze-vorsichtsmassnahmen-bei-gebrauch-und-installation\/\",\"url\":\"https:\/\/filetafoin.com\/de\/heunetze-vorsichtsmassnahmen-bei-gebrauch-und-installation\/\",\"name\":\"Heunetze: Vorsichtsma\u00dfnahmen bei Gebrauch und Installation - Filets \u00e0 Foin\",\"isPartOf\":{\"@id\":\"https:\/\/filetafoin.com\/de\/#website\"},\"primaryImageOfPage\":{\"@id\":\"https:\/\/filetafoin.com\/de\/heunetze-vorsichtsmassnahmen-bei-gebrauch-und-installation\/#primaryimage\"},\"image\":{\"@id\":\"https:\/\/filetafoin.com\/de\/heunetze-vorsichtsmassnahmen-bei-gebrauch-und-installation\/#primaryimage\"},\"thumbnailUrl\":\"https:\/\/filetafoin.com\/wp-content\/uploads\/2024\/09\/FQ2A7607-compressee-scaled.jpg\",\"datePublished\":\"2024-09-16T12:48:42+00:00\",\"dateModified\":\"2026-03-31T15:52:17+00:00\",\"description\":\"Entdecken Sie die besten Praktiken f\u00fcr die sichere Installation und Verwendung eines Heunetzes: ideale H\u00f6he, Wartung, Heuqualit\u00e4t und Risikopr\u00e4vention.\",\"breadcrumb\":{\"@id\":\"https:\/\/filetafoin.com\/de\/heunetze-vorsichtsmassnahmen-bei-gebrauch-und-installation\/#breadcrumb\"},\"inLanguage\":\"de\",\"potentialAction\":[{\"@type\":\"ReadAction\",\"target\":[\"https:\/\/filetafoin.com\/de\/heunetze-vorsichtsmassnahmen-bei-gebrauch-und-installation\/\"]}]},{\"@type\":\"ImageObject\",\"inLanguage\":\"de\",\"@id\":\"https:\/\/filetafoin.com\/de\/heunetze-vorsichtsmassnahmen-bei-gebrauch-und-installation\/#primaryimage\",\"url\":\"https:\/\/filetafoin.com\/wp-content\/uploads\/2024\/09\/FQ2A7607-compressee-scaled.jpg\",\"contentUrl\":\"https:\/\/filetafoin.com\/wp-content\/uploads\/2024\/09\/FQ2A7607-compressee-scaled.jpg\",\"width\":2560,\"height\":1707},{\"@type\":\"BreadcrumbList\",\"@id\":\"https:\/\/filetafoin.com\/de\/heunetze-vorsichtsmassnahmen-bei-gebrauch-und-installation\/#breadcrumb\",\"itemListElement\":[{\"@type\":\"ListItem\",\"position\":1,\"name\":\"Accueil\",\"item\":\"https:\/\/filetafoin.com\/de\/spezialist-fuer-heunetze-fuer-pferde\/\"},{\"@type\":\"ListItem\",\"position\":2,\"name\":\"Heunetze: Vorsichtsma\u00dfnahmen bei Gebrauch und Installation\"}]},{\"@type\":\"WebSite\",\"@id\":\"https:\/\/filetafoin.com\/de\/#website\",\"url\":\"https:\/\/filetafoin.com\/de\/\",\"name\":\"Filets \u00e0 Foin\",\"description\":\"Sp\u00e9cialiste du Filet \u00e0 Foin pour Chevaux\",\"potentialAction\":[{\"@type\":\"SearchAction\",\"target\":{\"@type\":\"EntryPoint\",\"urlTemplate\":\"https:\/\/filetafoin.com\/de\/?s={search_term_string}\"},\"query-input\":{\"@type\":\"PropertyValueSpecification\",\"valueRequired\":true,\"valueName\":\"search_term_string\"}}],\"inLanguage\":\"de\"}]}<\/script>\n<!-- \/ Yoast SEO plugin. -->","yoast_head_json":{"title":"Heunetze: Vorsichtsma\u00dfnahmen bei Gebrauch und Installation - Filets \u00e0 Foin","description":"Entdecken Sie die besten Praktiken f\u00fcr die sichere Installation und Verwendung eines Heunetzes: ideale H\u00f6he, Wartung, Heuqualit\u00e4t und Risikopr\u00e4vention.","robots":{"index":"index","follow":"follow","max-snippet":"max-snippet:-1","max-image-preview":"max-image-preview:large","max-video-preview":"max-video-preview:-1"},"canonical":"https:\/\/filetafoin.com\/de\/heunetze-vorsichtsmassnahmen-bei-gebrauch-und-installation\/","og_locale":"de_DE","og_type":"article","og_title":"Heunetze: Vorsichtsma\u00dfnahmen bei Gebrauch und Installation - Filets \u00e0 Foin","og_description":"Entdecken Sie die besten Praktiken f\u00fcr die sichere Installation und Verwendung eines Heunetzes: ideale H\u00f6he, Wartung, Heuqualit\u00e4t und Risikopr\u00e4vention.","og_url":"https:\/\/filetafoin.com\/de\/heunetze-vorsichtsmassnahmen-bei-gebrauch-und-installation\/","og_site_name":"Filets \u00e0 Foin","article_modified_time":"2026-03-31T15:52:17+00:00","og_image":[{"width":2560,"height":1707,"url":"https:\/\/filetafoin.com\/wp-content\/uploads\/2024\/09\/FQ2A7607-compressee-scaled.jpg","type":"image\/jpeg"}],"twitter_card":"summary_large_image","twitter_misc":{"Gesch\u00e4tzte Lesezeit":"3\u00a0Minuten"},"schema":{"@context":"https:\/\/schema.org","@graph":[{"@type":"WebPage","@id":"https:\/\/filetafoin.com\/de\/heunetze-vorsichtsmassnahmen-bei-gebrauch-und-installation\/","url":"https:\/\/filetafoin.com\/de\/heunetze-vorsichtsmassnahmen-bei-gebrauch-und-installation\/","name":"Heunetze: Vorsichtsma\u00dfnahmen bei Gebrauch und Installation - Filets \u00e0 Foin","isPartOf":{"@id":"https:\/\/filetafoin.com\/de\/#website"},"primaryImageOfPage":{"@id":"https:\/\/filetafoin.com\/de\/heunetze-vorsichtsmassnahmen-bei-gebrauch-und-installation\/#primaryimage"},"image":{"@id":"https:\/\/filetafoin.com\/de\/heunetze-vorsichtsmassnahmen-bei-gebrauch-und-installation\/#primaryimage"},"thumbnailUrl":"https:\/\/filetafoin.com\/wp-content\/uploads\/2024\/09\/FQ2A7607-compressee-scaled.jpg","datePublished":"2024-09-16T12:48:42+00:00","dateModified":"2026-03-31T15:52:17+00:00","description":"Entdecken Sie die besten Praktiken f\u00fcr die sichere Installation und Verwendung eines Heunetzes: ideale H\u00f6he, Wartung, Heuqualit\u00e4t und Risikopr\u00e4vention.","breadcrumb":{"@id":"https:\/\/filetafoin.com\/de\/heunetze-vorsichtsmassnahmen-bei-gebrauch-und-installation\/#breadcrumb"},"inLanguage":"de","potentialAction":[{"@type":"ReadAction","target":["https:\/\/filetafoin.com\/de\/heunetze-vorsichtsmassnahmen-bei-gebrauch-und-installation\/"]}]},{"@type":"ImageObject","inLanguage":"de","@id":"https:\/\/filetafoin.com\/de\/heunetze-vorsichtsmassnahmen-bei-gebrauch-und-installation\/#primaryimage","url":"https:\/\/filetafoin.com\/wp-content\/uploads\/2024\/09\/FQ2A7607-compressee-scaled.jpg","contentUrl":"https:\/\/filetafoin.com\/wp-content\/uploads\/2024\/09\/FQ2A7607-compressee-scaled.jpg","width":2560,"height":1707},{"@type":"BreadcrumbList","@id":"https:\/\/filetafoin.com\/de\/heunetze-vorsichtsmassnahmen-bei-gebrauch-und-installation\/#breadcrumb","itemListElement":[{"@type":"ListItem","position":1,"name":"Accueil","item":"https:\/\/filetafoin.com\/de\/spezialist-fuer-heunetze-fuer-pferde\/"},{"@type":"ListItem","position":2,"name":"Heunetze: Vorsichtsma\u00dfnahmen bei Gebrauch und Installation"}]},{"@type":"WebSite","@id":"https:\/\/filetafoin.com\/de\/#website","url":"https:\/\/filetafoin.com\/de\/","name":"Filets \u00e0 Foin","description":"Sp\u00e9cialiste du Filet \u00e0 Foin pour Chevaux","potentialAction":[{"@type":"SearchAction","target":{"@type":"EntryPoint","urlTemplate":"https:\/\/filetafoin.com\/de\/?s={search_term_string}"},"query-input":{"@type":"PropertyValueSpecification","valueRequired":true,"valueName":"search_term_string"}}],"inLanguage":"de"}]}},"_links":{"self":[{"href":"https:\/\/filetafoin.com\/de\/wp-json\/wp\/v2\/pages\/83668","targetHints":{"allow":["GET"]}}],"collection":[{"href":"https:\/\/filetafoin.com\/de\/wp-json\/wp\/v2\/pages"}],"about":[{"href":"https:\/\/filetafoin.com\/de\/wp-json\/wp\/v2\/types\/page"}],"author":[{"embeddable":true,"href":"https:\/\/filetafoin.com\/de\/wp-json\/wp\/v2\/users\/6"}],"replies":[{"embeddable":true,"href":"https:\/\/filetafoin.com\/de\/wp-json\/wp\/v2\/comments?post=83668"}],"version-history":[{"count":6,"href":"https:\/\/filetafoin.com\/de\/wp-json\/wp\/v2\/pages\/83668\/revisions"}],"predecessor-version":[{"id":84180,"href":"https:\/\/filetafoin.com\/de\/wp-json\/wp\/v2\/pages\/83668\/revisions\/84180"}],"wp:featuredmedia":[{"embeddable":true,"href":"https:\/\/filetafoin.com\/de\/wp-json\/wp\/v2\/media\/83669"}],"wp:attachment":[{"href":"https:\/\/filetafoin.com\/de\/wp-json\/wp\/v2\/media?parent=83668"}],"curies":[{"name":"wp","href":"https:\/\/api.w.org\/{rel}","templated":true}]}}