{"id":83734,"date":"2024-02-19T15:15:53","date_gmt":"2024-02-19T14:15:53","guid":{"rendered":"https:\/\/filetafoin.com\/die-vorteile-der-verwendung-eines-heunetzes\/"},"modified":"2026-01-13T17:52:07","modified_gmt":"2026-01-13T16:52:07","slug":"die-vorteile-der-verwendung-eines-heunetzes","status":"publish","type":"page","link":"https:\/\/filetafoin.com\/de\/die-vorteile-der-verwendung-eines-heunetzes\/","title":{"rendered":"Die Vorteile der Verwendung eines Heunetzes"},"content":{"rendered":"<div class=\"wpb-content-wrapper\"><p>[vc_row row_height_percent=&#8220;0&#8243; override_padding=&#8220;yes&#8220; h_padding=&#8220;2&#8243; top_padding=&#8220;5&#8243; bottom_padding=&#8220;3&#8243; overlay_alpha=&#8220;100&#8243; gutter_size=&#8220;3&#8243; column_width_percent=&#8220;100&#8243; shift_y=&#8220;0&#8243; z_index=&#8220;0&#8243; row_height_use_pixel=&#8220;&#8220;][vc_column column_width_use_pixel=&#8220;yes&#8220; gutter_size=&#8220;3&#8243; overlay_alpha=&#8220;50&#8243; shift_x=&#8220;0&#8243; shift_y=&#8220;0&#8243; medium_width=&#8220;0&#8243; zoom_width=&#8220;0&#8243; zoom_height=&#8220;0&#8243; column_width_pixel=&#8220;800&#8243;][vc_column_text]<\/p>\n<h2>Das Pferd, ein empfindliches Tier<\/h2>\n<p>Pferde sind Tiere mit einem empfindlichen Stoffwechsel; sie ben\u00f6tigen eine angemessene Ern\u00e4hrung, um gesund und leistungsf\u00e4hig zu sein. Pferdebesitzer fragen sich oft, wie sie ihren Pferden eine ausgewogene und reichliche F\u00fctterung zukommen lassen k\u00f6nnen. Eine n\u00fctzliche Methode zur Erleichterung der Raufutteraufnahme ist die Verwendung von Heunetzen, die zahlreiche Vorteile f\u00fcr die Pferdef\u00fctterung bieten.[\/vc_column_text][\/vc_column][\/vc_row][vc_row row_height_percent=&#8220;0&#8243; override_padding=&#8220;yes&#8220; h_padding=&#8220;2&#8243; top_padding=&#8220;0&#8243; bottom_padding=&#8220;0&#8243; overlay_alpha=&#8220;100&#8243; gutter_size=&#8220;3&#8243; column_width_percent=&#8220;100&#8243; shift_y=&#8220;0&#8243; z_index=&#8220;0&#8243; row_height_use_pixel=&#8220;&#8220;][vc_column column_width_use_pixel=&#8220;yes&#8220; gutter_size=&#8220;3&#8243; overlay_alpha=&#8220;50&#8243; shift_x=&#8220;0&#8243; shift_y=&#8220;0&#8243; medium_width=&#8220;0&#8243; zoom_width=&#8220;0&#8243; zoom_height=&#8220;0&#8243; width=&#8220;5\/6&#8243;][vc_single_image media=&#8220;83735&#8243; media_width_percent=&#8220;100&#8243; media_ratio=&#8220;three-two&#8220; media_title_uppercase=&#8220;&#8220;][\/vc_column][vc_column column_width_percent=&#8220;100&#8243; gutter_size=&#8220;3&#8243; overlay_alpha=&#8220;50&#8243; shift_x=&#8220;0&#8243; shift_y=&#8220;0&#8243; medium_width=&#8220;0&#8243; zoom_width=&#8220;0&#8243; zoom_height=&#8220;0&#8243; width=&#8220;1\/6&#8243;][vc_column_text]Heunetze sind Vorrichtungen, die speziell daf\u00fcr entwickelt wurden, Heu aufzunehmen und zu verteilen. Im Gegensatz zu einer traditionellen Raufe sind diese Netze mit Maschen versehen, die es dem Pferd erm\u00f6glichen, das Heu langsamer und in kleineren Mengen auf einmal zu fressen (f\u00fcr Maschenweiten von 30 mm und 45 mm. <a href=\"https:\/\/filetafoin.com\/de\/\">Die richtige Maschenweite w\u00e4hlen<\/a>). Dieser Ansatz simuliert besser das nat\u00fcrliche Weideverhalten von Pferden, bei dem sie den ganzen Tag \u00fcber st\u00e4ndig kleine Mengen Gras fressen.[\/vc_column_text][\/vc_column][\/vc_row][vc_row row_height_percent=&#8220;0&#8243; override_padding=&#8220;yes&#8220; h_padding=&#8220;2&#8243; top_padding=&#8220;3&#8243; bottom_padding=&#8220;3&#8243; overlay_alpha=&#8220;100&#8243; gutter_size=&#8220;3&#8243; column_width_percent=&#8220;100&#8243; shift_y=&#8220;0&#8243; z_index=&#8220;0&#8243; row_height_use_pixel=&#8220;&#8220;][vc_column column_width_use_pixel=&#8220;yes&#8220; gutter_size=&#8220;3&#8243; overlay_alpha=&#8220;50&#8243; shift_x=&#8220;0&#8243; shift_y=&#8220;0&#8243; medium_width=&#8220;0&#8243; zoom_width=&#8220;0&#8243; zoom_height=&#8220;0&#8243; column_width_pixel=&#8220;800&#8243;][vc_column_text]<\/p>\n<h2>Heunetze f\u00f6rdern langsames Fressen bei Pferden<\/h2>\n<p>Einer der Hauptvorteile der Verwendung von Heunetzen ist, dass sie eine langsame und kontinuierliche Heuaufnahme f\u00f6rdern. Pferde haben ein empfindliches Verdauungssystem und ben\u00f6tigen eine regelm\u00e4\u00dfige F\u00fctterung f\u00fcr eine optimale Verdauung. Wenn sie mit Heunetzen gef\u00fcttert werden, sind Pferde weniger anf\u00e4llig f\u00fcr l\u00e4ngere Fastenzeiten, die zu Gesundheitsproblemen wie Magengeschw\u00fcren oder Koliken f\u00fchren k\u00f6nnen.  <\/p>\n<p>Dar\u00fcber hinaus ist ein langsameres Fressen des Heus vorteilhaft f\u00fcr Pferde, die dazu neigen, ihr Futter schnell zu verschlingen. Diese Pferde sind oft anf\u00e4lliger f\u00fcr Verdauungsprobleme, da sie zu schnell fressen und ihr Verdauungssystem nicht gen\u00fcgend Zeit hat, die Nahrung richtig zu verarbeiten. Heunetze f\u00f6rdern eine langsamere F\u00fctterung, wodurch das Pferd sein Futter besser kauen und verdauen kann, was eine bessere N\u00e4hrstoffaufnahme gew\u00e4hrleistet.[\/vc_column_text][\/vc_column][\/vc_row][vc_row row_height_percent=&#8220;0&#8243; override_padding=&#8220;yes&#8220; h_padding=&#8220;2&#8243; top_padding=&#8220;3&#8243; bottom_padding=&#8220;3&#8243; overlay_alpha=&#8220;100&#8243; gutter_size=&#8220;3&#8243; column_width_percent=&#8220;100&#8243; shift_y=&#8220;0&#8243; z_index=&#8220;0&#8243; row_height_use_pixel=&#8220;&#8220;][vc_column column_width_use_pixel=&#8220;yes&#8220; gutter_size=&#8220;3&#8243; overlay_alpha=&#8220;50&#8243; shift_x=&#8220;0&#8243; shift_y=&#8220;0&#8243; medium_width=&#8220;0&#8243; zoom_width=&#8220;0&#8243; zoom_height=&#8220;0&#8243; column_width_pixel=&#8220;800&#8243;][vc_column_text]<\/p>\n<h2>Heuersparnis<\/h2>\n<p>Pferdebesitzer sch\u00e4tzen die Verwendung von Heunetzen auch aus praktischen Gr\u00fcnden. Heunetze reduzieren die Heuverschwendung, indem sie das Heu zusammenhalten. Pferde k\u00f6nnen das Heu fressen, ohne es zu zertrampeln oder zu verschmutzen, was weniger verschwendetes Heu bedeutet. Dar\u00fcber hinaus erleichtern Heunetze den Transport und die Lagerung von Heu, indem sie es gut organisiert und gebrauchsfertig halten.   <\/p>\n<p>Zusammenfassend l\u00e4sst sich sagen, dass die Verwendung von Heunetzen zahlreiche Vorteile f\u00fcr eine optimale Pferdef\u00fctterung bietet. Sie f\u00f6rdern eine langsame und regelm\u00e4\u00dfige F\u00fctterung, was die Verdauungsgesundheit der Pferde verbessert und zur Aufrechterhaltung eines angemessenen K\u00f6rpergewichts beitr\u00e4gt. Dar\u00fcber hinaus reduzieren Heunetze die Heuverschwendung und erleichtern das F\u00fctterungsmanagement der Pferde. Pferdebesitzer sollten daher die Einf\u00fchrung dieser Methode in Betracht ziehen, um das Wohlbefinden und die Leistung ihrer Pferde zu gew\u00e4hrleisten.<\/p>\n<p>[\/vc_column_text][\/vc_column][\/vc_row]<\/p>\n<\/div>","protected":false},"excerpt":{"rendered":"<p>[vc_row row_height_percent=&#8220;0&#8243; override_padding=&#8220;yes&#8220; h_padding=&#8220;2&#8243; top_padding=&#8220;5&#8243; bottom_padding=&#8220;3&#8243; overlay_alpha=&#8220;100&#8243; gutter_size=&#8220;3&#8243; column_width_percent=&#8220;100&#8243; shift_y=&#8220;0&#8243; z_index=&#8220;0&#8243; row_height_use_pixel=&#8220;&#8220;][vc_column column_width_use_pixel=&#8220;yes&#8220; gutter_size=&#8220;3&#8243; overlay_alpha=&#8220;50&#8243; shift_x=&#8220;0&#8243; shift_y=&#8220;0&#8243; medium_width=&#8220;0&#8243; zoom_width=&#8220;0&#8243; zoom_height=&#8220;0&#8243; [&hellip;]<\/p>\n","protected":false},"author":6,"featured_media":82979,"parent":0,"menu_order":0,"comment_status":"closed","ping_status":"closed","template":"","meta":{"footnotes":""},"class_list":["post-83734","page","type-page","status-publish","has-post-thumbnail","hentry","page_category-leitfaden"],"yoast_head":"<!-- This site is optimized with the Yoast SEO plugin v26.7 - https:\/\/yoast.com\/wordpress\/plugins\/seo\/ -->\n<title>Die Vorteile der Verwendung eines Heunetzes - Filets \u00e0 Foin<\/title>\n<meta name=\"robots\" content=\"index, follow, max-snippet:-1, max-image-preview:large, max-video-preview:-1\" \/>\n<link rel=\"canonical\" href=\"https:\/\/filetafoin.com\/de\/die-vorteile-der-verwendung-eines-heunetzes\/\" \/>\n<meta property=\"og:locale\" content=\"de_DE\" \/>\n<meta property=\"og:type\" content=\"article\" \/>\n<meta property=\"og:title\" content=\"Die Vorteile der Verwendung eines Heunetzes - Filets \u00e0 Foin\" \/>\n<meta property=\"og:description\" content=\"[vc_row row_height_percent=&#8220;0&#8243; override_padding=&#8220;yes&#8220; h_padding=&#8220;2&#8243; top_padding=&#8220;5&#8243; bottom_padding=&#8220;3&#8243; overlay_alpha=&#8220;100&#8243; gutter_size=&#8220;3&#8243; column_width_percent=&#8220;100&#8243; shift_y=&#8220;0&#8243; z_index=&#8220;0&#8243; row_height_use_pixel=&#8220;&#8220;][vc_column column_width_use_pixel=&#8220;yes&#8220; gutter_size=&#8220;3&#8243; overlay_alpha=&#8220;50&#8243; shift_x=&#8220;0&#8243; shift_y=&#8220;0&#8243; medium_width=&#8220;0&#8243; zoom_width=&#8220;0&#8243; zoom_height=&#8220;0&#8243; [&hellip;]\" \/>\n<meta property=\"og:url\" content=\"https:\/\/filetafoin.com\/de\/die-vorteile-der-verwendung-eines-heunetzes\/\" \/>\n<meta property=\"og:site_name\" content=\"Filets \u00e0 Foin\" \/>\n<meta property=\"article:modified_time\" content=\"2026-01-13T16:52:07+00:00\" \/>\n<meta property=\"og:image\" content=\"https:\/\/filetafoin.com\/wp-content\/uploads\/2024\/02\/IMG-20231124-WA0086.jpg\" \/>\n\t<meta property=\"og:image:width\" content=\"1200\" \/>\n\t<meta property=\"og:image:height\" content=\"1600\" \/>\n\t<meta property=\"og:image:type\" content=\"image\/jpeg\" \/>\n<meta name=\"twitter:card\" content=\"summary_large_image\" \/>\n<meta name=\"twitter:label1\" content=\"Gesch\u00e4tzte Lesezeit\" \/>\n\t<meta name=\"twitter:data1\" content=\"4\u00a0Minuten\" \/>\n<script type=\"application\/ld+json\" class=\"yoast-schema-graph\">{\"@context\":\"https:\/\/schema.org\",\"@graph\":[{\"@type\":\"WebPage\",\"@id\":\"https:\/\/filetafoin.com\/de\/die-vorteile-der-verwendung-eines-heunetzes\/\",\"url\":\"https:\/\/filetafoin.com\/de\/die-vorteile-der-verwendung-eines-heunetzes\/\",\"name\":\"Die Vorteile der Verwendung eines Heunetzes - Filets \u00e0 Foin\",\"isPartOf\":{\"@id\":\"https:\/\/filetafoin.com\/de\/#website\"},\"primaryImageOfPage\":{\"@id\":\"https:\/\/filetafoin.com\/de\/die-vorteile-der-verwendung-eines-heunetzes\/#primaryimage\"},\"image\":{\"@id\":\"https:\/\/filetafoin.com\/de\/die-vorteile-der-verwendung-eines-heunetzes\/#primaryimage\"},\"thumbnailUrl\":\"https:\/\/filetafoin.com\/wp-content\/uploads\/2024\/02\/IMG-20231124-WA0086.jpg\",\"datePublished\":\"2024-02-19T14:15:53+00:00\",\"dateModified\":\"2026-01-13T16:52:07+00:00\",\"breadcrumb\":{\"@id\":\"https:\/\/filetafoin.com\/de\/die-vorteile-der-verwendung-eines-heunetzes\/#breadcrumb\"},\"inLanguage\":\"de\",\"potentialAction\":[{\"@type\":\"ReadAction\",\"target\":[\"https:\/\/filetafoin.com\/de\/die-vorteile-der-verwendung-eines-heunetzes\/\"]}]},{\"@type\":\"ImageObject\",\"inLanguage\":\"de\",\"@id\":\"https:\/\/filetafoin.com\/de\/die-vorteile-der-verwendung-eines-heunetzes\/#primaryimage\",\"url\":\"https:\/\/filetafoin.com\/wp-content\/uploads\/2024\/02\/IMG-20231124-WA0086.jpg\",\"contentUrl\":\"https:\/\/filetafoin.com\/wp-content\/uploads\/2024\/02\/IMG-20231124-WA0086.jpg\",\"width\":1200,\"height\":1600},{\"@type\":\"BreadcrumbList\",\"@id\":\"https:\/\/filetafoin.com\/de\/die-vorteile-der-verwendung-eines-heunetzes\/#breadcrumb\",\"itemListElement\":[{\"@type\":\"ListItem\",\"position\":1,\"name\":\"Accueil\",\"item\":\"https:\/\/filetafoin.com\/de\/spezialist-fuer-heunetze-fuer-pferde\/\"},{\"@type\":\"ListItem\",\"position\":2,\"name\":\"Die Vorteile der Verwendung eines Heunetzes\"}]},{\"@type\":\"WebSite\",\"@id\":\"https:\/\/filetafoin.com\/de\/#website\",\"url\":\"https:\/\/filetafoin.com\/de\/\",\"name\":\"Filets \u00e0 Foin\",\"description\":\"Sp\u00e9cialiste du Filet \u00e0 Foin pour Chevaux\",\"potentialAction\":[{\"@type\":\"SearchAction\",\"target\":{\"@type\":\"EntryPoint\",\"urlTemplate\":\"https:\/\/filetafoin.com\/de\/?s={search_term_string}\"},\"query-input\":{\"@type\":\"PropertyValueSpecification\",\"valueRequired\":true,\"valueName\":\"search_term_string\"}}],\"inLanguage\":\"de\"}]}<\/script>\n<!-- \/ Yoast SEO plugin. -->","yoast_head_json":{"title":"Die Vorteile der Verwendung eines Heunetzes - Filets \u00e0 Foin","robots":{"index":"index","follow":"follow","max-snippet":"max-snippet:-1","max-image-preview":"max-image-preview:large","max-video-preview":"max-video-preview:-1"},"canonical":"https:\/\/filetafoin.com\/de\/die-vorteile-der-verwendung-eines-heunetzes\/","og_locale":"de_DE","og_type":"article","og_title":"Die Vorteile der Verwendung eines Heunetzes - Filets \u00e0 Foin","og_description":"[vc_row row_height_percent=&#8220;0&#8243; override_padding=&#8220;yes&#8220; h_padding=&#8220;2&#8243; top_padding=&#8220;5&#8243; bottom_padding=&#8220;3&#8243; overlay_alpha=&#8220;100&#8243; gutter_size=&#8220;3&#8243; column_width_percent=&#8220;100&#8243; shift_y=&#8220;0&#8243; z_index=&#8220;0&#8243; row_height_use_pixel=&#8220;&#8220;][vc_column column_width_use_pixel=&#8220;yes&#8220; gutter_size=&#8220;3&#8243; overlay_alpha=&#8220;50&#8243; shift_x=&#8220;0&#8243; shift_y=&#8220;0&#8243; medium_width=&#8220;0&#8243; zoom_width=&#8220;0&#8243; zoom_height=&#8220;0&#8243; [&hellip;]","og_url":"https:\/\/filetafoin.com\/de\/die-vorteile-der-verwendung-eines-heunetzes\/","og_site_name":"Filets \u00e0 Foin","article_modified_time":"2026-01-13T16:52:07+00:00","og_image":[{"width":1200,"height":1600,"url":"https:\/\/filetafoin.com\/wp-content\/uploads\/2024\/02\/IMG-20231124-WA0086.jpg","type":"image\/jpeg"}],"twitter_card":"summary_large_image","twitter_misc":{"Gesch\u00e4tzte Lesezeit":"4\u00a0Minuten"},"schema":{"@context":"https:\/\/schema.org","@graph":[{"@type":"WebPage","@id":"https:\/\/filetafoin.com\/de\/die-vorteile-der-verwendung-eines-heunetzes\/","url":"https:\/\/filetafoin.com\/de\/die-vorteile-der-verwendung-eines-heunetzes\/","name":"Die Vorteile der Verwendung eines Heunetzes - Filets \u00e0 Foin","isPartOf":{"@id":"https:\/\/filetafoin.com\/de\/#website"},"primaryImageOfPage":{"@id":"https:\/\/filetafoin.com\/de\/die-vorteile-der-verwendung-eines-heunetzes\/#primaryimage"},"image":{"@id":"https:\/\/filetafoin.com\/de\/die-vorteile-der-verwendung-eines-heunetzes\/#primaryimage"},"thumbnailUrl":"https:\/\/filetafoin.com\/wp-content\/uploads\/2024\/02\/IMG-20231124-WA0086.jpg","datePublished":"2024-02-19T14:15:53+00:00","dateModified":"2026-01-13T16:52:07+00:00","breadcrumb":{"@id":"https:\/\/filetafoin.com\/de\/die-vorteile-der-verwendung-eines-heunetzes\/#breadcrumb"},"inLanguage":"de","potentialAction":[{"@type":"ReadAction","target":["https:\/\/filetafoin.com\/de\/die-vorteile-der-verwendung-eines-heunetzes\/"]}]},{"@type":"ImageObject","inLanguage":"de","@id":"https:\/\/filetafoin.com\/de\/die-vorteile-der-verwendung-eines-heunetzes\/#primaryimage","url":"https:\/\/filetafoin.com\/wp-content\/uploads\/2024\/02\/IMG-20231124-WA0086.jpg","contentUrl":"https:\/\/filetafoin.com\/wp-content\/uploads\/2024\/02\/IMG-20231124-WA0086.jpg","width":1200,"height":1600},{"@type":"BreadcrumbList","@id":"https:\/\/filetafoin.com\/de\/die-vorteile-der-verwendung-eines-heunetzes\/#breadcrumb","itemListElement":[{"@type":"ListItem","position":1,"name":"Accueil","item":"https:\/\/filetafoin.com\/de\/spezialist-fuer-heunetze-fuer-pferde\/"},{"@type":"ListItem","position":2,"name":"Die Vorteile der Verwendung eines Heunetzes"}]},{"@type":"WebSite","@id":"https:\/\/filetafoin.com\/de\/#website","url":"https:\/\/filetafoin.com\/de\/","name":"Filets \u00e0 Foin","description":"Sp\u00e9cialiste du Filet \u00e0 Foin pour Chevaux","potentialAction":[{"@type":"SearchAction","target":{"@type":"EntryPoint","urlTemplate":"https:\/\/filetafoin.com\/de\/?s={search_term_string}"},"query-input":{"@type":"PropertyValueSpecification","valueRequired":true,"valueName":"search_term_string"}}],"inLanguage":"de"}]}},"_links":{"self":[{"href":"https:\/\/filetafoin.com\/de\/wp-json\/wp\/v2\/pages\/83734","targetHints":{"allow":["GET"]}}],"collection":[{"href":"https:\/\/filetafoin.com\/de\/wp-json\/wp\/v2\/pages"}],"about":[{"href":"https:\/\/filetafoin.com\/de\/wp-json\/wp\/v2\/types\/page"}],"author":[{"embeddable":true,"href":"https:\/\/filetafoin.com\/de\/wp-json\/wp\/v2\/users\/6"}],"replies":[{"embeddable":true,"href":"https:\/\/filetafoin.com\/de\/wp-json\/wp\/v2\/comments?post=83734"}],"version-history":[{"count":3,"href":"https:\/\/filetafoin.com\/de\/wp-json\/wp\/v2\/pages\/83734\/revisions"}],"predecessor-version":[{"id":83738,"href":"https:\/\/filetafoin.com\/de\/wp-json\/wp\/v2\/pages\/83734\/revisions\/83738"}],"wp:featuredmedia":[{"embeddable":true,"href":"https:\/\/filetafoin.com\/de\/wp-json\/wp\/v2\/media\/82979"}],"wp:attachment":[{"href":"https:\/\/filetafoin.com\/de\/wp-json\/wp\/v2\/media?parent=83734"}],"curies":[{"name":"wp","href":"https:\/\/api.w.org\/{rel}","templated":true}]}}