{"id":83739,"date":"2024-01-12T15:56:20","date_gmt":"2024-01-12T14:56:20","guid":{"rendered":"https:\/\/filetafoin.com\/welchen-nutzen-hat-die-verwendung-eines-heunetzes-im-winter-fuer-pferde\/"},"modified":"2026-01-13T17:52:41","modified_gmt":"2026-01-13T16:52:41","slug":"welchen-nutzen-hat-die-verwendung-eines-heunetzes-im-winter-fuer-pferde","status":"publish","type":"page","link":"https:\/\/filetafoin.com\/de\/welchen-nutzen-hat-die-verwendung-eines-heunetzes-im-winter-fuer-pferde\/","title":{"rendered":"Welchen Nutzen hat die Verwendung eines Heunetzes im Winter f\u00fcr Pferde?"},"content":{"rendered":"<div class=\"wpb-content-wrapper\"><p>[vc_row row_height_percent=&#8220;0&#8243; override_padding=&#8220;yes&#8220; h_padding=&#8220;2&#8243; top_padding=&#8220;5&#8243; bottom_padding=&#8220;3&#8243; overlay_alpha=&#8220;100&#8243; gutter_size=&#8220;3&#8243; column_width_percent=&#8220;100&#8243; shift_y=&#8220;0&#8243; z_index=&#8220;0&#8243; row_height_use_pixel=&#8220;&#8220;][vc_column column_width_use_pixel=&#8220;yes&#8220; gutter_size=&#8220;3&#8243; overlay_alpha=&#8220;50&#8243; shift_x=&#8220;0&#8243; shift_y=&#8220;0&#8243; medium_width=&#8220;0&#8243; zoom_width=&#8220;0&#8243; zoom_height=&#8220;0&#8243; column_width_pixel=&#8220;800&#8243;][vc_column_text]<\/p>\n<h2>Der Winter, eine raue Jahreszeit<\/h2>\n<p>Der Winter ist eine anspruchsvolle Zeit f\u00fcr unsere Pferde, und das richtige Management ihrer F\u00fctterung wird entscheidend, um ihre Gesundheit und ihr Wohlbefinden zu erhalten. Die Verwendung eines Heunetzes w\u00e4hrend dieser kalten Jahreszeit kann sich f\u00fcr Pferde als \u00e4u\u00dferst vorteilhaft erweisen und bietet eine praktische und effektive L\u00f6sung, um ihren Ern\u00e4hrungsbed\u00fcrfnissen gerecht zu werden.<br \/>\nEiner der Hauptvorteile der Verwendung eines Heunetzes im Winter liegt in der optimalen F\u00fctterungsverwaltung der Pferde. Normalerweise haben Pferde den ganzen Tag Zugang zu Gras, doch im Winter nimmt die Verf\u00fcgbarkeit von frischem Gras ab. Pferdebesitzer stehen oft vor der Herausforderung, ausreichend Heu zur Verf\u00fcgung zu stellen, um den Ern\u00e4hrungsbed\u00fcrfnissen ihrer Tiere gerecht zu werden.[\/vc_column_text][\/vc_column][\/vc_row][vc_row row_height_percent=&#8220;0&#8243; override_padding=&#8220;yes&#8220; h_padding=&#8220;2&#8243; top_padding=&#8220;0&#8243; bottom_padding=&#8220;0&#8243; overlay_alpha=&#8220;100&#8243; gutter_size=&#8220;3&#8243; column_width_percent=&#8220;100&#8243; shift_y=&#8220;0&#8243; z_index=&#8220;0&#8243; row_height_use_pixel=&#8220;&#8220;][vc_column column_width_use_pixel=&#8220;yes&#8220; gutter_size=&#8220;3&#8243; overlay_alpha=&#8220;50&#8243; shift_x=&#8220;0&#8243; shift_y=&#8220;0&#8243; medium_width=&#8220;0&#8243; zoom_width=&#8220;0&#8243; zoom_height=&#8220;0&#8243; width=&#8220;5\/6&#8243;][vc_single_image media=&#8220;83740&#8243; media_width_percent=&#8220;100&#8243; media_ratio=&#8220;three-two&#8220; media_title_uppercase=&#8220;&#8220;][\/vc_column][vc_column column_width_percent=&#8220;100&#8243; gutter_size=&#8220;3&#8243; overlay_alpha=&#8220;50&#8243; shift_x=&#8220;0&#8243; shift_y=&#8220;0&#8243; medium_width=&#8220;0&#8243; zoom_width=&#8220;0&#8243; zoom_height=&#8220;0&#8243; width=&#8220;1\/6&#8243;][vc_column_text]Das Heunetz erweist sich hier als praktische L\u00f6sung, indem es den Zugang zum Heu kontrolliert, Verschwendung vermeidet und eine regelm\u00e4\u00dfige Verteilung \u00fcber den Tag hinweg gew\u00e4hrleistet.[\/vc_column_text][\/vc_column][\/vc_row][vc_row row_height_percent=&#8220;0&#8243; override_padding=&#8220;yes&#8220; h_padding=&#8220;2&#8243; top_padding=&#8220;3&#8243; bottom_padding=&#8220;3&#8243; overlay_alpha=&#8220;100&#8243; gutter_size=&#8220;3&#8243; column_width_percent=&#8220;100&#8243; shift_y=&#8220;0&#8243; z_index=&#8220;0&#8243; row_height_use_pixel=&#8220;&#8220;][vc_column column_width_use_pixel=&#8220;yes&#8220; gutter_size=&#8220;3&#8243; overlay_alpha=&#8220;50&#8243; shift_x=&#8220;0&#8243; shift_y=&#8220;0&#8243; medium_width=&#8220;0&#8243; zoom_width=&#8220;0&#8243; zoom_height=&#8220;0&#8243; column_width_pixel=&#8220;800&#8243;][vc_column_text]<\/p>\n<h2>Das Heunetz gegen Fettleibigkeit und Langeweile<\/h2>\n<p>Indem es den Zugang zum Heu begrenzt, tr\u00e4gt das Heunetz auch dazu bei, Fettleibigkeit bei Pferden vorzubeugen. Im Winter, wenn die k\u00f6rperliche Aktivit\u00e4t aufgrund schwieriger Wetterbedingungen reduziert sein kann, steigt das Risiko einer unerw\u00fcnschten Gewichtszunahme. Das Heunetz f\u00f6rdert eine langsamere Futteraufnahme, die den nat\u00fcrlichen Fressgewohnheiten frei weidender Pferde \u00e4hnlicher ist. Dies f\u00f6rdert eine bessere Verdauung und begrenzt die Risiken von stoffwechselbedingten Problemen, die mit Fettleibigkeit einhergehen.<br \/>\nDar\u00fcber hinaus kann die Verwendung eines Heunetzes dazu beitragen, Langeweile bei Pferden zu verhindern, die im Winter eingestallt sind. Mit eingeschr\u00e4nktem Zugang nach drau\u00dfen und zu Weiden k\u00f6nnen sich Pferde schnell langweilen, was zu unerw\u00fcnschtem Verhalten wie dem Nagen an Z\u00e4unen oder der Entwicklung von Untugenden f\u00fchren kann. Indem man Heu durch ein Netz anbietet, bietet man den Pferden eine nat\u00fcrliche Besch\u00e4ftigung, die sie dazu anregt, mehr Zeit mit Fressen zu verbringen, was zur Reduzierung von Stress und Langeweile beitr\u00e4gt.[\/vc_column_text][\/vc_column][\/vc_row][vc_row row_height_percent=&#8220;0&#8243; override_padding=&#8220;yes&#8220; h_padding=&#8220;2&#8243; top_padding=&#8220;3&#8243; bottom_padding=&#8220;3&#8243; overlay_alpha=&#8220;100&#8243; gutter_size=&#8220;3&#8243; column_width_percent=&#8220;100&#8243; shift_y=&#8220;0&#8243; z_index=&#8220;0&#8243; row_height_use_pixel=&#8220;&#8220;][vc_column column_width_use_pixel=&#8220;yes&#8220; gutter_size=&#8220;3&#8243; overlay_alpha=&#8220;50&#8243; shift_x=&#8220;0&#8243; shift_y=&#8220;0&#8243; medium_width=&#8220;0&#8243; zoom_width=&#8220;0&#8243; zoom_height=&#8220;0&#8243; column_width_pixel=&#8220;800&#8243;][vc_column_text]<\/p>\n<h2>Das Heunetz gegen Verschwendung und f\u00fcr eine bessere Zahngesundheit:<\/h2>\n<p>Ein weiterer entscheidender Vorteil des Heunetzes im Winter ist die Reduzierung von Verschwendung. Indem das Heu durch ein Netz verteilt wird, haben Pferde weniger M\u00f6glichkeiten, ihr Futter zu zertrampeln oder zu verschmutzen. Dies minimiert Verluste, spart Heu und senkt die Kosten, die mit der Futterversorgung w\u00e4hrend der Wintersaison verbunden sind. Dar\u00fcber hinaus tr\u00e4gt die Reduzierung der Verschwendung auch zum Umweltschutz bei, indem die Menge des weggeworfenen Heus minimiert wird.<br \/>\nSchlie\u00dflich kann die Verwendung eines Heunetzes im Winter Vorteile f\u00fcr die Zahngesundheit der Pferde haben. Das Kauen von Heu \u00fcber den Tag hinweg f\u00f6rdert den nat\u00fcrlichen Abrieb der Z\u00e4hne und tr\u00e4gt so zur Erhaltung einer guten Mundgesundheit bei. Zahnprobleme sind bei Pferden h\u00e4ufig, und eine F\u00fctterung mit Heu, das durch ein Netz verteilt wird, kann eine einfache pr\u00e4ventive Methode sein, um diese Probleme zu vermeiden.     <\/p>\n<p>Zusammenfassend l\u00e4sst sich sagen, dass die Verwendung eines Heunetzes im Winter zahlreiche Vorteile f\u00fcr die F\u00fctterungsverwaltung von Pferden bietet. Indem es den Zugang zum Heu kontrolliert, Fettleibigkeit vorbeugt, Langeweile bek\u00e4mpft, Verschwendung reduziert und die Zahngesundheit f\u00f6rdert, erweist sich das Heunetz als vielseitige und wesentliche L\u00f6sung, um das Wohlbefinden der Pferde w\u00e4hrend der Wintersaison zu gew\u00e4hrleisten. Pferdebesitzer sollten diese Option als eine vorteilhafte Praxis betrachten, um ihre Pferde den ganzen Winter \u00fcber gesund und gl\u00fccklich zu halten.<\/p>\n<p>[\/vc_column_text][\/vc_column][\/vc_row]<\/p>\n<\/div>","protected":false},"excerpt":{"rendered":"<p>[vc_row row_height_percent=&#8220;0&#8243; override_padding=&#8220;yes&#8220; h_padding=&#8220;2&#8243; top_padding=&#8220;5&#8243; bottom_padding=&#8220;3&#8243; overlay_alpha=&#8220;100&#8243; gutter_size=&#8220;3&#8243; column_width_percent=&#8220;100&#8243; shift_y=&#8220;0&#8243; z_index=&#8220;0&#8243; row_height_use_pixel=&#8220;&#8220;][vc_column column_width_use_pixel=&#8220;yes&#8220; gutter_size=&#8220;3&#8243; overlay_alpha=&#8220;50&#8243; shift_x=&#8220;0&#8243; shift_y=&#8220;0&#8243; medium_width=&#8220;0&#8243; zoom_width=&#8220;0&#8243; zoom_height=&#8220;0&#8243; [&hellip;]<\/p>\n","protected":false},"author":6,"featured_media":82937,"parent":0,"menu_order":0,"comment_status":"closed","ping_status":"closed","template":"","meta":{"footnotes":""},"class_list":["post-83739","page","type-page","status-publish","has-post-thumbnail","hentry","page_category-leitfaden"],"yoast_head":"<!-- This site is optimized with the Yoast SEO plugin v26.7 - https:\/\/yoast.com\/wordpress\/plugins\/seo\/ -->\n<title>Welchen Nutzen hat die Verwendung eines Heunetzes im Winter f\u00fcr Pferde? - Filets \u00e0 Foin<\/title>\n<meta name=\"robots\" content=\"index, follow, max-snippet:-1, max-image-preview:large, max-video-preview:-1\" \/>\n<link rel=\"canonical\" href=\"https:\/\/filetafoin.com\/de\/welchen-nutzen-hat-die-verwendung-eines-heunetzes-im-winter-fuer-pferde\/\" \/>\n<meta property=\"og:locale\" content=\"de_DE\" \/>\n<meta property=\"og:type\" content=\"article\" \/>\n<meta property=\"og:title\" content=\"Welchen Nutzen hat die Verwendung eines Heunetzes im Winter f\u00fcr Pferde? - Filets \u00e0 Foin\" \/>\n<meta property=\"og:description\" content=\"[vc_row row_height_percent=&#8220;0&#8243; override_padding=&#8220;yes&#8220; h_padding=&#8220;2&#8243; top_padding=&#8220;5&#8243; bottom_padding=&#8220;3&#8243; overlay_alpha=&#8220;100&#8243; gutter_size=&#8220;3&#8243; column_width_percent=&#8220;100&#8243; shift_y=&#8220;0&#8243; z_index=&#8220;0&#8243; row_height_use_pixel=&#8220;&#8220;][vc_column column_width_use_pixel=&#8220;yes&#8220; gutter_size=&#8220;3&#8243; overlay_alpha=&#8220;50&#8243; shift_x=&#8220;0&#8243; shift_y=&#8220;0&#8243; medium_width=&#8220;0&#8243; zoom_width=&#8220;0&#8243; zoom_height=&#8220;0&#8243; [&hellip;]\" \/>\n<meta property=\"og:url\" content=\"https:\/\/filetafoin.com\/de\/welchen-nutzen-hat-die-verwendung-eines-heunetzes-im-winter-fuer-pferde\/\" \/>\n<meta property=\"og:site_name\" content=\"Filets \u00e0 Foin\" \/>\n<meta property=\"article:modified_time\" content=\"2026-01-13T16:52:41+00:00\" \/>\n<meta property=\"og:image\" content=\"https:\/\/filetafoin.com\/wp-content\/uploads\/2024\/01\/hiver3-scaled.jpg\" \/>\n\t<meta property=\"og:image:width\" content=\"1920\" \/>\n\t<meta property=\"og:image:height\" content=\"2560\" \/>\n\t<meta property=\"og:image:type\" content=\"image\/jpeg\" \/>\n<meta name=\"twitter:card\" content=\"summary_large_image\" \/>\n<meta name=\"twitter:label1\" content=\"Gesch\u00e4tzte Lesezeit\" \/>\n\t<meta name=\"twitter:data1\" content=\"4\u00a0Minuten\" \/>\n<script type=\"application\/ld+json\" class=\"yoast-schema-graph\">{\"@context\":\"https:\/\/schema.org\",\"@graph\":[{\"@type\":\"WebPage\",\"@id\":\"https:\/\/filetafoin.com\/de\/welchen-nutzen-hat-die-verwendung-eines-heunetzes-im-winter-fuer-pferde\/\",\"url\":\"https:\/\/filetafoin.com\/de\/welchen-nutzen-hat-die-verwendung-eines-heunetzes-im-winter-fuer-pferde\/\",\"name\":\"Welchen Nutzen hat die Verwendung eines Heunetzes im Winter f\u00fcr Pferde? - Filets \u00e0 Foin\",\"isPartOf\":{\"@id\":\"https:\/\/filetafoin.com\/de\/#website\"},\"primaryImageOfPage\":{\"@id\":\"https:\/\/filetafoin.com\/de\/welchen-nutzen-hat-die-verwendung-eines-heunetzes-im-winter-fuer-pferde\/#primaryimage\"},\"image\":{\"@id\":\"https:\/\/filetafoin.com\/de\/welchen-nutzen-hat-die-verwendung-eines-heunetzes-im-winter-fuer-pferde\/#primaryimage\"},\"thumbnailUrl\":\"https:\/\/filetafoin.com\/wp-content\/uploads\/2024\/01\/hiver3-scaled.jpg\",\"datePublished\":\"2024-01-12T14:56:20+00:00\",\"dateModified\":\"2026-01-13T16:52:41+00:00\",\"breadcrumb\":{\"@id\":\"https:\/\/filetafoin.com\/de\/welchen-nutzen-hat-die-verwendung-eines-heunetzes-im-winter-fuer-pferde\/#breadcrumb\"},\"inLanguage\":\"de\",\"potentialAction\":[{\"@type\":\"ReadAction\",\"target\":[\"https:\/\/filetafoin.com\/de\/welchen-nutzen-hat-die-verwendung-eines-heunetzes-im-winter-fuer-pferde\/\"]}]},{\"@type\":\"ImageObject\",\"inLanguage\":\"de\",\"@id\":\"https:\/\/filetafoin.com\/de\/welchen-nutzen-hat-die-verwendung-eines-heunetzes-im-winter-fuer-pferde\/#primaryimage\",\"url\":\"https:\/\/filetafoin.com\/wp-content\/uploads\/2024\/01\/hiver3-scaled.jpg\",\"contentUrl\":\"https:\/\/filetafoin.com\/wp-content\/uploads\/2024\/01\/hiver3-scaled.jpg\",\"width\":1920,\"height\":2560},{\"@type\":\"BreadcrumbList\",\"@id\":\"https:\/\/filetafoin.com\/de\/welchen-nutzen-hat-die-verwendung-eines-heunetzes-im-winter-fuer-pferde\/#breadcrumb\",\"itemListElement\":[{\"@type\":\"ListItem\",\"position\":1,\"name\":\"Accueil\",\"item\":\"https:\/\/filetafoin.com\/de\/spezialist-fuer-heunetze-fuer-pferde\/\"},{\"@type\":\"ListItem\",\"position\":2,\"name\":\"Welchen Nutzen hat die Verwendung eines Heunetzes im Winter f\u00fcr Pferde?\"}]},{\"@type\":\"WebSite\",\"@id\":\"https:\/\/filetafoin.com\/de\/#website\",\"url\":\"https:\/\/filetafoin.com\/de\/\",\"name\":\"Filets \u00e0 Foin\",\"description\":\"Sp\u00e9cialiste du Filet \u00e0 Foin pour Chevaux\",\"potentialAction\":[{\"@type\":\"SearchAction\",\"target\":{\"@type\":\"EntryPoint\",\"urlTemplate\":\"https:\/\/filetafoin.com\/de\/?s={search_term_string}\"},\"query-input\":{\"@type\":\"PropertyValueSpecification\",\"valueRequired\":true,\"valueName\":\"search_term_string\"}}],\"inLanguage\":\"de\"}]}<\/script>\n<!-- \/ Yoast SEO plugin. -->","yoast_head_json":{"title":"Welchen Nutzen hat die Verwendung eines Heunetzes im Winter f\u00fcr Pferde? - Filets \u00e0 Foin","robots":{"index":"index","follow":"follow","max-snippet":"max-snippet:-1","max-image-preview":"max-image-preview:large","max-video-preview":"max-video-preview:-1"},"canonical":"https:\/\/filetafoin.com\/de\/welchen-nutzen-hat-die-verwendung-eines-heunetzes-im-winter-fuer-pferde\/","og_locale":"de_DE","og_type":"article","og_title":"Welchen Nutzen hat die Verwendung eines Heunetzes im Winter f\u00fcr Pferde? - Filets \u00e0 Foin","og_description":"[vc_row row_height_percent=&#8220;0&#8243; override_padding=&#8220;yes&#8220; h_padding=&#8220;2&#8243; top_padding=&#8220;5&#8243; bottom_padding=&#8220;3&#8243; overlay_alpha=&#8220;100&#8243; gutter_size=&#8220;3&#8243; column_width_percent=&#8220;100&#8243; shift_y=&#8220;0&#8243; z_index=&#8220;0&#8243; row_height_use_pixel=&#8220;&#8220;][vc_column column_width_use_pixel=&#8220;yes&#8220; gutter_size=&#8220;3&#8243; overlay_alpha=&#8220;50&#8243; shift_x=&#8220;0&#8243; shift_y=&#8220;0&#8243; medium_width=&#8220;0&#8243; zoom_width=&#8220;0&#8243; zoom_height=&#8220;0&#8243; [&hellip;]","og_url":"https:\/\/filetafoin.com\/de\/welchen-nutzen-hat-die-verwendung-eines-heunetzes-im-winter-fuer-pferde\/","og_site_name":"Filets \u00e0 Foin","article_modified_time":"2026-01-13T16:52:41+00:00","og_image":[{"width":1920,"height":2560,"url":"https:\/\/filetafoin.com\/wp-content\/uploads\/2024\/01\/hiver3-scaled.jpg","type":"image\/jpeg"}],"twitter_card":"summary_large_image","twitter_misc":{"Gesch\u00e4tzte Lesezeit":"4\u00a0Minuten"},"schema":{"@context":"https:\/\/schema.org","@graph":[{"@type":"WebPage","@id":"https:\/\/filetafoin.com\/de\/welchen-nutzen-hat-die-verwendung-eines-heunetzes-im-winter-fuer-pferde\/","url":"https:\/\/filetafoin.com\/de\/welchen-nutzen-hat-die-verwendung-eines-heunetzes-im-winter-fuer-pferde\/","name":"Welchen Nutzen hat die Verwendung eines Heunetzes im Winter f\u00fcr Pferde? - Filets \u00e0 Foin","isPartOf":{"@id":"https:\/\/filetafoin.com\/de\/#website"},"primaryImageOfPage":{"@id":"https:\/\/filetafoin.com\/de\/welchen-nutzen-hat-die-verwendung-eines-heunetzes-im-winter-fuer-pferde\/#primaryimage"},"image":{"@id":"https:\/\/filetafoin.com\/de\/welchen-nutzen-hat-die-verwendung-eines-heunetzes-im-winter-fuer-pferde\/#primaryimage"},"thumbnailUrl":"https:\/\/filetafoin.com\/wp-content\/uploads\/2024\/01\/hiver3-scaled.jpg","datePublished":"2024-01-12T14:56:20+00:00","dateModified":"2026-01-13T16:52:41+00:00","breadcrumb":{"@id":"https:\/\/filetafoin.com\/de\/welchen-nutzen-hat-die-verwendung-eines-heunetzes-im-winter-fuer-pferde\/#breadcrumb"},"inLanguage":"de","potentialAction":[{"@type":"ReadAction","target":["https:\/\/filetafoin.com\/de\/welchen-nutzen-hat-die-verwendung-eines-heunetzes-im-winter-fuer-pferde\/"]}]},{"@type":"ImageObject","inLanguage":"de","@id":"https:\/\/filetafoin.com\/de\/welchen-nutzen-hat-die-verwendung-eines-heunetzes-im-winter-fuer-pferde\/#primaryimage","url":"https:\/\/filetafoin.com\/wp-content\/uploads\/2024\/01\/hiver3-scaled.jpg","contentUrl":"https:\/\/filetafoin.com\/wp-content\/uploads\/2024\/01\/hiver3-scaled.jpg","width":1920,"height":2560},{"@type":"BreadcrumbList","@id":"https:\/\/filetafoin.com\/de\/welchen-nutzen-hat-die-verwendung-eines-heunetzes-im-winter-fuer-pferde\/#breadcrumb","itemListElement":[{"@type":"ListItem","position":1,"name":"Accueil","item":"https:\/\/filetafoin.com\/de\/spezialist-fuer-heunetze-fuer-pferde\/"},{"@type":"ListItem","position":2,"name":"Welchen Nutzen hat die Verwendung eines Heunetzes im Winter f\u00fcr Pferde?"}]},{"@type":"WebSite","@id":"https:\/\/filetafoin.com\/de\/#website","url":"https:\/\/filetafoin.com\/de\/","name":"Filets \u00e0 Foin","description":"Sp\u00e9cialiste du Filet \u00e0 Foin pour Chevaux","potentialAction":[{"@type":"SearchAction","target":{"@type":"EntryPoint","urlTemplate":"https:\/\/filetafoin.com\/de\/?s={search_term_string}"},"query-input":{"@type":"PropertyValueSpecification","valueRequired":true,"valueName":"search_term_string"}}],"inLanguage":"de"}]}},"_links":{"self":[{"href":"https:\/\/filetafoin.com\/de\/wp-json\/wp\/v2\/pages\/83739","targetHints":{"allow":["GET"]}}],"collection":[{"href":"https:\/\/filetafoin.com\/de\/wp-json\/wp\/v2\/pages"}],"about":[{"href":"https:\/\/filetafoin.com\/de\/wp-json\/wp\/v2\/types\/page"}],"author":[{"embeddable":true,"href":"https:\/\/filetafoin.com\/de\/wp-json\/wp\/v2\/users\/6"}],"replies":[{"embeddable":true,"href":"https:\/\/filetafoin.com\/de\/wp-json\/wp\/v2\/comments?post=83739"}],"version-history":[{"count":5,"href":"https:\/\/filetafoin.com\/de\/wp-json\/wp\/v2\/pages\/83739\/revisions"}],"predecessor-version":[{"id":83749,"href":"https:\/\/filetafoin.com\/de\/wp-json\/wp\/v2\/pages\/83739\/revisions\/83749"}],"wp:featuredmedia":[{"embeddable":true,"href":"https:\/\/filetafoin.com\/de\/wp-json\/wp\/v2\/media\/82937"}],"wp:attachment":[{"href":"https:\/\/filetafoin.com\/de\/wp-json\/wp\/v2\/media?parent=83739"}],"curies":[{"name":"wp","href":"https:\/\/api.w.org\/{rel}","templated":true}]}}