{"id":83766,"date":"2023-12-29T15:53:37","date_gmt":"2023-12-29T14:53:37","guid":{"rendered":"https:\/\/filetafoin.com\/unsere-materialwahl-polyester\/"},"modified":"2026-01-13T17:53:25","modified_gmt":"2026-01-13T16:53:25","slug":"unsere-materialwahl-polyester","status":"publish","type":"page","link":"https:\/\/filetafoin.com\/de\/unsere-materialwahl-polyester\/","title":{"rendered":"Unsere Materialwahl: Polyester"},"content":{"rendered":"<div class=\"wpb-content-wrapper\"><p>[vc_row row_height_percent=&#8220;0&#8243; override_padding=&#8220;yes&#8220; h_padding=&#8220;2&#8243; top_padding=&#8220;5&#8243; bottom_padding=&#8220;0&#8243; overlay_alpha=&#8220;100&#8243; gutter_size=&#8220;3&#8243; column_width_percent=&#8220;100&#8243; shift_y=&#8220;0&#8243; z_index=&#8220;0&#8243; row_height_use_pixel=&#8220;&#8220;][vc_column column_width_use_pixel=&#8220;yes&#8220; gutter_size=&#8220;3&#8243; overlay_alpha=&#8220;50&#8243; shift_x=&#8220;0&#8243; shift_y=&#8220;0&#8243; medium_width=&#8220;0&#8243; zoom_width=&#8220;0&#8243; zoom_height=&#8220;0&#8243; column_width_pixel=&#8220;800&#8243;][vc_column_text]<\/p>\n<h2>Polyester, extrem widerstandsf\u00e4hig<\/h2>\n<p>Das Heunetz aus Polyester von filetafoin.com von <a href=\"http:\/\/www.feelnets.com\">Feelnets<\/a> bietet mehrere Vorteile gegen\u00fcber anderen bestehenden Materialien, insbesondere seine Robustheit.<\/p>\n<p>. Haltbarkeit: Polyester ist ein robustes Material, das gut gegen Verschlei\u00df und Witterungseinfl\u00fcsse best\u00e4ndig ist. Es kann \u00fcber mehrere Saisons hinweg verwendet werden, ohne sich zu zersetzen. Die Lebensdauer von im Freien verwendetem Polyester wird auf etwa zwanzig Jahre gesch\u00e4tzt.  <\/p>\n<p>. UV-Best\u00e4ndigkeit: Polyester ist auch best\u00e4ndig gegen die ultravioletten Strahlen der Sonne. Das bedeutet, dass das Heunetz aus Polyester unter Sonneneinstrahlung weder ausbleicht noch br\u00fcchig wird. <\/p>\n<p>Polyester hat eine sehr lange Lebensdauer und ist weniger anf\u00e4llig f\u00fcr Zersetzung durch UV-Strahlen, Schimmel, Feuchtigkeit usw.[\/vc_column_text][\/vc_column][\/vc_row][vc_row row_height_percent=&#8220;0&#8243; override_padding=&#8220;yes&#8220; h_padding=&#8220;2&#8243; top_padding=&#8220;3&#8243; bottom_padding=&#8220;3&#8243; overlay_alpha=&#8220;100&#8243; gutter_size=&#8220;3&#8243; column_width_percent=&#8220;100&#8243; shift_y=&#8220;0&#8243; z_index=&#8220;0&#8243; row_height_use_pixel=&#8220;&#8220;][vc_column column_width_use_pixel=&#8220;yes&#8220; gutter_size=&#8220;3&#8243; overlay_alpha=&#8220;50&#8243; shift_x=&#8220;0&#8243; shift_y=&#8220;0&#8243; medium_width=&#8220;0&#8243; zoom_width=&#8220;0&#8243; zoom_height=&#8220;0&#8243; column_width_pixel=&#8220;800&#8243;][vc_column_text]<\/p>\n<h2>Polyester: einfache Handhabung<\/h2>\n<p>. Leichtigkeit: Im Vergleich zu anderen Materialien ist das Heunetz aus Polyester leichter. Dies erleichtert die Installation und den Transport. <\/p>\n<p>. Benutzerfreundlichkeit: Heunetze aus Polyester sind in der Regel leicht und einfach zu handhaben, was sie beim Bef\u00fcllen und Verschlie\u00dfen von Heuballen praktisch macht. Das Heunetz aus Polyester von filetafoin.com von <a href=\"http:\/\/www.feelnets.com\">Feelnets<\/a> ist ein flexibles, leicht zu handhabendes Material. <\/p>\n<p>. Wasserdichtigkeit: Polyester ist von Natur aus feuchtigkeitsbest\u00e4ndig. Das bedeutet, dass das Heunetz aus Polyester nicht besch\u00e4digt wird, wenn es Regen oder Feuchtigkeit ausgesetzt ist. Es speichert kein Wasser und gefriert daher nicht. Es bleibt flexibel und leicht. Das Heu wird durch den Kontakt mit dem Polyesternetz nicht besch\u00e4digt.    <\/p>\n<p>. Pflegeleichtigkeit: Das Heunetz aus Polyester ist leicht zu reinigen. Sie k\u00f6nnen es von Hand, mit einem Hochdruckreiniger* oder in der Maschine waschen, ohne Besch\u00e4digungen bef\u00fcrchten zu m\u00fcssen.[\/vc_column_text][\/vc_column][\/vc_row][vc_row row_height_percent=&#8220;0&#8243; override_padding=&#8220;yes&#8220; h_padding=&#8220;2&#8243; top_padding=&#8220;0&#8243; bottom_padding=&#8220;0&#8243; overlay_alpha=&#8220;100&#8243; gutter_size=&#8220;3&#8243; column_width_percent=&#8220;100&#8243; shift_y=&#8220;0&#8243; z_index=&#8220;0&#8243; row_height_use_pixel=&#8220;&#8220;][vc_column column_width_use_pixel=&#8220;yes&#8220; gutter_size=&#8220;3&#8243; overlay_alpha=&#8220;50&#8243; shift_x=&#8220;0&#8243; shift_y=&#8220;0&#8243; medium_width=&#8220;0&#8243; zoom_width=&#8220;0&#8243; zoom_height=&#8220;0&#8243; width=&#8220;1\/2&#8243;][vc_single_image media=&#8220;83767&#8243; media_width_percent=&#8220;100&#8243; media_title_uppercase=&#8220;&#8220;][\/vc_column][vc_column column_width_percent=&#8220;100&#8243; gutter_size=&#8220;3&#8243; overlay_alpha=&#8220;50&#8243; shift_x=&#8220;0&#8243; shift_y=&#8220;0&#8243; medium_width=&#8220;0&#8243; zoom_width=&#8220;0&#8243; zoom_height=&#8220;0&#8243; width=&#8220;1\/2&#8243;][vc_column_text]<\/p>\n<h2>Das Heunetz aus Polyester erm\u00f6glicht Einsparungen<\/h2>\n<p>Heunetze aus Polyester sind rentabel, da sie l\u00e4nger halten als andere Materialien. Zus\u00e4tzlich zu den Heueinsparungen, die durch die Verwendung eines Heunetzes erzielt werden.[\/vc_column_text][\/vc_column][\/vc_row][vc_row row_height_percent=&#8220;0&#8243; override_padding=&#8220;yes&#8220; h_padding=&#8220;2&#8243; top_padding=&#8220;3&#8243; bottom_padding=&#8220;3&#8243; overlay_alpha=&#8220;100&#8243; gutter_size=&#8220;3&#8243; column_width_percent=&#8220;100&#8243; shift_y=&#8220;0&#8243; z_index=&#8220;0&#8243; row_height_use_pixel=&#8220;&#8220;][vc_column column_width_use_pixel=&#8220;yes&#8220; gutter_size=&#8220;3&#8243; overlay_alpha=&#8220;50&#8243; shift_x=&#8220;0&#8243; shift_y=&#8220;0&#8243; medium_width=&#8220;0&#8243; zoom_width=&#8220;0&#8243; zoom_height=&#8220;0&#8243; column_width_pixel=&#8220;800&#8243; width=&#8220;1\/1&#8243;][vc_column_text]<\/p>\n<h2>Gelassenheit dank der Verwendung unserer Polyesternetze<\/h2>\n<p>. Sicherheit: Heunetze aus Polyester sind widerstandsf\u00e4higer als Netze aus anderen Materialien. Dies ist besonders wichtig f\u00fcr die Sicherheit der Tiere, da ein st\u00e4rkeres Netz das Risiko von Rissen und Zerfall verringert. Es besteht kein Risiko der Materialaufnahme.  <\/p>\n<p>Das Polyester der Feelnets.com Heunetze ist Oeko-Tex-zertifiziert. Sie enthalten daher keine sch\u00e4dlichen Substanzen. Als Textil betrachtet, ist Polyester zu 100 % recycelbar.  <\/p>\n<p>. Umweltfreundlich: Die Heunetze von <a href=\"https:\/\/feelnets.com\/gamme-filet-sur-mesure\/autres-filets\/\">Feelnets<\/a> sind zu 100 % recycelbar.<\/p>\n<p>. Respektiert die Physiologie des Pferdes. Polyester ist ein Material, das nicht rau wird, somit schont es Zahnfleisch, Z\u00e4hne, Lippen und Tasthaare der Equiden; <\/p>\n<p>Das f\u00fcr Feelnets.com Heunetze verwendete Polyester ist eine widerstandsf\u00e4hige und langlebige Faser. Es wird wegen seiner F\u00e4higkeit verwendet, das Gewicht von Heuballen zu tragen, ohne sich zu verformen oder zu rei\u00dfen. Polyester ist auch witterungsbest\u00e4ndig und widerstandsf\u00e4hig gegen Zersetzung durch l\u00e4ngere Sonneneinstrahlung. Dies macht es zu einer idealen Wahl f\u00fcr Benutzer, die ein zuverl\u00e4ssiges Material f\u00fcr ihre Heunetze suchen.[\/vc_column_text][\/vc_column][\/vc_row]<\/p>\n<\/div>","protected":false},"excerpt":{"rendered":"<p>[vc_row row_height_percent=&#8220;0&#8243; override_padding=&#8220;yes&#8220; h_padding=&#8220;2&#8243; top_padding=&#8220;5&#8243; bottom_padding=&#8220;0&#8243; overlay_alpha=&#8220;100&#8243; gutter_size=&#8220;3&#8243; column_width_percent=&#8220;100&#8243; shift_y=&#8220;0&#8243; z_index=&#8220;0&#8243; row_height_use_pixel=&#8220;&#8220;][vc_column column_width_use_pixel=&#8220;yes&#8220; gutter_size=&#8220;3&#8243; overlay_alpha=&#8220;50&#8243; shift_x=&#8220;0&#8243; shift_y=&#8220;0&#8243; medium_width=&#8220;0&#8243; zoom_width=&#8220;0&#8243; zoom_height=&#8220;0&#8243; [&hellip;]<\/p>\n","protected":false},"author":6,"featured_media":82960,"parent":0,"menu_order":0,"comment_status":"closed","ping_status":"closed","template":"","meta":{"footnotes":""},"class_list":["post-83766","page","type-page","status-publish","has-post-thumbnail","hentry","page_category-leitfaden"],"yoast_head":"<!-- This site is optimized with the Yoast SEO plugin v26.7 - https:\/\/yoast.com\/wordpress\/plugins\/seo\/ -->\n<title>Unsere Materialwahl: Polyester - Filets \u00e0 Foin<\/title>\n<meta name=\"robots\" content=\"index, follow, max-snippet:-1, max-image-preview:large, max-video-preview:-1\" \/>\n<link rel=\"canonical\" href=\"https:\/\/filetafoin.com\/de\/unsere-materialwahl-polyester\/\" \/>\n<meta property=\"og:locale\" content=\"de_DE\" \/>\n<meta property=\"og:type\" content=\"article\" \/>\n<meta property=\"og:title\" content=\"Unsere Materialwahl: Polyester - Filets \u00e0 Foin\" \/>\n<meta property=\"og:description\" content=\"[vc_row row_height_percent=&#8220;0&#8243; override_padding=&#8220;yes&#8220; h_padding=&#8220;2&#8243; top_padding=&#8220;5&#8243; bottom_padding=&#8220;0&#8243; overlay_alpha=&#8220;100&#8243; gutter_size=&#8220;3&#8243; column_width_percent=&#8220;100&#8243; shift_y=&#8220;0&#8243; z_index=&#8220;0&#8243; row_height_use_pixel=&#8220;&#8220;][vc_column column_width_use_pixel=&#8220;yes&#8220; gutter_size=&#8220;3&#8243; overlay_alpha=&#8220;50&#8243; shift_x=&#8220;0&#8243; shift_y=&#8220;0&#8243; medium_width=&#8220;0&#8243; zoom_width=&#8220;0&#8243; zoom_height=&#8220;0&#8243; [&hellip;]\" \/>\n<meta property=\"og:url\" content=\"https:\/\/filetafoin.com\/de\/unsere-materialwahl-polyester\/\" \/>\n<meta property=\"og:site_name\" content=\"Filets \u00e0 Foin\" \/>\n<meta property=\"article:modified_time\" content=\"2026-01-13T16:53:25+00:00\" \/>\n<meta property=\"og:image\" content=\"https:\/\/filetafoin.com\/wp-content\/uploads\/2024\/02\/levy2-scaled.jpg\" \/>\n\t<meta property=\"og:image:width\" content=\"2560\" \/>\n\t<meta property=\"og:image:height\" content=\"1829\" \/>\n\t<meta property=\"og:image:type\" content=\"image\/jpeg\" \/>\n<meta name=\"twitter:card\" content=\"summary_large_image\" \/>\n<meta name=\"twitter:label1\" content=\"Gesch\u00e4tzte Lesezeit\" \/>\n\t<meta name=\"twitter:data1\" content=\"4\u00a0Minuten\" \/>\n<script type=\"application\/ld+json\" class=\"yoast-schema-graph\">{\"@context\":\"https:\/\/schema.org\",\"@graph\":[{\"@type\":\"WebPage\",\"@id\":\"https:\/\/filetafoin.com\/de\/unsere-materialwahl-polyester\/\",\"url\":\"https:\/\/filetafoin.com\/de\/unsere-materialwahl-polyester\/\",\"name\":\"Unsere Materialwahl: Polyester - Filets \u00e0 Foin\",\"isPartOf\":{\"@id\":\"https:\/\/filetafoin.com\/de\/#website\"},\"primaryImageOfPage\":{\"@id\":\"https:\/\/filetafoin.com\/de\/unsere-materialwahl-polyester\/#primaryimage\"},\"image\":{\"@id\":\"https:\/\/filetafoin.com\/de\/unsere-materialwahl-polyester\/#primaryimage\"},\"thumbnailUrl\":\"https:\/\/filetafoin.com\/wp-content\/uploads\/2024\/02\/levy2-scaled.jpg\",\"datePublished\":\"2023-12-29T14:53:37+00:00\",\"dateModified\":\"2026-01-13T16:53:25+00:00\",\"breadcrumb\":{\"@id\":\"https:\/\/filetafoin.com\/de\/unsere-materialwahl-polyester\/#breadcrumb\"},\"inLanguage\":\"de\",\"potentialAction\":[{\"@type\":\"ReadAction\",\"target\":[\"https:\/\/filetafoin.com\/de\/unsere-materialwahl-polyester\/\"]}]},{\"@type\":\"ImageObject\",\"inLanguage\":\"de\",\"@id\":\"https:\/\/filetafoin.com\/de\/unsere-materialwahl-polyester\/#primaryimage\",\"url\":\"https:\/\/filetafoin.com\/wp-content\/uploads\/2024\/02\/levy2-scaled.jpg\",\"contentUrl\":\"https:\/\/filetafoin.com\/wp-content\/uploads\/2024\/02\/levy2-scaled.jpg\",\"width\":2560,\"height\":1829},{\"@type\":\"BreadcrumbList\",\"@id\":\"https:\/\/filetafoin.com\/de\/unsere-materialwahl-polyester\/#breadcrumb\",\"itemListElement\":[{\"@type\":\"ListItem\",\"position\":1,\"name\":\"Accueil\",\"item\":\"https:\/\/filetafoin.com\/de\/spezialist-fuer-heunetze-fuer-pferde\/\"},{\"@type\":\"ListItem\",\"position\":2,\"name\":\"Unsere Materialwahl: Polyester\"}]},{\"@type\":\"WebSite\",\"@id\":\"https:\/\/filetafoin.com\/de\/#website\",\"url\":\"https:\/\/filetafoin.com\/de\/\",\"name\":\"Filets \u00e0 Foin\",\"description\":\"Sp\u00e9cialiste du Filet \u00e0 Foin pour Chevaux\",\"potentialAction\":[{\"@type\":\"SearchAction\",\"target\":{\"@type\":\"EntryPoint\",\"urlTemplate\":\"https:\/\/filetafoin.com\/de\/?s={search_term_string}\"},\"query-input\":{\"@type\":\"PropertyValueSpecification\",\"valueRequired\":true,\"valueName\":\"search_term_string\"}}],\"inLanguage\":\"de\"}]}<\/script>\n<!-- \/ Yoast SEO plugin. -->","yoast_head_json":{"title":"Unsere Materialwahl: Polyester - Filets \u00e0 Foin","robots":{"index":"index","follow":"follow","max-snippet":"max-snippet:-1","max-image-preview":"max-image-preview:large","max-video-preview":"max-video-preview:-1"},"canonical":"https:\/\/filetafoin.com\/de\/unsere-materialwahl-polyester\/","og_locale":"de_DE","og_type":"article","og_title":"Unsere Materialwahl: Polyester - Filets \u00e0 Foin","og_description":"[vc_row row_height_percent=&#8220;0&#8243; override_padding=&#8220;yes&#8220; h_padding=&#8220;2&#8243; top_padding=&#8220;5&#8243; bottom_padding=&#8220;0&#8243; overlay_alpha=&#8220;100&#8243; gutter_size=&#8220;3&#8243; column_width_percent=&#8220;100&#8243; shift_y=&#8220;0&#8243; z_index=&#8220;0&#8243; row_height_use_pixel=&#8220;&#8220;][vc_column column_width_use_pixel=&#8220;yes&#8220; gutter_size=&#8220;3&#8243; overlay_alpha=&#8220;50&#8243; shift_x=&#8220;0&#8243; shift_y=&#8220;0&#8243; medium_width=&#8220;0&#8243; zoom_width=&#8220;0&#8243; zoom_height=&#8220;0&#8243; [&hellip;]","og_url":"https:\/\/filetafoin.com\/de\/unsere-materialwahl-polyester\/","og_site_name":"Filets \u00e0 Foin","article_modified_time":"2026-01-13T16:53:25+00:00","og_image":[{"width":2560,"height":1829,"url":"https:\/\/filetafoin.com\/wp-content\/uploads\/2024\/02\/levy2-scaled.jpg","type":"image\/jpeg"}],"twitter_card":"summary_large_image","twitter_misc":{"Gesch\u00e4tzte Lesezeit":"4\u00a0Minuten"},"schema":{"@context":"https:\/\/schema.org","@graph":[{"@type":"WebPage","@id":"https:\/\/filetafoin.com\/de\/unsere-materialwahl-polyester\/","url":"https:\/\/filetafoin.com\/de\/unsere-materialwahl-polyester\/","name":"Unsere Materialwahl: Polyester - Filets \u00e0 Foin","isPartOf":{"@id":"https:\/\/filetafoin.com\/de\/#website"},"primaryImageOfPage":{"@id":"https:\/\/filetafoin.com\/de\/unsere-materialwahl-polyester\/#primaryimage"},"image":{"@id":"https:\/\/filetafoin.com\/de\/unsere-materialwahl-polyester\/#primaryimage"},"thumbnailUrl":"https:\/\/filetafoin.com\/wp-content\/uploads\/2024\/02\/levy2-scaled.jpg","datePublished":"2023-12-29T14:53:37+00:00","dateModified":"2026-01-13T16:53:25+00:00","breadcrumb":{"@id":"https:\/\/filetafoin.com\/de\/unsere-materialwahl-polyester\/#breadcrumb"},"inLanguage":"de","potentialAction":[{"@type":"ReadAction","target":["https:\/\/filetafoin.com\/de\/unsere-materialwahl-polyester\/"]}]},{"@type":"ImageObject","inLanguage":"de","@id":"https:\/\/filetafoin.com\/de\/unsere-materialwahl-polyester\/#primaryimage","url":"https:\/\/filetafoin.com\/wp-content\/uploads\/2024\/02\/levy2-scaled.jpg","contentUrl":"https:\/\/filetafoin.com\/wp-content\/uploads\/2024\/02\/levy2-scaled.jpg","width":2560,"height":1829},{"@type":"BreadcrumbList","@id":"https:\/\/filetafoin.com\/de\/unsere-materialwahl-polyester\/#breadcrumb","itemListElement":[{"@type":"ListItem","position":1,"name":"Accueil","item":"https:\/\/filetafoin.com\/de\/spezialist-fuer-heunetze-fuer-pferde\/"},{"@type":"ListItem","position":2,"name":"Unsere Materialwahl: Polyester"}]},{"@type":"WebSite","@id":"https:\/\/filetafoin.com\/de\/#website","url":"https:\/\/filetafoin.com\/de\/","name":"Filets \u00e0 Foin","description":"Sp\u00e9cialiste du Filet \u00e0 Foin pour Chevaux","potentialAction":[{"@type":"SearchAction","target":{"@type":"EntryPoint","urlTemplate":"https:\/\/filetafoin.com\/de\/?s={search_term_string}"},"query-input":{"@type":"PropertyValueSpecification","valueRequired":true,"valueName":"search_term_string"}}],"inLanguage":"de"}]}},"_links":{"self":[{"href":"https:\/\/filetafoin.com\/de\/wp-json\/wp\/v2\/pages\/83766","targetHints":{"allow":["GET"]}}],"collection":[{"href":"https:\/\/filetafoin.com\/de\/wp-json\/wp\/v2\/pages"}],"about":[{"href":"https:\/\/filetafoin.com\/de\/wp-json\/wp\/v2\/types\/page"}],"author":[{"embeddable":true,"href":"https:\/\/filetafoin.com\/de\/wp-json\/wp\/v2\/users\/6"}],"replies":[{"embeddable":true,"href":"https:\/\/filetafoin.com\/de\/wp-json\/wp\/v2\/comments?post=83766"}],"version-history":[{"count":2,"href":"https:\/\/filetafoin.com\/de\/wp-json\/wp\/v2\/pages\/83766\/revisions"}],"predecessor-version":[{"id":83774,"href":"https:\/\/filetafoin.com\/de\/wp-json\/wp\/v2\/pages\/83766\/revisions\/83774"}],"wp:featuredmedia":[{"embeddable":true,"href":"https:\/\/filetafoin.com\/de\/wp-json\/wp\/v2\/media\/82960"}],"wp:attachment":[{"href":"https:\/\/filetafoin.com\/de\/wp-json\/wp\/v2\/media?parent=83766"}],"curies":[{"name":"wp","href":"https:\/\/api.w.org\/{rel}","templated":true}]}}