{"id":83775,"date":"2023-12-07T11:30:59","date_gmt":"2023-12-07T10:30:59","guid":{"rendered":"https:\/\/filetafoin.com\/equidenfuetterung\/"},"modified":"2026-04-01T14:31:31","modified_gmt":"2026-04-01T12:31:31","slug":"equidenfuetterung","status":"publish","type":"page","link":"https:\/\/filetafoin.com\/de\/equidenfuetterung\/","title":{"rendered":"Equidenf\u00fctterung"},"content":{"rendered":"<div class=\"wpb-content-wrapper\"><p>[vc_row row_height_percent=&#8220;0&#8243; override_padding=&#8220;yes&#8220; h_padding=&#8220;2&#8243; top_padding=&#8220;5&#8243; bottom_padding=&#8220;0&#8243; overlay_alpha=&#8220;100&#8243; gutter_size=&#8220;3&#8243; column_width_percent=&#8220;100&#8243; shift_y=&#8220;0&#8243; z_index=&#8220;0&#8243; row_height_use_pixel=&#8220;&#8220;][vc_column column_width_use_pixel=&#8220;yes&#8220; gutter_size=&#8220;3&#8243; overlay_alpha=&#8220;50&#8243; shift_x=&#8220;0&#8243; shift_y=&#8220;0&#8243; medium_width=&#8220;0&#8243; zoom_width=&#8220;0&#8243; zoom_height=&#8220;0&#8243; column_width_pixel=&#8220;800&#8243;][vc_column_text]<\/p>\n<h2>Die F\u00fctterung von Pferden in freier Wildbahn<\/h2>\n<p>Versuchen wir zu verstehen, wie die ideale Art der Pferdef\u00fctterung w\u00e4re, indem wir Pferde in freier Wildbahn beobachten. Das Pferd ist ein Tier mit einem empfindlichen Stoffwechsel; eine gute F\u00fctterung kann bestimmte, manchmal sehr ernste oder sogar t\u00f6dliche Pferdekrankheiten verhindern. Idealerweise sollte man sich so weit wie m\u00f6glich der nat\u00fcrlichen Fressweise von Pferden ann\u00e4hern.<br \/>\nIn freier Wildbahn leben Pferde in Ebenen, wo sie ihren Bedarf an Wasser, Nahrung, Unterschlupf und Artgenossen decken. Pferde verbringen bis zu 18 Stunden pro Tag mit Grasen. Die Hauptbesch\u00e4ftigung des Wildpferdes ist die Nahrungssuche, wobei es kleine Mengen aufnimmt, aber fast den ganzen Tag \u00fcber.[\/vc_column_text][\/vc_column][\/vc_row][vc_row row_height_percent=&#8220;0&#8243; override_padding=&#8220;yes&#8220; h_padding=&#8220;2&#8243; top_padding=&#8220;3&#8243; bottom_padding=&#8220;3&#8243; overlay_alpha=&#8220;100&#8243; gutter_size=&#8220;3&#8243; column_width_percent=&#8220;100&#8243; shift_y=&#8220;0&#8243; z_index=&#8220;0&#8243; row_height_use_pixel=&#8220;&#8220;][vc_column column_width_use_pixel=&#8220;yes&#8220; gutter_size=&#8220;3&#8243; overlay_alpha=&#8220;50&#8243; shift_x=&#8220;0&#8243; shift_y=&#8220;0&#8243; medium_width=&#8220;0&#8243; zoom_width=&#8220;0&#8243; zoom_height=&#8220;0&#8243; column_width_pixel=&#8220;800&#8243;][vc_column_text]<\/p>\n<h2>F\u00fctterung unserer domestizierten Pferde<\/h2>\n<p>Unsere Pferde in Gefangenschaft leben in geschlossenen Bereichen, oft ohne ausreichend Gras, um ihren Ern\u00e4hrungsbedarf zu decken. Pferde werden oft in mehreren Rationen pro Tag gef\u00fcttert, mit Futtermitteln wie Getreide oder Pellets und Heu, das in Ballen verteilt wird. In der Box ist es \u00fcblich, dass Pferde 2 bis 3 Mal t\u00e4glich gef\u00fcttert werden. Das Futter wird in wenigen Minuten verschlungen, und der auf dem Boden liegende Heuhaufen h\u00e4lt auch nicht lange. Jedenfalls nicht lange genug, angesichts der Bed\u00fcrfnisse der Pferde. Im Paddock Paradise oder auf der Weide findet man immer mehr Pferde, die Heu zur freien Verf\u00fcgung erhalten. Das Pferd frisst dann so lange, wie es m\u00f6chte, aber man stellt fest, dass es zu viel frisst.      <\/p>\n<p>Heu ist eine Alternative zum Mangel an Gras. Auf der Suche nach dem Tierwohl versuchen wir, eine F\u00fctterungsmethode zu finden, die dem nat\u00fcrlichen Bedarf des Pferdes am besten entspricht. Die Entscheidung, ihnen freien Zugang zu Heu zu gew\u00e4hren, ist eine Alternative zu diesem Grasmangel. Allerdings liegt Heu oft in Haufen, ist leicht zu fressen, und die Pferde nehmen gro\u00dfe Bissen, was nicht ideal ist. Wird das Pferd in Heurationen gef\u00fcttert, ohne freien Zugang, frisst es seine Heuration zu schnell, und die Wartezeit bis zur n\u00e4chsten Futterverteilung wird lang sein. Heu, das ohne Netz verteilt wird, f\u00fchrt zu Fressgier; Pferde neigen dann zur Gier, besonders wenn es zur freien Verf\u00fcgung steht.[\/vc_column_text][\/vc_column][\/vc_row][vc_row row_height_percent=&#8220;0&#8243; override_padding=&#8220;yes&#8220; h_padding=&#8220;2&#8243; top_padding=&#8220;0&#8243; bottom_padding=&#8220;0&#8243; overlay_alpha=&#8220;100&#8243; gutter_size=&#8220;3&#8243; column_width_percent=&#8220;100&#8243; shift_y=&#8220;0&#8243; z_index=&#8220;0&#8243; row_height_use_pixel=&#8220;&#8220;][vc_column column_width_use_pixel=&#8220;yes&#8220; gutter_size=&#8220;3&#8243; overlay_alpha=&#8220;50&#8243; shift_x=&#8220;0&#8243; shift_y=&#8220;0&#8243; medium_width=&#8220;0&#8243; zoom_width=&#8220;0&#8243; zoom_height=&#8220;0&#8243; width=&#8220;1\/2&#8243;][vc_single_image media=&#8220;83776&#8243; media_width_percent=&#8220;100&#8243; media_title_uppercase=&#8220;&#8220;][\/vc_column][vc_column column_width_percent=&#8220;100&#8243; gutter_size=&#8220;3&#8243; overlay_alpha=&#8220;50&#8243; shift_x=&#8220;0&#8243; shift_y=&#8220;0&#8243; medium_width=&#8220;0&#8243; zoom_width=&#8220;0&#8243; zoom_height=&#8220;0&#8243; width=&#8220;1\/2&#8243;][vc_column_text]Heute setzt sich Heu zur freien Verf\u00fcgung immer mehr durch, da wir verstanden haben, dass Pferde lange fressen m\u00fcssen. Die Idee, das Heu in ein Netz mit passender Maschenweite zu legen, verlangsamt die Heuaufnahme, und das Pferd erh\u00f6ht die Kauzeit.<br \/>\n[\/vc_column_text][\/vc_column][\/vc_row][vc_row row_height_percent=&#8220;0&#8243; override_padding=&#8220;yes&#8220; h_padding=&#8220;2&#8243; top_padding=&#8220;3&#8243; bottom_padding=&#8220;3&#8243; overlay_alpha=&#8220;100&#8243; gutter_size=&#8220;3&#8243; column_width_percent=&#8220;100&#8243; shift_y=&#8220;0&#8243; z_index=&#8220;0&#8243; row_height_use_pixel=&#8220;&#8220;][vc_column column_width_use_pixel=&#8220;yes&#8220; gutter_size=&#8220;3&#8243; overlay_alpha=&#8220;50&#8243; shift_x=&#8220;0&#8243; shift_y=&#8220;0&#8243; medium_width=&#8220;0&#8243; zoom_width=&#8220;0&#8243; zoom_height=&#8220;0&#8243; column_width_pixel=&#8220;800&#8243; width=&#8220;1\/1&#8243;][vc_column_text]<\/p>\n<h2>Slow Feeding f\u00fcr eine optimale F\u00fctterung<\/h2>\n<p>Slow Feeding ist f\u00fcr Pferde nicht frustrierend \u2013 sie verbringen einfach mehr Zeit damit, das Heu zu fressen. Es ist eine F\u00fctterungsmethode, die besser an ihre physiologischen Bed\u00fcrfnisse angepasst ist. Slow Feeding hilft Pferden au\u00dferdem, sich weniger zu langweilen. Dank Heunetzen wird die Kauzeit besser \u00fcber den Tag verteilt. Das Pferd wartet nicht auf die n\u00e4chste Ration. Das Heunetz verbessert ihre mentale Verfassung und ihre Stimmung. Unsere domestizierten Pferde m\u00fcssen f\u00fcr ihr Wohlbefinden genauso lange fressen wie in freier Wildbahn. Wird diese Zeit verk\u00fcrzt, kann das Stress, Bauchschmerzen wie Magengeschw\u00fcre, Koppen sowie Verhaltensst\u00f6rungen verursachen.<br \/>\nDas Heunetz und damit Slow Feeding erm\u00f6glicht es den Equiden au\u00dferdem, sich selbst zu regulieren und dadurch nicht zuzunehmen. Wir wissen, dass ein zu dickes Pferd das Risiko hat, schwere Erkrankungen zu entwickeln.<br \/>\nDie Vorteile von Slow Feeding sind daher zahlreich.         Auf der Suche nach Tierwohl ist sicher: Das Heunetz hat nur Vorteile. [\/vc_column_text][\/vc_column][\/vc_row]<\/p>\n<\/div>","protected":false},"excerpt":{"rendered":"<p>[vc_row row_height_percent=&#8220;0&#8243; override_padding=&#8220;yes&#8220; h_padding=&#8220;2&#8243; top_padding=&#8220;5&#8243; bottom_padding=&#8220;0&#8243; overlay_alpha=&#8220;100&#8243; gutter_size=&#8220;3&#8243; column_width_percent=&#8220;100&#8243; shift_y=&#8220;0&#8243; z_index=&#8220;0&#8243; row_height_use_pixel=&#8220;&#8220;][vc_column column_width_use_pixel=&#8220;yes&#8220; gutter_size=&#8220;3&#8243; overlay_alpha=&#8220;50&#8243; shift_x=&#8220;0&#8243; shift_y=&#8220;0&#8243; medium_width=&#8220;0&#8243; zoom_width=&#8220;0&#8243; zoom_height=&#8220;0&#8243; [&hellip;]<\/p>\n","protected":false},"author":1,"featured_media":83777,"parent":0,"menu_order":0,"comment_status":"closed","ping_status":"closed","template":"","meta":{"footnotes":""},"class_list":["post-83775","page","type-page","status-publish","has-post-thumbnail","hentry","page_category-leitfaden"],"yoast_head":"<!-- This site is optimized with the Yoast SEO plugin v26.7 - https:\/\/yoast.com\/wordpress\/plugins\/seo\/ -->\n<title>Equidenf\u00fctterung - Filets \u00e0 Foin<\/title>\n<meta name=\"description\" content=\"Erfahren Sie, wie Pferde in freier Wildbahn fressen und warum Slow Feeding mit Heunetz die Verdauung, das Wohlbefinden und das Verhalten des Pferdes verbessert.\" \/>\n<meta name=\"robots\" content=\"index, follow, max-snippet:-1, max-image-preview:large, max-video-preview:-1\" \/>\n<link rel=\"canonical\" href=\"https:\/\/filetafoin.com\/de\/equidenfuetterung\/\" \/>\n<meta property=\"og:locale\" content=\"de_DE\" \/>\n<meta property=\"og:type\" content=\"article\" \/>\n<meta property=\"og:title\" content=\"Equidenf\u00fctterung - Filets \u00e0 Foin\" \/>\n<meta property=\"og:description\" content=\"Erfahren Sie, wie Pferde in freier Wildbahn fressen und warum Slow Feeding mit Heunetz die Verdauung, das Wohlbefinden und das Verhalten des Pferdes verbessert.\" \/>\n<meta property=\"og:url\" content=\"https:\/\/filetafoin.com\/de\/equidenfuetterung\/\" \/>\n<meta property=\"og:site_name\" content=\"Filets \u00e0 Foin\" \/>\n<meta property=\"article:modified_time\" content=\"2026-04-01T12:31:31+00:00\" \/>\n<meta property=\"og:image\" content=\"https:\/\/filetafoin.com\/wp-content\/uploads\/2024\/04\/SME2.jpeg\" \/>\n\t<meta property=\"og:image:width\" content=\"806\" \/>\n\t<meta property=\"og:image:height\" content=\"558\" \/>\n\t<meta property=\"og:image:type\" content=\"image\/jpeg\" \/>\n<meta name=\"twitter:card\" content=\"summary_large_image\" \/>\n<meta name=\"twitter:label1\" content=\"Gesch\u00e4tzte Lesezeit\" \/>\n\t<meta name=\"twitter:data1\" content=\"4\u00a0Minuten\" \/>\n<script type=\"application\/ld+json\" class=\"yoast-schema-graph\">{\"@context\":\"https:\/\/schema.org\",\"@graph\":[{\"@type\":\"WebPage\",\"@id\":\"https:\/\/filetafoin.com\/de\/equidenfuetterung\/\",\"url\":\"https:\/\/filetafoin.com\/de\/equidenfuetterung\/\",\"name\":\"Equidenf\u00fctterung - Filets \u00e0 Foin\",\"isPartOf\":{\"@id\":\"https:\/\/filetafoin.com\/de\/#website\"},\"primaryImageOfPage\":{\"@id\":\"https:\/\/filetafoin.com\/de\/equidenfuetterung\/#primaryimage\"},\"image\":{\"@id\":\"https:\/\/filetafoin.com\/de\/equidenfuetterung\/#primaryimage\"},\"thumbnailUrl\":\"https:\/\/filetafoin.com\/wp-content\/uploads\/2024\/04\/SME2.jpeg\",\"datePublished\":\"2023-12-07T10:30:59+00:00\",\"dateModified\":\"2026-04-01T12:31:31+00:00\",\"description\":\"Erfahren Sie, wie Pferde in freier Wildbahn fressen und warum Slow Feeding mit Heunetz die Verdauung, das Wohlbefinden und das Verhalten des Pferdes verbessert.\",\"breadcrumb\":{\"@id\":\"https:\/\/filetafoin.com\/de\/equidenfuetterung\/#breadcrumb\"},\"inLanguage\":\"de\",\"potentialAction\":[{\"@type\":\"ReadAction\",\"target\":[\"https:\/\/filetafoin.com\/de\/equidenfuetterung\/\"]}]},{\"@type\":\"ImageObject\",\"inLanguage\":\"de\",\"@id\":\"https:\/\/filetafoin.com\/de\/equidenfuetterung\/#primaryimage\",\"url\":\"https:\/\/filetafoin.com\/wp-content\/uploads\/2024\/04\/SME2.jpeg\",\"contentUrl\":\"https:\/\/filetafoin.com\/wp-content\/uploads\/2024\/04\/SME2.jpeg\",\"width\":806,\"height\":558},{\"@type\":\"BreadcrumbList\",\"@id\":\"https:\/\/filetafoin.com\/de\/equidenfuetterung\/#breadcrumb\",\"itemListElement\":[{\"@type\":\"ListItem\",\"position\":1,\"name\":\"Accueil\",\"item\":\"https:\/\/filetafoin.com\/de\/spezialist-fuer-heunetze-fuer-pferde\/\"},{\"@type\":\"ListItem\",\"position\":2,\"name\":\"Equidenf\u00fctterung\"}]},{\"@type\":\"WebSite\",\"@id\":\"https:\/\/filetafoin.com\/de\/#website\",\"url\":\"https:\/\/filetafoin.com\/de\/\",\"name\":\"Filets \u00e0 Foin\",\"description\":\"Sp\u00e9cialiste du Filet \u00e0 Foin pour Chevaux\",\"potentialAction\":[{\"@type\":\"SearchAction\",\"target\":{\"@type\":\"EntryPoint\",\"urlTemplate\":\"https:\/\/filetafoin.com\/de\/?s={search_term_string}\"},\"query-input\":{\"@type\":\"PropertyValueSpecification\",\"valueRequired\":true,\"valueName\":\"search_term_string\"}}],\"inLanguage\":\"de\"}]}<\/script>\n<!-- \/ Yoast SEO plugin. -->","yoast_head_json":{"title":"Equidenf\u00fctterung - Filets \u00e0 Foin","description":"Erfahren Sie, wie Pferde in freier Wildbahn fressen und warum Slow Feeding mit Heunetz die Verdauung, das Wohlbefinden und das Verhalten des Pferdes verbessert.","robots":{"index":"index","follow":"follow","max-snippet":"max-snippet:-1","max-image-preview":"max-image-preview:large","max-video-preview":"max-video-preview:-1"},"canonical":"https:\/\/filetafoin.com\/de\/equidenfuetterung\/","og_locale":"de_DE","og_type":"article","og_title":"Equidenf\u00fctterung - Filets \u00e0 Foin","og_description":"Erfahren Sie, wie Pferde in freier Wildbahn fressen und warum Slow Feeding mit Heunetz die Verdauung, das Wohlbefinden und das Verhalten des Pferdes verbessert.","og_url":"https:\/\/filetafoin.com\/de\/equidenfuetterung\/","og_site_name":"Filets \u00e0 Foin","article_modified_time":"2026-04-01T12:31:31+00:00","og_image":[{"width":806,"height":558,"url":"https:\/\/filetafoin.com\/wp-content\/uploads\/2024\/04\/SME2.jpeg","type":"image\/jpeg"}],"twitter_card":"summary_large_image","twitter_misc":{"Gesch\u00e4tzte Lesezeit":"4\u00a0Minuten"},"schema":{"@context":"https:\/\/schema.org","@graph":[{"@type":"WebPage","@id":"https:\/\/filetafoin.com\/de\/equidenfuetterung\/","url":"https:\/\/filetafoin.com\/de\/equidenfuetterung\/","name":"Equidenf\u00fctterung - Filets \u00e0 Foin","isPartOf":{"@id":"https:\/\/filetafoin.com\/de\/#website"},"primaryImageOfPage":{"@id":"https:\/\/filetafoin.com\/de\/equidenfuetterung\/#primaryimage"},"image":{"@id":"https:\/\/filetafoin.com\/de\/equidenfuetterung\/#primaryimage"},"thumbnailUrl":"https:\/\/filetafoin.com\/wp-content\/uploads\/2024\/04\/SME2.jpeg","datePublished":"2023-12-07T10:30:59+00:00","dateModified":"2026-04-01T12:31:31+00:00","description":"Erfahren Sie, wie Pferde in freier Wildbahn fressen und warum Slow Feeding mit Heunetz die Verdauung, das Wohlbefinden und das Verhalten des Pferdes verbessert.","breadcrumb":{"@id":"https:\/\/filetafoin.com\/de\/equidenfuetterung\/#breadcrumb"},"inLanguage":"de","potentialAction":[{"@type":"ReadAction","target":["https:\/\/filetafoin.com\/de\/equidenfuetterung\/"]}]},{"@type":"ImageObject","inLanguage":"de","@id":"https:\/\/filetafoin.com\/de\/equidenfuetterung\/#primaryimage","url":"https:\/\/filetafoin.com\/wp-content\/uploads\/2024\/04\/SME2.jpeg","contentUrl":"https:\/\/filetafoin.com\/wp-content\/uploads\/2024\/04\/SME2.jpeg","width":806,"height":558},{"@type":"BreadcrumbList","@id":"https:\/\/filetafoin.com\/de\/equidenfuetterung\/#breadcrumb","itemListElement":[{"@type":"ListItem","position":1,"name":"Accueil","item":"https:\/\/filetafoin.com\/de\/spezialist-fuer-heunetze-fuer-pferde\/"},{"@type":"ListItem","position":2,"name":"Equidenf\u00fctterung"}]},{"@type":"WebSite","@id":"https:\/\/filetafoin.com\/de\/#website","url":"https:\/\/filetafoin.com\/de\/","name":"Filets \u00e0 Foin","description":"Sp\u00e9cialiste du Filet \u00e0 Foin pour Chevaux","potentialAction":[{"@type":"SearchAction","target":{"@type":"EntryPoint","urlTemplate":"https:\/\/filetafoin.com\/de\/?s={search_term_string}"},"query-input":{"@type":"PropertyValueSpecification","valueRequired":true,"valueName":"search_term_string"}}],"inLanguage":"de"}]}},"_links":{"self":[{"href":"https:\/\/filetafoin.com\/de\/wp-json\/wp\/v2\/pages\/83775","targetHints":{"allow":["GET"]}}],"collection":[{"href":"https:\/\/filetafoin.com\/de\/wp-json\/wp\/v2\/pages"}],"about":[{"href":"https:\/\/filetafoin.com\/de\/wp-json\/wp\/v2\/types\/page"}],"author":[{"embeddable":true,"href":"https:\/\/filetafoin.com\/de\/wp-json\/wp\/v2\/users\/1"}],"replies":[{"embeddable":true,"href":"https:\/\/filetafoin.com\/de\/wp-json\/wp\/v2\/comments?post=83775"}],"version-history":[{"count":6,"href":"https:\/\/filetafoin.com\/de\/wp-json\/wp\/v2\/pages\/83775\/revisions"}],"predecessor-version":[{"id":84192,"href":"https:\/\/filetafoin.com\/de\/wp-json\/wp\/v2\/pages\/83775\/revisions\/84192"}],"wp:featuredmedia":[{"embeddable":true,"href":"https:\/\/filetafoin.com\/de\/wp-json\/wp\/v2\/media\/83777"}],"wp:attachment":[{"href":"https:\/\/filetafoin.com\/de\/wp-json\/wp\/v2\/media?parent=83775"}],"curies":[{"name":"wp","href":"https:\/\/api.w.org\/{rel}","templated":true}]}}