{"id":83785,"date":"2023-11-20T11:46:59","date_gmt":"2023-11-20T10:46:59","guid":{"rendered":"https:\/\/filetafoin.com\/die-vorteile-der-feelnets-heunetze-fuer-die-gesundheit-und-das-wohlbefinden-von-pferden\/"},"modified":"2026-01-13T17:54:11","modified_gmt":"2026-01-13T16:54:11","slug":"die-vorteile-der-feelnets-heunetze-fuer-die-gesundheit-und-das-wohlbefinden-von-pferden","status":"publish","type":"page","link":"https:\/\/filetafoin.com\/de\/die-vorteile-der-feelnets-heunetze-fuer-die-gesundheit-und-das-wohlbefinden-von-pferden\/","title":{"rendered":"Die Vorteile der Feelnets Heunetze f\u00fcr die Gesundheit und das Wohlbefinden von Pferden"},"content":{"rendered":"<div class=\"wpb-content-wrapper\"><p>[vc_row row_height_percent=&#8220;0&#8243; override_padding=&#8220;yes&#8220; h_padding=&#8220;2&#8243; top_padding=&#8220;5&#8243; bottom_padding=&#8220;3&#8243; overlay_alpha=&#8220;100&#8243; gutter_size=&#8220;3&#8243; column_width_percent=&#8220;100&#8243; shift_y=&#8220;0&#8243; z_index=&#8220;0&#8243; row_height_use_pixel=&#8220;&#8220;][vc_column column_width_use_pixel=&#8220;yes&#8220; gutter_size=&#8220;3&#8243; overlay_alpha=&#8220;50&#8243; shift_x=&#8220;0&#8243; shift_y=&#8220;0&#8243; medium_width=&#8220;0&#8243; zoom_width=&#8220;0&#8243; zoom_height=&#8220;0&#8243; column_width_pixel=&#8220;800&#8243;][vc_column_text]<\/p>\n<h2>Reduzierung der Heuverschwendung<\/h2>\n<p>Heunetze sind eine innovative L\u00f6sung zur Optimierung des Heumanagements in St\u00e4llen. Indem sie Pferde daran hindern, gro\u00dfe Mengen Heu auf einmal herauszuziehen, reduzieren diese Netze die Verschwendung erheblich. Im Gegensatz zu traditionellen Methoden, bei denen ein Gro\u00dfteil des Heus oft zertreten und verschmutzt wird, halten Heunetze das Heu sauber und in kleinen Portionen zug\u00e4nglich. Pferde verteilen weniger Heu auf dem Boden. Diese Heuersparnis f\u00fchrt nicht nur zu geringeren Kosten f\u00fcr die Besitzer, sondern auch zu einer effizienteren und pferdegerechteren F\u00fctterung.[\/vc_column_text][\/vc_column][\/vc_row][vc_row row_height_percent=&#8220;0&#8243; override_padding=&#8220;yes&#8220; h_padding=&#8220;2&#8243; top_padding=&#8220;0&#8243; bottom_padding=&#8220;0&#8243; overlay_alpha=&#8220;100&#8243; gutter_size=&#8220;3&#8243; column_width_percent=&#8220;100&#8243; shift_y=&#8220;0&#8243; z_index=&#8220;0&#8243; row_height_use_pixel=&#8220;&#8220;][vc_column column_width_use_pixel=&#8220;yes&#8220; gutter_size=&#8220;3&#8243; overlay_alpha=&#8220;50&#8243; shift_x=&#8220;0&#8243; shift_y=&#8220;0&#8243; medium_width=&#8220;0&#8243; zoom_width=&#8220;0&#8243; zoom_height=&#8220;0&#8243; width=&#8220;5\/6&#8243;][vc_single_image media=&#8220;83786&#8243; media_width_percent=&#8220;100&#8243; media_ratio=&#8220;three-two&#8220; media_title_uppercase=&#8220;&#8220; uncode_shortcode_id=&#8220;157943&#8243;][\/vc_column][vc_column column_width_percent=&#8220;100&#8243; gutter_size=&#8220;3&#8243; overlay_alpha=&#8220;50&#8243; shift_x=&#8220;0&#8243; shift_y=&#8220;0&#8243; medium_width=&#8220;0&#8243; zoom_width=&#8220;0&#8243; zoom_height=&#8220;0&#8243; width=&#8220;1\/6&#8243;][vc_column_text]Feelnets bietet eine breite Palette an Gr\u00f6\u00dfen und Formen von Heunetzen an, um sich optimal an die individuellen F\u00fctterungsmethoden anzupassen.<\/p>\n<p><a href=\"https:\/\/filetafoin.com\/modeles-et-tarifs\/\">https:\/\/filetafoin.com\/modeles-et-tarifs\/<\/a>[\/vc_column_text][\/vc_column][\/vc_row][vc_row row_height_percent=&#8220;0&#8243; override_padding=&#8220;yes&#8220; h_padding=&#8220;2&#8243; top_padding=&#8220;3&#8243; bottom_padding=&#8220;3&#8243; overlay_alpha=&#8220;100&#8243; gutter_size=&#8220;3&#8243; column_width_percent=&#8220;100&#8243; shift_y=&#8220;0&#8243; z_index=&#8220;0&#8243; row_height_use_pixel=&#8220;&#8220;][vc_column column_width_use_pixel=&#8220;yes&#8220; gutter_size=&#8220;3&#8243; overlay_alpha=&#8220;50&#8243; shift_x=&#8220;0&#8243; shift_y=&#8220;0&#8243; medium_width=&#8220;0&#8243; zoom_width=&#8220;0&#8243; zoom_height=&#8220;0&#8243; column_width_pixel=&#8220;800&#8243;][vc_column_text]<\/p>\n<h2><strong>Positive Auswirkungen auf die Verdauung und Gesundheit<\/strong><\/h2>\n<p>Die Verwendung von Heunetzen bietet erhebliche Vorteile f\u00fcr die Verdauungsgesundheit von Pferden. Indem sie das nat\u00fcrliche Weideverhalten nachahmen, zwingen die Netze die Pferde, langsamer zu fressen, was eine gr\u00fcndlichere Kaut\u00e4tigkeit und eine bessere Speichelproduktion f\u00f6rdert. Dies tr\u00e4gt zu einer effizienteren Verdauung und einer optimalen N\u00e4hrstoffaufnahme bei. Dar\u00fcber hinaus hilft die Verlangsamung der Heuaufnahme, Koliken und andere h\u00e4ufige Verdauungsst\u00f6rungen bei Pferden vorzubeugen. Durch die Integration von Heunetzen in ihre F\u00fctterungsroutine k\u00f6nnen Pferdebesitzer die allgemeine Gesundheit und das Wohlbefinden ihrer Pferde verbessern.[\/vc_column_text][vc_column_text]<\/p>\n<h2><strong>Gewichtsmanagement und Vorbeugung von Fettleibigkeit<\/strong><\/h2>\n<p>Heunetze spielen auch eine entscheidende Rolle beim Gewichtsmanagement von Pferden. Indem sie den Zugang zum Heu kontrollieren und eine schrittweise Aufnahme f\u00f6rdern, helfen diese Netze, Fettleibigkeit vorzubeugen, einem immer h\u00e4ufiger auftretenden Problem bei Hauspferden. Fettleibigkeit kann eine Vielzahl von Komplikationen nach sich ziehen, darunter das Equine Metabolische Syndrom (EMS) und Hufrehe. Das Heunetz reduziert den \u201eSchlinger\u201c-Effekt erheblich. Pferde k\u00f6nnen keine gro\u00dfen Heumengen mehr auf einmal aufnehmen. Diese vorbeugende Ma\u00dfnahme ist unerl\u00e4sslich, um langfristige Gesundheitsprobleme zu vermeiden und Pferden ein aktives und komfortables Leben zu erm\u00f6glichen.[\/vc_column_text][vc_column_text]<\/p>\n<h2><strong>Vorbeugung von Atemwegserkrankungen<\/strong><\/h2>\n<p>Ein weiterer wichtiger Vorteil von Heunetzen ist die Reduzierung der Staubbelastung f\u00fcr Pferde. Indem sie das Heu kompakt halten und verhindern, dass es sich verteilt oder Pferde ihre Nase hineinstecken, reduzieren Heunetze die von Pferden eingeatmete Staubmenge. Weniger Staub bedeutet ein geringeres Risiko, Atemwegserkrankungen wie Emphyseme zu entwickeln, eine h\u00e4ufige Erkrankung bei Pferden. Durch die Integration von Feelnets Heunetzen in die t\u00e4gliche F\u00fctterung k\u00f6nnen Besitzer dazu beitragen, die Lungengesundheit ihrer Pferde zu erhalten und ihnen eine ges\u00fcndere Umgebung zu bieten.[\/vc_column_text][vc_column_text]<\/p>\n<h2><strong>Erfahrungsberichte zufriedener Besitzer<\/strong><\/h2>\n<p>Viele Pferdebesitzer, die Feelnets Heunetze eingef\u00fchrt haben, berichten von bemerkenswerten Verbesserungen bei ihren Tieren. Ihrer Meinung nach wirken die Pferde entspannter und zufriedener und zeigen weniger Verhaltensweisen, die mit Futterstress verbunden sind. Dar\u00fcber hinaus haben die Besitzer dank der Reduzierung der Verschwendung eine Senkung der Heukaufkosten festgestellt. Diese positiven R\u00fcckmeldungen unterstreichen die Wirksamkeit von Heunetzen als Werkzeug f\u00fcr das Futtermanagement und das Wohlbefinden von Pferden. F\u00fcr diejenigen, die ihren Pferden eine gesunde und wirtschaftliche F\u00fctterung bieten m\u00f6chten, sind Feelnets Heunetze eine bew\u00e4hrte und empfohlene L\u00f6sung.[\/vc_column_text][\/vc_column][\/vc_row]<\/p>\n<\/div>","protected":false},"excerpt":{"rendered":"<p>[vc_row row_height_percent=&#8220;0&#8243; override_padding=&#8220;yes&#8220; h_padding=&#8220;2&#8243; top_padding=&#8220;5&#8243; bottom_padding=&#8220;3&#8243; overlay_alpha=&#8220;100&#8243; gutter_size=&#8220;3&#8243; column_width_percent=&#8220;100&#8243; shift_y=&#8220;0&#8243; z_index=&#8220;0&#8243; row_height_use_pixel=&#8220;&#8220;][vc_column column_width_use_pixel=&#8220;yes&#8220; gutter_size=&#8220;3&#8243; overlay_alpha=&#8220;50&#8243; shift_x=&#8220;0&#8243; shift_y=&#8220;0&#8243; medium_width=&#8220;0&#8243; zoom_width=&#8220;0&#8243; zoom_height=&#8220;0&#8243; [&hellip;]<\/p>\n","protected":false},"author":1,"featured_media":83199,"parent":0,"menu_order":0,"comment_status":"closed","ping_status":"closed","template":"","meta":{"footnotes":""},"class_list":["post-83785","page","type-page","status-publish","has-post-thumbnail","hentry","page_category-leitfaden"],"yoast_head":"<!-- This site is optimized with the Yoast SEO plugin v26.7 - https:\/\/yoast.com\/wordpress\/plugins\/seo\/ -->\n<title>Die Vorteile der Feelnets Heunetze f\u00fcr die Gesundheit und das Wohlbefinden von Pferden - Filets \u00e0 Foin<\/title>\n<meta name=\"robots\" content=\"index, follow, max-snippet:-1, max-image-preview:large, max-video-preview:-1\" \/>\n<link rel=\"canonical\" href=\"https:\/\/filetafoin.com\/de\/die-vorteile-der-feelnets-heunetze-fuer-die-gesundheit-und-das-wohlbefinden-von-pferden\/\" \/>\n<meta property=\"og:locale\" content=\"de_DE\" \/>\n<meta property=\"og:type\" content=\"article\" \/>\n<meta property=\"og:title\" content=\"Die Vorteile der Feelnets Heunetze f\u00fcr die Gesundheit und das Wohlbefinden von Pferden - Filets \u00e0 Foin\" \/>\n<meta property=\"og:description\" content=\"[vc_row row_height_percent=&#8220;0&#8243; override_padding=&#8220;yes&#8220; h_padding=&#8220;2&#8243; top_padding=&#8220;5&#8243; bottom_padding=&#8220;3&#8243; overlay_alpha=&#8220;100&#8243; gutter_size=&#8220;3&#8243; column_width_percent=&#8220;100&#8243; shift_y=&#8220;0&#8243; z_index=&#8220;0&#8243; row_height_use_pixel=&#8220;&#8220;][vc_column column_width_use_pixel=&#8220;yes&#8220; gutter_size=&#8220;3&#8243; overlay_alpha=&#8220;50&#8243; shift_x=&#8220;0&#8243; shift_y=&#8220;0&#8243; medium_width=&#8220;0&#8243; zoom_width=&#8220;0&#8243; zoom_height=&#8220;0&#8243; [&hellip;]\" \/>\n<meta property=\"og:url\" content=\"https:\/\/filetafoin.com\/de\/die-vorteile-der-feelnets-heunetze-fuer-die-gesundheit-und-das-wohlbefinden-von-pferden\/\" \/>\n<meta property=\"og:site_name\" content=\"Filets \u00e0 Foin\" \/>\n<meta property=\"article:modified_time\" content=\"2026-01-13T16:54:11+00:00\" \/>\n<meta property=\"og:image\" content=\"https:\/\/filetafoin.com\/wp-content\/uploads\/2024\/10\/458173207_1069341214021732_7626466336119292602_n.jpg\" \/>\n\t<meta property=\"og:image:width\" content=\"638\" \/>\n\t<meta property=\"og:image:height\" content=\"850\" \/>\n\t<meta property=\"og:image:type\" content=\"image\/jpeg\" \/>\n<meta name=\"twitter:card\" content=\"summary_large_image\" \/>\n<meta name=\"twitter:label1\" content=\"Gesch\u00e4tzte Lesezeit\" \/>\n\t<meta name=\"twitter:data1\" content=\"4\u00a0Minuten\" \/>\n<script type=\"application\/ld+json\" class=\"yoast-schema-graph\">{\"@context\":\"https:\/\/schema.org\",\"@graph\":[{\"@type\":\"WebPage\",\"@id\":\"https:\/\/filetafoin.com\/de\/die-vorteile-der-feelnets-heunetze-fuer-die-gesundheit-und-das-wohlbefinden-von-pferden\/\",\"url\":\"https:\/\/filetafoin.com\/de\/die-vorteile-der-feelnets-heunetze-fuer-die-gesundheit-und-das-wohlbefinden-von-pferden\/\",\"name\":\"Die Vorteile der Feelnets Heunetze f\u00fcr die Gesundheit und das Wohlbefinden von Pferden - Filets \u00e0 Foin\",\"isPartOf\":{\"@id\":\"https:\/\/filetafoin.com\/de\/#website\"},\"primaryImageOfPage\":{\"@id\":\"https:\/\/filetafoin.com\/de\/die-vorteile-der-feelnets-heunetze-fuer-die-gesundheit-und-das-wohlbefinden-von-pferden\/#primaryimage\"},\"image\":{\"@id\":\"https:\/\/filetafoin.com\/de\/die-vorteile-der-feelnets-heunetze-fuer-die-gesundheit-und-das-wohlbefinden-von-pferden\/#primaryimage\"},\"thumbnailUrl\":\"https:\/\/filetafoin.com\/wp-content\/uploads\/2024\/10\/458173207_1069341214021732_7626466336119292602_n.jpg\",\"datePublished\":\"2023-11-20T10:46:59+00:00\",\"dateModified\":\"2026-01-13T16:54:11+00:00\",\"breadcrumb\":{\"@id\":\"https:\/\/filetafoin.com\/de\/die-vorteile-der-feelnets-heunetze-fuer-die-gesundheit-und-das-wohlbefinden-von-pferden\/#breadcrumb\"},\"inLanguage\":\"de\",\"potentialAction\":[{\"@type\":\"ReadAction\",\"target\":[\"https:\/\/filetafoin.com\/de\/die-vorteile-der-feelnets-heunetze-fuer-die-gesundheit-und-das-wohlbefinden-von-pferden\/\"]}]},{\"@type\":\"ImageObject\",\"inLanguage\":\"de\",\"@id\":\"https:\/\/filetafoin.com\/de\/die-vorteile-der-feelnets-heunetze-fuer-die-gesundheit-und-das-wohlbefinden-von-pferden\/#primaryimage\",\"url\":\"https:\/\/filetafoin.com\/wp-content\/uploads\/2024\/10\/458173207_1069341214021732_7626466336119292602_n.jpg\",\"contentUrl\":\"https:\/\/filetafoin.com\/wp-content\/uploads\/2024\/10\/458173207_1069341214021732_7626466336119292602_n.jpg\",\"width\":638,\"height\":850},{\"@type\":\"BreadcrumbList\",\"@id\":\"https:\/\/filetafoin.com\/de\/die-vorteile-der-feelnets-heunetze-fuer-die-gesundheit-und-das-wohlbefinden-von-pferden\/#breadcrumb\",\"itemListElement\":[{\"@type\":\"ListItem\",\"position\":1,\"name\":\"Accueil\",\"item\":\"https:\/\/filetafoin.com\/de\/spezialist-fuer-heunetze-fuer-pferde\/\"},{\"@type\":\"ListItem\",\"position\":2,\"name\":\"Die Vorteile der Feelnets Heunetze f\u00fcr die Gesundheit und das Wohlbefinden von Pferden\"}]},{\"@type\":\"WebSite\",\"@id\":\"https:\/\/filetafoin.com\/de\/#website\",\"url\":\"https:\/\/filetafoin.com\/de\/\",\"name\":\"Filets \u00e0 Foin\",\"description\":\"Sp\u00e9cialiste du Filet \u00e0 Foin pour Chevaux\",\"potentialAction\":[{\"@type\":\"SearchAction\",\"target\":{\"@type\":\"EntryPoint\",\"urlTemplate\":\"https:\/\/filetafoin.com\/de\/?s={search_term_string}\"},\"query-input\":{\"@type\":\"PropertyValueSpecification\",\"valueRequired\":true,\"valueName\":\"search_term_string\"}}],\"inLanguage\":\"de\"}]}<\/script>\n<!-- \/ Yoast SEO plugin. -->","yoast_head_json":{"title":"Die Vorteile der Feelnets Heunetze f\u00fcr die Gesundheit und das Wohlbefinden von Pferden - Filets \u00e0 Foin","robots":{"index":"index","follow":"follow","max-snippet":"max-snippet:-1","max-image-preview":"max-image-preview:large","max-video-preview":"max-video-preview:-1"},"canonical":"https:\/\/filetafoin.com\/de\/die-vorteile-der-feelnets-heunetze-fuer-die-gesundheit-und-das-wohlbefinden-von-pferden\/","og_locale":"de_DE","og_type":"article","og_title":"Die Vorteile der Feelnets Heunetze f\u00fcr die Gesundheit und das Wohlbefinden von Pferden - Filets \u00e0 Foin","og_description":"[vc_row row_height_percent=&#8220;0&#8243; override_padding=&#8220;yes&#8220; h_padding=&#8220;2&#8243; top_padding=&#8220;5&#8243; bottom_padding=&#8220;3&#8243; overlay_alpha=&#8220;100&#8243; gutter_size=&#8220;3&#8243; column_width_percent=&#8220;100&#8243; shift_y=&#8220;0&#8243; z_index=&#8220;0&#8243; row_height_use_pixel=&#8220;&#8220;][vc_column column_width_use_pixel=&#8220;yes&#8220; gutter_size=&#8220;3&#8243; overlay_alpha=&#8220;50&#8243; shift_x=&#8220;0&#8243; shift_y=&#8220;0&#8243; medium_width=&#8220;0&#8243; zoom_width=&#8220;0&#8243; zoom_height=&#8220;0&#8243; [&hellip;]","og_url":"https:\/\/filetafoin.com\/de\/die-vorteile-der-feelnets-heunetze-fuer-die-gesundheit-und-das-wohlbefinden-von-pferden\/","og_site_name":"Filets \u00e0 Foin","article_modified_time":"2026-01-13T16:54:11+00:00","og_image":[{"width":638,"height":850,"url":"https:\/\/filetafoin.com\/wp-content\/uploads\/2024\/10\/458173207_1069341214021732_7626466336119292602_n.jpg","type":"image\/jpeg"}],"twitter_card":"summary_large_image","twitter_misc":{"Gesch\u00e4tzte Lesezeit":"4\u00a0Minuten"},"schema":{"@context":"https:\/\/schema.org","@graph":[{"@type":"WebPage","@id":"https:\/\/filetafoin.com\/de\/die-vorteile-der-feelnets-heunetze-fuer-die-gesundheit-und-das-wohlbefinden-von-pferden\/","url":"https:\/\/filetafoin.com\/de\/die-vorteile-der-feelnets-heunetze-fuer-die-gesundheit-und-das-wohlbefinden-von-pferden\/","name":"Die Vorteile der Feelnets Heunetze f\u00fcr die Gesundheit und das Wohlbefinden von Pferden - Filets \u00e0 Foin","isPartOf":{"@id":"https:\/\/filetafoin.com\/de\/#website"},"primaryImageOfPage":{"@id":"https:\/\/filetafoin.com\/de\/die-vorteile-der-feelnets-heunetze-fuer-die-gesundheit-und-das-wohlbefinden-von-pferden\/#primaryimage"},"image":{"@id":"https:\/\/filetafoin.com\/de\/die-vorteile-der-feelnets-heunetze-fuer-die-gesundheit-und-das-wohlbefinden-von-pferden\/#primaryimage"},"thumbnailUrl":"https:\/\/filetafoin.com\/wp-content\/uploads\/2024\/10\/458173207_1069341214021732_7626466336119292602_n.jpg","datePublished":"2023-11-20T10:46:59+00:00","dateModified":"2026-01-13T16:54:11+00:00","breadcrumb":{"@id":"https:\/\/filetafoin.com\/de\/die-vorteile-der-feelnets-heunetze-fuer-die-gesundheit-und-das-wohlbefinden-von-pferden\/#breadcrumb"},"inLanguage":"de","potentialAction":[{"@type":"ReadAction","target":["https:\/\/filetafoin.com\/de\/die-vorteile-der-feelnets-heunetze-fuer-die-gesundheit-und-das-wohlbefinden-von-pferden\/"]}]},{"@type":"ImageObject","inLanguage":"de","@id":"https:\/\/filetafoin.com\/de\/die-vorteile-der-feelnets-heunetze-fuer-die-gesundheit-und-das-wohlbefinden-von-pferden\/#primaryimage","url":"https:\/\/filetafoin.com\/wp-content\/uploads\/2024\/10\/458173207_1069341214021732_7626466336119292602_n.jpg","contentUrl":"https:\/\/filetafoin.com\/wp-content\/uploads\/2024\/10\/458173207_1069341214021732_7626466336119292602_n.jpg","width":638,"height":850},{"@type":"BreadcrumbList","@id":"https:\/\/filetafoin.com\/de\/die-vorteile-der-feelnets-heunetze-fuer-die-gesundheit-und-das-wohlbefinden-von-pferden\/#breadcrumb","itemListElement":[{"@type":"ListItem","position":1,"name":"Accueil","item":"https:\/\/filetafoin.com\/de\/spezialist-fuer-heunetze-fuer-pferde\/"},{"@type":"ListItem","position":2,"name":"Die Vorteile der Feelnets Heunetze f\u00fcr die Gesundheit und das Wohlbefinden von Pferden"}]},{"@type":"WebSite","@id":"https:\/\/filetafoin.com\/de\/#website","url":"https:\/\/filetafoin.com\/de\/","name":"Filets \u00e0 Foin","description":"Sp\u00e9cialiste du Filet \u00e0 Foin pour Chevaux","potentialAction":[{"@type":"SearchAction","target":{"@type":"EntryPoint","urlTemplate":"https:\/\/filetafoin.com\/de\/?s={search_term_string}"},"query-input":{"@type":"PropertyValueSpecification","valueRequired":true,"valueName":"search_term_string"}}],"inLanguage":"de"}]}},"_links":{"self":[{"href":"https:\/\/filetafoin.com\/de\/wp-json\/wp\/v2\/pages\/83785","targetHints":{"allow":["GET"]}}],"collection":[{"href":"https:\/\/filetafoin.com\/de\/wp-json\/wp\/v2\/pages"}],"about":[{"href":"https:\/\/filetafoin.com\/de\/wp-json\/wp\/v2\/types\/page"}],"author":[{"embeddable":true,"href":"https:\/\/filetafoin.com\/de\/wp-json\/wp\/v2\/users\/1"}],"replies":[{"embeddable":true,"href":"https:\/\/filetafoin.com\/de\/wp-json\/wp\/v2\/comments?post=83785"}],"version-history":[{"count":2,"href":"https:\/\/filetafoin.com\/de\/wp-json\/wp\/v2\/pages\/83785\/revisions"}],"predecessor-version":[{"id":83791,"href":"https:\/\/filetafoin.com\/de\/wp-json\/wp\/v2\/pages\/83785\/revisions\/83791"}],"wp:featuredmedia":[{"embeddable":true,"href":"https:\/\/filetafoin.com\/de\/wp-json\/wp\/v2\/media\/83199"}],"wp:attachment":[{"href":"https:\/\/filetafoin.com\/de\/wp-json\/wp\/v2\/media?parent=83785"}],"curies":[{"name":"wp","href":"https:\/\/api.w.org\/{rel}","templated":true}]}}