{"id":83796,"date":"2021-01-19T14:29:50","date_gmt":"2021-01-19T13:29:50","guid":{"rendered":"https:\/\/filetafoin.com\/wie-man-ein-heunetz-fuer-pferde-richtig-installiert\/"},"modified":"2026-01-15T09:54:54","modified_gmt":"2026-01-15T08:54:54","slug":"wie-man-ein-heunetz-fuer-pferde-richtig-installiert","status":"publish","type":"page","link":"https:\/\/filetafoin.com\/de\/wie-man-ein-heunetz-fuer-pferde-richtig-installiert\/","title":{"rendered":"Wie man ein Heunetz f\u00fcr Pferde richtig installiert"},"content":{"rendered":"<div class=\"wpb-content-wrapper\"><p>[vc_row unlock_row_content=&#8220;yes&#8220; row_height_percent=&#8220;30&#8243; back_image=&#8220;83531&#8243; back_position=&#8220;center center&#8220; overlay_alpha=&#8220;50&#8243; gutter_size=&#8220;3&#8243; column_width_percent=&#8220;100&#8243; shift_y=&#8220;0&#8243; z_index=&#8220;0&#8243; content_parallax=&#8220;0&#8243; uncode_shortcode_id=&#8220;193993&#8243;][vc_column width=&#8220;1\/1&#8243;][\/vc_column][\/vc_row][vc_row row_height_percent=&#8220;0&#8243; override_padding=&#8220;yes&#8220; h_padding=&#8220;2&#8243; top_padding=&#8220;4&#8243; bottom_padding=&#8220;3&#8243; overlay_alpha=&#8220;50&#8243; gutter_size=&#8220;2&#8243; column_width_percent=&#8220;100&#8243; shift_y=&#8220;0&#8243; z_index=&#8220;0&#8243; content_parallax=&#8220;0&#8243; uncode_shortcode_id=&#8220;104076&#8243;][vc_column column_width_percent=&#8220;100&#8243; align_horizontal=&#8220;align_center&#8220; gutter_size=&#8220;4&#8243; overlay_alpha=&#8220;50&#8243; shift_x=&#8220;0&#8243; shift_y=&#8220;0&#8243; shift_y_down=&#8220;0&#8243; z_index=&#8220;0&#8243; medium_width=&#8220;0&#8243; mobile_width=&#8220;0&#8243; width=&#8220;1\/1&#8243; uncode_shortcode_id=&#8220;169537&#8243;][vc_custom_heading text_color=&#8220;color-469260&#8243; heading_semantic=&#8220;h1&#8243; text_size=&#8220;h1&#8243; uncode_shortcode_id=&#8220;725198&#8243; text_color_type=&#8220;uncode-palette&#8220;]Wie man ein Heunetz f\u00fcr Pferde richtig installiert?[\/vc_custom_heading][\/vc_column][\/vc_row][vc_row][vc_column][vc_column_text uncode_shortcode_id=&#8220;116299&#8243;]<strong>Wie in unserem <a href=\"https:\/\/feelnets.com\/filets-a-foin-chevaux-feelnets\/\">Artikel \u00fcber Feelnets Heunetze f\u00fcr Pferde<\/a> erl\u00e4utert, bieten diese Produkte vielf\u00e4ltige Vorteile: f\u00fcr eine bessere Gesundheit der Pferde, aus allgemeinen hygienischen Gr\u00fcnden, aber auch um Z\u00fcchtern zu helfen, Kosten zu sparen und sich besser zu organisieren. Doch sobald die Entscheidung f\u00fcr die Verwendung eines Heunetzes getroffen ist, stellt sich die Frage, wie man es richtig installiert. Feelnets, das auf die Herstellung ma\u00dfgeschneiderter technischer Netze und Planen f\u00fcr den Innen- und Au\u00dfenbereich spezialisierte Unternehmen, gibt Ihnen Tipps, wie Sie Ihr Heunetz optimal installieren. <\/strong>[\/vc_column_text][vc_single_image media=&#8220;83797&#8243; media_width_percent=&#8220;100&#8243;][vc_column_text uncode_shortcode_id=&#8220;158770&#8243;]<\/p>\n<h2>Das Heunetz auf einem Rundballen oder einem rechteckigen Ballen installieren<\/h2>\n<p>Rundballen Heu haben im Allgemeinen einen Durchmesser von 112 cm und eine L\u00e4nge von 122 cm. Man findet sie jedoch je nach Pressenmodell und Einstellung mit einem Durchmesser von bis zu 183 cm (72 Zoll) und einem Gewicht von 225 kg bis 450 kg.<\/p>\n<p>Es kann daher f\u00fcr eine einzelne Person sehr kompliziert sein, einen Rundballen in ein Heunetz zu legen. Diese scheinbar m\u00fchsame Aufgabe wird durch verschiedene Verfahren erheblich erleichtert.<\/p>\n<h3>Wie bef\u00fcllt man sein Heunetz f\u00fcr Pferde?<\/h3>\n<h4>Die Bef\u00fcllhilfe f\u00fcr Heunetze<\/h4>\n<p>Diese Metallhalterungen gibt es in zwei Formen: entweder als Kreis zum Aufh\u00e4ngen an einer Wand oder als dreibeiniger St\u00e4nder, den man auf den Boden stellen kann. Unabh\u00e4ngig vom gew\u00e4hlten Modell ist das Prinzip dasselbe: 5 bis 6 Stifte entlang des Kreises erm\u00f6glichen das Einh\u00e4ngen des Netzes. Anschlie\u00dfend muss das Heu mit einer Gabel in das Heunetz gef\u00fcllt werden.<\/p>\n<h4>Das Heunetz zum Aufh\u00e4ngen an der Wand<\/h4>\n<p>Einige rechteckige Heunetze f\u00fcr Pferde verf\u00fcgen \u00fcber 4 Befestigungsringe an ihren 4 Enden und erm\u00f6glichen so das Aufh\u00e4ngen an einer Wand, mit der \u00d6ffnung nach oben, um die H\u00e4nde zum Bef\u00fcllen mit Heu, das mit einer Gabel entnommen wird, v\u00f6llig frei zu haben.<\/p>\n<h4>Heunetze mit einfachen Verschl\u00fcssen<\/h4>\n<p>Die einfachste L\u00f6sung ist sicherlich das Heunetz, <strong>das sich \u201ewie eine Socke \u00fcberziehen l\u00e4sst\u201c<\/strong>. Die <a href=\"\/\">Feelnets Heunetze<\/a> verf\u00fcgen \u00fcber <strong>dieses einfache Verschlusssystem mit einem Schiebeknoten<\/strong>. Es gen\u00fcgt also, Ihr Netz direkt \u00fcber den Rundballen oder den rechteckigen Ballen zu ziehen, es herunterzuziehen (oder hochzuziehen, wenn Sie den Heuballen daraufgelegt haben), so wie Sie zum Beispiel eine Socke \u00fcber Ihren Fu\u00df ziehen w\u00fcrden. Wenn Sie am Ende angekommen sind, schlie\u00dfen Sie den Schiebeknoten.<\/p>\n<p>Einfach, schnell und effektiv!<\/p>\n<p>Dar\u00fcber hinaus eignen sich unsere Heunetze sowohl f\u00fcr Rundballen als auch f\u00fcr rechteckige Ballen, und Sie k\u00f6nnen sie auf dem Boden liegend oder mit der Schnur aufgeh\u00e4ngt platzieren.<\/p>\n<h3>Wo installiert man sein Heunetz?<\/h3>\n<p><strong>Ob Sie ein kleines oder ein gro\u00dfes Heunetz gew\u00e4hlt haben<\/strong>, Sie k\u00f6nnen es zum Beispiel in Ihrem <strong>Stall<\/strong> aufh\u00e4ngen. Um zu vermeiden, dass das Netz in alle Richtungen schwingt und das Pferd es sch\u00fctteln muss, um Heu herauszubekommen, empfehlen wir Ihnen, es an einer Wand oder Trennwand aufzuh\u00e4ngen. Aber Achtung, es ist wichtig, <strong>es in der richtigen H\u00f6he aufzuh\u00e4ngen<\/strong> (auf Ellbogenh\u00f6he), um zu unbequeme Positionen f\u00fcr das Pferd zu vermeiden.<\/p>\n<p><strong>F\u00fcr beschlagene Pferde<\/strong>, die sich mit dem Eisen im Netz verfangen k\u00f6nnten, k\u00f6nnen Sie Ihr Netz \u00fcber einer Holzunterlage oder einem Fass aufh\u00e4ngen, das sich auf Hufh\u00f6he des Pferdes befindet.<\/p>\n<p><strong>Ein gro\u00dfes Heunetz, das einen ganzen Heuballen enth\u00e4lt<\/strong>, f\u00fcr mehrere Pferde und mehrere Tage, kann auf dem Boden platziert und im Freien an einem Baum befestigt werden, damit es sich nicht zu sehr bewegt. Um Verluste so weit wie m\u00f6glich zu vermeiden, versuchen Sie auch, es an einem Ort zu platzieren, der von einer Wasserstelle f\u00fcr Pferde entfernt ist, um zu verhindern, dass sich das Heu mit Schlamm vermischt und dann unbrauchbar wird.<\/p>\n<p>&#8211;[\/vc_column_text][vc_row_inner][vc_column_inner width=&#8220;1\/1&#8243;][vc_raw_html]PGEgaHJlZj0iaHR0cHM6Ly93YS5tZS8zMzY4MDk2MjQ4Nz90ZXh0PUJvbmpvdXIlMkMlMjBqJ2FpJTIwcXVlbHF1ZXMlMjBxdWVzdGlvbnMlMjBzdXIlMjB2b3MlMjBmaWxldHMuIiB0YXJnZXQ9Il9ibGFuayIgc3R5bGU9ImJhY2tncm91bmQtY29sb3I6ICMyNWQzNjY7IGNvbG9yOiB3aGl0ZTsgcGFkZGluZzogMTBweCAyMHB4OyB0ZXh0LWFsaWduOiBjZW50ZXI7IHRleHQtZGVjb3JhdGlvbjogbm9uZTsgZGlzcGxheTogaW5saW5lLWJsb2NrOyBib3JkZXItcmFkaXVzOiA1cHg7IGZvbnQtd2VpZ2h0OiBib2xkOyI+CiBLb250YWt0aWVyZW4gU2llIHVucyBhdWYgV2hhdHNBcHAKPC9hPg==[\/vc_raw_html][vc_column_text uncode_shortcode_id=&#8220;177819&#8243;]<strong><a href=\"https:\/\/filetafoin.com\/de\/kontakt\/\">KONTAKTIEREN SIE UNS<\/a> f\u00fcr weitere Informationen: <a href=\"mailto:commercial@feelnets.com\" target=\"_blank\" rel=\"noopener noreferrer\">commercial@feelnets.com<\/a><\/strong>[\/vc_column_text][\/vc_column_inner][\/vc_row_inner][\/vc_column][\/vc_row]<\/p>\n<\/div>","protected":false},"excerpt":{"rendered":"<p>[vc_row unlock_row_content=&#8220;yes&#8220; row_height_percent=&#8220;30&#8243; back_image=&#8220;83531&#8243; back_position=&#8220;center center&#8220; overlay_alpha=&#8220;50&#8243; gutter_size=&#8220;3&#8243; column_width_percent=&#8220;100&#8243; shift_y=&#8220;0&#8243; z_index=&#8220;0&#8243; content_parallax=&#8220;0&#8243; uncode_shortcode_id=&#8220;193993&#8243;][vc_column width=&#8220;1\/1&#8243;][\/vc_column][\/vc_row][vc_row row_height_percent=&#8220;0&#8243; override_padding=&#8220;yes&#8220; h_padding=&#8220;2&#8243; top_padding=&#8220;4&#8243; bottom_padding=&#8220;3&#8243; overlay_alpha=&#8220;50&#8243; [&hellip;]<\/p>\n","protected":false},"author":1,"featured_media":0,"parent":0,"menu_order":0,"comment_status":"closed","ping_status":"closed","template":"","meta":{"footnotes":""},"class_list":["post-83796","page","type-page","status-publish","hentry"],"yoast_head":"<!-- This site is optimized with the Yoast SEO plugin v26.7 - https:\/\/yoast.com\/wordpress\/plugins\/seo\/ -->\n<title>Wie man ein Heunetz f\u00fcr Pferde richtig installiert - Filets \u00e0 Foin<\/title>\n<meta name=\"description\" content=\"Feelnets, der Netzspezialist, erkl\u00e4rt Ihnen, wie Sie Ihr Heunetz f\u00fcr Pferde richtig installieren: wie und wo es zu installieren ist, wie es zu bef\u00fcllen ist.\" \/>\n<meta name=\"robots\" content=\"index, follow, max-snippet:-1, max-image-preview:large, max-video-preview:-1\" \/>\n<link rel=\"canonical\" href=\"https:\/\/filetafoin.com\/de\/wie-man-ein-heunetz-fuer-pferde-richtig-installiert\/\" \/>\n<meta property=\"og:locale\" content=\"de_DE\" \/>\n<meta property=\"og:type\" content=\"article\" \/>\n<meta property=\"og:title\" content=\"Wie man ein Heunetz f\u00fcr Pferde richtig installiert - Filets \u00e0 Foin\" \/>\n<meta property=\"og:description\" content=\"Feelnets, der Netzspezialist, erkl\u00e4rt Ihnen, wie Sie Ihr Heunetz f\u00fcr Pferde richtig installieren: wie und wo es zu installieren ist, wie es zu bef\u00fcllen ist.\" \/>\n<meta property=\"og:url\" content=\"https:\/\/filetafoin.com\/de\/wie-man-ein-heunetz-fuer-pferde-richtig-installiert\/\" \/>\n<meta property=\"og:site_name\" content=\"Filets \u00e0 Foin\" \/>\n<meta property=\"article:modified_time\" content=\"2026-01-15T08:54:54+00:00\" \/>\n<meta name=\"twitter:card\" content=\"summary_large_image\" \/>\n<meta name=\"twitter:label1\" content=\"Gesch\u00e4tzte Lesezeit\" \/>\n\t<meta name=\"twitter:data1\" content=\"4\u00a0Minuten\" \/>\n<script type=\"application\/ld+json\" class=\"yoast-schema-graph\">{\"@context\":\"https:\/\/schema.org\",\"@graph\":[{\"@type\":\"WebPage\",\"@id\":\"https:\/\/filetafoin.com\/de\/wie-man-ein-heunetz-fuer-pferde-richtig-installiert\/\",\"url\":\"https:\/\/filetafoin.com\/de\/wie-man-ein-heunetz-fuer-pferde-richtig-installiert\/\",\"name\":\"Wie man ein Heunetz f\u00fcr Pferde richtig installiert - Filets \u00e0 Foin\",\"isPartOf\":{\"@id\":\"https:\/\/filetafoin.com\/de\/#website\"},\"datePublished\":\"2021-01-19T13:29:50+00:00\",\"dateModified\":\"2026-01-15T08:54:54+00:00\",\"description\":\"Feelnets, der Netzspezialist, erkl\u00e4rt Ihnen, wie Sie Ihr Heunetz f\u00fcr Pferde richtig installieren: wie und wo es zu installieren ist, wie es zu bef\u00fcllen ist.\",\"breadcrumb\":{\"@id\":\"https:\/\/filetafoin.com\/de\/wie-man-ein-heunetz-fuer-pferde-richtig-installiert\/#breadcrumb\"},\"inLanguage\":\"de\",\"potentialAction\":[{\"@type\":\"ReadAction\",\"target\":[\"https:\/\/filetafoin.com\/de\/wie-man-ein-heunetz-fuer-pferde-richtig-installiert\/\"]}]},{\"@type\":\"BreadcrumbList\",\"@id\":\"https:\/\/filetafoin.com\/de\/wie-man-ein-heunetz-fuer-pferde-richtig-installiert\/#breadcrumb\",\"itemListElement\":[{\"@type\":\"ListItem\",\"position\":1,\"name\":\"Accueil\",\"item\":\"https:\/\/filetafoin.com\/de\/spezialist-fuer-heunetze-fuer-pferde\/\"},{\"@type\":\"ListItem\",\"position\":2,\"name\":\"Wie man ein Heunetz f\u00fcr Pferde richtig installiert\"}]},{\"@type\":\"WebSite\",\"@id\":\"https:\/\/filetafoin.com\/de\/#website\",\"url\":\"https:\/\/filetafoin.com\/de\/\",\"name\":\"Filets \u00e0 Foin\",\"description\":\"Sp\u00e9cialiste du Filet \u00e0 Foin pour Chevaux\",\"potentialAction\":[{\"@type\":\"SearchAction\",\"target\":{\"@type\":\"EntryPoint\",\"urlTemplate\":\"https:\/\/filetafoin.com\/de\/?s={search_term_string}\"},\"query-input\":{\"@type\":\"PropertyValueSpecification\",\"valueRequired\":true,\"valueName\":\"search_term_string\"}}],\"inLanguage\":\"de\"}]}<\/script>\n<!-- \/ Yoast SEO plugin. -->","yoast_head_json":{"title":"Wie man ein Heunetz f\u00fcr Pferde richtig installiert - Filets \u00e0 Foin","description":"Feelnets, der Netzspezialist, erkl\u00e4rt Ihnen, wie Sie Ihr Heunetz f\u00fcr Pferde richtig installieren: wie und wo es zu installieren ist, wie es zu bef\u00fcllen ist.","robots":{"index":"index","follow":"follow","max-snippet":"max-snippet:-1","max-image-preview":"max-image-preview:large","max-video-preview":"max-video-preview:-1"},"canonical":"https:\/\/filetafoin.com\/de\/wie-man-ein-heunetz-fuer-pferde-richtig-installiert\/","og_locale":"de_DE","og_type":"article","og_title":"Wie man ein Heunetz f\u00fcr Pferde richtig installiert - Filets \u00e0 Foin","og_description":"Feelnets, der Netzspezialist, erkl\u00e4rt Ihnen, wie Sie Ihr Heunetz f\u00fcr Pferde richtig installieren: wie und wo es zu installieren ist, wie es zu bef\u00fcllen ist.","og_url":"https:\/\/filetafoin.com\/de\/wie-man-ein-heunetz-fuer-pferde-richtig-installiert\/","og_site_name":"Filets \u00e0 Foin","article_modified_time":"2026-01-15T08:54:54+00:00","twitter_card":"summary_large_image","twitter_misc":{"Gesch\u00e4tzte Lesezeit":"4\u00a0Minuten"},"schema":{"@context":"https:\/\/schema.org","@graph":[{"@type":"WebPage","@id":"https:\/\/filetafoin.com\/de\/wie-man-ein-heunetz-fuer-pferde-richtig-installiert\/","url":"https:\/\/filetafoin.com\/de\/wie-man-ein-heunetz-fuer-pferde-richtig-installiert\/","name":"Wie man ein Heunetz f\u00fcr Pferde richtig installiert - Filets \u00e0 Foin","isPartOf":{"@id":"https:\/\/filetafoin.com\/de\/#website"},"datePublished":"2021-01-19T13:29:50+00:00","dateModified":"2026-01-15T08:54:54+00:00","description":"Feelnets, der Netzspezialist, erkl\u00e4rt Ihnen, wie Sie Ihr Heunetz f\u00fcr Pferde richtig installieren: wie und wo es zu installieren ist, wie es zu bef\u00fcllen ist.","breadcrumb":{"@id":"https:\/\/filetafoin.com\/de\/wie-man-ein-heunetz-fuer-pferde-richtig-installiert\/#breadcrumb"},"inLanguage":"de","potentialAction":[{"@type":"ReadAction","target":["https:\/\/filetafoin.com\/de\/wie-man-ein-heunetz-fuer-pferde-richtig-installiert\/"]}]},{"@type":"BreadcrumbList","@id":"https:\/\/filetafoin.com\/de\/wie-man-ein-heunetz-fuer-pferde-richtig-installiert\/#breadcrumb","itemListElement":[{"@type":"ListItem","position":1,"name":"Accueil","item":"https:\/\/filetafoin.com\/de\/spezialist-fuer-heunetze-fuer-pferde\/"},{"@type":"ListItem","position":2,"name":"Wie man ein Heunetz f\u00fcr Pferde richtig installiert"}]},{"@type":"WebSite","@id":"https:\/\/filetafoin.com\/de\/#website","url":"https:\/\/filetafoin.com\/de\/","name":"Filets \u00e0 Foin","description":"Sp\u00e9cialiste du Filet \u00e0 Foin pour Chevaux","potentialAction":[{"@type":"SearchAction","target":{"@type":"EntryPoint","urlTemplate":"https:\/\/filetafoin.com\/de\/?s={search_term_string}"},"query-input":{"@type":"PropertyValueSpecification","valueRequired":true,"valueName":"search_term_string"}}],"inLanguage":"de"}]}},"_links":{"self":[{"href":"https:\/\/filetafoin.com\/de\/wp-json\/wp\/v2\/pages\/83796","targetHints":{"allow":["GET"]}}],"collection":[{"href":"https:\/\/filetafoin.com\/de\/wp-json\/wp\/v2\/pages"}],"about":[{"href":"https:\/\/filetafoin.com\/de\/wp-json\/wp\/v2\/types\/page"}],"author":[{"embeddable":true,"href":"https:\/\/filetafoin.com\/de\/wp-json\/wp\/v2\/users\/1"}],"replies":[{"embeddable":true,"href":"https:\/\/filetafoin.com\/de\/wp-json\/wp\/v2\/comments?post=83796"}],"version-history":[{"count":5,"href":"https:\/\/filetafoin.com\/de\/wp-json\/wp\/v2\/pages\/83796\/revisions"}],"predecessor-version":[{"id":84129,"href":"https:\/\/filetafoin.com\/de\/wp-json\/wp\/v2\/pages\/83796\/revisions\/84129"}],"wp:attachment":[{"href":"https:\/\/filetafoin.com\/de\/wp-json\/wp\/v2\/media?parent=83796"}],"curies":[{"name":"wp","href":"https:\/\/api.w.org\/{rel}","templated":true}]}}