{"id":84081,"date":"2024-12-26T16:04:58","date_gmt":"2024-12-26T15:04:58","guid":{"rendered":"https:\/\/filetafoin.com\/heunetze-und-die-vorbeugung-von-koliken-bei-pferden\/"},"modified":"2026-03-31T18:00:40","modified_gmt":"2026-03-31T16:00:40","slug":"heunetze-und-die-vorbeugung-von-koliken-bei-pferden","status":"publish","type":"page","link":"https:\/\/filetafoin.com\/de\/heunetze-und-die-vorbeugung-von-koliken-bei-pferden\/","title":{"rendered":"Heunetze und die Vorbeugung von Koliken bei Pferden"},"content":{"rendered":"<div class=\"wpb-content-wrapper\"><p>[vc_row row_height_percent=&#8220;0&#8243; override_padding=&#8220;yes&#8220; h_padding=&#8220;2&#8243; top_padding=&#8220;5&#8243; bottom_padding=&#8220;3&#8243; overlay_alpha=&#8220;100&#8243; gutter_size=&#8220;3&#8243; column_width_percent=&#8220;100&#8243; shift_y=&#8220;0&#8243; z_index=&#8220;0&#8243; row_height_use_pixel=&#8220;&#8220;][vc_column column_width_use_pixel=&#8220;yes&#8220; gutter_size=&#8220;3&#8243; overlay_alpha=&#8220;50&#8243; shift_x=&#8220;0&#8243; shift_y=&#8220;0&#8243; medium_width=&#8220;0&#8243; zoom_width=&#8220;0&#8243; zoom_height=&#8220;0&#8243; column_width_pixel=&#8220;800&#8243;][vc_column_text]<\/p>\n<h2><strong>Heunetze und die Vorbeugung von Koliken bei Pferden<\/strong><\/h2>\n<p>Koliken, der wahre Albtraum von Pferdebesitzern, sind Verdauungsst\u00f6rungen, die die Gesundheit unserer Pferde schwer beeintr\u00e4chtigen k\u00f6nnen. Diese Bauchschmerzen k\u00f6nnen aus verschiedenen Gr\u00fcnden auftreten, wie eine unausgewogene Ern\u00e4hrung, eine schnelle Heuaufnahme oder mangelnde Bewegung. Hier kommen Heunetze ins Spiel und werden zu wertvollen Verb\u00fcndeten bei der Vorbeugung von Koliken und anderen Verdauungsst\u00f6rungen.[\/vc_column_text][\/vc_column][\/vc_row][vc_row row_height_percent=&#8220;0&#8243; override_padding=&#8220;yes&#8220; h_padding=&#8220;2&#8243; top_padding=&#8220;0&#8243; bottom_padding=&#8220;0&#8243; overlay_alpha=&#8220;100&#8243; gutter_size=&#8220;3&#8243; column_width_percent=&#8220;100&#8243; shift_y=&#8220;0&#8243; z_index=&#8220;0&#8243; row_height_use_pixel=&#8220;&#8220;][vc_column column_width_use_pixel=&#8220;yes&#8220; gutter_size=&#8220;3&#8243; overlay_alpha=&#8220;50&#8243; shift_x=&#8220;0&#8243; shift_y=&#8220;0&#8243; medium_width=&#8220;0&#8243; zoom_width=&#8220;0&#8243; zoom_height=&#8220;0&#8243; width=&#8220;5\/6&#8243;][vc_single_image media=&#8220;84082&#8243; media_width_percent=&#8220;100&#8243; media_ratio=&#8220;three-two&#8220; media_title_uppercase=&#8220;&#8220; uncode_shortcode_id=&#8220;176685&#8243;][\/vc_column][vc_column column_width_percent=&#8220;100&#8243; gutter_size=&#8220;3&#8243; overlay_alpha=&#8220;50&#8243; shift_x=&#8220;0&#8243; shift_y=&#8220;0&#8243; medium_width=&#8220;0&#8243; zoom_width=&#8220;0&#8243; zoom_height=&#8220;0&#8243; width=&#8220;1\/6&#8243;][vc_column_text]Indem sie die Heuaufnahme verlangsamen und ein nat\u00fcrlicheres Fressverhalten f\u00f6rdern, tragen Heunetze ma\u00dfgeblich zum Wohlbefinden der Pferde bei.[\/vc_column_text][\/vc_column][\/vc_row][vc_row row_height_percent=&#8220;0&#8243; override_padding=&#8220;yes&#8220; h_padding=&#8220;2&#8243; top_padding=&#8220;3&#8243; bottom_padding=&#8220;3&#8243; overlay_alpha=&#8220;100&#8243; gutter_size=&#8220;3&#8243; column_width_percent=&#8220;100&#8243; shift_y=&#8220;0&#8243; z_index=&#8220;0&#8243; row_height_use_pixel=&#8220;&#8220;][vc_column column_width_use_pixel=&#8220;yes&#8220; gutter_size=&#8220;3&#8243; overlay_alpha=&#8220;50&#8243; shift_x=&#8220;0&#8243; shift_y=&#8220;0&#8243; medium_width=&#8220;0&#8243; zoom_width=&#8220;0&#8243; zoom_height=&#8220;0&#8243; column_width_pixel=&#8220;800&#8243;][vc_column_text]<\/p>\n<h2><strong>Eine langsamere und nat\u00fcrlichere Heuaufnahme<\/strong><\/h2>\n<p>Heunetze sind speziell daf\u00fcr konzipiert, die Geschwindigkeit zu verlangsamen, mit der Pferde ihr Heu aufnehmen. Im Gegensatz zur traditionellen F\u00fctterung, bei der Heu einfach auf den Boden oder in eine Raufe gelegt wird, zwingen Heunetze die Pferde, das Heu durch die kleinen Maschen des Netzes zu ziehen. Dieser Prozess ahmt genauer nach, wie Pferde sich in freier Wildbahn ern\u00e4hren, indem sie \u00fcber l\u00e4ngere Zeitr\u00e4ume grasen. Dieser langsamere und regulierte Ansatz reduziert das Risiko von \u00dcberf\u00fctterung und schneller G\u00e4rung im Magen, zwei Schl\u00fcsselfaktoren f\u00fcr das Auftreten von Koliken.[\/vc_column_text][\/vc_column][\/vc_row][vc_row row_height_percent=&#8220;0&#8243; override_padding=&#8220;yes&#8220; h_padding=&#8220;2&#8243; top_padding=&#8220;3&#8243; bottom_padding=&#8220;3&#8243; overlay_alpha=&#8220;100&#8243; gutter_size=&#8220;3&#8243; column_width_percent=&#8220;100&#8243; shift_y=&#8220;0&#8243; z_index=&#8220;0&#8243; row_height_use_pixel=&#8220;&#8220;][vc_column column_width_use_pixel=&#8220;yes&#8220; gutter_size=&#8220;3&#8243; overlay_alpha=&#8220;50&#8243; shift_x=&#8220;0&#8243; shift_y=&#8220;0&#8243; medium_width=&#8220;0&#8243; zoom_width=&#8220;0&#8243; zoom_height=&#8220;0&#8243; column_width_pixel=&#8220;800&#8243;][vc_column_text]<\/p>\n<h2><strong>Risikoverhalten reduzieren<\/strong><\/h2>\n<p>Neben der Verlangsamung der Heuaufnahme helfen Heunetze auch, bestimmte Risikoverhalten zu reduzieren, die mit Verdauungsst\u00f6rungen verbunden sind. Wenn ein Pferd beispielsweise Zugang zu einer gro\u00dfen Menge losem Heu hat, kann es dazu neigen, die schmackhaftesten Teile auszuw\u00e4hlen und die weniger schmackhaften Halme liegen zu lassen. Diese Selektivit\u00e4t kann zu einer unausgewogenen Ern\u00e4hrung f\u00fchren. Mit einem Heunetz ist das Pferd gezwungen, gleichm\u00e4\u00dfiger zu fressen, was eine bessere Verdauung und eine gleichm\u00e4\u00dfigere N\u00e4hrstoffaufnahme gew\u00e4hrleistet. Dar\u00fcber hinaus f\u00f6rdern Heunetze durch die Reduzierung des unbegrenzten Heuzugangs eine erh\u00f6hte k\u00f6rperliche Aktivit\u00e4t, da Pferde mehr Zeit damit verbringen, f\u00fcr ihr Futter zu \u201earbeiten\u201c.[\/vc_column_text][\/vc_column][\/vc_row][vc_row row_height_percent=&#8220;0&#8243; override_padding=&#8220;yes&#8220; h_padding=&#8220;2&#8243; top_padding=&#8220;3&#8243; bottom_padding=&#8220;3&#8243; overlay_alpha=&#8220;100&#8243; gutter_size=&#8220;3&#8243; column_width_percent=&#8220;100&#8243; shift_y=&#8220;0&#8243; z_index=&#8220;0&#8243; row_height_use_pixel=&#8220;&#8220;][vc_column column_width_use_pixel=&#8220;yes&#8220; gutter_size=&#8220;3&#8243; overlay_alpha=&#8220;50&#8243; shift_x=&#8220;0&#8243; shift_y=&#8220;0&#8243; medium_width=&#8220;0&#8243; zoom_width=&#8220;0&#8243; zoom_height=&#8220;0&#8243; column_width_pixel=&#8220;800&#8243;][vc_column_text]<\/p>\n<h2><strong>Ein unverzichtbares Hilfsmittel f\u00fcr die Verdauungsgesundheit<\/strong><\/h2>\n<p>Heunetze sind also weit mehr als nur ein einfaches F\u00fctterungszubeh\u00f6r. Sie spielen eine entscheidende Rolle bei der Vorbeugung von Koliken und tragen zu einer besseren allgemeinen Verdauungsgesundheit der Pferde bei. Durch die Kombination der Verwendung von Heunetzen mit anderen guten F\u00fctterungspraktiken, wie Zugang zu sauberem und frischem Wasser, qualitativ hochwertigen Weiden und einer regelm\u00e4\u00dfigen Bewegung, k\u00f6nnen Besitzer das Wohlbefinden ihrer Pferde erheblich verbessern. Daher ist die Investition in hochwertige Heunetze, wie sie von <a href=\"http:\/\/www.feelnets.com\">Feelnets<\/a> angeboten werden, eine kluge und wirksame Pr\u00e4ventivma\u00dfnahme f\u00fcr jeden Stall, der sich um die Gesundheit seiner Equiden sorgt.[\/vc_column_text][\/vc_column][\/vc_row][vc_row row_height_percent=&#8220;0&#8243; override_padding=&#8220;yes&#8220; h_padding=&#8220;2&#8243; top_padding=&#8220;3&#8243; bottom_padding=&#8220;3&#8243; overlay_alpha=&#8220;100&#8243; gutter_size=&#8220;3&#8243; column_width_percent=&#8220;100&#8243; shift_y=&#8220;0&#8243; z_index=&#8220;0&#8243; row_height_use_pixel=&#8220;&#8220;][vc_column column_width_use_pixel=&#8220;yes&#8220; gutter_size=&#8220;3&#8243; overlay_alpha=&#8220;50&#8243; shift_x=&#8220;0&#8243; shift_y=&#8220;0&#8243; medium_width=&#8220;0&#8243; zoom_width=&#8220;0&#8243; zoom_height=&#8220;0&#8243; column_width_pixel=&#8220;800&#8243;][vc_column_text]<\/p>\n<h2>Entdecken Sie unser komplettes Sortiment <a href=\"https:\/\/filetafoin.com\/de\/modelle-und-preise\/#tarifs\">HIER<\/a><strong><br \/>\n<\/strong><\/h2>\n<h2>Und unsere sozialen Netzwerke: <a href=\"https:\/\/www.facebook.com\/feelnetsfiletafoin\">Facebook<\/a> <a href=\"https:\/\/www.instagram.com\/filetafoin\/\">Instagram<\/a><\/h2>\n<p>[\/vc_column_text][\/vc_column][\/vc_row]<\/p>\n<\/div>","protected":false},"excerpt":{"rendered":"<p>[vc_row row_height_percent=&#8220;0&#8243; override_padding=&#8220;yes&#8220; h_padding=&#8220;2&#8243; top_padding=&#8220;5&#8243; bottom_padding=&#8220;3&#8243; overlay_alpha=&#8220;100&#8243; gutter_size=&#8220;3&#8243; column_width_percent=&#8220;100&#8243; shift_y=&#8220;0&#8243; z_index=&#8220;0&#8243; row_height_use_pixel=&#8220;&#8220;][vc_column column_width_use_pixel=&#8220;yes&#8220; gutter_size=&#8220;3&#8243; overlay_alpha=&#8220;50&#8243; shift_x=&#8220;0&#8243; shift_y=&#8220;0&#8243; medium_width=&#8220;0&#8243; zoom_width=&#8220;0&#8243; zoom_height=&#8220;0&#8243; [&hellip;]<\/p>\n","protected":false},"author":6,"featured_media":84082,"parent":0,"menu_order":0,"comment_status":"closed","ping_status":"closed","template":"","meta":{"footnotes":""},"class_list":["post-84081","page","type-page","status-publish","has-post-thumbnail","hentry","page_category-leitfaden"],"yoast_head":"<!-- This site is optimized with the Yoast SEO plugin v26.7 - https:\/\/yoast.com\/wordpress\/plugins\/seo\/ -->\n<title>Heunetze und die Vorbeugung von Koliken bei Pferden - Filets \u00e0 Foin<\/title>\n<meta name=\"description\" content=\"Finden Sie heraus, wie Heunetze helfen, Koliken bei Pferden vorzubeugen, indem sie die Nahrungsaufnahme verlangsamen und eine nat\u00fcrlichere und ausgewogenere Verdauung f\u00f6rdern.\" \/>\n<meta name=\"robots\" content=\"index, follow, max-snippet:-1, max-image-preview:large, max-video-preview:-1\" \/>\n<link rel=\"canonical\" href=\"https:\/\/filetafoin.com\/de\/heunetze-und-die-vorbeugung-von-koliken-bei-pferden\/\" \/>\n<meta property=\"og:locale\" content=\"de_DE\" \/>\n<meta property=\"og:type\" content=\"article\" \/>\n<meta property=\"og:title\" content=\"Heunetze und die Vorbeugung von Koliken bei Pferden - Filets \u00e0 Foin\" \/>\n<meta property=\"og:description\" content=\"Finden Sie heraus, wie Heunetze helfen, Koliken bei Pferden vorzubeugen, indem sie die Nahrungsaufnahme verlangsamen und eine nat\u00fcrlichere und ausgewogenere Verdauung f\u00f6rdern.\" \/>\n<meta property=\"og:url\" content=\"https:\/\/filetafoin.com\/de\/heunetze-und-die-vorbeugung-von-koliken-bei-pferden\/\" \/>\n<meta property=\"og:site_name\" content=\"Filets \u00e0 Foin\" \/>\n<meta property=\"article:modified_time\" content=\"2026-03-31T16:00:40+00:00\" \/>\n<meta property=\"og:image\" content=\"https:\/\/filetafoin.com\/wp-content\/uploads\/2024\/12\/WhatsApp-Image-2024-12-19-a-09.23.02_07903392.jpg\" \/>\n\t<meta property=\"og:image:width\" content=\"2048\" \/>\n\t<meta property=\"og:image:height\" content=\"1366\" \/>\n\t<meta property=\"og:image:type\" content=\"image\/jpeg\" \/>\n<meta name=\"twitter:card\" content=\"summary_large_image\" \/>\n<meta name=\"twitter:label1\" content=\"Gesch\u00e4tzte Lesezeit\" \/>\n\t<meta name=\"twitter:data1\" content=\"4\u00a0Minuten\" \/>\n<script type=\"application\/ld+json\" class=\"yoast-schema-graph\">{\"@context\":\"https:\/\/schema.org\",\"@graph\":[{\"@type\":\"WebPage\",\"@id\":\"https:\/\/filetafoin.com\/de\/heunetze-und-die-vorbeugung-von-koliken-bei-pferden\/\",\"url\":\"https:\/\/filetafoin.com\/de\/heunetze-und-die-vorbeugung-von-koliken-bei-pferden\/\",\"name\":\"Heunetze und die Vorbeugung von Koliken bei Pferden - Filets \u00e0 Foin\",\"isPartOf\":{\"@id\":\"https:\/\/filetafoin.com\/de\/#website\"},\"primaryImageOfPage\":{\"@id\":\"https:\/\/filetafoin.com\/de\/heunetze-und-die-vorbeugung-von-koliken-bei-pferden\/#primaryimage\"},\"image\":{\"@id\":\"https:\/\/filetafoin.com\/de\/heunetze-und-die-vorbeugung-von-koliken-bei-pferden\/#primaryimage\"},\"thumbnailUrl\":\"https:\/\/filetafoin.com\/wp-content\/uploads\/2024\/12\/WhatsApp-Image-2024-12-19-a-09.23.02_07903392.jpg\",\"datePublished\":\"2024-12-26T15:04:58+00:00\",\"dateModified\":\"2026-03-31T16:00:40+00:00\",\"description\":\"Finden Sie heraus, wie Heunetze helfen, Koliken bei Pferden vorzubeugen, indem sie die Nahrungsaufnahme verlangsamen und eine nat\u00fcrlichere und ausgewogenere Verdauung f\u00f6rdern.\",\"breadcrumb\":{\"@id\":\"https:\/\/filetafoin.com\/de\/heunetze-und-die-vorbeugung-von-koliken-bei-pferden\/#breadcrumb\"},\"inLanguage\":\"de\",\"potentialAction\":[{\"@type\":\"ReadAction\",\"target\":[\"https:\/\/filetafoin.com\/de\/heunetze-und-die-vorbeugung-von-koliken-bei-pferden\/\"]}]},{\"@type\":\"ImageObject\",\"inLanguage\":\"de\",\"@id\":\"https:\/\/filetafoin.com\/de\/heunetze-und-die-vorbeugung-von-koliken-bei-pferden\/#primaryimage\",\"url\":\"https:\/\/filetafoin.com\/wp-content\/uploads\/2024\/12\/WhatsApp-Image-2024-12-19-a-09.23.02_07903392.jpg\",\"contentUrl\":\"https:\/\/filetafoin.com\/wp-content\/uploads\/2024\/12\/WhatsApp-Image-2024-12-19-a-09.23.02_07903392.jpg\",\"width\":2048,\"height\":1366},{\"@type\":\"BreadcrumbList\",\"@id\":\"https:\/\/filetafoin.com\/de\/heunetze-und-die-vorbeugung-von-koliken-bei-pferden\/#breadcrumb\",\"itemListElement\":[{\"@type\":\"ListItem\",\"position\":1,\"name\":\"Accueil\",\"item\":\"https:\/\/filetafoin.com\/de\/spezialist-fuer-heunetze-fuer-pferde\/\"},{\"@type\":\"ListItem\",\"position\":2,\"name\":\"Heunetze und die Vorbeugung von Koliken bei Pferden\"}]},{\"@type\":\"WebSite\",\"@id\":\"https:\/\/filetafoin.com\/de\/#website\",\"url\":\"https:\/\/filetafoin.com\/de\/\",\"name\":\"Filets \u00e0 Foin\",\"description\":\"Sp\u00e9cialiste du Filet \u00e0 Foin pour Chevaux\",\"potentialAction\":[{\"@type\":\"SearchAction\",\"target\":{\"@type\":\"EntryPoint\",\"urlTemplate\":\"https:\/\/filetafoin.com\/de\/?s={search_term_string}\"},\"query-input\":{\"@type\":\"PropertyValueSpecification\",\"valueRequired\":true,\"valueName\":\"search_term_string\"}}],\"inLanguage\":\"de\"}]}<\/script>\n<!-- \/ Yoast SEO plugin. -->","yoast_head_json":{"title":"Heunetze und die Vorbeugung von Koliken bei Pferden - Filets \u00e0 Foin","description":"Finden Sie heraus, wie Heunetze helfen, Koliken bei Pferden vorzubeugen, indem sie die Nahrungsaufnahme verlangsamen und eine nat\u00fcrlichere und ausgewogenere Verdauung f\u00f6rdern.","robots":{"index":"index","follow":"follow","max-snippet":"max-snippet:-1","max-image-preview":"max-image-preview:large","max-video-preview":"max-video-preview:-1"},"canonical":"https:\/\/filetafoin.com\/de\/heunetze-und-die-vorbeugung-von-koliken-bei-pferden\/","og_locale":"de_DE","og_type":"article","og_title":"Heunetze und die Vorbeugung von Koliken bei Pferden - Filets \u00e0 Foin","og_description":"Finden Sie heraus, wie Heunetze helfen, Koliken bei Pferden vorzubeugen, indem sie die Nahrungsaufnahme verlangsamen und eine nat\u00fcrlichere und ausgewogenere Verdauung f\u00f6rdern.","og_url":"https:\/\/filetafoin.com\/de\/heunetze-und-die-vorbeugung-von-koliken-bei-pferden\/","og_site_name":"Filets \u00e0 Foin","article_modified_time":"2026-03-31T16:00:40+00:00","og_image":[{"width":2048,"height":1366,"url":"https:\/\/filetafoin.com\/wp-content\/uploads\/2024\/12\/WhatsApp-Image-2024-12-19-a-09.23.02_07903392.jpg","type":"image\/jpeg"}],"twitter_card":"summary_large_image","twitter_misc":{"Gesch\u00e4tzte Lesezeit":"4\u00a0Minuten"},"schema":{"@context":"https:\/\/schema.org","@graph":[{"@type":"WebPage","@id":"https:\/\/filetafoin.com\/de\/heunetze-und-die-vorbeugung-von-koliken-bei-pferden\/","url":"https:\/\/filetafoin.com\/de\/heunetze-und-die-vorbeugung-von-koliken-bei-pferden\/","name":"Heunetze und die Vorbeugung von Koliken bei Pferden - Filets \u00e0 Foin","isPartOf":{"@id":"https:\/\/filetafoin.com\/de\/#website"},"primaryImageOfPage":{"@id":"https:\/\/filetafoin.com\/de\/heunetze-und-die-vorbeugung-von-koliken-bei-pferden\/#primaryimage"},"image":{"@id":"https:\/\/filetafoin.com\/de\/heunetze-und-die-vorbeugung-von-koliken-bei-pferden\/#primaryimage"},"thumbnailUrl":"https:\/\/filetafoin.com\/wp-content\/uploads\/2024\/12\/WhatsApp-Image-2024-12-19-a-09.23.02_07903392.jpg","datePublished":"2024-12-26T15:04:58+00:00","dateModified":"2026-03-31T16:00:40+00:00","description":"Finden Sie heraus, wie Heunetze helfen, Koliken bei Pferden vorzubeugen, indem sie die Nahrungsaufnahme verlangsamen und eine nat\u00fcrlichere und ausgewogenere Verdauung f\u00f6rdern.","breadcrumb":{"@id":"https:\/\/filetafoin.com\/de\/heunetze-und-die-vorbeugung-von-koliken-bei-pferden\/#breadcrumb"},"inLanguage":"de","potentialAction":[{"@type":"ReadAction","target":["https:\/\/filetafoin.com\/de\/heunetze-und-die-vorbeugung-von-koliken-bei-pferden\/"]}]},{"@type":"ImageObject","inLanguage":"de","@id":"https:\/\/filetafoin.com\/de\/heunetze-und-die-vorbeugung-von-koliken-bei-pferden\/#primaryimage","url":"https:\/\/filetafoin.com\/wp-content\/uploads\/2024\/12\/WhatsApp-Image-2024-12-19-a-09.23.02_07903392.jpg","contentUrl":"https:\/\/filetafoin.com\/wp-content\/uploads\/2024\/12\/WhatsApp-Image-2024-12-19-a-09.23.02_07903392.jpg","width":2048,"height":1366},{"@type":"BreadcrumbList","@id":"https:\/\/filetafoin.com\/de\/heunetze-und-die-vorbeugung-von-koliken-bei-pferden\/#breadcrumb","itemListElement":[{"@type":"ListItem","position":1,"name":"Accueil","item":"https:\/\/filetafoin.com\/de\/spezialist-fuer-heunetze-fuer-pferde\/"},{"@type":"ListItem","position":2,"name":"Heunetze und die Vorbeugung von Koliken bei Pferden"}]},{"@type":"WebSite","@id":"https:\/\/filetafoin.com\/de\/#website","url":"https:\/\/filetafoin.com\/de\/","name":"Filets \u00e0 Foin","description":"Sp\u00e9cialiste du Filet \u00e0 Foin pour Chevaux","potentialAction":[{"@type":"SearchAction","target":{"@type":"EntryPoint","urlTemplate":"https:\/\/filetafoin.com\/de\/?s={search_term_string}"},"query-input":{"@type":"PropertyValueSpecification","valueRequired":true,"valueName":"search_term_string"}}],"inLanguage":"de"}]}},"_links":{"self":[{"href":"https:\/\/filetafoin.com\/de\/wp-json\/wp\/v2\/pages\/84081","targetHints":{"allow":["GET"]}}],"collection":[{"href":"https:\/\/filetafoin.com\/de\/wp-json\/wp\/v2\/pages"}],"about":[{"href":"https:\/\/filetafoin.com\/de\/wp-json\/wp\/v2\/types\/page"}],"author":[{"embeddable":true,"href":"https:\/\/filetafoin.com\/de\/wp-json\/wp\/v2\/users\/6"}],"replies":[{"embeddable":true,"href":"https:\/\/filetafoin.com\/de\/wp-json\/wp\/v2\/comments?post=84081"}],"version-history":[{"count":6,"href":"https:\/\/filetafoin.com\/de\/wp-json\/wp\/v2\/pages\/84081\/revisions"}],"predecessor-version":[{"id":84189,"href":"https:\/\/filetafoin.com\/de\/wp-json\/wp\/v2\/pages\/84081\/revisions\/84189"}],"wp:featuredmedia":[{"embeddable":true,"href":"https:\/\/filetafoin.com\/de\/wp-json\/wp\/v2\/media\/84082"}],"wp:attachment":[{"href":"https:\/\/filetafoin.com\/de\/wp-json\/wp\/v2\/media?parent=84081"}],"curies":[{"name":"wp","href":"https:\/\/api.w.org\/{rel}","templated":true}]}}