{"id":84086,"date":"2024-05-27T10:12:58","date_gmt":"2024-05-27T08:12:58","guid":{"rendered":"https:\/\/filetafoin.com\/wie-installiere-ich-mein-feelnets-heunetz-fuer-rundballen\/"},"modified":"2026-03-31T17:50:10","modified_gmt":"2026-03-31T15:50:10","slug":"wie-installiere-ich-mein-feelnets-heunetz-fuer-rundballen","status":"publish","type":"page","link":"https:\/\/filetafoin.com\/de\/wie-installiere-ich-mein-feelnets-heunetz-fuer-rundballen\/","title":{"rendered":"Wie installiere ich mein Feelnets Heunetz f\u00fcr Rundballen?"},"content":{"rendered":"<div class=\"wpb-content-wrapper\"><p>[vc_row row_height_percent=&#8220;0&#8243; override_padding=&#8220;yes&#8220; h_padding=&#8220;2&#8243; top_padding=&#8220;5&#8243; bottom_padding=&#8220;3&#8243; overlay_alpha=&#8220;100&#8243; gutter_size=&#8220;3&#8243; column_width_percent=&#8220;100&#8243; shift_y=&#8220;0&#8243; z_index=&#8220;0&#8243; row_height_use_pixel=&#8220;&#8220;][vc_column column_width_use_pixel=&#8220;yes&#8220; gutter_size=&#8220;3&#8243; overlay_alpha=&#8220;50&#8243; shift_x=&#8220;0&#8243; shift_y=&#8220;0&#8243; medium_width=&#8220;0&#8243; zoom_width=&#8220;0&#8243; zoom_height=&#8220;0&#8243; column_width_pixel=&#8220;800&#8243;][vc_column_text]<\/p>\n<h2><strong>Um ein Heunetz f\u00fcr Rundballen einfach zu installieren, folgen Sie diesen Schritten:<br \/>\n<\/strong><\/h2>\n<p>[\/vc_column_text][\/vc_column][\/vc_row][vc_row row_height_percent=&#8220;0&#8243; override_padding=&#8220;yes&#8220; h_padding=&#8220;2&#8243; top_padding=&#8220;0&#8243; bottom_padding=&#8220;0&#8243; overlay_alpha=&#8220;100&#8243; gutter_size=&#8220;3&#8243; column_width_percent=&#8220;100&#8243; shift_y=&#8220;0&#8243; z_index=&#8220;0&#8243; row_height_use_pixel=&#8220;&#8220;][vc_column column_width_use_pixel=&#8220;yes&#8220; gutter_size=&#8220;3&#8243; overlay_alpha=&#8220;50&#8243; shift_x=&#8220;0&#8243; shift_y=&#8220;0&#8243; medium_width=&#8220;0&#8243; zoom_width=&#8220;0&#8243; zoom_height=&#8220;0&#8243; width=&#8220;5\/6&#8243;][vc_single_image media=&#8220;84087&#8243; media_width_percent=&#8220;75&#8243; alignment=&#8220;center&#8220; shape=&#8220;img-round&#8220; css_animation=&#8220;zoom-in&#8220; media_title_uppercase=&#8220;&#8220;][\/vc_column][vc_column column_width_percent=&#8220;100&#8243; gutter_size=&#8220;3&#8243; overlay_alpha=&#8220;50&#8243; shift_x=&#8220;0&#8243; shift_y=&#8220;0&#8243; medium_width=&#8220;0&#8243; zoom_width=&#8220;0&#8243; zoom_height=&#8220;0&#8243; width=&#8220;1\/6&#8243;][vc_column_text]Idealerweise vermeiden Sie, dass die Equiden das Heunetz zertreten k\u00f6nnen.[\/vc_column_text][\/vc_column][\/vc_row][vc_row row_height_percent=&#8220;0&#8243; override_padding=&#8220;yes&#8220; h_padding=&#8220;2&#8243; top_padding=&#8220;3&#8243; bottom_padding=&#8220;3&#8243; overlay_alpha=&#8220;100&#8243; gutter_size=&#8220;3&#8243; column_width_percent=&#8220;100&#8243; shift_y=&#8220;0&#8243; z_index=&#8220;0&#8243; row_height_use_pixel=&#8220;&#8220;][vc_column column_width_use_pixel=&#8220;yes&#8220; gutter_size=&#8220;3&#8243; overlay_alpha=&#8220;50&#8243; shift_x=&#8220;0&#8243; shift_y=&#8220;0&#8243; medium_width=&#8220;0&#8243; zoom_width=&#8220;0&#8243; zoom_height=&#8220;0&#8243; column_width_pixel=&#8220;800&#8243;][vc_column_text]<\/p>\n<h2>1 &#8211; W\u00e4hlen Sie die Gr\u00f6\u00dfe des Netzes<\/h2>\n<p>Die Gr\u00f6\u00dfe des Netzes h\u00e4ngt von mehreren Faktoren ab, insbesondere von der zu verteilenden Heumenge, der H\u00e4ufigkeit der Verteilung und davon, ob Sie Quaderballen oder loses Heu verwenden<a href=\"https:\/\/filetafoin.com\/de\/modelle-und-preise\/\">. Feelnets Heunetze sind in verschiedenen Gr\u00f6\u00dfen erh\u00e4ltlich<\/a>, und sogar ma\u00dfgeschneidert. Vergessen Sie nicht, ein Netz mit ausreichend gro\u00dfem Durchmesser zu w\u00e4hlen, um den Ballen problemlos einzuf\u00e4deln. Wenn die Heuballen schlecht komprimiert sind, planen Sie einen zus\u00e4tzlichen Spielraum ein, um die Installation des Netzes zu erleichtern.[\/vc_column_text][\/vc_column][\/vc_row][vc_row row_height_percent=&#8220;0&#8243; override_padding=&#8220;yes&#8220; h_padding=&#8220;2&#8243; top_padding=&#8220;3&#8243; bottom_padding=&#8220;3&#8243; overlay_alpha=&#8220;100&#8243; gutter_size=&#8220;3&#8243; column_width_percent=&#8220;100&#8243; shift_y=&#8220;0&#8243; z_index=&#8220;0&#8243; row_height_use_pixel=&#8220;&#8220;][vc_column column_width_use_pixel=&#8220;yes&#8220; gutter_size=&#8220;3&#8243; overlay_alpha=&#8220;50&#8243; shift_x=&#8220;0&#8243; shift_y=&#8220;0&#8243; medium_width=&#8220;0&#8243; zoom_width=&#8220;0&#8243; zoom_height=&#8220;0&#8243; column_width_pixel=&#8220;800&#8243;][vc_column_text]<\/p>\n<h2>2 &#8211; Bereiten Sie das Netz vor:<\/h2>\n<p>Legen Sie das Netz direkt auf den Rundballen oder den Quaderballen. Ziehen Sie es auf, indem Sie daran ziehen, als w\u00fcrden Sie eine Socke \u00fcber Ihren Fu\u00df ziehen. Stellen Sie sicher, dass das Netz gut auf dem Ballen zentriert ist. Da unsere Netze nicht vorgeformt sind, gibt es <strong>keine bestimmte Richtung zum Aufziehen<\/strong>. W\u00e4hlen Sie die Richtung, die Ihnen am einfachsten erscheint. Wenn Sie einen Traktor besitzen, k\u00f6nnen Sie Ihren Heuballen mit dem installierten <a href=\"http:\/\/www.feelnets.com\">Feeln<\/a>et<a href=\"http:\/\/www.feelnets.com\">s<\/a> Heunetz umsetzen.[\/vc_column_text][\/vc_column][\/vc_row][vc_row row_height_percent=&#8220;0&#8243; override_padding=&#8220;yes&#8220; h_padding=&#8220;2&#8243; top_padding=&#8220;3&#8243; bottom_padding=&#8220;3&#8243; overlay_alpha=&#8220;100&#8243; gutter_size=&#8220;3&#8243; column_width_percent=&#8220;100&#8243; shift_y=&#8220;0&#8243; z_index=&#8220;0&#8243; row_height_use_pixel=&#8220;&#8220;][vc_column column_width_use_pixel=&#8220;yes&#8220; gutter_size=&#8220;3&#8243; overlay_alpha=&#8220;50&#8243; shift_x=&#8220;0&#8243; shift_y=&#8220;0&#8243; medium_width=&#8220;0&#8243; zoom_width=&#8220;0&#8243; zoom_height=&#8220;0&#8243; column_width_pixel=&#8220;800&#8243;][vc_column_text]<\/p>\n<h2>3 &#8211; Entfernen Sie die Schn\u00fcre<\/h2>\n<p>Entfernen Sie die <strong>Schn\u00fcre<\/strong> oder das <strong>Wickelnetz<\/strong>, die das Heu zusammenhalten. Wir empfehlen Ihnen, die Schn\u00fcre oder das Wickelnetz, die das Heu zusammenhalten, erst zu entfernen, nachdem Sie es an dem Ort platziert haben, an dem Sie es verf\u00fcttern werden.[\/vc_column_text][\/vc_column][\/vc_row][vc_row row_height_percent=&#8220;0&#8243; override_padding=&#8220;yes&#8220; h_padding=&#8220;2&#8243; top_padding=&#8220;3&#8243; bottom_padding=&#8220;3&#8243; overlay_alpha=&#8220;100&#8243; gutter_size=&#8220;3&#8243; column_width_percent=&#8220;100&#8243; shift_y=&#8220;0&#8243; z_index=&#8220;0&#8243; row_height_use_pixel=&#8220;&#8220;][vc_column column_width_use_pixel=&#8220;yes&#8220; gutter_size=&#8220;3&#8243; overlay_alpha=&#8220;50&#8243; shift_x=&#8220;0&#8243; shift_y=&#8220;0&#8243; medium_width=&#8220;0&#8243; zoom_width=&#8220;0&#8243; zoom_height=&#8220;0&#8243; column_width_pixel=&#8220;800&#8243;][vc_column_text]<\/p>\n<h2>4 &#8211; Schlie\u00dfen Sie den Gleitknoten<\/h2>\n<p>Feelnets Heunetze sind mit einem einfachen Verschlusssystem mittels eines <strong>Gleitknotens<\/strong> ausgestattet. Wenn Sie am Ende des Netzes ankommen, schlie\u00dfen Sie einfach den Gleitknoten, um das Heu an Ort und Stelle zu halten. Denken Sie daran, <strong>den Knoten zu l\u00f6sen<\/strong>, der sich am Ende des Bandes befindet, um keine gef\u00e4hrliche Schlaufe zu erzeugen. <strong>Verstauen Sie den \u00dcberschuss<\/strong> des Gleitbandes im Inneren des Netzes, um zu verhindern, dass es herausragt.[\/vc_column_text][\/vc_column][\/vc_row][vc_row row_height_percent=&#8220;0&#8243; override_padding=&#8220;yes&#8220; h_padding=&#8220;2&#8243; top_padding=&#8220;3&#8243; bottom_padding=&#8220;3&#8243; overlay_alpha=&#8220;100&#8243; gutter_size=&#8220;3&#8243; column_width_percent=&#8220;100&#8243; shift_y=&#8220;0&#8243; z_index=&#8220;0&#8243; row_height_use_pixel=&#8220;&#8220;][vc_column column_width_use_pixel=&#8220;yes&#8220; gutter_size=&#8220;3&#8243; overlay_alpha=&#8220;50&#8243; shift_x=&#8220;0&#8243; shift_y=&#8220;0&#8243; medium_width=&#8220;0&#8243; zoom_width=&#8220;0&#8243; zoom_height=&#8220;0&#8243; column_width_pixel=&#8220;800&#8243;][vc_column_text]Um <strong>Verschlei\u00df<\/strong> des Netzes und jegliche Unfallrisiken zu vermeiden, raten wir Ihnen, Ihren Heuballen mit Netz in einer <strong>Raufe<\/strong> oder einer anderen Vorrichtung zu installieren, die verhindert, dass die Pferde das Heunetz zertreten.<\/p>\n<p>Wenn Sie diese Schritte befolgen, sollten Sie in der Lage sein, ein Heunetz f\u00fcr Rundballen einfach und effizient zu installieren. Wenn Sie einen Traktor haben, wird die Handhabung umso einfacher sein. <\/p>\n<p>Die Heunetze von www.filetafoin.com von <a href=\"http:\/\/www.feelnets.com\">www.feelnets.com<\/a> sind aus Polyester und daher flexibel, leicht und sehr einfach anzuziehen. Da sie kein Wasser aufnehmen, werden sie bei Frost nicht steif und auch nicht schwer, da sie sich nicht mit Wasser vollsaugen. <\/p>\n<p>&nbsp;<\/p>\n<p>Viel Erfolg bei der Installation![\/vc_column_text][\/vc_column][\/vc_row]<\/p>\n<\/div>","protected":false},"excerpt":{"rendered":"<p>[vc_row row_height_percent=&#8220;0&#8243; override_padding=&#8220;yes&#8220; h_padding=&#8220;2&#8243; top_padding=&#8220;5&#8243; bottom_padding=&#8220;3&#8243; overlay_alpha=&#8220;100&#8243; gutter_size=&#8220;3&#8243; column_width_percent=&#8220;100&#8243; shift_y=&#8220;0&#8243; z_index=&#8220;0&#8243; row_height_use_pixel=&#8220;&#8220;][vc_column column_width_use_pixel=&#8220;yes&#8220; gutter_size=&#8220;3&#8243; overlay_alpha=&#8220;50&#8243; shift_x=&#8220;0&#8243; shift_y=&#8220;0&#8243; medium_width=&#8220;0&#8243; zoom_width=&#8220;0&#8243; zoom_height=&#8220;0&#8243; [&hellip;]<\/p>\n","protected":false},"author":6,"featured_media":84087,"parent":0,"menu_order":0,"comment_status":"closed","ping_status":"closed","template":"","meta":{"footnotes":""},"class_list":["post-84086","page","type-page","status-publish","has-post-thumbnail","hentry","page_category-leitfaden"],"yoast_head":"<!-- This site is optimized with the Yoast SEO plugin v26.7 - https:\/\/yoast.com\/wordpress\/plugins\/seo\/ -->\n<title>Wie installiere ich mein Feelnets Heunetz f\u00fcr Rundballen? - Filets \u00e0 Foin<\/title>\n<meta name=\"description\" content=\"Erfahren Sie, wie Sie ganz einfach ein Heunetz an einem Rundballenschneider anbringen: einfache Schritte, Sicherheitstipps und Tipps f\u00fcr eine effiziente Heuverteilung.\" \/>\n<meta name=\"robots\" content=\"index, follow, max-snippet:-1, max-image-preview:large, max-video-preview:-1\" \/>\n<link rel=\"canonical\" href=\"https:\/\/filetafoin.com\/de\/wie-installiere-ich-mein-feelnets-heunetz-fuer-rundballen\/\" \/>\n<meta property=\"og:locale\" content=\"de_DE\" \/>\n<meta property=\"og:type\" content=\"article\" \/>\n<meta property=\"og:title\" content=\"Wie installiere ich mein Feelnets Heunetz f\u00fcr Rundballen? - Filets \u00e0 Foin\" \/>\n<meta property=\"og:description\" content=\"Erfahren Sie, wie Sie ganz einfach ein Heunetz an einem Rundballenschneider anbringen: einfache Schritte, Sicherheitstipps und Tipps f\u00fcr eine effiziente Heuverteilung.\" \/>\n<meta property=\"og:url\" content=\"https:\/\/filetafoin.com\/de\/wie-installiere-ich-mein-feelnets-heunetz-fuer-rundballen\/\" \/>\n<meta property=\"og:site_name\" content=\"Filets \u00e0 Foin\" \/>\n<meta property=\"article:modified_time\" content=\"2026-03-31T15:50:10+00:00\" \/>\n<meta property=\"og:image\" content=\"https:\/\/filetafoin.com\/wp-content\/uploads\/2024\/05\/round-bal.jpg\" \/>\n\t<meta property=\"og:image:width\" content=\"784\" \/>\n\t<meta property=\"og:image:height\" content=\"799\" \/>\n\t<meta property=\"og:image:type\" content=\"image\/jpeg\" \/>\n<meta name=\"twitter:card\" content=\"summary_large_image\" \/>\n<meta name=\"twitter:label1\" content=\"Gesch\u00e4tzte Lesezeit\" \/>\n\t<meta name=\"twitter:data1\" content=\"5\u00a0Minuten\" \/>\n<script type=\"application\/ld+json\" class=\"yoast-schema-graph\">{\"@context\":\"https:\/\/schema.org\",\"@graph\":[{\"@type\":\"WebPage\",\"@id\":\"https:\/\/filetafoin.com\/de\/wie-installiere-ich-mein-feelnets-heunetz-fuer-rundballen\/\",\"url\":\"https:\/\/filetafoin.com\/de\/wie-installiere-ich-mein-feelnets-heunetz-fuer-rundballen\/\",\"name\":\"Wie installiere ich mein Feelnets Heunetz f\u00fcr Rundballen? - Filets \u00e0 Foin\",\"isPartOf\":{\"@id\":\"https:\/\/filetafoin.com\/de\/#website\"},\"primaryImageOfPage\":{\"@id\":\"https:\/\/filetafoin.com\/de\/wie-installiere-ich-mein-feelnets-heunetz-fuer-rundballen\/#primaryimage\"},\"image\":{\"@id\":\"https:\/\/filetafoin.com\/de\/wie-installiere-ich-mein-feelnets-heunetz-fuer-rundballen\/#primaryimage\"},\"thumbnailUrl\":\"https:\/\/filetafoin.com\/wp-content\/uploads\/2024\/05\/round-bal.jpg\",\"datePublished\":\"2024-05-27T08:12:58+00:00\",\"dateModified\":\"2026-03-31T15:50:10+00:00\",\"description\":\"Erfahren Sie, wie Sie ganz einfach ein Heunetz an einem Rundballenschneider anbringen: einfache Schritte, Sicherheitstipps und Tipps f\u00fcr eine effiziente Heuverteilung.\",\"breadcrumb\":{\"@id\":\"https:\/\/filetafoin.com\/de\/wie-installiere-ich-mein-feelnets-heunetz-fuer-rundballen\/#breadcrumb\"},\"inLanguage\":\"de\",\"potentialAction\":[{\"@type\":\"ReadAction\",\"target\":[\"https:\/\/filetafoin.com\/de\/wie-installiere-ich-mein-feelnets-heunetz-fuer-rundballen\/\"]}]},{\"@type\":\"ImageObject\",\"inLanguage\":\"de\",\"@id\":\"https:\/\/filetafoin.com\/de\/wie-installiere-ich-mein-feelnets-heunetz-fuer-rundballen\/#primaryimage\",\"url\":\"https:\/\/filetafoin.com\/wp-content\/uploads\/2024\/05\/round-bal.jpg\",\"contentUrl\":\"https:\/\/filetafoin.com\/wp-content\/uploads\/2024\/05\/round-bal.jpg\",\"width\":784,\"height\":799,\"caption\":\"ein Netz installieren\"},{\"@type\":\"BreadcrumbList\",\"@id\":\"https:\/\/filetafoin.com\/de\/wie-installiere-ich-mein-feelnets-heunetz-fuer-rundballen\/#breadcrumb\",\"itemListElement\":[{\"@type\":\"ListItem\",\"position\":1,\"name\":\"Accueil\",\"item\":\"https:\/\/filetafoin.com\/de\/spezialist-fuer-heunetze-fuer-pferde\/\"},{\"@type\":\"ListItem\",\"position\":2,\"name\":\"Wie installiere ich mein Feelnets Heunetz f\u00fcr Rundballen?\"}]},{\"@type\":\"WebSite\",\"@id\":\"https:\/\/filetafoin.com\/de\/#website\",\"url\":\"https:\/\/filetafoin.com\/de\/\",\"name\":\"Filets \u00e0 Foin\",\"description\":\"Sp\u00e9cialiste du Filet \u00e0 Foin pour Chevaux\",\"potentialAction\":[{\"@type\":\"SearchAction\",\"target\":{\"@type\":\"EntryPoint\",\"urlTemplate\":\"https:\/\/filetafoin.com\/de\/?s={search_term_string}\"},\"query-input\":{\"@type\":\"PropertyValueSpecification\",\"valueRequired\":true,\"valueName\":\"search_term_string\"}}],\"inLanguage\":\"de\"}]}<\/script>\n<!-- \/ Yoast SEO plugin. -->","yoast_head_json":{"title":"Wie installiere ich mein Feelnets Heunetz f\u00fcr Rundballen? - Filets \u00e0 Foin","description":"Erfahren Sie, wie Sie ganz einfach ein Heunetz an einem Rundballenschneider anbringen: einfache Schritte, Sicherheitstipps und Tipps f\u00fcr eine effiziente Heuverteilung.","robots":{"index":"index","follow":"follow","max-snippet":"max-snippet:-1","max-image-preview":"max-image-preview:large","max-video-preview":"max-video-preview:-1"},"canonical":"https:\/\/filetafoin.com\/de\/wie-installiere-ich-mein-feelnets-heunetz-fuer-rundballen\/","og_locale":"de_DE","og_type":"article","og_title":"Wie installiere ich mein Feelnets Heunetz f\u00fcr Rundballen? - Filets \u00e0 Foin","og_description":"Erfahren Sie, wie Sie ganz einfach ein Heunetz an einem Rundballenschneider anbringen: einfache Schritte, Sicherheitstipps und Tipps f\u00fcr eine effiziente Heuverteilung.","og_url":"https:\/\/filetafoin.com\/de\/wie-installiere-ich-mein-feelnets-heunetz-fuer-rundballen\/","og_site_name":"Filets \u00e0 Foin","article_modified_time":"2026-03-31T15:50:10+00:00","og_image":[{"width":784,"height":799,"url":"https:\/\/filetafoin.com\/wp-content\/uploads\/2024\/05\/round-bal.jpg","type":"image\/jpeg"}],"twitter_card":"summary_large_image","twitter_misc":{"Gesch\u00e4tzte Lesezeit":"5\u00a0Minuten"},"schema":{"@context":"https:\/\/schema.org","@graph":[{"@type":"WebPage","@id":"https:\/\/filetafoin.com\/de\/wie-installiere-ich-mein-feelnets-heunetz-fuer-rundballen\/","url":"https:\/\/filetafoin.com\/de\/wie-installiere-ich-mein-feelnets-heunetz-fuer-rundballen\/","name":"Wie installiere ich mein Feelnets Heunetz f\u00fcr Rundballen? - Filets \u00e0 Foin","isPartOf":{"@id":"https:\/\/filetafoin.com\/de\/#website"},"primaryImageOfPage":{"@id":"https:\/\/filetafoin.com\/de\/wie-installiere-ich-mein-feelnets-heunetz-fuer-rundballen\/#primaryimage"},"image":{"@id":"https:\/\/filetafoin.com\/de\/wie-installiere-ich-mein-feelnets-heunetz-fuer-rundballen\/#primaryimage"},"thumbnailUrl":"https:\/\/filetafoin.com\/wp-content\/uploads\/2024\/05\/round-bal.jpg","datePublished":"2024-05-27T08:12:58+00:00","dateModified":"2026-03-31T15:50:10+00:00","description":"Erfahren Sie, wie Sie ganz einfach ein Heunetz an einem Rundballenschneider anbringen: einfache Schritte, Sicherheitstipps und Tipps f\u00fcr eine effiziente Heuverteilung.","breadcrumb":{"@id":"https:\/\/filetafoin.com\/de\/wie-installiere-ich-mein-feelnets-heunetz-fuer-rundballen\/#breadcrumb"},"inLanguage":"de","potentialAction":[{"@type":"ReadAction","target":["https:\/\/filetafoin.com\/de\/wie-installiere-ich-mein-feelnets-heunetz-fuer-rundballen\/"]}]},{"@type":"ImageObject","inLanguage":"de","@id":"https:\/\/filetafoin.com\/de\/wie-installiere-ich-mein-feelnets-heunetz-fuer-rundballen\/#primaryimage","url":"https:\/\/filetafoin.com\/wp-content\/uploads\/2024\/05\/round-bal.jpg","contentUrl":"https:\/\/filetafoin.com\/wp-content\/uploads\/2024\/05\/round-bal.jpg","width":784,"height":799,"caption":"ein Netz installieren"},{"@type":"BreadcrumbList","@id":"https:\/\/filetafoin.com\/de\/wie-installiere-ich-mein-feelnets-heunetz-fuer-rundballen\/#breadcrumb","itemListElement":[{"@type":"ListItem","position":1,"name":"Accueil","item":"https:\/\/filetafoin.com\/de\/spezialist-fuer-heunetze-fuer-pferde\/"},{"@type":"ListItem","position":2,"name":"Wie installiere ich mein Feelnets Heunetz f\u00fcr Rundballen?"}]},{"@type":"WebSite","@id":"https:\/\/filetafoin.com\/de\/#website","url":"https:\/\/filetafoin.com\/de\/","name":"Filets \u00e0 Foin","description":"Sp\u00e9cialiste du Filet \u00e0 Foin pour Chevaux","potentialAction":[{"@type":"SearchAction","target":{"@type":"EntryPoint","urlTemplate":"https:\/\/filetafoin.com\/de\/?s={search_term_string}"},"query-input":{"@type":"PropertyValueSpecification","valueRequired":true,"valueName":"search_term_string"}}],"inLanguage":"de"}]}},"_links":{"self":[{"href":"https:\/\/filetafoin.com\/de\/wp-json\/wp\/v2\/pages\/84086","targetHints":{"allow":["GET"]}}],"collection":[{"href":"https:\/\/filetafoin.com\/de\/wp-json\/wp\/v2\/pages"}],"about":[{"href":"https:\/\/filetafoin.com\/de\/wp-json\/wp\/v2\/types\/page"}],"author":[{"embeddable":true,"href":"https:\/\/filetafoin.com\/de\/wp-json\/wp\/v2\/users\/6"}],"replies":[{"embeddable":true,"href":"https:\/\/filetafoin.com\/de\/wp-json\/wp\/v2\/comments?post=84086"}],"version-history":[{"count":6,"href":"https:\/\/filetafoin.com\/de\/wp-json\/wp\/v2\/pages\/84086\/revisions"}],"predecessor-version":[{"id":84174,"href":"https:\/\/filetafoin.com\/de\/wp-json\/wp\/v2\/pages\/84086\/revisions\/84174"}],"wp:featuredmedia":[{"embeddable":true,"href":"https:\/\/filetafoin.com\/de\/wp-json\/wp\/v2\/media\/84087"}],"wp:attachment":[{"href":"https:\/\/filetafoin.com\/de\/wp-json\/wp\/v2\/media?parent=84086"}],"curies":[{"name":"wp","href":"https:\/\/api.w.org\/{rel}","templated":true}]}}