{"id":84091,"date":"2024-09-30T11:29:28","date_gmt":"2024-09-30T09:29:28","guid":{"rendered":"https:\/\/filetafoin.com\/die-highlights-der-feelnets-heunetze\/"},"modified":"2026-01-13T17:57:29","modified_gmt":"2026-01-13T16:57:29","slug":"die-highlights-der-feelnets-heunetze","status":"publish","type":"page","link":"https:\/\/filetafoin.com\/de\/die-highlights-der-feelnets-heunetze\/","title":{"rendered":"Die Highlights der Feelnets Heunetze"},"content":{"rendered":"<div class=\"wpb-content-wrapper\"><p>[vc_row row_height_percent=&#8220;0&#8243; override_padding=&#8220;yes&#8220; h_padding=&#8220;2&#8243; top_padding=&#8220;5&#8243; bottom_padding=&#8220;3&#8243; overlay_alpha=&#8220;100&#8243; gutter_size=&#8220;3&#8243; column_width_percent=&#8220;100&#8243; shift_y=&#8220;0&#8243; z_index=&#8220;0&#8243; row_height_use_pixel=&#8220;&#8220;][vc_column column_width_use_pixel=&#8220;yes&#8220; gutter_size=&#8220;3&#8243; overlay_alpha=&#8220;50&#8243; shift_x=&#8220;0&#8243; shift_y=&#8220;0&#8243; medium_width=&#8220;0&#8243; zoom_width=&#8220;0&#8243; zoom_height=&#8220;0&#8243; column_width_pixel=&#8220;800&#8243;][vc_column_text]<\/p>\n<h2>\u00dcberragende Qualit\u00e4t<\/h2>\n<p>Der Kauf eines Feelnets Heunetzes bietet mehrere einzigartige Vorteile, die es von anderen Optionen auf dem Markt abheben.<\/p>\n<ul>\n<li><strong>Hochwertige Materialien<\/strong> : Feelnets Heunetze werden aus erstklassigem Polyester hergestellt, was eine au\u00dfergew\u00f6hnliche Haltbarkeit und Widerstandsf\u00e4higkeit gew\u00e4hrleistet.<\/li>\n<li><strong>Zertifiziert: <\/strong><a href=\"https:\/\/filetafoin.com\/de\/\"><strong>Feelnets Heunetze sind nach OEKO-TEX Standard 100 Klasse I zertifiziert<\/strong><\/a><strong>. <\/strong>Das bedeutet, dass sie keine sch\u00e4dlichen Substanzen enthalten, wodurch die Sicherheit und das Wohlbefinden Ihrer Pferde gew\u00e4hrleistet sind. Diese Zertifizierung ist ein Zeichen f\u00fcr Qualit\u00e4t und Vertrauen und stellt sicher, dass die Netze aus sicheren und umweltfreundlichen Materialien hergestellt werden. Feelnets Heunetze sind zudem recycelbar.  <\/li>\n<li><strong>UV-Best\u00e4ndigkeit<\/strong> : Im Gegensatz zu einigen anderen Netzen sind die Heunetze von Feelnets UV-best\u00e4ndig, was eine vorzeitige Zersetzung verhindert.<\/li>\n<\/ul>\n<p>[\/vc_column_text][\/vc_column][\/vc_row][vc_row row_height_percent=&#8220;0&#8243; override_padding=&#8220;yes&#8220; h_padding=&#8220;2&#8243; top_padding=&#8220;0&#8243; bottom_padding=&#8220;0&#8243; overlay_alpha=&#8220;100&#8243; gutter_size=&#8220;3&#8243; column_width_percent=&#8220;100&#8243; shift_y=&#8220;0&#8243; z_index=&#8220;0&#8243; row_height_use_pixel=&#8220;&#8220;][vc_column column_width_use_pixel=&#8220;yes&#8220; gutter_size=&#8220;3&#8243; overlay_alpha=&#8220;50&#8243; shift_x=&#8220;0&#8243; shift_y=&#8220;0&#8243; medium_width=&#8220;0&#8243; zoom_width=&#8220;0&#8243; zoom_height=&#8220;0&#8243; width=&#8220;5\/6&#8243;][vc_single_image media=&#8220;84092&#8243; media_width_percent=&#8220;100&#8243; media_ratio=&#8220;three-two&#8220; media_title_uppercase=&#8220;&#8220; uncode_shortcode_id=&#8220;332768&#8243;][\/vc_column][vc_column column_width_percent=&#8220;100&#8243; gutter_size=&#8220;3&#8243; overlay_alpha=&#8220;50&#8243; shift_x=&#8220;0&#8243; shift_y=&#8220;0&#8243; medium_width=&#8220;0&#8243; zoom_width=&#8220;0&#8243; zoom_height=&#8220;0&#8243; width=&#8220;1\/6&#8243;][vc_column_text]Unsere Polyesternetze bleiben \u00fcber die Zeit weich, um Zahnfleisch, Z\u00e4hne und Tasthaare der Equiden zu schonen.[\/vc_column_text][\/vc_column][\/vc_row][vc_row row_height_percent=&#8220;0&#8243; override_padding=&#8220;yes&#8220; h_padding=&#8220;2&#8243; top_padding=&#8220;3&#8243; bottom_padding=&#8220;3&#8243; overlay_alpha=&#8220;100&#8243; gutter_size=&#8220;3&#8243; column_width_percent=&#8220;100&#8243; shift_y=&#8220;0&#8243; z_index=&#8220;0&#8243; row_height_use_pixel=&#8220;&#8220;][vc_column column_width_use_pixel=&#8220;yes&#8220; gutter_size=&#8220;3&#8243; overlay_alpha=&#8220;50&#8243; shift_x=&#8220;0&#8243; shift_y=&#8220;0&#8243; medium_width=&#8220;0&#8243; zoom_width=&#8220;0&#8243; zoom_height=&#8220;0&#8243; column_width_pixel=&#8220;800&#8243;][vc_column_text]<\/p>\n<h2>Komfort f\u00fcr Pferde<\/h2>\n<ul>\n<li><strong>Weichheit und Geschmeidigkeit<\/strong> : Feelnets Heunetze sind so konzipiert, dass sie weich und geschmeidig sind, wodurch das Risiko von Verletzungen an Zahnfleisch und Lippen der Pferde minimiert wird. Dies verhindert auch, dass die Tasthaare abgeschnitten werden. <\/li>\n<li><strong>Gleichm\u00e4\u00dfige Heuverteilung<\/strong> : Das Design der Netze erm\u00f6glicht eine gleichm\u00e4\u00dfige Verteilung des Heus (keine Portionsf\u00fctterung), was eine langsamere und nat\u00fcrlichere F\u00fctterung f\u00f6rdert, die f\u00fcr die Verdauung der Pferde vorteilhaft ist.<\/li>\n<\/ul>\n<p>[\/vc_column_text][vc_column_text]<\/p>\n<h2>Einfache Handhabung<\/h2>\n<ul>\n<li><strong>Leichtigkeit<\/strong> : Feelnets Heunetze sind leicht, was ihre Installation und ihren Transport erleichtert.<\/li>\n<li><strong>Einfache Pflege<\/strong> : Sie sind leicht zu reinigen und zu pflegen und k\u00f6nnen von Hand, mit dem Hochdruckreiniger oder in der Maschine gewaschen werden.<\/li>\n<\/ul>\n<p>[\/vc_column_text][vc_column_text]<\/p>\n<h2>Engagement f\u00fcr Kundenzufriedenheit<\/h2>\n<ul>\n<li>\n<ul>\n<li><strong>Reaktionsschneller Kundenservice<\/strong> : Feelnets bietet einen exzellenten Kundenservice, der bereit ist, alle Ihre Fragen zu beantworten und Sie bei Bedarf zu unterst\u00fctzen.<\/li>\n<li><strong>Zufriedenheitsgarantie<\/strong> : Feelnets bietet oft Zufriedenheitsgarantien oder flexible R\u00fcckgaberichtlinien an, was Ihnen einen sorgenfreien Kauf sichert.<\/li>\n<\/ul>\n<p>Wenn Sie sich f\u00fcr Feelnets entscheiden, w\u00e4hlen Sie ein zuverl\u00e4ssiges, langlebiges Produkt, das mit dem Wohl Ihrer Pferde im Vordergrund entwickelt wurde.<\/li>\n<\/ul>\n<p>[\/vc_column_text][\/vc_column][\/vc_row]<\/p>\n<\/div>","protected":false},"excerpt":{"rendered":"<p>[vc_row row_height_percent=&#8220;0&#8243; override_padding=&#8220;yes&#8220; h_padding=&#8220;2&#8243; top_padding=&#8220;5&#8243; bottom_padding=&#8220;3&#8243; overlay_alpha=&#8220;100&#8243; gutter_size=&#8220;3&#8243; column_width_percent=&#8220;100&#8243; shift_y=&#8220;0&#8243; z_index=&#8220;0&#8243; row_height_use_pixel=&#8220;&#8220;][vc_column column_width_use_pixel=&#8220;yes&#8220; gutter_size=&#8220;3&#8243; overlay_alpha=&#8220;50&#8243; shift_x=&#8220;0&#8243; shift_y=&#8220;0&#8243; medium_width=&#8220;0&#8243; zoom_width=&#8220;0&#8243; zoom_height=&#8220;0&#8243; [&hellip;]<\/p>\n","protected":false},"author":6,"featured_media":83179,"parent":0,"menu_order":0,"comment_status":"closed","ping_status":"closed","template":"","meta":{"footnotes":""},"class_list":["post-84091","page","type-page","status-publish","has-post-thumbnail","hentry","page_category-leitfaden"],"yoast_head":"<!-- This site is optimized with the Yoast SEO plugin v26.7 - https:\/\/yoast.com\/wordpress\/plugins\/seo\/ -->\n<title>Die Highlights der Feelnets Heunetze - Filets \u00e0 Foin<\/title>\n<meta name=\"robots\" content=\"index, follow, max-snippet:-1, max-image-preview:large, max-video-preview:-1\" \/>\n<link rel=\"canonical\" href=\"https:\/\/filetafoin.com\/de\/die-highlights-der-feelnets-heunetze\/\" \/>\n<meta property=\"og:locale\" content=\"de_DE\" \/>\n<meta property=\"og:type\" content=\"article\" \/>\n<meta property=\"og:title\" content=\"Die Highlights der Feelnets Heunetze - Filets \u00e0 Foin\" \/>\n<meta property=\"og:description\" content=\"[vc_row row_height_percent=&#8220;0&#8243; override_padding=&#8220;yes&#8220; h_padding=&#8220;2&#8243; top_padding=&#8220;5&#8243; bottom_padding=&#8220;3&#8243; overlay_alpha=&#8220;100&#8243; gutter_size=&#8220;3&#8243; column_width_percent=&#8220;100&#8243; shift_y=&#8220;0&#8243; z_index=&#8220;0&#8243; row_height_use_pixel=&#8220;&#8220;][vc_column column_width_use_pixel=&#8220;yes&#8220; gutter_size=&#8220;3&#8243; overlay_alpha=&#8220;50&#8243; shift_x=&#8220;0&#8243; shift_y=&#8220;0&#8243; medium_width=&#8220;0&#8243; zoom_width=&#8220;0&#8243; zoom_height=&#8220;0&#8243; [&hellip;]\" \/>\n<meta property=\"og:url\" content=\"https:\/\/filetafoin.com\/de\/die-highlights-der-feelnets-heunetze\/\" \/>\n<meta property=\"og:site_name\" content=\"Filets \u00e0 Foin\" \/>\n<meta property=\"article:modified_time\" content=\"2026-01-13T16:57:29+00:00\" \/>\n<meta property=\"og:image\" content=\"https:\/\/filetafoin.com\/wp-content\/uploads\/2024\/09\/FQ2A7633-compresse-1-scaled.jpg\" \/>\n\t<meta property=\"og:image:width\" content=\"2560\" \/>\n\t<meta property=\"og:image:height\" content=\"2560\" \/>\n\t<meta property=\"og:image:type\" content=\"image\/jpeg\" \/>\n<meta name=\"twitter:card\" content=\"summary_large_image\" \/>\n<meta name=\"twitter:label1\" content=\"Gesch\u00e4tzte Lesezeit\" \/>\n\t<meta name=\"twitter:data1\" content=\"3\u00a0Minuten\" \/>\n<script type=\"application\/ld+json\" class=\"yoast-schema-graph\">{\"@context\":\"https:\/\/schema.org\",\"@graph\":[{\"@type\":\"WebPage\",\"@id\":\"https:\/\/filetafoin.com\/de\/die-highlights-der-feelnets-heunetze\/\",\"url\":\"https:\/\/filetafoin.com\/de\/die-highlights-der-feelnets-heunetze\/\",\"name\":\"Die Highlights der Feelnets Heunetze - Filets \u00e0 Foin\",\"isPartOf\":{\"@id\":\"https:\/\/filetafoin.com\/de\/#website\"},\"primaryImageOfPage\":{\"@id\":\"https:\/\/filetafoin.com\/de\/die-highlights-der-feelnets-heunetze\/#primaryimage\"},\"image\":{\"@id\":\"https:\/\/filetafoin.com\/de\/die-highlights-der-feelnets-heunetze\/#primaryimage\"},\"thumbnailUrl\":\"https:\/\/filetafoin.com\/wp-content\/uploads\/2024\/09\/FQ2A7633-compresse-1-scaled.jpg\",\"datePublished\":\"2024-09-30T09:29:28+00:00\",\"dateModified\":\"2026-01-13T16:57:29+00:00\",\"breadcrumb\":{\"@id\":\"https:\/\/filetafoin.com\/de\/die-highlights-der-feelnets-heunetze\/#breadcrumb\"},\"inLanguage\":\"de\",\"potentialAction\":[{\"@type\":\"ReadAction\",\"target\":[\"https:\/\/filetafoin.com\/de\/die-highlights-der-feelnets-heunetze\/\"]}]},{\"@type\":\"ImageObject\",\"inLanguage\":\"de\",\"@id\":\"https:\/\/filetafoin.com\/de\/die-highlights-der-feelnets-heunetze\/#primaryimage\",\"url\":\"https:\/\/filetafoin.com\/wp-content\/uploads\/2024\/09\/FQ2A7633-compresse-1-scaled.jpg\",\"contentUrl\":\"https:\/\/filetafoin.com\/wp-content\/uploads\/2024\/09\/FQ2A7633-compresse-1-scaled.jpg\",\"width\":2560,\"height\":2560},{\"@type\":\"BreadcrumbList\",\"@id\":\"https:\/\/filetafoin.com\/de\/die-highlights-der-feelnets-heunetze\/#breadcrumb\",\"itemListElement\":[{\"@type\":\"ListItem\",\"position\":1,\"name\":\"Accueil\",\"item\":\"https:\/\/filetafoin.com\/de\/spezialist-fuer-heunetze-fuer-pferde\/\"},{\"@type\":\"ListItem\",\"position\":2,\"name\":\"Die Highlights der Feelnets Heunetze\"}]},{\"@type\":\"WebSite\",\"@id\":\"https:\/\/filetafoin.com\/de\/#website\",\"url\":\"https:\/\/filetafoin.com\/de\/\",\"name\":\"Filets \u00e0 Foin\",\"description\":\"Sp\u00e9cialiste du Filet \u00e0 Foin pour Chevaux\",\"potentialAction\":[{\"@type\":\"SearchAction\",\"target\":{\"@type\":\"EntryPoint\",\"urlTemplate\":\"https:\/\/filetafoin.com\/de\/?s={search_term_string}\"},\"query-input\":{\"@type\":\"PropertyValueSpecification\",\"valueRequired\":true,\"valueName\":\"search_term_string\"}}],\"inLanguage\":\"de\"}]}<\/script>\n<!-- \/ Yoast SEO plugin. -->","yoast_head_json":{"title":"Die Highlights der Feelnets Heunetze - Filets \u00e0 Foin","robots":{"index":"index","follow":"follow","max-snippet":"max-snippet:-1","max-image-preview":"max-image-preview:large","max-video-preview":"max-video-preview:-1"},"canonical":"https:\/\/filetafoin.com\/de\/die-highlights-der-feelnets-heunetze\/","og_locale":"de_DE","og_type":"article","og_title":"Die Highlights der Feelnets Heunetze - Filets \u00e0 Foin","og_description":"[vc_row row_height_percent=&#8220;0&#8243; override_padding=&#8220;yes&#8220; h_padding=&#8220;2&#8243; top_padding=&#8220;5&#8243; bottom_padding=&#8220;3&#8243; overlay_alpha=&#8220;100&#8243; gutter_size=&#8220;3&#8243; column_width_percent=&#8220;100&#8243; shift_y=&#8220;0&#8243; z_index=&#8220;0&#8243; row_height_use_pixel=&#8220;&#8220;][vc_column column_width_use_pixel=&#8220;yes&#8220; gutter_size=&#8220;3&#8243; overlay_alpha=&#8220;50&#8243; shift_x=&#8220;0&#8243; shift_y=&#8220;0&#8243; medium_width=&#8220;0&#8243; zoom_width=&#8220;0&#8243; zoom_height=&#8220;0&#8243; [&hellip;]","og_url":"https:\/\/filetafoin.com\/de\/die-highlights-der-feelnets-heunetze\/","og_site_name":"Filets \u00e0 Foin","article_modified_time":"2026-01-13T16:57:29+00:00","og_image":[{"width":2560,"height":2560,"url":"https:\/\/filetafoin.com\/wp-content\/uploads\/2024\/09\/FQ2A7633-compresse-1-scaled.jpg","type":"image\/jpeg"}],"twitter_card":"summary_large_image","twitter_misc":{"Gesch\u00e4tzte Lesezeit":"3\u00a0Minuten"},"schema":{"@context":"https:\/\/schema.org","@graph":[{"@type":"WebPage","@id":"https:\/\/filetafoin.com\/de\/die-highlights-der-feelnets-heunetze\/","url":"https:\/\/filetafoin.com\/de\/die-highlights-der-feelnets-heunetze\/","name":"Die Highlights der Feelnets Heunetze - Filets \u00e0 Foin","isPartOf":{"@id":"https:\/\/filetafoin.com\/de\/#website"},"primaryImageOfPage":{"@id":"https:\/\/filetafoin.com\/de\/die-highlights-der-feelnets-heunetze\/#primaryimage"},"image":{"@id":"https:\/\/filetafoin.com\/de\/die-highlights-der-feelnets-heunetze\/#primaryimage"},"thumbnailUrl":"https:\/\/filetafoin.com\/wp-content\/uploads\/2024\/09\/FQ2A7633-compresse-1-scaled.jpg","datePublished":"2024-09-30T09:29:28+00:00","dateModified":"2026-01-13T16:57:29+00:00","breadcrumb":{"@id":"https:\/\/filetafoin.com\/de\/die-highlights-der-feelnets-heunetze\/#breadcrumb"},"inLanguage":"de","potentialAction":[{"@type":"ReadAction","target":["https:\/\/filetafoin.com\/de\/die-highlights-der-feelnets-heunetze\/"]}]},{"@type":"ImageObject","inLanguage":"de","@id":"https:\/\/filetafoin.com\/de\/die-highlights-der-feelnets-heunetze\/#primaryimage","url":"https:\/\/filetafoin.com\/wp-content\/uploads\/2024\/09\/FQ2A7633-compresse-1-scaled.jpg","contentUrl":"https:\/\/filetafoin.com\/wp-content\/uploads\/2024\/09\/FQ2A7633-compresse-1-scaled.jpg","width":2560,"height":2560},{"@type":"BreadcrumbList","@id":"https:\/\/filetafoin.com\/de\/die-highlights-der-feelnets-heunetze\/#breadcrumb","itemListElement":[{"@type":"ListItem","position":1,"name":"Accueil","item":"https:\/\/filetafoin.com\/de\/spezialist-fuer-heunetze-fuer-pferde\/"},{"@type":"ListItem","position":2,"name":"Die Highlights der Feelnets Heunetze"}]},{"@type":"WebSite","@id":"https:\/\/filetafoin.com\/de\/#website","url":"https:\/\/filetafoin.com\/de\/","name":"Filets \u00e0 Foin","description":"Sp\u00e9cialiste du Filet \u00e0 Foin pour Chevaux","potentialAction":[{"@type":"SearchAction","target":{"@type":"EntryPoint","urlTemplate":"https:\/\/filetafoin.com\/de\/?s={search_term_string}"},"query-input":{"@type":"PropertyValueSpecification","valueRequired":true,"valueName":"search_term_string"}}],"inLanguage":"de"}]}},"_links":{"self":[{"href":"https:\/\/filetafoin.com\/de\/wp-json\/wp\/v2\/pages\/84091","targetHints":{"allow":["GET"]}}],"collection":[{"href":"https:\/\/filetafoin.com\/de\/wp-json\/wp\/v2\/pages"}],"about":[{"href":"https:\/\/filetafoin.com\/de\/wp-json\/wp\/v2\/types\/page"}],"author":[{"embeddable":true,"href":"https:\/\/filetafoin.com\/de\/wp-json\/wp\/v2\/users\/6"}],"replies":[{"embeddable":true,"href":"https:\/\/filetafoin.com\/de\/wp-json\/wp\/v2\/comments?post=84091"}],"version-history":[{"count":3,"href":"https:\/\/filetafoin.com\/de\/wp-json\/wp\/v2\/pages\/84091\/revisions"}],"predecessor-version":[{"id":84095,"href":"https:\/\/filetafoin.com\/de\/wp-json\/wp\/v2\/pages\/84091\/revisions\/84095"}],"wp:featuredmedia":[{"embeddable":true,"href":"https:\/\/filetafoin.com\/de\/wp-json\/wp\/v2\/media\/83179"}],"wp:attachment":[{"href":"https:\/\/filetafoin.com\/de\/wp-json\/wp\/v2\/media?parent=84091"}],"curies":[{"name":"wp","href":"https:\/\/api.w.org\/{rel}","templated":true}]}}