{"id":83521,"date":"2025-02-06T14:39:50","date_gmt":"2025-02-06T13:39:50","guid":{"rendered":"https:\/\/filetafoin.com\/hay-net-guides\/"},"modified":"2026-01-15T10:08:33","modified_gmt":"2026-01-15T09:08:33","slug":"hay-net-guides","status":"publish","type":"page","link":"https:\/\/filetafoin.com\/en\/hay-net-guides\/","title":{"rendered":"Hay Net Guides"},"content":{"rendered":"<div class=\"wpb-content-wrapper\"><p>[vc_row unlock_row_content=&#8221;yes&#8221; row_height_percent=&#8221;30&#8243; back_image=&#8221;83793&#8243; back_position=&#8221;center center&#8221; overlay_alpha=&#8221;50&#8243; gutter_size=&#8221;3&#8243; column_width_percent=&#8221;100&#8243; shift_y=&#8221;0&#8243; z_index=&#8221;0&#8243; content_parallax=&#8221;0&#8243; uncode_shortcode_id=&#8221;171098&#8243;][vc_column width=&#8221;1\/1&#8243;][\/vc_column][\/vc_row][vc_row row_height_percent=&#8221;0&#8243; override_padding=&#8221;yes&#8221; h_padding=&#8221;2&#8243; top_padding=&#8221;5&#8243; bottom_padding=&#8221;5&#8243; overlay_alpha=&#8221;50&#8243; gutter_size=&#8221;2&#8243; column_width_percent=&#8221;100&#8243; shift_y=&#8221;0&#8243; z_index=&#8221;0&#8243; content_parallax=&#8221;0&#8243; uncode_shortcode_id=&#8221;954707&#8243;][vc_column column_width_percent=&#8221;100&#8243; align_horizontal=&#8221;align_center&#8221; gutter_size=&#8221;4&#8243; overlay_alpha=&#8221;50&#8243; shift_x=&#8221;0&#8243; shift_y=&#8221;0&#8243; shift_y_down=&#8221;0&#8243; z_index=&#8221;0&#8243; medium_width=&#8221;0&#8243; mobile_width=&#8221;0&#8243; width=&#8221;1\/1&#8243; uncode_shortcode_id=&#8221;169537&#8243;][vc_custom_heading text_color=&#8221;color-469260&#8243; heading_semantic=&#8221;h1&#8243; text_size=&#8221;h1&#8243; uncode_shortcode_id=&#8221;563934&#8243; text_color_type=&#8221;uncode-palette&#8221;]Practical Tips and Guides on Hay Nets for Horses[\/vc_custom_heading][uncode_index el_id=&#8221;index-833422332&#8243; isotope_mode=&#8221;fitRows&#8221; loop=&#8221;size:8|order_by:date|post_type:page|tax_query:67|taxonomy_count:10&#8243; screen_lg=&#8221;1000&#8243; screen_md=&#8221;600&#8243; screen_sm=&#8221;480&#8243; filtering=&#8221;yes&#8221; filtering_uppercase=&#8221;yes&#8221; filtering_position=&#8221;right&#8221; filter_mobile=&#8221;yes&#8221; filter_all_opposite=&#8221;yes&#8221; gutter_size=&#8221;3&#8243; post_items=&#8221;media|featured|onpost|poster,date,title,text|excerpt|70&#8243; infinite=&#8221;yes&#8221; single_width=&#8221;3&#8243; images_size=&#8221;three-two&#8221; single_overlay_color=&#8221;color-wayh&#8221; single_overlay_opacity=&#8221;50&#8243; single_text_visible=&#8221;yes&#8221; single_text_anim=&#8221;no&#8221; single_padding=&#8221;1&#8243; single_title_dimension=&#8221;h5&#8243; single_border=&#8221;yes&#8221; uncode_shortcode_id=&#8221;164166&#8243;][\/vc_column][\/vc_row]<\/p>\n<\/div>","protected":false},"excerpt":{"rendered":"<p>[vc_row unlock_row_content=&#8221;yes&#8221; row_height_percent=&#8221;30&#8243; back_image=&#8221;83793&#8243; back_position=&#8221;center center&#8221; overlay_alpha=&#8221;50&#8243; gutter_size=&#8221;3&#8243; column_width_percent=&#8221;100&#8243; shift_y=&#8221;0&#8243; z_index=&#8221;0&#8243; content_parallax=&#8221;0&#8243; uncode_shortcode_id=&#8221;171098&#8243;][vc_column width=&#8221;1\/1&#8243;][\/vc_column][\/vc_row][vc_row row_height_percent=&#8221;0&#8243; override_padding=&#8221;yes&#8221; h_padding=&#8221;2&#8243; top_padding=&#8221;5&#8243; bottom_padding=&#8221;5&#8243; overlay_alpha=&#8221;50&#8243; [&hellip;]<\/p>\n","protected":false},"author":2,"featured_media":0,"parent":0,"menu_order":0,"comment_status":"closed","ping_status":"closed","template":"","meta":{"footnotes":""},"class_list":["post-83521","page","type-page","status-publish","hentry"],"yoast_head":"<!-- This site is optimized with the Yoast SEO plugin v26.7 - https:\/\/yoast.com\/wordpress\/plugins\/seo\/ -->\n<title>Hay Net Guides - Filets \u00e0 Foin<\/title>\n<meta name=\"robots\" content=\"index, follow, max-snippet:-1, max-image-preview:large, max-video-preview:-1\" \/>\n<link rel=\"canonical\" href=\"https:\/\/filetafoin.com\/en\/hay-net-guides\/\" \/>\n<meta property=\"og:locale\" content=\"en_US\" \/>\n<meta property=\"og:type\" content=\"article\" \/>\n<meta property=\"og:title\" content=\"Hay Net Guides - Filets \u00e0 Foin\" \/>\n<meta property=\"og:description\" content=\"[vc_row unlock_row_content=&#8221;yes&#8221; row_height_percent=&#8221;30&#8243; back_image=&#8221;83793&#8243; back_position=&#8221;center center&#8221; overlay_alpha=&#8221;50&#8243; gutter_size=&#8221;3&#8243; column_width_percent=&#8221;100&#8243; shift_y=&#8221;0&#8243; z_index=&#8221;0&#8243; content_parallax=&#8221;0&#8243; uncode_shortcode_id=&#8221;171098&#8243;][vc_column width=&#8221;1\/1&#8243;][\/vc_column][\/vc_row][vc_row row_height_percent=&#8221;0&#8243; override_padding=&#8221;yes&#8221; h_padding=&#8221;2&#8243; top_padding=&#8221;5&#8243; bottom_padding=&#8221;5&#8243; overlay_alpha=&#8221;50&#8243; [&hellip;]\" \/>\n<meta property=\"og:url\" content=\"https:\/\/filetafoin.com\/en\/hay-net-guides\/\" \/>\n<meta property=\"og:site_name\" content=\"Filets \u00e0 Foin\" \/>\n<meta property=\"article:modified_time\" content=\"2026-01-15T09:08:33+00:00\" \/>\n<meta name=\"twitter:card\" content=\"summary_large_image\" \/>\n<meta name=\"twitter:label1\" content=\"Est. reading time\" \/>\n\t<meta name=\"twitter:data1\" content=\"1 minute\" \/>\n<script type=\"application\/ld+json\" class=\"yoast-schema-graph\">{\"@context\":\"https:\/\/schema.org\",\"@graph\":[{\"@type\":\"WebPage\",\"@id\":\"https:\/\/filetafoin.com\/en\/hay-net-guides\/\",\"url\":\"https:\/\/filetafoin.com\/en\/hay-net-guides\/\",\"name\":\"Hay Net Guides - Filets \u00e0 Foin\",\"isPartOf\":{\"@id\":\"https:\/\/filetafoin.com\/en\/#website\"},\"datePublished\":\"2025-02-06T13:39:50+00:00\",\"dateModified\":\"2026-01-15T09:08:33+00:00\",\"breadcrumb\":{\"@id\":\"https:\/\/filetafoin.com\/en\/hay-net-guides\/#breadcrumb\"},\"inLanguage\":\"en-US\",\"potentialAction\":[{\"@type\":\"ReadAction\",\"target\":[\"https:\/\/filetafoin.com\/en\/hay-net-guides\/\"]}]},{\"@type\":\"BreadcrumbList\",\"@id\":\"https:\/\/filetafoin.com\/en\/hay-net-guides\/#breadcrumb\",\"itemListElement\":[{\"@type\":\"ListItem\",\"position\":1,\"name\":\"Accueil\",\"item\":\"https:\/\/filetafoin.com\/en\/hay-net-specialist-for-horses\/\"},{\"@type\":\"ListItem\",\"position\":2,\"name\":\"Hay Net Guides\"}]},{\"@type\":\"WebSite\",\"@id\":\"https:\/\/filetafoin.com\/en\/#website\",\"url\":\"https:\/\/filetafoin.com\/en\/\",\"name\":\"Filets \u00e0 Foin\",\"description\":\"Sp\u00e9cialiste du Filet \u00e0 Foin pour Chevaux\",\"potentialAction\":[{\"@type\":\"SearchAction\",\"target\":{\"@type\":\"EntryPoint\",\"urlTemplate\":\"https:\/\/filetafoin.com\/en\/?s={search_term_string}\"},\"query-input\":{\"@type\":\"PropertyValueSpecification\",\"valueRequired\":true,\"valueName\":\"search_term_string\"}}],\"inLanguage\":\"en-US\"}]}<\/script>\n<!-- \/ Yoast SEO plugin. -->","yoast_head_json":{"title":"Hay Net Guides - Filets \u00e0 Foin","robots":{"index":"index","follow":"follow","max-snippet":"max-snippet:-1","max-image-preview":"max-image-preview:large","max-video-preview":"max-video-preview:-1"},"canonical":"https:\/\/filetafoin.com\/en\/hay-net-guides\/","og_locale":"en_US","og_type":"article","og_title":"Hay Net Guides - Filets \u00e0 Foin","og_description":"[vc_row unlock_row_content=&#8221;yes&#8221; row_height_percent=&#8221;30&#8243; back_image=&#8221;83793&#8243; back_position=&#8221;center center&#8221; overlay_alpha=&#8221;50&#8243; gutter_size=&#8221;3&#8243; column_width_percent=&#8221;100&#8243; shift_y=&#8221;0&#8243; z_index=&#8221;0&#8243; content_parallax=&#8221;0&#8243; uncode_shortcode_id=&#8221;171098&#8243;][vc_column width=&#8221;1\/1&#8243;][\/vc_column][\/vc_row][vc_row row_height_percent=&#8221;0&#8243; override_padding=&#8221;yes&#8221; h_padding=&#8221;2&#8243; top_padding=&#8221;5&#8243; bottom_padding=&#8221;5&#8243; overlay_alpha=&#8221;50&#8243; [&hellip;]","og_url":"https:\/\/filetafoin.com\/en\/hay-net-guides\/","og_site_name":"Filets \u00e0 Foin","article_modified_time":"2026-01-15T09:08:33+00:00","twitter_card":"summary_large_image","twitter_misc":{"Est. reading time":"1 minute"},"schema":{"@context":"https:\/\/schema.org","@graph":[{"@type":"WebPage","@id":"https:\/\/filetafoin.com\/en\/hay-net-guides\/","url":"https:\/\/filetafoin.com\/en\/hay-net-guides\/","name":"Hay Net Guides - Filets \u00e0 Foin","isPartOf":{"@id":"https:\/\/filetafoin.com\/en\/#website"},"datePublished":"2025-02-06T13:39:50+00:00","dateModified":"2026-01-15T09:08:33+00:00","breadcrumb":{"@id":"https:\/\/filetafoin.com\/en\/hay-net-guides\/#breadcrumb"},"inLanguage":"en-US","potentialAction":[{"@type":"ReadAction","target":["https:\/\/filetafoin.com\/en\/hay-net-guides\/"]}]},{"@type":"BreadcrumbList","@id":"https:\/\/filetafoin.com\/en\/hay-net-guides\/#breadcrumb","itemListElement":[{"@type":"ListItem","position":1,"name":"Accueil","item":"https:\/\/filetafoin.com\/en\/hay-net-specialist-for-horses\/"},{"@type":"ListItem","position":2,"name":"Hay Net Guides"}]},{"@type":"WebSite","@id":"https:\/\/filetafoin.com\/en\/#website","url":"https:\/\/filetafoin.com\/en\/","name":"Filets \u00e0 Foin","description":"Sp\u00e9cialiste du Filet \u00e0 Foin pour Chevaux","potentialAction":[{"@type":"SearchAction","target":{"@type":"EntryPoint","urlTemplate":"https:\/\/filetafoin.com\/en\/?s={search_term_string}"},"query-input":{"@type":"PropertyValueSpecification","valueRequired":true,"valueName":"search_term_string"}}],"inLanguage":"en-US"}]}},"_links":{"self":[{"href":"https:\/\/filetafoin.com\/en\/wp-json\/wp\/v2\/pages\/83521","targetHints":{"allow":["GET"]}}],"collection":[{"href":"https:\/\/filetafoin.com\/en\/wp-json\/wp\/v2\/pages"}],"about":[{"href":"https:\/\/filetafoin.com\/en\/wp-json\/wp\/v2\/types\/page"}],"author":[{"embeddable":true,"href":"https:\/\/filetafoin.com\/en\/wp-json\/wp\/v2\/users\/2"}],"replies":[{"embeddable":true,"href":"https:\/\/filetafoin.com\/en\/wp-json\/wp\/v2\/comments?post=83521"}],"version-history":[{"count":3,"href":"https:\/\/filetafoin.com\/en\/wp-json\/wp\/v2\/pages\/83521\/revisions"}],"predecessor-version":[{"id":84134,"href":"https:\/\/filetafoin.com\/en\/wp-json\/wp\/v2\/pages\/83521\/revisions\/84134"}],"wp:attachment":[{"href":"https:\/\/filetafoin.com\/en\/wp-json\/wp\/v2\/media?parent=83521"}],"curies":[{"name":"wp","href":"https:\/\/api.w.org\/{rel}","templated":true}]}}