{"id":83579,"date":"2024-12-26T16:04:58","date_gmt":"2024-12-26T15:04:58","guid":{"rendered":"https:\/\/filetafoin.com\/hay-nets-and-colic-prevention-in-horses\/"},"modified":"2026-03-31T18:00:04","modified_gmt":"2026-03-31T16:00:04","slug":"hay-nets-and-colic-prevention-in-horses","status":"publish","type":"page","link":"https:\/\/filetafoin.com\/en\/hay-nets-and-colic-prevention-in-horses\/","title":{"rendered":"Hay Nets and Colic Prevention in Horses"},"content":{"rendered":"<div class=\"wpb-content-wrapper\"><p>[vc_row row_height_percent=&#8221;0&#8243; override_padding=&#8221;yes&#8221; h_padding=&#8221;2&#8243; top_padding=&#8221;5&#8243; bottom_padding=&#8221;3&#8243; overlay_alpha=&#8221;100&#8243; gutter_size=&#8221;3&#8243; column_width_percent=&#8221;100&#8243; shift_y=&#8221;0&#8243; z_index=&#8221;0&#8243; row_height_use_pixel=&#8221;&#8221;][vc_column column_width_use_pixel=&#8221;yes&#8221; gutter_size=&#8221;3&#8243; overlay_alpha=&#8221;50&#8243; shift_x=&#8221;0&#8243; shift_y=&#8221;0&#8243; medium_width=&#8221;0&#8243; zoom_width=&#8221;0&#8243; zoom_height=&#8221;0&#8243; column_width_pixel=&#8221;800&#8243;][vc_column_text]<\/p>\n<h2><strong>Hay Nets and Colic Prevention in Horses<\/strong><\/h2>\n<p>Colic, a true nightmare for horse owners, is a digestive disorder that can seriously affect the health of our equine friends. This abdominal pain can occur for various reasons, such as an unbalanced diet, rapid hay intake, or lack of exercise. This is where hay nets come into play, becoming valuable allies in the prevention of colic and other digestive disorders.[\/vc_column_text][\/vc_column][\/vc_row][vc_row row_height_percent=&#8221;0&#8243; override_padding=&#8221;yes&#8221; h_padding=&#8221;2&#8243; top_padding=&#8221;0&#8243; bottom_padding=&#8221;0&#8243; overlay_alpha=&#8221;100&#8243; gutter_size=&#8221;3&#8243; column_width_percent=&#8221;100&#8243; shift_y=&#8221;0&#8243; z_index=&#8221;0&#8243; row_height_use_pixel=&#8221;&#8221;][vc_column column_width_use_pixel=&#8221;yes&#8221; gutter_size=&#8221;3&#8243; overlay_alpha=&#8221;50&#8243; shift_x=&#8221;0&#8243; shift_y=&#8221;0&#8243; medium_width=&#8221;0&#8243; zoom_width=&#8221;0&#8243; zoom_height=&#8221;0&#8243; width=&#8221;5\/6&#8243;][vc_single_image media=&#8221;83580&#8243; media_width_percent=&#8221;100&#8243; media_ratio=&#8221;three-two&#8221; media_title_uppercase=&#8221;&#8221; uncode_shortcode_id=&#8221;176685&#8243;][\/vc_column][vc_column column_width_percent=&#8221;100&#8243; gutter_size=&#8221;3&#8243; overlay_alpha=&#8221;50&#8243; shift_x=&#8221;0&#8243; shift_y=&#8221;0&#8243; medium_width=&#8221;0&#8243; zoom_width=&#8221;0&#8243; zoom_height=&#8221;0&#8243; width=&#8221;1\/6&#8243;][vc_column_text]By slowing down hay consumption and promoting more natural feeding behavior, hay nets greatly contribute to the well-being of horses.[\/vc_column_text][\/vc_column][\/vc_row][vc_row row_height_percent=&#8221;0&#8243; override_padding=&#8221;yes&#8221; h_padding=&#8221;2&#8243; top_padding=&#8221;3&#8243; bottom_padding=&#8221;3&#8243; overlay_alpha=&#8221;100&#8243; gutter_size=&#8221;3&#8243; column_width_percent=&#8221;100&#8243; shift_y=&#8221;0&#8243; z_index=&#8221;0&#8243; row_height_use_pixel=&#8221;&#8221;][vc_column column_width_use_pixel=&#8221;yes&#8221; gutter_size=&#8221;3&#8243; overlay_alpha=&#8221;50&#8243; shift_x=&#8221;0&#8243; shift_y=&#8221;0&#8243; medium_width=&#8221;0&#8243; zoom_width=&#8221;0&#8243; zoom_height=&#8221;0&#8243; column_width_pixel=&#8221;800&#8243;][vc_column_text]<\/p>\n<h2><strong>Slower and More Natural Hay Consumption<\/strong><\/h2>\n<p>Hay nets are specifically designed to slow down the rate at which horses ingest their hay. Unlike traditional feeding where hay is simply placed on the ground or in a feeder, hay nets require horses to pull the hay through the small mesh of the net. This process more closely mimics how horses feed in the wild, by grazing for long periods. This slower, more regulated approach helps reduce the risks of overfeeding and rapid fermentation in the stomach, two key factors in the occurrence of colic.[\/vc_column_text][\/vc_column][\/vc_row][vc_row row_height_percent=&#8221;0&#8243; override_padding=&#8221;yes&#8221; h_padding=&#8221;2&#8243; top_padding=&#8221;3&#8243; bottom_padding=&#8221;3&#8243; overlay_alpha=&#8221;100&#8243; gutter_size=&#8221;3&#8243; column_width_percent=&#8221;100&#8243; shift_y=&#8221;0&#8243; z_index=&#8221;0&#8243; row_height_use_pixel=&#8221;&#8221;][vc_column column_width_use_pixel=&#8221;yes&#8221; gutter_size=&#8221;3&#8243; overlay_alpha=&#8221;50&#8243; shift_x=&#8221;0&#8243; shift_y=&#8221;0&#8243; medium_width=&#8221;0&#8243; zoom_width=&#8221;0&#8243; zoom_height=&#8221;0&#8243; column_width_pixel=&#8221;800&#8243;][vc_column_text]<\/p>\n<h2><strong>Reducing Risky Behaviors<\/strong><\/h2>\n<p>In addition to slowing down hay intake, hay nets also help reduce certain risky behaviors associated with digestive disorders. For example, when a horse has access to a large quantity of loose hay, it may tend to select the most palatable parts, leaving the less appetizing stalks aside. This selectivity can lead to an unbalanced diet. With a hay net, the horse is compelled to eat more uniformly, ensuring better digestion and more consistent nutrient absorption. Furthermore, by reducing unlimited access to hay, hay nets encourage increased physical activity, as horses spend more time &#8220;working&#8221; to obtain their food.[\/vc_column_text][\/vc_column][\/vc_row][vc_row row_height_percent=&#8221;0&#8243; override_padding=&#8221;yes&#8221; h_padding=&#8221;2&#8243; top_padding=&#8221;3&#8243; bottom_padding=&#8221;3&#8243; overlay_alpha=&#8221;100&#8243; gutter_size=&#8221;3&#8243; column_width_percent=&#8221;100&#8243; shift_y=&#8221;0&#8243; z_index=&#8221;0&#8243; row_height_use_pixel=&#8221;&#8221;][vc_column column_width_use_pixel=&#8221;yes&#8221; gutter_size=&#8221;3&#8243; overlay_alpha=&#8221;50&#8243; shift_x=&#8221;0&#8243; shift_y=&#8221;0&#8243; medium_width=&#8221;0&#8243; zoom_width=&#8221;0&#8243; zoom_height=&#8221;0&#8243; column_width_pixel=&#8221;800&#8243;][vc_column_text]<\/p>\n<h2><strong>An Indispensable Tool for Digestive Health<\/strong><\/h2>\n<p>Hay nets are therefore much more than a simple feed management accessory. They play a crucial role in colic prevention and contribute to better overall digestive health in horses. By combining the use of hay nets with other good feed management practices, such as access to clean, fresh water, quality pastures, and a regular exercise routine, owners can significantly improve the well-being of their horses. Thus, investing in quality hay nets, such as those offered by <a href=\"http:\/\/www.feelnets.com\">Feelnets<\/a>, represents a wise and effective preventive measure for any stable concerned about the health of its equids.[\/vc_column_text][\/vc_column][\/vc_row][vc_row row_height_percent=&#8221;0&#8243; override_padding=&#8221;yes&#8221; h_padding=&#8221;2&#8243; top_padding=&#8221;3&#8243; bottom_padding=&#8221;3&#8243; overlay_alpha=&#8221;100&#8243; gutter_size=&#8221;3&#8243; column_width_percent=&#8221;100&#8243; shift_y=&#8221;0&#8243; z_index=&#8221;0&#8243; row_height_use_pixel=&#8221;&#8221;][vc_column column_width_use_pixel=&#8221;yes&#8221; gutter_size=&#8221;3&#8243; overlay_alpha=&#8221;50&#8243; shift_x=&#8221;0&#8243; shift_y=&#8221;0&#8243; medium_width=&#8221;0&#8243; zoom_width=&#8221;0&#8243; zoom_height=&#8221;0&#8243; column_width_pixel=&#8221;800&#8243;][vc_column_text]<\/p>\n<h2>Find our complete range <a href=\"https:\/\/filetafoin.com\/en\/models-and-prices\/#tarifs\">HERE<\/a><strong><br \/>\n<\/strong><\/h2>\n<h2>And our social networks: <a href=\"https:\/\/www.facebook.com\/feelnetsfiletafoin\">Facebook<\/a> <a href=\"https:\/\/www.instagram.com\/filetafoin\/\">Instagram<\/a><\/h2>\n<p>[\/vc_column_text][\/vc_column][\/vc_row]<\/p>\n<\/div>","protected":false},"excerpt":{"rendered":"<p>[vc_row row_height_percent=&#8221;0&#8243; override_padding=&#8221;yes&#8221; h_padding=&#8221;2&#8243; top_padding=&#8221;5&#8243; bottom_padding=&#8221;3&#8243; overlay_alpha=&#8221;100&#8243; gutter_size=&#8221;3&#8243; column_width_percent=&#8221;100&#8243; shift_y=&#8221;0&#8243; z_index=&#8221;0&#8243; row_height_use_pixel=&#8221;&#8221;][vc_column column_width_use_pixel=&#8221;yes&#8221; gutter_size=&#8221;3&#8243; overlay_alpha=&#8221;50&#8243; shift_x=&#8221;0&#8243; shift_y=&#8221;0&#8243; medium_width=&#8221;0&#8243; zoom_width=&#8221;0&#8243; zoom_height=&#8221;0&#8243; [&hellip;]<\/p>\n","protected":false},"author":6,"featured_media":83580,"parent":0,"menu_order":0,"comment_status":"closed","ping_status":"closed","template":"","meta":{"footnotes":""},"class_list":["post-83579","page","type-page","status-publish","has-post-thumbnail","hentry","page_category-guide"],"yoast_head":"<!-- This site is optimized with the Yoast SEO plugin v26.7 - https:\/\/yoast.com\/wordpress\/plugins\/seo\/ -->\n<title>Hay Nets and Colic Prevention in Horses - Filets \u00e0 Foin<\/title>\n<meta name=\"description\" content=\"Discover how hay nets help prevent colic in horses by slowing down intake and promoting more natural and balanced digestion.\" \/>\n<meta name=\"robots\" content=\"index, follow, max-snippet:-1, max-image-preview:large, max-video-preview:-1\" \/>\n<link rel=\"canonical\" href=\"https:\/\/filetafoin.com\/en\/hay-nets-and-colic-prevention-in-horses\/\" \/>\n<meta property=\"og:locale\" content=\"en_US\" \/>\n<meta property=\"og:type\" content=\"article\" \/>\n<meta property=\"og:title\" content=\"Hay Nets and Colic Prevention in Horses - Filets \u00e0 Foin\" \/>\n<meta property=\"og:description\" content=\"Discover how hay nets help prevent colic in horses by slowing down intake and promoting more natural and balanced digestion.\" \/>\n<meta property=\"og:url\" content=\"https:\/\/filetafoin.com\/en\/hay-nets-and-colic-prevention-in-horses\/\" \/>\n<meta property=\"og:site_name\" content=\"Filets \u00e0 Foin\" \/>\n<meta property=\"article:modified_time\" content=\"2026-03-31T16:00:04+00:00\" \/>\n<meta property=\"og:image\" content=\"https:\/\/filetafoin.com\/wp-content\/uploads\/2024\/12\/WhatsApp-Image-2024-12-19-a-09.23.02_07903392.jpg\" \/>\n\t<meta property=\"og:image:width\" content=\"2048\" \/>\n\t<meta property=\"og:image:height\" content=\"1366\" \/>\n\t<meta property=\"og:image:type\" content=\"image\/jpeg\" \/>\n<meta name=\"twitter:card\" content=\"summary_large_image\" \/>\n<meta name=\"twitter:label1\" content=\"Est. reading time\" \/>\n\t<meta name=\"twitter:data1\" content=\"4 minutes\" \/>\n<script type=\"application\/ld+json\" class=\"yoast-schema-graph\">{\"@context\":\"https:\/\/schema.org\",\"@graph\":[{\"@type\":\"WebPage\",\"@id\":\"https:\/\/filetafoin.com\/en\/hay-nets-and-colic-prevention-in-horses\/\",\"url\":\"https:\/\/filetafoin.com\/en\/hay-nets-and-colic-prevention-in-horses\/\",\"name\":\"Hay Nets and Colic Prevention in Horses - Filets \u00e0 Foin\",\"isPartOf\":{\"@id\":\"https:\/\/filetafoin.com\/en\/#website\"},\"primaryImageOfPage\":{\"@id\":\"https:\/\/filetafoin.com\/en\/hay-nets-and-colic-prevention-in-horses\/#primaryimage\"},\"image\":{\"@id\":\"https:\/\/filetafoin.com\/en\/hay-nets-and-colic-prevention-in-horses\/#primaryimage\"},\"thumbnailUrl\":\"https:\/\/filetafoin.com\/wp-content\/uploads\/2024\/12\/WhatsApp-Image-2024-12-19-a-09.23.02_07903392.jpg\",\"datePublished\":\"2024-12-26T15:04:58+00:00\",\"dateModified\":\"2026-03-31T16:00:04+00:00\",\"description\":\"Discover how hay nets help prevent colic in horses by slowing down intake and promoting more natural and balanced digestion.\",\"breadcrumb\":{\"@id\":\"https:\/\/filetafoin.com\/en\/hay-nets-and-colic-prevention-in-horses\/#breadcrumb\"},\"inLanguage\":\"en-US\",\"potentialAction\":[{\"@type\":\"ReadAction\",\"target\":[\"https:\/\/filetafoin.com\/en\/hay-nets-and-colic-prevention-in-horses\/\"]}]},{\"@type\":\"ImageObject\",\"inLanguage\":\"en-US\",\"@id\":\"https:\/\/filetafoin.com\/en\/hay-nets-and-colic-prevention-in-horses\/#primaryimage\",\"url\":\"https:\/\/filetafoin.com\/wp-content\/uploads\/2024\/12\/WhatsApp-Image-2024-12-19-a-09.23.02_07903392.jpg\",\"contentUrl\":\"https:\/\/filetafoin.com\/wp-content\/uploads\/2024\/12\/WhatsApp-Image-2024-12-19-a-09.23.02_07903392.jpg\",\"width\":2048,\"height\":1366},{\"@type\":\"BreadcrumbList\",\"@id\":\"https:\/\/filetafoin.com\/en\/hay-nets-and-colic-prevention-in-horses\/#breadcrumb\",\"itemListElement\":[{\"@type\":\"ListItem\",\"position\":1,\"name\":\"Accueil\",\"item\":\"https:\/\/filetafoin.com\/en\/hay-net-specialist-for-horses\/\"},{\"@type\":\"ListItem\",\"position\":2,\"name\":\"Hay Nets and Colic Prevention in Horses\"}]},{\"@type\":\"WebSite\",\"@id\":\"https:\/\/filetafoin.com\/en\/#website\",\"url\":\"https:\/\/filetafoin.com\/en\/\",\"name\":\"Filets \u00e0 Foin\",\"description\":\"Sp\u00e9cialiste du Filet \u00e0 Foin pour Chevaux\",\"potentialAction\":[{\"@type\":\"SearchAction\",\"target\":{\"@type\":\"EntryPoint\",\"urlTemplate\":\"https:\/\/filetafoin.com\/en\/?s={search_term_string}\"},\"query-input\":{\"@type\":\"PropertyValueSpecification\",\"valueRequired\":true,\"valueName\":\"search_term_string\"}}],\"inLanguage\":\"en-US\"}]}<\/script>\n<!-- \/ Yoast SEO plugin. -->","yoast_head_json":{"title":"Hay Nets and Colic Prevention in Horses - Filets \u00e0 Foin","description":"Discover how hay nets help prevent colic in horses by slowing down intake and promoting more natural and balanced digestion.","robots":{"index":"index","follow":"follow","max-snippet":"max-snippet:-1","max-image-preview":"max-image-preview:large","max-video-preview":"max-video-preview:-1"},"canonical":"https:\/\/filetafoin.com\/en\/hay-nets-and-colic-prevention-in-horses\/","og_locale":"en_US","og_type":"article","og_title":"Hay Nets and Colic Prevention in Horses - Filets \u00e0 Foin","og_description":"Discover how hay nets help prevent colic in horses by slowing down intake and promoting more natural and balanced digestion.","og_url":"https:\/\/filetafoin.com\/en\/hay-nets-and-colic-prevention-in-horses\/","og_site_name":"Filets \u00e0 Foin","article_modified_time":"2026-03-31T16:00:04+00:00","og_image":[{"width":2048,"height":1366,"url":"https:\/\/filetafoin.com\/wp-content\/uploads\/2024\/12\/WhatsApp-Image-2024-12-19-a-09.23.02_07903392.jpg","type":"image\/jpeg"}],"twitter_card":"summary_large_image","twitter_misc":{"Est. reading time":"4 minutes"},"schema":{"@context":"https:\/\/schema.org","@graph":[{"@type":"WebPage","@id":"https:\/\/filetafoin.com\/en\/hay-nets-and-colic-prevention-in-horses\/","url":"https:\/\/filetafoin.com\/en\/hay-nets-and-colic-prevention-in-horses\/","name":"Hay Nets and Colic Prevention in Horses - Filets \u00e0 Foin","isPartOf":{"@id":"https:\/\/filetafoin.com\/en\/#website"},"primaryImageOfPage":{"@id":"https:\/\/filetafoin.com\/en\/hay-nets-and-colic-prevention-in-horses\/#primaryimage"},"image":{"@id":"https:\/\/filetafoin.com\/en\/hay-nets-and-colic-prevention-in-horses\/#primaryimage"},"thumbnailUrl":"https:\/\/filetafoin.com\/wp-content\/uploads\/2024\/12\/WhatsApp-Image-2024-12-19-a-09.23.02_07903392.jpg","datePublished":"2024-12-26T15:04:58+00:00","dateModified":"2026-03-31T16:00:04+00:00","description":"Discover how hay nets help prevent colic in horses by slowing down intake and promoting more natural and balanced digestion.","breadcrumb":{"@id":"https:\/\/filetafoin.com\/en\/hay-nets-and-colic-prevention-in-horses\/#breadcrumb"},"inLanguage":"en-US","potentialAction":[{"@type":"ReadAction","target":["https:\/\/filetafoin.com\/en\/hay-nets-and-colic-prevention-in-horses\/"]}]},{"@type":"ImageObject","inLanguage":"en-US","@id":"https:\/\/filetafoin.com\/en\/hay-nets-and-colic-prevention-in-horses\/#primaryimage","url":"https:\/\/filetafoin.com\/wp-content\/uploads\/2024\/12\/WhatsApp-Image-2024-12-19-a-09.23.02_07903392.jpg","contentUrl":"https:\/\/filetafoin.com\/wp-content\/uploads\/2024\/12\/WhatsApp-Image-2024-12-19-a-09.23.02_07903392.jpg","width":2048,"height":1366},{"@type":"BreadcrumbList","@id":"https:\/\/filetafoin.com\/en\/hay-nets-and-colic-prevention-in-horses\/#breadcrumb","itemListElement":[{"@type":"ListItem","position":1,"name":"Accueil","item":"https:\/\/filetafoin.com\/en\/hay-net-specialist-for-horses\/"},{"@type":"ListItem","position":2,"name":"Hay Nets and Colic Prevention in Horses"}]},{"@type":"WebSite","@id":"https:\/\/filetafoin.com\/en\/#website","url":"https:\/\/filetafoin.com\/en\/","name":"Filets \u00e0 Foin","description":"Sp\u00e9cialiste du Filet \u00e0 Foin pour Chevaux","potentialAction":[{"@type":"SearchAction","target":{"@type":"EntryPoint","urlTemplate":"https:\/\/filetafoin.com\/en\/?s={search_term_string}"},"query-input":{"@type":"PropertyValueSpecification","valueRequired":true,"valueName":"search_term_string"}}],"inLanguage":"en-US"}]}},"_links":{"self":[{"href":"https:\/\/filetafoin.com\/en\/wp-json\/wp\/v2\/pages\/83579","targetHints":{"allow":["GET"]}}],"collection":[{"href":"https:\/\/filetafoin.com\/en\/wp-json\/wp\/v2\/pages"}],"about":[{"href":"https:\/\/filetafoin.com\/en\/wp-json\/wp\/v2\/types\/page"}],"author":[{"embeddable":true,"href":"https:\/\/filetafoin.com\/en\/wp-json\/wp\/v2\/users\/6"}],"replies":[{"embeddable":true,"href":"https:\/\/filetafoin.com\/en\/wp-json\/wp\/v2\/comments?post=83579"}],"version-history":[{"count":6,"href":"https:\/\/filetafoin.com\/en\/wp-json\/wp\/v2\/pages\/83579\/revisions"}],"predecessor-version":[{"id":84186,"href":"https:\/\/filetafoin.com\/en\/wp-json\/wp\/v2\/pages\/83579\/revisions\/84186"}],"wp:featuredmedia":[{"embeddable":true,"href":"https:\/\/filetafoin.com\/en\/wp-json\/wp\/v2\/media\/83580"}],"wp:attachment":[{"href":"https:\/\/filetafoin.com\/en\/wp-json\/wp\/v2\/media?parent=83579"}],"curies":[{"name":"wp","href":"https:\/\/api.w.org\/{rel}","templated":true}]}}