{"id":83657,"date":"2024-09-16T14:48:42","date_gmt":"2024-09-16T12:48:42","guid":{"rendered":"https:\/\/filetafoin.com\/hay-nets-usage-and-installation-precautions\/"},"modified":"2026-03-31T17:51:21","modified_gmt":"2026-03-31T15:51:21","slug":"hay-nets-usage-and-installation-precautions","status":"publish","type":"page","link":"https:\/\/filetafoin.com\/en\/hay-nets-usage-and-installation-precautions\/","title":{"rendered":"Hay Nets: Usage and Installation Precautions"},"content":{"rendered":"<div class=\"wpb-content-wrapper\"><p>[vc_row row_height_percent=&#8221;0&#8243; override_padding=&#8221;yes&#8221; h_padding=&#8221;2&#8243; top_padding=&#8221;5&#8243; bottom_padding=&#8221;3&#8243; overlay_alpha=&#8221;100&#8243; gutter_size=&#8221;3&#8243; column_width_percent=&#8221;100&#8243; shift_y=&#8221;0&#8243; z_index=&#8221;0&#8243; row_height_use_pixel=&#8221;&#8221;][vc_column column_width_use_pixel=&#8221;yes&#8221; gutter_size=&#8221;3&#8243; overlay_alpha=&#8221;50&#8243; shift_x=&#8221;0&#8243; shift_y=&#8221;0&#8243; medium_width=&#8221;0&#8243; zoom_width=&#8221;0&#8243; zoom_height=&#8221;0&#8243; column_width_pixel=&#8221;800&#8243;][vc_column_text]<\/p>\n<h2>Installing and using hay nets for horses requires certain precautions to ensure the safety and well-being of the animals<\/h2>\n<p>First, it is essential to choose a quality net, made from robust and resistant materials (we recommend polyamide or, even better, polyester). The mesh should be small enough to prevent horses from getting their hooves or teeth caught, but large enough to allow easy hay consumption.[\/vc_column_text][\/vc_column][\/vc_row][vc_row row_height_percent=&#8221;0&#8243; override_padding=&#8221;yes&#8221; h_padding=&#8221;2&#8243; top_padding=&#8221;0&#8243; bottom_padding=&#8221;0&#8243; overlay_alpha=&#8221;100&#8243; gutter_size=&#8221;3&#8243; column_width_percent=&#8221;100&#8243; shift_y=&#8221;0&#8243; z_index=&#8221;0&#8243; row_height_use_pixel=&#8221;&#8221;][vc_column column_width_use_pixel=&#8221;yes&#8221; gutter_size=&#8221;3&#8243; overlay_alpha=&#8221;50&#8243; shift_x=&#8221;0&#8243; shift_y=&#8221;0&#8243; medium_width=&#8221;0&#8243; zoom_width=&#8221;0&#8243; zoom_height=&#8221;0&#8243; width=&#8221;5\/6&#8243;][vc_single_image media=&#8221;83658&#8243; media_width_percent=&#8221;100&#8243; media_ratio=&#8221;three-two&#8221; media_title_uppercase=&#8221;&#8221; uncode_shortcode_id=&#8221;889702&#8243;][\/vc_column][vc_column column_width_percent=&#8221;100&#8243; gutter_size=&#8221;3&#8243; overlay_alpha=&#8221;50&#8243; shift_x=&#8221;0&#8243; shift_y=&#8221;0&#8243; medium_width=&#8221;0&#8243; zoom_width=&#8221;0&#8243; zoom_height=&#8221;0&#8243; width=&#8221;1\/6&#8243;][vc_column_text]When installing, make sure to secure the net at an appropriate height.<\/p>\n<p><a href=\"https:\/\/filetafoin.com\/en\/how-to-properly-install-a-hay-net-for-horses\/\">Our guide<\/a>[\/vc_column_text][\/vc_column][\/vc_row][vc_row row_height_percent=&#8221;0&#8243; override_padding=&#8221;yes&#8221; h_padding=&#8221;2&#8243; top_padding=&#8221;3&#8243; bottom_padding=&#8221;3&#8243; overlay_alpha=&#8221;100&#8243; gutter_size=&#8221;3&#8243; column_width_percent=&#8221;100&#8243; shift_y=&#8221;0&#8243; z_index=&#8221;0&#8243; row_height_use_pixel=&#8221;&#8221;][vc_column column_width_use_pixel=&#8221;yes&#8221; gutter_size=&#8221;3&#8243; overlay_alpha=&#8221;50&#8243; shift_x=&#8221;0&#8243; shift_y=&#8221;0&#8243; medium_width=&#8221;0&#8243; zoom_width=&#8221;0&#8243; zoom_height=&#8221;0&#8243; column_width_pixel=&#8221;800&#8243;][vc_column_text]<\/p>\n<h2>Make sure to install your hay net at an adequate height<\/h2>\n<p>Generally at the horse&#8217;s chest level or on the ground (in a feeder), to avoid excessive strain on the neck and back muscles. Ensure the net is securely attached and that the installation does not have sharp edges or protruding parts that could injure the animal.[\/vc_column_text][vc_column_text]<\/p>\n<h2>Monitor the condition of your hay nets<\/h2>\n<p>It is also crucial to regularly check the condition of the net. Worn or damaged nets must be replaced or repaired to prevent any risk of injury. During use, monitor the horses for any signs of stress or abnormal behavior, such as difficulty eating or injuries around the mouth (which can occur due to poor quality nets).<\/p>\n<p>[\/vc_column_text][vc_column_text]<\/p>\n<h2>Hay nets for a herd<\/h2>\n<p>To avoid conflicts between horses, especially in groups, it is recommended to place several hay nets in different locations. This allows each horse to have fair access to hay and reduces the risk of fights.<\/p>\n<p>[\/vc_column_text][vc_column_text]<\/p>\n<h2>Good quality hay<\/h2>\n<p>Finally, ensure that the hay used is of good quality, free from mold and dust, to prevent respiratory and digestive problems. By following these precautions, you will contribute to the health and well-being of your horses while optimizing the use of hay nets.<\/p>\n<p>[\/vc_column_text][\/vc_column][\/vc_row]<\/p>\n<\/div>","protected":false},"excerpt":{"rendered":"<p>[vc_row row_height_percent=&#8221;0&#8243; override_padding=&#8221;yes&#8221; h_padding=&#8221;2&#8243; top_padding=&#8221;5&#8243; bottom_padding=&#8221;3&#8243; overlay_alpha=&#8221;100&#8243; gutter_size=&#8221;3&#8243; column_width_percent=&#8221;100&#8243; shift_y=&#8221;0&#8243; z_index=&#8221;0&#8243; row_height_use_pixel=&#8221;&#8221;][vc_column column_width_use_pixel=&#8221;yes&#8221; gutter_size=&#8221;3&#8243; overlay_alpha=&#8221;50&#8243; shift_x=&#8221;0&#8243; shift_y=&#8221;0&#8243; medium_width=&#8221;0&#8243; zoom_width=&#8221;0&#8243; zoom_height=&#8221;0&#8243; [&hellip;]<\/p>\n","protected":false},"author":6,"featured_media":83658,"parent":0,"menu_order":0,"comment_status":"closed","ping_status":"closed","template":"","meta":{"footnotes":""},"class_list":["post-83657","page","type-page","status-publish","has-post-thumbnail","hentry","page_category-guide"],"yoast_head":"<!-- This site is optimized with the Yoast SEO plugin v26.7 - https:\/\/yoast.com\/wordpress\/plugins\/seo\/ -->\n<title>Hay Nets: Usage and Installation Precautions - Filets \u00e0 Foin<\/title>\n<meta name=\"description\" content=\"Discover the best practices for installing and using a hay net safely: ideal height, maintenance, hay quality and risk prevention.\" \/>\n<meta name=\"robots\" content=\"index, follow, max-snippet:-1, max-image-preview:large, max-video-preview:-1\" \/>\n<link rel=\"canonical\" href=\"https:\/\/filetafoin.com\/en\/hay-nets-usage-and-installation-precautions\/\" \/>\n<meta property=\"og:locale\" content=\"en_US\" \/>\n<meta property=\"og:type\" content=\"article\" \/>\n<meta property=\"og:title\" content=\"Hay Nets: Usage and Installation Precautions - Filets \u00e0 Foin\" \/>\n<meta property=\"og:description\" content=\"Discover the best practices for installing and using a hay net safely: ideal height, maintenance, hay quality and risk prevention.\" \/>\n<meta property=\"og:url\" content=\"https:\/\/filetafoin.com\/en\/hay-nets-usage-and-installation-precautions\/\" \/>\n<meta property=\"og:site_name\" content=\"Filets \u00e0 Foin\" \/>\n<meta property=\"article:modified_time\" content=\"2026-03-31T15:51:21+00:00\" \/>\n<meta property=\"og:image\" content=\"https:\/\/filetafoin.com\/wp-content\/uploads\/2024\/09\/FQ2A7607-compressee-scaled.jpg\" \/>\n\t<meta property=\"og:image:width\" content=\"2560\" \/>\n\t<meta property=\"og:image:height\" content=\"1707\" \/>\n\t<meta property=\"og:image:type\" content=\"image\/jpeg\" \/>\n<meta name=\"twitter:card\" content=\"summary_large_image\" \/>\n<meta name=\"twitter:label1\" content=\"Est. reading time\" \/>\n\t<meta name=\"twitter:data1\" content=\"3 minutes\" \/>\n<script type=\"application\/ld+json\" class=\"yoast-schema-graph\">{\"@context\":\"https:\/\/schema.org\",\"@graph\":[{\"@type\":\"WebPage\",\"@id\":\"https:\/\/filetafoin.com\/en\/hay-nets-usage-and-installation-precautions\/\",\"url\":\"https:\/\/filetafoin.com\/en\/hay-nets-usage-and-installation-precautions\/\",\"name\":\"Hay Nets: Usage and Installation Precautions - Filets \u00e0 Foin\",\"isPartOf\":{\"@id\":\"https:\/\/filetafoin.com\/en\/#website\"},\"primaryImageOfPage\":{\"@id\":\"https:\/\/filetafoin.com\/en\/hay-nets-usage-and-installation-precautions\/#primaryimage\"},\"image\":{\"@id\":\"https:\/\/filetafoin.com\/en\/hay-nets-usage-and-installation-precautions\/#primaryimage\"},\"thumbnailUrl\":\"https:\/\/filetafoin.com\/wp-content\/uploads\/2024\/09\/FQ2A7607-compressee-scaled.jpg\",\"datePublished\":\"2024-09-16T12:48:42+00:00\",\"dateModified\":\"2026-03-31T15:51:21+00:00\",\"description\":\"Discover the best practices for installing and using a hay net safely: ideal height, maintenance, hay quality and risk prevention.\",\"breadcrumb\":{\"@id\":\"https:\/\/filetafoin.com\/en\/hay-nets-usage-and-installation-precautions\/#breadcrumb\"},\"inLanguage\":\"en-US\",\"potentialAction\":[{\"@type\":\"ReadAction\",\"target\":[\"https:\/\/filetafoin.com\/en\/hay-nets-usage-and-installation-precautions\/\"]}]},{\"@type\":\"ImageObject\",\"inLanguage\":\"en-US\",\"@id\":\"https:\/\/filetafoin.com\/en\/hay-nets-usage-and-installation-precautions\/#primaryimage\",\"url\":\"https:\/\/filetafoin.com\/wp-content\/uploads\/2024\/09\/FQ2A7607-compressee-scaled.jpg\",\"contentUrl\":\"https:\/\/filetafoin.com\/wp-content\/uploads\/2024\/09\/FQ2A7607-compressee-scaled.jpg\",\"width\":2560,\"height\":1707},{\"@type\":\"BreadcrumbList\",\"@id\":\"https:\/\/filetafoin.com\/en\/hay-nets-usage-and-installation-precautions\/#breadcrumb\",\"itemListElement\":[{\"@type\":\"ListItem\",\"position\":1,\"name\":\"Accueil\",\"item\":\"https:\/\/filetafoin.com\/en\/hay-net-specialist-for-horses\/\"},{\"@type\":\"ListItem\",\"position\":2,\"name\":\"Hay Nets: Usage and Installation Precautions\"}]},{\"@type\":\"WebSite\",\"@id\":\"https:\/\/filetafoin.com\/en\/#website\",\"url\":\"https:\/\/filetafoin.com\/en\/\",\"name\":\"Filets \u00e0 Foin\",\"description\":\"Sp\u00e9cialiste du Filet \u00e0 Foin pour Chevaux\",\"potentialAction\":[{\"@type\":\"SearchAction\",\"target\":{\"@type\":\"EntryPoint\",\"urlTemplate\":\"https:\/\/filetafoin.com\/en\/?s={search_term_string}\"},\"query-input\":{\"@type\":\"PropertyValueSpecification\",\"valueRequired\":true,\"valueName\":\"search_term_string\"}}],\"inLanguage\":\"en-US\"}]}<\/script>\n<!-- \/ Yoast SEO plugin. -->","yoast_head_json":{"title":"Hay Nets: Usage and Installation Precautions - Filets \u00e0 Foin","description":"Discover the best practices for installing and using a hay net safely: ideal height, maintenance, hay quality and risk prevention.","robots":{"index":"index","follow":"follow","max-snippet":"max-snippet:-1","max-image-preview":"max-image-preview:large","max-video-preview":"max-video-preview:-1"},"canonical":"https:\/\/filetafoin.com\/en\/hay-nets-usage-and-installation-precautions\/","og_locale":"en_US","og_type":"article","og_title":"Hay Nets: Usage and Installation Precautions - Filets \u00e0 Foin","og_description":"Discover the best practices for installing and using a hay net safely: ideal height, maintenance, hay quality and risk prevention.","og_url":"https:\/\/filetafoin.com\/en\/hay-nets-usage-and-installation-precautions\/","og_site_name":"Filets \u00e0 Foin","article_modified_time":"2026-03-31T15:51:21+00:00","og_image":[{"width":2560,"height":1707,"url":"https:\/\/filetafoin.com\/wp-content\/uploads\/2024\/09\/FQ2A7607-compressee-scaled.jpg","type":"image\/jpeg"}],"twitter_card":"summary_large_image","twitter_misc":{"Est. reading time":"3 minutes"},"schema":{"@context":"https:\/\/schema.org","@graph":[{"@type":"WebPage","@id":"https:\/\/filetafoin.com\/en\/hay-nets-usage-and-installation-precautions\/","url":"https:\/\/filetafoin.com\/en\/hay-nets-usage-and-installation-precautions\/","name":"Hay Nets: Usage and Installation Precautions - Filets \u00e0 Foin","isPartOf":{"@id":"https:\/\/filetafoin.com\/en\/#website"},"primaryImageOfPage":{"@id":"https:\/\/filetafoin.com\/en\/hay-nets-usage-and-installation-precautions\/#primaryimage"},"image":{"@id":"https:\/\/filetafoin.com\/en\/hay-nets-usage-and-installation-precautions\/#primaryimage"},"thumbnailUrl":"https:\/\/filetafoin.com\/wp-content\/uploads\/2024\/09\/FQ2A7607-compressee-scaled.jpg","datePublished":"2024-09-16T12:48:42+00:00","dateModified":"2026-03-31T15:51:21+00:00","description":"Discover the best practices for installing and using a hay net safely: ideal height, maintenance, hay quality and risk prevention.","breadcrumb":{"@id":"https:\/\/filetafoin.com\/en\/hay-nets-usage-and-installation-precautions\/#breadcrumb"},"inLanguage":"en-US","potentialAction":[{"@type":"ReadAction","target":["https:\/\/filetafoin.com\/en\/hay-nets-usage-and-installation-precautions\/"]}]},{"@type":"ImageObject","inLanguage":"en-US","@id":"https:\/\/filetafoin.com\/en\/hay-nets-usage-and-installation-precautions\/#primaryimage","url":"https:\/\/filetafoin.com\/wp-content\/uploads\/2024\/09\/FQ2A7607-compressee-scaled.jpg","contentUrl":"https:\/\/filetafoin.com\/wp-content\/uploads\/2024\/09\/FQ2A7607-compressee-scaled.jpg","width":2560,"height":1707},{"@type":"BreadcrumbList","@id":"https:\/\/filetafoin.com\/en\/hay-nets-usage-and-installation-precautions\/#breadcrumb","itemListElement":[{"@type":"ListItem","position":1,"name":"Accueil","item":"https:\/\/filetafoin.com\/en\/hay-net-specialist-for-horses\/"},{"@type":"ListItem","position":2,"name":"Hay Nets: Usage and Installation Precautions"}]},{"@type":"WebSite","@id":"https:\/\/filetafoin.com\/en\/#website","url":"https:\/\/filetafoin.com\/en\/","name":"Filets \u00e0 Foin","description":"Sp\u00e9cialiste du Filet \u00e0 Foin pour Chevaux","potentialAction":[{"@type":"SearchAction","target":{"@type":"EntryPoint","urlTemplate":"https:\/\/filetafoin.com\/en\/?s={search_term_string}"},"query-input":{"@type":"PropertyValueSpecification","valueRequired":true,"valueName":"search_term_string"}}],"inLanguage":"en-US"}]}},"_links":{"self":[{"href":"https:\/\/filetafoin.com\/en\/wp-json\/wp\/v2\/pages\/83657","targetHints":{"allow":["GET"]}}],"collection":[{"href":"https:\/\/filetafoin.com\/en\/wp-json\/wp\/v2\/pages"}],"about":[{"href":"https:\/\/filetafoin.com\/en\/wp-json\/wp\/v2\/types\/page"}],"author":[{"embeddable":true,"href":"https:\/\/filetafoin.com\/en\/wp-json\/wp\/v2\/users\/6"}],"replies":[{"embeddable":true,"href":"https:\/\/filetafoin.com\/en\/wp-json\/wp\/v2\/comments?post=83657"}],"version-history":[{"count":8,"href":"https:\/\/filetafoin.com\/en\/wp-json\/wp\/v2\/pages\/83657\/revisions"}],"predecessor-version":[{"id":84177,"href":"https:\/\/filetafoin.com\/en\/wp-json\/wp\/v2\/pages\/83657\/revisions\/84177"}],"wp:featuredmedia":[{"embeddable":true,"href":"https:\/\/filetafoin.com\/en\/wp-json\/wp\/v2\/media\/83658"}],"wp:attachment":[{"href":"https:\/\/filetafoin.com\/en\/wp-json\/wp\/v2\/media?parent=83657"}],"curies":[{"name":"wp","href":"https:\/\/api.w.org\/{rel}","templated":true}]}}