{"id":83673,"date":"2024-05-27T10:12:58","date_gmt":"2024-05-27T08:12:58","guid":{"rendered":"https:\/\/filetafoin.com\/how-to-install-my-feelnets-hay-net-for-round-bales\/"},"modified":"2026-03-31T17:53:32","modified_gmt":"2026-03-31T15:53:32","slug":"how-to-install-my-feelnets-hay-net-for-round-bales","status":"publish","type":"page","link":"https:\/\/filetafoin.com\/en\/how-to-install-my-feelnets-hay-net-for-round-bales\/","title":{"rendered":"How to install my Feelnets hay net for round bales?"},"content":{"rendered":"<div class=\"wpb-content-wrapper\"><p>[vc_row row_height_percent=&#8221;0&#8243; override_padding=&#8221;yes&#8221; h_padding=&#8221;2&#8243; top_padding=&#8221;5&#8243; bottom_padding=&#8221;3&#8243; overlay_alpha=&#8221;100&#8243; gutter_size=&#8221;3&#8243; column_width_percent=&#8221;100&#8243; shift_y=&#8221;0&#8243; z_index=&#8221;0&#8243; row_height_use_pixel=&#8221;&#8221;][vc_column column_width_use_pixel=&#8221;yes&#8221; gutter_size=&#8221;3&#8243; overlay_alpha=&#8221;50&#8243; shift_x=&#8221;0&#8243; shift_y=&#8221;0&#8243; medium_width=&#8221;0&#8243; zoom_width=&#8221;0&#8243; zoom_height=&#8221;0&#8243; column_width_pixel=&#8221;800&#8243;][vc_column_text]<\/p>\n<h2><strong>To easily install a hay net for a round bale, here are the steps to follow:<br \/>\n<\/strong><\/h2>\n<p>[\/vc_column_text][\/vc_column][\/vc_row][vc_row row_height_percent=&#8221;0&#8243; override_padding=&#8221;yes&#8221; h_padding=&#8221;2&#8243; top_padding=&#8221;0&#8243; bottom_padding=&#8221;0&#8243; overlay_alpha=&#8221;100&#8243; gutter_size=&#8221;3&#8243; column_width_percent=&#8221;100&#8243; shift_y=&#8221;0&#8243; z_index=&#8221;0&#8243; row_height_use_pixel=&#8221;&#8221;][vc_column column_width_use_pixel=&#8221;yes&#8221; gutter_size=&#8221;3&#8243; overlay_alpha=&#8221;50&#8243; shift_x=&#8221;0&#8243; shift_y=&#8221;0&#8243; medium_width=&#8221;0&#8243; zoom_width=&#8221;0&#8243; zoom_height=&#8221;0&#8243; width=&#8221;5\/6&#8243;][vc_single_image media=&#8221;83674&#8243; media_width_percent=&#8221;75&#8243; alignment=&#8221;center&#8221; shape=&#8221;img-round&#8221; css_animation=&#8221;zoom-in&#8221; media_title_uppercase=&#8221;&#8221;][\/vc_column][vc_column column_width_percent=&#8221;100&#8243; gutter_size=&#8221;3&#8243; overlay_alpha=&#8221;50&#8243; shift_x=&#8221;0&#8243; shift_y=&#8221;0&#8243; medium_width=&#8221;0&#8243; zoom_width=&#8221;0&#8243; zoom_height=&#8221;0&#8243; width=&#8221;1\/6&#8243;][vc_column_text]Ideally, prevent equids from trampling the hay net.[\/vc_column_text][\/vc_column][\/vc_row][vc_row row_height_percent=&#8221;0&#8243; override_padding=&#8221;yes&#8221; h_padding=&#8221;2&#8243; top_padding=&#8221;3&#8243; bottom_padding=&#8221;3&#8243; overlay_alpha=&#8221;100&#8243; gutter_size=&#8221;3&#8243; column_width_percent=&#8221;100&#8243; shift_y=&#8221;0&#8243; z_index=&#8221;0&#8243; row_height_use_pixel=&#8221;&#8221;][vc_column column_width_use_pixel=&#8221;yes&#8221; gutter_size=&#8221;3&#8243; overlay_alpha=&#8221;50&#8243; shift_x=&#8221;0&#8243; shift_y=&#8221;0&#8243; medium_width=&#8221;0&#8243; zoom_width=&#8221;0&#8243; zoom_height=&#8221;0&#8243; column_width_pixel=&#8221;800&#8243;][vc_column_text]<\/p>\n<h2>1 &#8211; Choose the net size<\/h2>\n<p>The net size depends on several factors, including the amount of hay to be distributed, the frequency of distribution, and whether you are using square bales or loose hay<a href=\"https:\/\/filetafoin.com\/en\/models-and-prices\/\">. Feelnets hay nets are available in different sizes<\/a>, and even custom-made. Don&#8217;t forget to choose a net with a sufficiently large diameter to thread the bale through without difficulty. If the hay bales are poorly compressed, allow for an additional margin to facilitate net installation.[\/vc_column_text][\/vc_column][\/vc_row][vc_row row_height_percent=&#8221;0&#8243; override_padding=&#8221;yes&#8221; h_padding=&#8221;2&#8243; top_padding=&#8221;3&#8243; bottom_padding=&#8221;3&#8243; overlay_alpha=&#8221;100&#8243; gutter_size=&#8221;3&#8243; column_width_percent=&#8221;100&#8243; shift_y=&#8221;0&#8243; z_index=&#8221;0&#8243; row_height_use_pixel=&#8221;&#8221;][vc_column column_width_use_pixel=&#8221;yes&#8221; gutter_size=&#8221;3&#8243; overlay_alpha=&#8221;50&#8243; shift_x=&#8221;0&#8243; shift_y=&#8221;0&#8243; medium_width=&#8221;0&#8243; zoom_width=&#8221;0&#8243; zoom_height=&#8221;0&#8243; column_width_pixel=&#8221;800&#8243;][vc_column_text]<\/p>\n<h2>2 &#8211; Prepare the net:<\/h2>\n<p>Place the net directly onto the round bale or rectangular bale. Pull it on, as you would pull a sock onto your foot. Make sure the net is well-centered on the bale. Since our nets are not pre-formed, there is <strong>no specific way to put it on<\/strong>. Choose the direction that is easiest for you. If you have a tractor, you can move your hay bale with the <a href=\"http:\/\/www.feelnets.com\">Feeln<\/a>et<a href=\"http:\/\/www.feelnets.com\">s<\/a> hay net already installed.[\/vc_column_text][\/vc_column][\/vc_row][vc_row row_height_percent=&#8221;0&#8243; override_padding=&#8221;yes&#8221; h_padding=&#8221;2&#8243; top_padding=&#8221;3&#8243; bottom_padding=&#8221;3&#8243; overlay_alpha=&#8221;100&#8243; gutter_size=&#8221;3&#8243; column_width_percent=&#8221;100&#8243; shift_y=&#8221;0&#8243; z_index=&#8221;0&#8243; row_height_use_pixel=&#8221;&#8221;][vc_column column_width_use_pixel=&#8221;yes&#8221; gutter_size=&#8221;3&#8243; overlay_alpha=&#8221;50&#8243; shift_x=&#8221;0&#8243; shift_y=&#8221;0&#8243; medium_width=&#8221;0&#8243; zoom_width=&#8221;0&#8243; zoom_height=&#8221;0&#8243; column_width_pixel=&#8221;800&#8243;][vc_column_text]<\/p>\n<h2>3 &#8211; Remove the strings<\/h2>\n<p>Remove the <strong>strings<\/strong> or <strong>net wrap<\/strong> that hold the hay. We recommend removing the strings or net wrap that secure the hay once you have placed it where you intend to feed it.[\/vc_column_text][\/vc_column][\/vc_row][vc_row row_height_percent=&#8221;0&#8243; override_padding=&#8221;yes&#8221; h_padding=&#8221;2&#8243; top_padding=&#8221;3&#8243; bottom_padding=&#8221;3&#8243; overlay_alpha=&#8221;100&#8243; gutter_size=&#8221;3&#8243; column_width_percent=&#8221;100&#8243; shift_y=&#8221;0&#8243; z_index=&#8221;0&#8243; row_height_use_pixel=&#8221;&#8221;][vc_column column_width_use_pixel=&#8221;yes&#8221; gutter_size=&#8221;3&#8243; overlay_alpha=&#8221;50&#8243; shift_x=&#8221;0&#8243; shift_y=&#8221;0&#8243; medium_width=&#8221;0&#8243; zoom_width=&#8221;0&#8243; zoom_height=&#8221;0&#8243; column_width_pixel=&#8221;800&#8243;][vc_column_text]<\/p>\n<h2>4 &#8211; Close the sliding knot<\/h2>\n<p>Feelnets hay nets are equipped with an easy closing system using a <strong>sliding knot<\/strong>. When you reach the end of the net, simply close the sliding knot to keep the hay in place. Remember to <strong>undo the knot<\/strong> at the end of the tie to avoid creating a loop that could be dangerous. <strong>Tuck any excess<\/strong> sliding tie inside the net to prevent it from hanging out.[\/vc_column_text][\/vc_column][\/vc_row][vc_row row_height_percent=&#8221;0&#8243; override_padding=&#8221;yes&#8221; h_padding=&#8221;2&#8243; top_padding=&#8221;3&#8243; bottom_padding=&#8221;3&#8243; overlay_alpha=&#8221;100&#8243; gutter_size=&#8221;3&#8243; column_width_percent=&#8221;100&#8243; shift_y=&#8221;0&#8243; z_index=&#8221;0&#8243; row_height_use_pixel=&#8221;&#8221;][vc_column column_width_use_pixel=&#8221;yes&#8221; gutter_size=&#8221;3&#8243; overlay_alpha=&#8221;50&#8243; shift_x=&#8221;0&#8243; shift_y=&#8221;0&#8243; medium_width=&#8221;0&#8243; zoom_width=&#8221;0&#8243; zoom_height=&#8221;0&#8243; column_width_pixel=&#8221;800&#8243;][vc_column_text]To <strong>prevent wear and tear<\/strong> on the net and all risks of accident, we advise you to install your hay bale with the net in a <strong>hay feeder<\/strong> or any other device that prevents horses from trampling the hay net.<\/p>\n<p>By following these steps, you should be able to install a hay net for a round bale easily and efficiently. If you have a tractor, the process will be even simpler. <\/p>\n<p>The hay nets from www.filetafoin.com by <a href=\"http:\/\/www.feelnets.com\">www.feelnets.com<\/a> are made of polyester, making them flexible, lightweight, and very easy to put on. Since they do not retain water, they will not become rigid in case of frost, nor heavy as they will not soak up water. <\/p>\n<p>&nbsp;<\/p>\n<p>Happy installation![\/vc_column_text][\/vc_column][\/vc_row]<\/p>\n<\/div>","protected":false},"excerpt":{"rendered":"<p>[vc_row row_height_percent=&#8221;0&#8243; override_padding=&#8221;yes&#8221; h_padding=&#8221;2&#8243; top_padding=&#8221;5&#8243; bottom_padding=&#8221;3&#8243; overlay_alpha=&#8221;100&#8243; gutter_size=&#8221;3&#8243; column_width_percent=&#8221;100&#8243; shift_y=&#8221;0&#8243; z_index=&#8221;0&#8243; row_height_use_pixel=&#8221;&#8221;][vc_column column_width_use_pixel=&#8221;yes&#8221; gutter_size=&#8221;3&#8243; overlay_alpha=&#8221;50&#8243; shift_x=&#8221;0&#8243; shift_y=&#8221;0&#8243; medium_width=&#8221;0&#8243; zoom_width=&#8221;0&#8243; zoom_height=&#8221;0&#8243; [&hellip;]<\/p>\n","protected":false},"author":6,"featured_media":83674,"parent":0,"menu_order":0,"comment_status":"closed","ping_status":"closed","template":"","meta":{"footnotes":""},"class_list":["post-83673","page","type-page","status-publish","has-post-thumbnail","hentry","page_category-guide"],"yoast_head":"<!-- This site is optimized with the Yoast SEO plugin v26.7 - https:\/\/yoast.com\/wordpress\/plugins\/seo\/ -->\n<title>How to install my Feelnets hay net for round bales? - Filets \u00e0 Foin<\/title>\n<meta name=\"description\" content=\"Find out how to easily install a hay net on a round bale: simple steps, safety tips, and tricks for efficient hay distribution.\" \/>\n<meta name=\"robots\" content=\"index, follow, max-snippet:-1, max-image-preview:large, max-video-preview:-1\" \/>\n<link rel=\"canonical\" href=\"https:\/\/filetafoin.com\/en\/how-to-install-my-feelnets-hay-net-for-round-bales\/\" \/>\n<meta property=\"og:locale\" content=\"en_US\" \/>\n<meta property=\"og:type\" content=\"article\" \/>\n<meta property=\"og:title\" content=\"How to install my Feelnets hay net for round bales? - Filets \u00e0 Foin\" \/>\n<meta property=\"og:description\" content=\"Find out how to easily install a hay net on a round bale: simple steps, safety tips, and tricks for efficient hay distribution.\" \/>\n<meta property=\"og:url\" content=\"https:\/\/filetafoin.com\/en\/how-to-install-my-feelnets-hay-net-for-round-bales\/\" \/>\n<meta property=\"og:site_name\" content=\"Filets \u00e0 Foin\" \/>\n<meta property=\"article:modified_time\" content=\"2026-03-31T15:53:32+00:00\" \/>\n<meta property=\"og:image\" content=\"https:\/\/filetafoin.com\/wp-content\/uploads\/2024\/05\/round-bal.jpg\" \/>\n\t<meta property=\"og:image:width\" content=\"784\" \/>\n\t<meta property=\"og:image:height\" content=\"799\" \/>\n\t<meta property=\"og:image:type\" content=\"image\/jpeg\" \/>\n<meta name=\"twitter:card\" content=\"summary_large_image\" \/>\n<meta name=\"twitter:label1\" content=\"Est. reading time\" \/>\n\t<meta name=\"twitter:data1\" content=\"4 minutes\" \/>\n<script type=\"application\/ld+json\" class=\"yoast-schema-graph\">{\"@context\":\"https:\/\/schema.org\",\"@graph\":[{\"@type\":\"WebPage\",\"@id\":\"https:\/\/filetafoin.com\/en\/how-to-install-my-feelnets-hay-net-for-round-bales\/\",\"url\":\"https:\/\/filetafoin.com\/en\/how-to-install-my-feelnets-hay-net-for-round-bales\/\",\"name\":\"How to install my Feelnets hay net for round bales? - Filets \u00e0 Foin\",\"isPartOf\":{\"@id\":\"https:\/\/filetafoin.com\/en\/#website\"},\"primaryImageOfPage\":{\"@id\":\"https:\/\/filetafoin.com\/en\/how-to-install-my-feelnets-hay-net-for-round-bales\/#primaryimage\"},\"image\":{\"@id\":\"https:\/\/filetafoin.com\/en\/how-to-install-my-feelnets-hay-net-for-round-bales\/#primaryimage\"},\"thumbnailUrl\":\"https:\/\/filetafoin.com\/wp-content\/uploads\/2024\/05\/round-bal.jpg\",\"datePublished\":\"2024-05-27T08:12:58+00:00\",\"dateModified\":\"2026-03-31T15:53:32+00:00\",\"description\":\"Find out how to easily install a hay net on a round bale: simple steps, safety tips, and tricks for efficient hay distribution.\",\"breadcrumb\":{\"@id\":\"https:\/\/filetafoin.com\/en\/how-to-install-my-feelnets-hay-net-for-round-bales\/#breadcrumb\"},\"inLanguage\":\"en-US\",\"potentialAction\":[{\"@type\":\"ReadAction\",\"target\":[\"https:\/\/filetafoin.com\/en\/how-to-install-my-feelnets-hay-net-for-round-bales\/\"]}]},{\"@type\":\"ImageObject\",\"inLanguage\":\"en-US\",\"@id\":\"https:\/\/filetafoin.com\/en\/how-to-install-my-feelnets-hay-net-for-round-bales\/#primaryimage\",\"url\":\"https:\/\/filetafoin.com\/wp-content\/uploads\/2024\/05\/round-bal.jpg\",\"contentUrl\":\"https:\/\/filetafoin.com\/wp-content\/uploads\/2024\/05\/round-bal.jpg\",\"width\":784,\"height\":799,\"caption\":\"install a net\"},{\"@type\":\"BreadcrumbList\",\"@id\":\"https:\/\/filetafoin.com\/en\/how-to-install-my-feelnets-hay-net-for-round-bales\/#breadcrumb\",\"itemListElement\":[{\"@type\":\"ListItem\",\"position\":1,\"name\":\"Accueil\",\"item\":\"https:\/\/filetafoin.com\/en\/hay-net-specialist-for-horses\/\"},{\"@type\":\"ListItem\",\"position\":2,\"name\":\"How to install my Feelnets hay net for round bales?\"}]},{\"@type\":\"WebSite\",\"@id\":\"https:\/\/filetafoin.com\/en\/#website\",\"url\":\"https:\/\/filetafoin.com\/en\/\",\"name\":\"Filets \u00e0 Foin\",\"description\":\"Sp\u00e9cialiste du Filet \u00e0 Foin pour Chevaux\",\"potentialAction\":[{\"@type\":\"SearchAction\",\"target\":{\"@type\":\"EntryPoint\",\"urlTemplate\":\"https:\/\/filetafoin.com\/en\/?s={search_term_string}\"},\"query-input\":{\"@type\":\"PropertyValueSpecification\",\"valueRequired\":true,\"valueName\":\"search_term_string\"}}],\"inLanguage\":\"en-US\"}]}<\/script>\n<!-- \/ Yoast SEO plugin. -->","yoast_head_json":{"title":"How to install my Feelnets hay net for round bales? - Filets \u00e0 Foin","description":"Find out how to easily install a hay net on a round bale: simple steps, safety tips, and tricks for efficient hay distribution.","robots":{"index":"index","follow":"follow","max-snippet":"max-snippet:-1","max-image-preview":"max-image-preview:large","max-video-preview":"max-video-preview:-1"},"canonical":"https:\/\/filetafoin.com\/en\/how-to-install-my-feelnets-hay-net-for-round-bales\/","og_locale":"en_US","og_type":"article","og_title":"How to install my Feelnets hay net for round bales? - Filets \u00e0 Foin","og_description":"Find out how to easily install a hay net on a round bale: simple steps, safety tips, and tricks for efficient hay distribution.","og_url":"https:\/\/filetafoin.com\/en\/how-to-install-my-feelnets-hay-net-for-round-bales\/","og_site_name":"Filets \u00e0 Foin","article_modified_time":"2026-03-31T15:53:32+00:00","og_image":[{"width":784,"height":799,"url":"https:\/\/filetafoin.com\/wp-content\/uploads\/2024\/05\/round-bal.jpg","type":"image\/jpeg"}],"twitter_card":"summary_large_image","twitter_misc":{"Est. reading time":"4 minutes"},"schema":{"@context":"https:\/\/schema.org","@graph":[{"@type":"WebPage","@id":"https:\/\/filetafoin.com\/en\/how-to-install-my-feelnets-hay-net-for-round-bales\/","url":"https:\/\/filetafoin.com\/en\/how-to-install-my-feelnets-hay-net-for-round-bales\/","name":"How to install my Feelnets hay net for round bales? - Filets \u00e0 Foin","isPartOf":{"@id":"https:\/\/filetafoin.com\/en\/#website"},"primaryImageOfPage":{"@id":"https:\/\/filetafoin.com\/en\/how-to-install-my-feelnets-hay-net-for-round-bales\/#primaryimage"},"image":{"@id":"https:\/\/filetafoin.com\/en\/how-to-install-my-feelnets-hay-net-for-round-bales\/#primaryimage"},"thumbnailUrl":"https:\/\/filetafoin.com\/wp-content\/uploads\/2024\/05\/round-bal.jpg","datePublished":"2024-05-27T08:12:58+00:00","dateModified":"2026-03-31T15:53:32+00:00","description":"Find out how to easily install a hay net on a round bale: simple steps, safety tips, and tricks for efficient hay distribution.","breadcrumb":{"@id":"https:\/\/filetafoin.com\/en\/how-to-install-my-feelnets-hay-net-for-round-bales\/#breadcrumb"},"inLanguage":"en-US","potentialAction":[{"@type":"ReadAction","target":["https:\/\/filetafoin.com\/en\/how-to-install-my-feelnets-hay-net-for-round-bales\/"]}]},{"@type":"ImageObject","inLanguage":"en-US","@id":"https:\/\/filetafoin.com\/en\/how-to-install-my-feelnets-hay-net-for-round-bales\/#primaryimage","url":"https:\/\/filetafoin.com\/wp-content\/uploads\/2024\/05\/round-bal.jpg","contentUrl":"https:\/\/filetafoin.com\/wp-content\/uploads\/2024\/05\/round-bal.jpg","width":784,"height":799,"caption":"install a net"},{"@type":"BreadcrumbList","@id":"https:\/\/filetafoin.com\/en\/how-to-install-my-feelnets-hay-net-for-round-bales\/#breadcrumb","itemListElement":[{"@type":"ListItem","position":1,"name":"Accueil","item":"https:\/\/filetafoin.com\/en\/hay-net-specialist-for-horses\/"},{"@type":"ListItem","position":2,"name":"How to install my Feelnets hay net for round bales?"}]},{"@type":"WebSite","@id":"https:\/\/filetafoin.com\/en\/#website","url":"https:\/\/filetafoin.com\/en\/","name":"Filets \u00e0 Foin","description":"Sp\u00e9cialiste du Filet \u00e0 Foin pour Chevaux","potentialAction":[{"@type":"SearchAction","target":{"@type":"EntryPoint","urlTemplate":"https:\/\/filetafoin.com\/en\/?s={search_term_string}"},"query-input":{"@type":"PropertyValueSpecification","valueRequired":true,"valueName":"search_term_string"}}],"inLanguage":"en-US"}]}},"_links":{"self":[{"href":"https:\/\/filetafoin.com\/en\/wp-json\/wp\/v2\/pages\/83673","targetHints":{"allow":["GET"]}}],"collection":[{"href":"https:\/\/filetafoin.com\/en\/wp-json\/wp\/v2\/pages"}],"about":[{"href":"https:\/\/filetafoin.com\/en\/wp-json\/wp\/v2\/types\/page"}],"author":[{"embeddable":true,"href":"https:\/\/filetafoin.com\/en\/wp-json\/wp\/v2\/users\/6"}],"replies":[{"embeddable":true,"href":"https:\/\/filetafoin.com\/en\/wp-json\/wp\/v2\/comments?post=83673"}],"version-history":[{"count":10,"href":"https:\/\/filetafoin.com\/en\/wp-json\/wp\/v2\/pages\/83673\/revisions"}],"predecessor-version":[{"id":84183,"href":"https:\/\/filetafoin.com\/en\/wp-json\/wp\/v2\/pages\/83673\/revisions\/84183"}],"wp:featuredmedia":[{"embeddable":true,"href":"https:\/\/filetafoin.com\/en\/wp-json\/wp\/v2\/media\/83674"}],"wp:attachment":[{"href":"https:\/\/filetafoin.com\/en\/wp-json\/wp\/v2\/media?parent=83673"}],"curies":[{"name":"wp","href":"https:\/\/api.w.org\/{rel}","templated":true}]}}