{"id":83729,"date":"2024-02-19T15:15:53","date_gmt":"2024-02-19T14:15:53","guid":{"rendered":"https:\/\/filetafoin.com\/the-benefits-of-using-a-hay-net\/"},"modified":"2026-01-13T17:51:56","modified_gmt":"2026-01-13T16:51:56","slug":"the-benefits-of-using-a-hay-net","status":"publish","type":"page","link":"https:\/\/filetafoin.com\/en\/the-benefits-of-using-a-hay-net\/","title":{"rendered":"The benefits of using a hay net"},"content":{"rendered":"<div class=\"wpb-content-wrapper\"><p>[vc_row row_height_percent=&#8221;0&#8243; override_padding=&#8221;yes&#8221; h_padding=&#8221;2&#8243; top_padding=&#8221;5&#8243; bottom_padding=&#8221;3&#8243; overlay_alpha=&#8221;100&#8243; gutter_size=&#8221;3&#8243; column_width_percent=&#8221;100&#8243; shift_y=&#8221;0&#8243; z_index=&#8221;0&#8243; row_height_use_pixel=&#8221;&#8221;][vc_column column_width_use_pixel=&#8221;yes&#8221; gutter_size=&#8221;3&#8243; overlay_alpha=&#8221;50&#8243; shift_x=&#8221;0&#8243; shift_y=&#8221;0&#8243; medium_width=&#8221;0&#8243; zoom_width=&#8221;0&#8243; zoom_height=&#8221;0&#8243; column_width_pixel=&#8221;800&#8243;][vc_column_text]<\/p>\n<h2>The horse, a delicate animal<\/h2>\n<p>Horses have delicate metabolisms, requiring adequate nutrition to stay healthy and perform well. Horse owners often wonder how to provide a balanced and abundant diet for their equine companions. A useful method to facilitate forage intake is the use of hay nets, which offer numerous benefits for feeding horses.[\/vc_column_text][\/vc_column][\/vc_row][vc_row row_height_percent=&#8221;0&#8243; override_padding=&#8221;yes&#8221; h_padding=&#8221;2&#8243; top_padding=&#8221;0&#8243; bottom_padding=&#8221;0&#8243; overlay_alpha=&#8221;100&#8243; gutter_size=&#8221;3&#8243; column_width_percent=&#8221;100&#8243; shift_y=&#8221;0&#8243; z_index=&#8221;0&#8243; row_height_use_pixel=&#8221;&#8221;][vc_column column_width_use_pixel=&#8221;yes&#8221; gutter_size=&#8221;3&#8243; overlay_alpha=&#8221;50&#8243; shift_x=&#8221;0&#8243; shift_y=&#8221;0&#8243; medium_width=&#8221;0&#8243; zoom_width=&#8221;0&#8243; zoom_height=&#8221;0&#8243; width=&#8221;5\/6&#8243;][vc_single_image media=&#8221;83730&#8243; media_width_percent=&#8221;100&#8243; media_ratio=&#8221;three-two&#8221; media_title_uppercase=&#8221;&#8221;][\/vc_column][vc_column column_width_percent=&#8221;100&#8243; gutter_size=&#8221;3&#8243; overlay_alpha=&#8221;50&#8243; shift_x=&#8221;0&#8243; shift_y=&#8221;0&#8243; medium_width=&#8221;0&#8243; zoom_width=&#8221;0&#8243; zoom_height=&#8221;0&#8243; width=&#8221;1\/6&#8243;][vc_column_text]Hay nets are devices specifically designed to contain and distribute hay. Unlike a traditional feeder, these nets are designed with mesh that allows the horse to eat hay more slowly and in small quantities at a time (for 30 mm and 45 mm mesh sizes. <a href=\"https:\/\/filetafoin.com\/en\/\">Choosing the right mesh size<\/a>). This approach better simulates horses&#8217; natural grazing behavior, where they constantly graze small amounts of grass throughout the day.[\/vc_column_text][\/vc_column][\/vc_row][vc_row row_height_percent=&#8221;0&#8243; override_padding=&#8221;yes&#8221; h_padding=&#8221;2&#8243; top_padding=&#8221;3&#8243; bottom_padding=&#8221;3&#8243; overlay_alpha=&#8221;100&#8243; gutter_size=&#8221;3&#8243; column_width_percent=&#8221;100&#8243; shift_y=&#8221;0&#8243; z_index=&#8221;0&#8243; row_height_use_pixel=&#8221;&#8221;][vc_column column_width_use_pixel=&#8221;yes&#8221; gutter_size=&#8221;3&#8243; overlay_alpha=&#8221;50&#8243; shift_x=&#8221;0&#8243; shift_y=&#8221;0&#8243; medium_width=&#8221;0&#8243; zoom_width=&#8221;0&#8243; zoom_height=&#8221;0&#8243; column_width_pixel=&#8221;800&#8243;][vc_column_text]<\/p>\n<h2>Hay nets encourage horses to eat slowly<\/h2>\n<p>One of the main advantages of using hay nets is that they encourage slow and continuous hay consumption. Horses have a sensitive digestive system and require regular feeding for optimal digestion. When fed with hay nets, horses are less prone to prolonged fasting periods, which can lead to health problems such as gastric ulcers or colic.  <\/p>\n<p>Furthermore, eating hay more slowly is beneficial for horses that tend to gobble their food quickly. These horses are often more prone to digestive problems because they ingest food too quickly, and their digestive system doesn&#8217;t have enough time to process it properly. Hay nets encourage slower feeding, allowing the horse to chew and digest its food better, thus ensuring better nutrient assimilation.[\/vc_column_text][\/vc_column][\/vc_row][vc_row row_height_percent=&#8221;0&#8243; override_padding=&#8221;yes&#8221; h_padding=&#8221;2&#8243; top_padding=&#8221;3&#8243; bottom_padding=&#8221;3&#8243; overlay_alpha=&#8221;100&#8243; gutter_size=&#8221;3&#8243; column_width_percent=&#8221;100&#8243; shift_y=&#8221;0&#8243; z_index=&#8221;0&#8243; row_height_use_pixel=&#8221;&#8221;][vc_column column_width_use_pixel=&#8221;yes&#8221; gutter_size=&#8221;3&#8243; overlay_alpha=&#8221;50&#8243; shift_x=&#8221;0&#8243; shift_y=&#8221;0&#8243; medium_width=&#8221;0&#8243; zoom_width=&#8221;0&#8243; zoom_height=&#8221;0&#8243; column_width_pixel=&#8221;800&#8243;][vc_column_text]<\/p>\n<h2>Hay Savings<\/h2>\n<p>Horse owners also appreciate the use of hay nets for practical reasons. Hay nets reduce hay waste by keeping it contained. Horses can nibble on the hay without trampling or soiling it, which means less wasted hay. Additionally, hay nets facilitate the transport and storage of hay, keeping it well-organized and ready for use.   <\/p>\n<p>In conclusion, the use of hay nets offers numerous benefits for optimally feeding horses. They promote slow and regular feeding, which improves horses&#8217; digestive health and helps maintain an appropriate body weight. Furthermore, hay nets reduce hay waste and simplify the management of horses&#8217; diets. Horse owners should therefore consider adopting this method to ensure the well-being and performance of their equine companions.<\/p>\n<p>[\/vc_column_text][\/vc_column][\/vc_row]<\/p>\n<\/div>","protected":false},"excerpt":{"rendered":"<p>[vc_row row_height_percent=&#8221;0&#8243; override_padding=&#8221;yes&#8221; h_padding=&#8221;2&#8243; top_padding=&#8221;5&#8243; bottom_padding=&#8221;3&#8243; overlay_alpha=&#8221;100&#8243; gutter_size=&#8221;3&#8243; column_width_percent=&#8221;100&#8243; shift_y=&#8221;0&#8243; z_index=&#8221;0&#8243; row_height_use_pixel=&#8221;&#8221;][vc_column column_width_use_pixel=&#8221;yes&#8221; gutter_size=&#8221;3&#8243; overlay_alpha=&#8221;50&#8243; shift_x=&#8221;0&#8243; shift_y=&#8221;0&#8243; medium_width=&#8221;0&#8243; zoom_width=&#8221;0&#8243; zoom_height=&#8221;0&#8243; [&hellip;]<\/p>\n","protected":false},"author":6,"featured_media":82979,"parent":0,"menu_order":0,"comment_status":"closed","ping_status":"closed","template":"","meta":{"footnotes":""},"class_list":["post-83729","page","type-page","status-publish","has-post-thumbnail","hentry","page_category-guide"],"yoast_head":"<!-- This site is optimized with the Yoast SEO plugin v26.7 - https:\/\/yoast.com\/wordpress\/plugins\/seo\/ -->\n<title>The benefits of using a hay net - Filets \u00e0 Foin<\/title>\n<meta name=\"robots\" content=\"index, follow, max-snippet:-1, max-image-preview:large, max-video-preview:-1\" \/>\n<link rel=\"canonical\" href=\"https:\/\/filetafoin.com\/en\/the-benefits-of-using-a-hay-net\/\" \/>\n<meta property=\"og:locale\" content=\"en_US\" \/>\n<meta property=\"og:type\" content=\"article\" \/>\n<meta property=\"og:title\" content=\"The benefits of using a hay net - Filets \u00e0 Foin\" \/>\n<meta property=\"og:description\" content=\"[vc_row row_height_percent=&#8221;0&#8243; override_padding=&#8221;yes&#8221; h_padding=&#8221;2&#8243; top_padding=&#8221;5&#8243; bottom_padding=&#8221;3&#8243; overlay_alpha=&#8221;100&#8243; gutter_size=&#8221;3&#8243; column_width_percent=&#8221;100&#8243; shift_y=&#8221;0&#8243; z_index=&#8221;0&#8243; row_height_use_pixel=&#8221;&#8221;][vc_column column_width_use_pixel=&#8221;yes&#8221; gutter_size=&#8221;3&#8243; overlay_alpha=&#8221;50&#8243; shift_x=&#8221;0&#8243; shift_y=&#8221;0&#8243; medium_width=&#8221;0&#8243; zoom_width=&#8221;0&#8243; zoom_height=&#8221;0&#8243; [&hellip;]\" \/>\n<meta property=\"og:url\" content=\"https:\/\/filetafoin.com\/en\/the-benefits-of-using-a-hay-net\/\" \/>\n<meta property=\"og:site_name\" content=\"Filets \u00e0 Foin\" \/>\n<meta property=\"article:modified_time\" content=\"2026-01-13T16:51:56+00:00\" \/>\n<meta property=\"og:image\" content=\"https:\/\/filetafoin.com\/wp-content\/uploads\/2024\/02\/IMG-20231124-WA0086.jpg\" \/>\n\t<meta property=\"og:image:width\" content=\"1200\" \/>\n\t<meta property=\"og:image:height\" content=\"1600\" \/>\n\t<meta property=\"og:image:type\" content=\"image\/jpeg\" \/>\n<meta name=\"twitter:card\" content=\"summary_large_image\" \/>\n<meta name=\"twitter:label1\" content=\"Est. reading time\" \/>\n\t<meta name=\"twitter:data1\" content=\"3 minutes\" \/>\n<script type=\"application\/ld+json\" class=\"yoast-schema-graph\">{\"@context\":\"https:\/\/schema.org\",\"@graph\":[{\"@type\":\"WebPage\",\"@id\":\"https:\/\/filetafoin.com\/en\/the-benefits-of-using-a-hay-net\/\",\"url\":\"https:\/\/filetafoin.com\/en\/the-benefits-of-using-a-hay-net\/\",\"name\":\"The benefits of using a hay net - Filets \u00e0 Foin\",\"isPartOf\":{\"@id\":\"https:\/\/filetafoin.com\/en\/#website\"},\"primaryImageOfPage\":{\"@id\":\"https:\/\/filetafoin.com\/en\/the-benefits-of-using-a-hay-net\/#primaryimage\"},\"image\":{\"@id\":\"https:\/\/filetafoin.com\/en\/the-benefits-of-using-a-hay-net\/#primaryimage\"},\"thumbnailUrl\":\"https:\/\/filetafoin.com\/wp-content\/uploads\/2024\/02\/IMG-20231124-WA0086.jpg\",\"datePublished\":\"2024-02-19T14:15:53+00:00\",\"dateModified\":\"2026-01-13T16:51:56+00:00\",\"breadcrumb\":{\"@id\":\"https:\/\/filetafoin.com\/en\/the-benefits-of-using-a-hay-net\/#breadcrumb\"},\"inLanguage\":\"en-US\",\"potentialAction\":[{\"@type\":\"ReadAction\",\"target\":[\"https:\/\/filetafoin.com\/en\/the-benefits-of-using-a-hay-net\/\"]}]},{\"@type\":\"ImageObject\",\"inLanguage\":\"en-US\",\"@id\":\"https:\/\/filetafoin.com\/en\/the-benefits-of-using-a-hay-net\/#primaryimage\",\"url\":\"https:\/\/filetafoin.com\/wp-content\/uploads\/2024\/02\/IMG-20231124-WA0086.jpg\",\"contentUrl\":\"https:\/\/filetafoin.com\/wp-content\/uploads\/2024\/02\/IMG-20231124-WA0086.jpg\",\"width\":1200,\"height\":1600},{\"@type\":\"BreadcrumbList\",\"@id\":\"https:\/\/filetafoin.com\/en\/the-benefits-of-using-a-hay-net\/#breadcrumb\",\"itemListElement\":[{\"@type\":\"ListItem\",\"position\":1,\"name\":\"Accueil\",\"item\":\"https:\/\/filetafoin.com\/en\/hay-net-specialist-for-horses\/\"},{\"@type\":\"ListItem\",\"position\":2,\"name\":\"The benefits of using a hay net\"}]},{\"@type\":\"WebSite\",\"@id\":\"https:\/\/filetafoin.com\/en\/#website\",\"url\":\"https:\/\/filetafoin.com\/en\/\",\"name\":\"Filets \u00e0 Foin\",\"description\":\"Sp\u00e9cialiste du Filet \u00e0 Foin pour Chevaux\",\"potentialAction\":[{\"@type\":\"SearchAction\",\"target\":{\"@type\":\"EntryPoint\",\"urlTemplate\":\"https:\/\/filetafoin.com\/en\/?s={search_term_string}\"},\"query-input\":{\"@type\":\"PropertyValueSpecification\",\"valueRequired\":true,\"valueName\":\"search_term_string\"}}],\"inLanguage\":\"en-US\"}]}<\/script>\n<!-- \/ Yoast SEO plugin. -->","yoast_head_json":{"title":"The benefits of using a hay net - Filets \u00e0 Foin","robots":{"index":"index","follow":"follow","max-snippet":"max-snippet:-1","max-image-preview":"max-image-preview:large","max-video-preview":"max-video-preview:-1"},"canonical":"https:\/\/filetafoin.com\/en\/the-benefits-of-using-a-hay-net\/","og_locale":"en_US","og_type":"article","og_title":"The benefits of using a hay net - Filets \u00e0 Foin","og_description":"[vc_row row_height_percent=&#8221;0&#8243; override_padding=&#8221;yes&#8221; h_padding=&#8221;2&#8243; top_padding=&#8221;5&#8243; bottom_padding=&#8221;3&#8243; overlay_alpha=&#8221;100&#8243; gutter_size=&#8221;3&#8243; column_width_percent=&#8221;100&#8243; shift_y=&#8221;0&#8243; z_index=&#8221;0&#8243; row_height_use_pixel=&#8221;&#8221;][vc_column column_width_use_pixel=&#8221;yes&#8221; gutter_size=&#8221;3&#8243; overlay_alpha=&#8221;50&#8243; shift_x=&#8221;0&#8243; shift_y=&#8221;0&#8243; medium_width=&#8221;0&#8243; zoom_width=&#8221;0&#8243; zoom_height=&#8221;0&#8243; [&hellip;]","og_url":"https:\/\/filetafoin.com\/en\/the-benefits-of-using-a-hay-net\/","og_site_name":"Filets \u00e0 Foin","article_modified_time":"2026-01-13T16:51:56+00:00","og_image":[{"width":1200,"height":1600,"url":"https:\/\/filetafoin.com\/wp-content\/uploads\/2024\/02\/IMG-20231124-WA0086.jpg","type":"image\/jpeg"}],"twitter_card":"summary_large_image","twitter_misc":{"Est. reading time":"3 minutes"},"schema":{"@context":"https:\/\/schema.org","@graph":[{"@type":"WebPage","@id":"https:\/\/filetafoin.com\/en\/the-benefits-of-using-a-hay-net\/","url":"https:\/\/filetafoin.com\/en\/the-benefits-of-using-a-hay-net\/","name":"The benefits of using a hay net - Filets \u00e0 Foin","isPartOf":{"@id":"https:\/\/filetafoin.com\/en\/#website"},"primaryImageOfPage":{"@id":"https:\/\/filetafoin.com\/en\/the-benefits-of-using-a-hay-net\/#primaryimage"},"image":{"@id":"https:\/\/filetafoin.com\/en\/the-benefits-of-using-a-hay-net\/#primaryimage"},"thumbnailUrl":"https:\/\/filetafoin.com\/wp-content\/uploads\/2024\/02\/IMG-20231124-WA0086.jpg","datePublished":"2024-02-19T14:15:53+00:00","dateModified":"2026-01-13T16:51:56+00:00","breadcrumb":{"@id":"https:\/\/filetafoin.com\/en\/the-benefits-of-using-a-hay-net\/#breadcrumb"},"inLanguage":"en-US","potentialAction":[{"@type":"ReadAction","target":["https:\/\/filetafoin.com\/en\/the-benefits-of-using-a-hay-net\/"]}]},{"@type":"ImageObject","inLanguage":"en-US","@id":"https:\/\/filetafoin.com\/en\/the-benefits-of-using-a-hay-net\/#primaryimage","url":"https:\/\/filetafoin.com\/wp-content\/uploads\/2024\/02\/IMG-20231124-WA0086.jpg","contentUrl":"https:\/\/filetafoin.com\/wp-content\/uploads\/2024\/02\/IMG-20231124-WA0086.jpg","width":1200,"height":1600},{"@type":"BreadcrumbList","@id":"https:\/\/filetafoin.com\/en\/the-benefits-of-using-a-hay-net\/#breadcrumb","itemListElement":[{"@type":"ListItem","position":1,"name":"Accueil","item":"https:\/\/filetafoin.com\/en\/hay-net-specialist-for-horses\/"},{"@type":"ListItem","position":2,"name":"The benefits of using a hay net"}]},{"@type":"WebSite","@id":"https:\/\/filetafoin.com\/en\/#website","url":"https:\/\/filetafoin.com\/en\/","name":"Filets \u00e0 Foin","description":"Sp\u00e9cialiste du Filet \u00e0 Foin pour Chevaux","potentialAction":[{"@type":"SearchAction","target":{"@type":"EntryPoint","urlTemplate":"https:\/\/filetafoin.com\/en\/?s={search_term_string}"},"query-input":{"@type":"PropertyValueSpecification","valueRequired":true,"valueName":"search_term_string"}}],"inLanguage":"en-US"}]}},"_links":{"self":[{"href":"https:\/\/filetafoin.com\/en\/wp-json\/wp\/v2\/pages\/83729","targetHints":{"allow":["GET"]}}],"collection":[{"href":"https:\/\/filetafoin.com\/en\/wp-json\/wp\/v2\/pages"}],"about":[{"href":"https:\/\/filetafoin.com\/en\/wp-json\/wp\/v2\/types\/page"}],"author":[{"embeddable":true,"href":"https:\/\/filetafoin.com\/en\/wp-json\/wp\/v2\/users\/6"}],"replies":[{"embeddable":true,"href":"https:\/\/filetafoin.com\/en\/wp-json\/wp\/v2\/comments?post=83729"}],"version-history":[{"count":3,"href":"https:\/\/filetafoin.com\/en\/wp-json\/wp\/v2\/pages\/83729\/revisions"}],"predecessor-version":[{"id":83733,"href":"https:\/\/filetafoin.com\/en\/wp-json\/wp\/v2\/pages\/83729\/revisions\/83733"}],"wp:featuredmedia":[{"embeddable":true,"href":"https:\/\/filetafoin.com\/en\/wp-json\/wp\/v2\/media\/82979"}],"wp:attachment":[{"href":"https:\/\/filetafoin.com\/en\/wp-json\/wp\/v2\/media?parent=83729"}],"curies":[{"name":"wp","href":"https:\/\/api.w.org\/{rel}","templated":true}]}}