{"id":83751,"date":"2023-12-29T15:53:37","date_gmt":"2023-12-29T14:53:37","guid":{"rendered":"https:\/\/filetafoin.com\/our-material-choice-polyester\/"},"modified":"2026-01-13T17:52:50","modified_gmt":"2026-01-13T16:52:50","slug":"our-material-choice-polyester","status":"publish","type":"page","link":"https:\/\/filetafoin.com\/en\/our-material-choice-polyester\/","title":{"rendered":"Our Material Choice: Polyester"},"content":{"rendered":"<div class=\"wpb-content-wrapper\"><p>[vc_row row_height_percent=&#8221;0&#8243; override_padding=&#8221;yes&#8221; h_padding=&#8221;2&#8243; top_padding=&#8221;5&#8243; bottom_padding=&#8221;0&#8243; overlay_alpha=&#8221;100&#8243; gutter_size=&#8221;3&#8243; column_width_percent=&#8221;100&#8243; shift_y=&#8221;0&#8243; z_index=&#8221;0&#8243; row_height_use_pixel=&#8221;&#8221;][vc_column column_width_use_pixel=&#8221;yes&#8221; gutter_size=&#8221;3&#8243; overlay_alpha=&#8221;50&#8243; shift_x=&#8221;0&#8243; shift_y=&#8221;0&#8243; medium_width=&#8221;0&#8243; zoom_width=&#8221;0&#8243; zoom_height=&#8221;0&#8243; column_width_pixel=&#8221;800&#8243;][vc_column_text]<\/p>\n<h2>Polyester: Ultra-Durable<\/h2>\n<p>The filetafoin.com polyester hay net from <a href=\"http:\/\/www.feelnets.com\">Feelnets<\/a> offers several advantages over other existing materials, particularly its strength.<\/p>\n<p>. Durability: Polyester is a robust material that withstands wear and tear and the elements well. It can be used for several seasons without degrading. The lifespan of outdoor polyester is estimated at around twenty years.  <\/p>\n<p>. UV Resistance: Polyester is also resistant to the sun&#8217;s ultraviolet rays. This means that the polyester hay net will not fade or weaken due to sun exposure. <\/p>\n<p>Polyester has a very long lifespan and is less prone to degradation caused by UV rays, mold, moisture, etc.[\/vc_column_text][\/vc_column][\/vc_row][vc_row row_height_percent=&#8221;0&#8243; override_padding=&#8221;yes&#8221; h_padding=&#8221;2&#8243; top_padding=&#8221;3&#8243; bottom_padding=&#8221;3&#8243; overlay_alpha=&#8221;100&#8243; gutter_size=&#8221;3&#8243; column_width_percent=&#8221;100&#8243; shift_y=&#8221;0&#8243; z_index=&#8221;0&#8243; row_height_use_pixel=&#8221;&#8221;][vc_column column_width_use_pixel=&#8221;yes&#8221; gutter_size=&#8221;3&#8243; overlay_alpha=&#8221;50&#8243; shift_x=&#8221;0&#8243; shift_y=&#8221;0&#8243; medium_width=&#8221;0&#8243; zoom_width=&#8221;0&#8243; zoom_height=&#8221;0&#8243; column_width_pixel=&#8221;800&#8243;][vc_column_text]<\/p>\n<h2>Polyester: Ease of Use<\/h2>\n<p>. Lightweight: Compared to other materials, the polyester hay net is lighter. This makes it easier to install and transport. <\/p>\n<p>. Ease of Use: Polyester hay nets are generally lightweight and easy to handle, making them practical to use when filling and closing hay bales. The filetafoin.com polyester net from <a href=\"http:\/\/www.feelnets.com\">Feelnets<\/a> is a flexible material, easy to handle. <\/p>\n<p>. Water Resistance: Polyester is naturally resistant to moisture. This means that the polyester hay net will not deteriorate if exposed to rain or humidity. It will not retain water, so it won&#8217;t freeze. It will remain flexible and lightweight. The hay will not be damaged by contact with the polyester net.    <\/p>\n<p>. Easy Maintenance: The polyester hay net is easy to clean. You can wash it by hand, with a pressure washer*, or in a machine without fear of damaging it.[\/vc_column_text][\/vc_column][\/vc_row][vc_row row_height_percent=&#8221;0&#8243; override_padding=&#8221;yes&#8221; h_padding=&#8221;2&#8243; top_padding=&#8221;0&#8243; bottom_padding=&#8221;0&#8243; overlay_alpha=&#8221;100&#8243; gutter_size=&#8221;3&#8243; column_width_percent=&#8221;100&#8243; shift_y=&#8221;0&#8243; z_index=&#8221;0&#8243; row_height_use_pixel=&#8221;&#8221;][vc_column column_width_use_pixel=&#8221;yes&#8221; gutter_size=&#8221;3&#8243; overlay_alpha=&#8221;50&#8243; shift_x=&#8221;0&#8243; shift_y=&#8221;0&#8243; medium_width=&#8221;0&#8243; zoom_width=&#8221;0&#8243; zoom_height=&#8221;0&#8243; width=&#8221;1\/2&#8243;][vc_single_image media=&#8221;83752&#8243; media_width_percent=&#8221;100&#8243; media_title_uppercase=&#8221;&#8221;][\/vc_column][vc_column column_width_percent=&#8221;100&#8243; gutter_size=&#8221;3&#8243; overlay_alpha=&#8221;50&#8243; shift_x=&#8221;0&#8243; shift_y=&#8221;0&#8243; medium_width=&#8221;0&#8243; zoom_width=&#8221;0&#8243; zoom_height=&#8221;0&#8243; width=&#8221;1\/2&#8243;][vc_column_text]<\/p>\n<h2>Polyester Hay Nets Save Money<\/h2>\n<p>Polyester hay nets are cost-effective because they last longer than other materials. In addition to the hay savings achieved by using a hay net.[\/vc_column_text][\/vc_column][\/vc_row][vc_row row_height_percent=&#8221;0&#8243; override_padding=&#8221;yes&#8221; h_padding=&#8221;2&#8243; top_padding=&#8221;3&#8243; bottom_padding=&#8221;3&#8243; overlay_alpha=&#8221;100&#8243; gutter_size=&#8221;3&#8243; column_width_percent=&#8221;100&#8243; shift_y=&#8221;0&#8243; z_index=&#8221;0&#8243; row_height_use_pixel=&#8221;&#8221;][vc_column column_width_use_pixel=&#8221;yes&#8221; gutter_size=&#8221;3&#8243; overlay_alpha=&#8221;50&#8243; shift_x=&#8221;0&#8243; shift_y=&#8221;0&#8243; medium_width=&#8221;0&#8243; zoom_width=&#8221;0&#8243; zoom_height=&#8221;0&#8243; column_width_pixel=&#8221;800&#8243; width=&#8221;1\/1&#8243;][vc_column_text]<\/p>\n<h2>Peace of Mind with Our Polyester Nets<\/h2>\n<p>. Safety: Polyester hay nets are more resistant than nets made of other materials. This is particularly important for animal safety, as a stronger net reduces the risk of tearing and fraying. There is no risk of material ingestion.  <\/p>\n<p>The polyester in Feelnets.com hay nets is Oeko-Tex certified. Therefore, they contain no harmful substances. Considered a textile, polyester is 100% recyclable.  <\/p>\n<p>. Eco-friendly: <a href=\"https:\/\/feelnets.com\/gamme-filet-sur-mesure\/autres-filets\/\">Feelnets<\/a> hay nets are 100% recyclable.<\/p>\n<p>. Respectful of horse physiology. Polyester is a material that does not become rough, thus it respects the gums, teeth, lips, and whiskers of equids; <\/p>\n<p>The polyester used for Feelnets.com hay nets is a strong and durable fiber. It is used for its ability to support the weight of hay bales without deforming or tearing. Polyester is also resistant to weathering and degradation caused by prolonged sun exposure. This makes it an ideal choice for users looking for a reliable material for their hay nets.[\/vc_column_text][\/vc_column][\/vc_row]<\/p>\n<\/div>","protected":false},"excerpt":{"rendered":"<p>[vc_row row_height_percent=&#8221;0&#8243; override_padding=&#8221;yes&#8221; h_padding=&#8221;2&#8243; top_padding=&#8221;5&#8243; bottom_padding=&#8221;0&#8243; overlay_alpha=&#8221;100&#8243; gutter_size=&#8221;3&#8243; column_width_percent=&#8221;100&#8243; shift_y=&#8221;0&#8243; z_index=&#8221;0&#8243; row_height_use_pixel=&#8221;&#8221;][vc_column column_width_use_pixel=&#8221;yes&#8221; gutter_size=&#8221;3&#8243; overlay_alpha=&#8221;50&#8243; shift_x=&#8221;0&#8243; shift_y=&#8221;0&#8243; medium_width=&#8221;0&#8243; zoom_width=&#8221;0&#8243; zoom_height=&#8221;0&#8243; [&hellip;]<\/p>\n","protected":false},"author":6,"featured_media":82960,"parent":0,"menu_order":0,"comment_status":"closed","ping_status":"closed","template":"","meta":{"footnotes":""},"class_list":["post-83751","page","type-page","status-publish","has-post-thumbnail","hentry","page_category-guide"],"yoast_head":"<!-- This site is optimized with the Yoast SEO plugin v26.7 - https:\/\/yoast.com\/wordpress\/plugins\/seo\/ -->\n<title>Our Material Choice: Polyester - Filets \u00e0 Foin<\/title>\n<meta name=\"robots\" content=\"index, follow, max-snippet:-1, max-image-preview:large, max-video-preview:-1\" \/>\n<link rel=\"canonical\" href=\"https:\/\/filetafoin.com\/en\/our-material-choice-polyester\/\" \/>\n<meta property=\"og:locale\" content=\"en_US\" \/>\n<meta property=\"og:type\" content=\"article\" \/>\n<meta property=\"og:title\" content=\"Our Material Choice: Polyester - Filets \u00e0 Foin\" \/>\n<meta property=\"og:description\" content=\"[vc_row row_height_percent=&#8221;0&#8243; override_padding=&#8221;yes&#8221; h_padding=&#8221;2&#8243; top_padding=&#8221;5&#8243; bottom_padding=&#8221;0&#8243; overlay_alpha=&#8221;100&#8243; gutter_size=&#8221;3&#8243; column_width_percent=&#8221;100&#8243; shift_y=&#8221;0&#8243; z_index=&#8221;0&#8243; row_height_use_pixel=&#8221;&#8221;][vc_column column_width_use_pixel=&#8221;yes&#8221; gutter_size=&#8221;3&#8243; overlay_alpha=&#8221;50&#8243; shift_x=&#8221;0&#8243; shift_y=&#8221;0&#8243; medium_width=&#8221;0&#8243; zoom_width=&#8221;0&#8243; zoom_height=&#8221;0&#8243; [&hellip;]\" \/>\n<meta property=\"og:url\" content=\"https:\/\/filetafoin.com\/en\/our-material-choice-polyester\/\" \/>\n<meta property=\"og:site_name\" content=\"Filets \u00e0 Foin\" \/>\n<meta property=\"article:modified_time\" content=\"2026-01-13T16:52:50+00:00\" \/>\n<meta property=\"og:image\" content=\"https:\/\/filetafoin.com\/wp-content\/uploads\/2024\/02\/levy2-scaled.jpg\" \/>\n\t<meta property=\"og:image:width\" content=\"2560\" \/>\n\t<meta property=\"og:image:height\" content=\"1829\" \/>\n\t<meta property=\"og:image:type\" content=\"image\/jpeg\" \/>\n<meta name=\"twitter:card\" content=\"summary_large_image\" \/>\n<meta name=\"twitter:label1\" content=\"Est. reading time\" \/>\n\t<meta name=\"twitter:data1\" content=\"4 minutes\" \/>\n<script type=\"application\/ld+json\" class=\"yoast-schema-graph\">{\"@context\":\"https:\/\/schema.org\",\"@graph\":[{\"@type\":\"WebPage\",\"@id\":\"https:\/\/filetafoin.com\/en\/our-material-choice-polyester\/\",\"url\":\"https:\/\/filetafoin.com\/en\/our-material-choice-polyester\/\",\"name\":\"Our Material Choice: Polyester - Filets \u00e0 Foin\",\"isPartOf\":{\"@id\":\"https:\/\/filetafoin.com\/en\/#website\"},\"primaryImageOfPage\":{\"@id\":\"https:\/\/filetafoin.com\/en\/our-material-choice-polyester\/#primaryimage\"},\"image\":{\"@id\":\"https:\/\/filetafoin.com\/en\/our-material-choice-polyester\/#primaryimage\"},\"thumbnailUrl\":\"https:\/\/filetafoin.com\/wp-content\/uploads\/2024\/02\/levy2-scaled.jpg\",\"datePublished\":\"2023-12-29T14:53:37+00:00\",\"dateModified\":\"2026-01-13T16:52:50+00:00\",\"breadcrumb\":{\"@id\":\"https:\/\/filetafoin.com\/en\/our-material-choice-polyester\/#breadcrumb\"},\"inLanguage\":\"en-US\",\"potentialAction\":[{\"@type\":\"ReadAction\",\"target\":[\"https:\/\/filetafoin.com\/en\/our-material-choice-polyester\/\"]}]},{\"@type\":\"ImageObject\",\"inLanguage\":\"en-US\",\"@id\":\"https:\/\/filetafoin.com\/en\/our-material-choice-polyester\/#primaryimage\",\"url\":\"https:\/\/filetafoin.com\/wp-content\/uploads\/2024\/02\/levy2-scaled.jpg\",\"contentUrl\":\"https:\/\/filetafoin.com\/wp-content\/uploads\/2024\/02\/levy2-scaled.jpg\",\"width\":2560,\"height\":1829},{\"@type\":\"BreadcrumbList\",\"@id\":\"https:\/\/filetafoin.com\/en\/our-material-choice-polyester\/#breadcrumb\",\"itemListElement\":[{\"@type\":\"ListItem\",\"position\":1,\"name\":\"Accueil\",\"item\":\"https:\/\/filetafoin.com\/en\/hay-net-specialist-for-horses\/\"},{\"@type\":\"ListItem\",\"position\":2,\"name\":\"Our Material Choice: Polyester\"}]},{\"@type\":\"WebSite\",\"@id\":\"https:\/\/filetafoin.com\/en\/#website\",\"url\":\"https:\/\/filetafoin.com\/en\/\",\"name\":\"Filets \u00e0 Foin\",\"description\":\"Sp\u00e9cialiste du Filet \u00e0 Foin pour Chevaux\",\"potentialAction\":[{\"@type\":\"SearchAction\",\"target\":{\"@type\":\"EntryPoint\",\"urlTemplate\":\"https:\/\/filetafoin.com\/en\/?s={search_term_string}\"},\"query-input\":{\"@type\":\"PropertyValueSpecification\",\"valueRequired\":true,\"valueName\":\"search_term_string\"}}],\"inLanguage\":\"en-US\"}]}<\/script>\n<!-- \/ Yoast SEO plugin. -->","yoast_head_json":{"title":"Our Material Choice: Polyester - Filets \u00e0 Foin","robots":{"index":"index","follow":"follow","max-snippet":"max-snippet:-1","max-image-preview":"max-image-preview:large","max-video-preview":"max-video-preview:-1"},"canonical":"https:\/\/filetafoin.com\/en\/our-material-choice-polyester\/","og_locale":"en_US","og_type":"article","og_title":"Our Material Choice: Polyester - Filets \u00e0 Foin","og_description":"[vc_row row_height_percent=&#8221;0&#8243; override_padding=&#8221;yes&#8221; h_padding=&#8221;2&#8243; top_padding=&#8221;5&#8243; bottom_padding=&#8221;0&#8243; overlay_alpha=&#8221;100&#8243; gutter_size=&#8221;3&#8243; column_width_percent=&#8221;100&#8243; shift_y=&#8221;0&#8243; z_index=&#8221;0&#8243; row_height_use_pixel=&#8221;&#8221;][vc_column column_width_use_pixel=&#8221;yes&#8221; gutter_size=&#8221;3&#8243; overlay_alpha=&#8221;50&#8243; shift_x=&#8221;0&#8243; shift_y=&#8221;0&#8243; medium_width=&#8221;0&#8243; zoom_width=&#8221;0&#8243; zoom_height=&#8221;0&#8243; [&hellip;]","og_url":"https:\/\/filetafoin.com\/en\/our-material-choice-polyester\/","og_site_name":"Filets \u00e0 Foin","article_modified_time":"2026-01-13T16:52:50+00:00","og_image":[{"width":2560,"height":1829,"url":"https:\/\/filetafoin.com\/wp-content\/uploads\/2024\/02\/levy2-scaled.jpg","type":"image\/jpeg"}],"twitter_card":"summary_large_image","twitter_misc":{"Est. reading time":"4 minutes"},"schema":{"@context":"https:\/\/schema.org","@graph":[{"@type":"WebPage","@id":"https:\/\/filetafoin.com\/en\/our-material-choice-polyester\/","url":"https:\/\/filetafoin.com\/en\/our-material-choice-polyester\/","name":"Our Material Choice: Polyester - Filets \u00e0 Foin","isPartOf":{"@id":"https:\/\/filetafoin.com\/en\/#website"},"primaryImageOfPage":{"@id":"https:\/\/filetafoin.com\/en\/our-material-choice-polyester\/#primaryimage"},"image":{"@id":"https:\/\/filetafoin.com\/en\/our-material-choice-polyester\/#primaryimage"},"thumbnailUrl":"https:\/\/filetafoin.com\/wp-content\/uploads\/2024\/02\/levy2-scaled.jpg","datePublished":"2023-12-29T14:53:37+00:00","dateModified":"2026-01-13T16:52:50+00:00","breadcrumb":{"@id":"https:\/\/filetafoin.com\/en\/our-material-choice-polyester\/#breadcrumb"},"inLanguage":"en-US","potentialAction":[{"@type":"ReadAction","target":["https:\/\/filetafoin.com\/en\/our-material-choice-polyester\/"]}]},{"@type":"ImageObject","inLanguage":"en-US","@id":"https:\/\/filetafoin.com\/en\/our-material-choice-polyester\/#primaryimage","url":"https:\/\/filetafoin.com\/wp-content\/uploads\/2024\/02\/levy2-scaled.jpg","contentUrl":"https:\/\/filetafoin.com\/wp-content\/uploads\/2024\/02\/levy2-scaled.jpg","width":2560,"height":1829},{"@type":"BreadcrumbList","@id":"https:\/\/filetafoin.com\/en\/our-material-choice-polyester\/#breadcrumb","itemListElement":[{"@type":"ListItem","position":1,"name":"Accueil","item":"https:\/\/filetafoin.com\/en\/hay-net-specialist-for-horses\/"},{"@type":"ListItem","position":2,"name":"Our Material Choice: Polyester"}]},{"@type":"WebSite","@id":"https:\/\/filetafoin.com\/en\/#website","url":"https:\/\/filetafoin.com\/en\/","name":"Filets \u00e0 Foin","description":"Sp\u00e9cialiste du Filet \u00e0 Foin pour Chevaux","potentialAction":[{"@type":"SearchAction","target":{"@type":"EntryPoint","urlTemplate":"https:\/\/filetafoin.com\/en\/?s={search_term_string}"},"query-input":{"@type":"PropertyValueSpecification","valueRequired":true,"valueName":"search_term_string"}}],"inLanguage":"en-US"}]}},"_links":{"self":[{"href":"https:\/\/filetafoin.com\/en\/wp-json\/wp\/v2\/pages\/83751","targetHints":{"allow":["GET"]}}],"collection":[{"href":"https:\/\/filetafoin.com\/en\/wp-json\/wp\/v2\/pages"}],"about":[{"href":"https:\/\/filetafoin.com\/en\/wp-json\/wp\/v2\/types\/page"}],"author":[{"embeddable":true,"href":"https:\/\/filetafoin.com\/en\/wp-json\/wp\/v2\/users\/6"}],"replies":[{"embeddable":true,"href":"https:\/\/filetafoin.com\/en\/wp-json\/wp\/v2\/comments?post=83751"}],"version-history":[{"count":3,"href":"https:\/\/filetafoin.com\/en\/wp-json\/wp\/v2\/pages\/83751\/revisions"}],"predecessor-version":[{"id":83756,"href":"https:\/\/filetafoin.com\/en\/wp-json\/wp\/v2\/pages\/83751\/revisions\/83756"}],"wp:featuredmedia":[{"embeddable":true,"href":"https:\/\/filetafoin.com\/en\/wp-json\/wp\/v2\/media\/82960"}],"wp:attachment":[{"href":"https:\/\/filetafoin.com\/en\/wp-json\/wp\/v2\/media?parent=83751"}],"curies":[{"name":"wp","href":"https:\/\/api.w.org\/{rel}","templated":true}]}}