{"id":83761,"date":"2023-12-07T11:30:59","date_gmt":"2023-12-07T10:30:59","guid":{"rendered":"https:\/\/filetafoin.com\/equine-feeding\/"},"modified":"2026-04-07T15:59:34","modified_gmt":"2026-04-07T13:59:34","slug":"equine-feeding","status":"publish","type":"page","link":"https:\/\/filetafoin.com\/en\/equine-feeding\/","title":{"rendered":"Equine Feeding"},"content":{"rendered":"<div class=\"wpb-content-wrapper\"><p>[vc_row row_height_percent=&#8221;0&#8243; override_padding=&#8221;yes&#8221; h_padding=&#8221;2&#8243; top_padding=&#8221;5&#8243; bottom_padding=&#8221;0&#8243; overlay_alpha=&#8221;100&#8243; gutter_size=&#8221;3&#8243; column_width_percent=&#8221;100&#8243; shift_y=&#8221;0&#8243; z_index=&#8221;0&#8243; row_height_use_pixel=&#8221;&#8221;][vc_column column_width_use_pixel=&#8221;yes&#8221; gutter_size=&#8221;3&#8243; overlay_alpha=&#8221;50&#8243; shift_x=&#8221;0&#8243; shift_y=&#8221;0&#8243; medium_width=&#8221;0&#8243; zoom_width=&#8221;0&#8243; zoom_height=&#8221;0&#8243; column_width_pixel=&#8221;800&#8243;][vc_column_text]<\/p>\n<h2>Feeding Horses in the Wild<\/h2>\n<p>Let&#8217;s try to understand the ideal way to feed a horse by observing them in the wild. Horses have a delicate metabolism, and a good diet can prevent certain equine pathologies, some of which can be very serious or even fatal. Ideally, we should try to mimic as closely as possible how horses eat in their natural environment.<br \/>\nIn the wild, horses live on plains where they fulfill their needs for water, food, shelter, and companionship. Horses spend up to 18 hours a day grazing. The primary activity of a wild horse is foraging for food, which they graze in small quantities, almost continuously throughout the day.[\/vc_column_text][\/vc_column][\/vc_row][vc_row row_height_percent=&#8221;0&#8243; override_padding=&#8221;yes&#8221; h_padding=&#8221;2&#8243; top_padding=&#8221;3&#8243; bottom_padding=&#8221;3&#8243; overlay_alpha=&#8221;100&#8243; gutter_size=&#8221;3&#8243; column_width_percent=&#8221;100&#8243; shift_y=&#8221;0&#8243; z_index=&#8221;0&#8243; row_height_use_pixel=&#8221;&#8221;][vc_column column_width_use_pixel=&#8221;yes&#8221; gutter_size=&#8221;3&#8243; overlay_alpha=&#8221;50&#8243; shift_x=&#8221;0&#8243; shift_y=&#8221;0&#8243; medium_width=&#8221;0&#8243; zoom_width=&#8221;0&#8243; zoom_height=&#8221;0&#8243; column_width_pixel=&#8221;800&#8243;][vc_column_text]<\/p>\n<h2>Feeding Our Domesticated Horses<\/h2>\n<p>Our captive horses live in enclosed spaces, often without enough grass to meet their dietary needs. Horses are frequently fed in multiple portions per day, with feeds such as cereals or pellets and hay distributed in bales. In stalls, it&#8217;s common for horses to be fed 2 to 3 times daily. The feed is consumed in a few minutes, and a pile of hay placed on the ground doesn&#8217;t last long either \u2013 certainly not long enough given the horses&#8217; needs. In paddock paradise setups or pastures, we increasingly find horses fed free-choice hay. The horse then eats for as long as it wants, but we observe that it eats too much.      <\/p>\n<p>Hay serves as an alternative when there&#8217;s a lack of grass. In the pursuit of animal welfare, we strive to find a feeding method that best mimics what a horse needs in its natural environment. Allowing them free access to hay is one such alternative to insufficient grass. However, when hay is in piles, it&#8217;s easy to eat, and horses take large mouthfuls, which isn&#8217;t ideal. If a horse is fed a hay ration that isn&#8217;t free-choice, it will eat its portion too quickly, leading to a long wait until the next forage distribution. Hay provided without a net can lead to overeating, and horses tend to gorge themselves, especially when it&#8217;s offered free-choice.[\/vc_column_text][\/vc_column][\/vc_row][vc_row row_height_percent=&#8221;0&#8243; override_padding=&#8221;yes&#8221; h_padding=&#8221;2&#8243; top_padding=&#8221;0&#8243; bottom_padding=&#8221;0&#8243; overlay_alpha=&#8221;100&#8243; gutter_size=&#8221;3&#8243; column_width_percent=&#8221;100&#8243; shift_y=&#8221;0&#8243; z_index=&#8221;0&#8243; row_height_use_pixel=&#8221;&#8221;][vc_column column_width_use_pixel=&#8221;yes&#8221; gutter_size=&#8221;3&#8243; overlay_alpha=&#8221;50&#8243; shift_x=&#8221;0&#8243; shift_y=&#8221;0&#8243; medium_width=&#8221;0&#8243; zoom_width=&#8221;0&#8243; zoom_height=&#8221;0&#8243; width=&#8221;1\/2&#8243;][vc_single_image media=&#8221;83762&#8243; media_width_percent=&#8221;100&#8243; media_title_uppercase=&#8221;&#8221;][\/vc_column][vc_column column_width_percent=&#8221;100&#8243; gutter_size=&#8221;3&#8243; overlay_alpha=&#8221;50&#8243; shift_x=&#8221;0&#8243; shift_y=&#8221;0&#8243; medium_width=&#8221;0&#8243; zoom_width=&#8221;0&#8243; zoom_height=&#8221;0&#8243; width=&#8221;1\/2&#8243;][vc_column_text]Today, free-choice hay is becoming more widely accepted because we now understand that horses need to eat for extended periods. The concept of placing hay in a net with an appropriate mesh size will slow down hay consumption, thereby increasing the horse&#8217;s chewing time.<br \/>\n[\/vc_column_text][\/vc_column][\/vc_row][vc_row row_height_percent=&#8221;0&#8243; override_padding=&#8221;yes&#8221; h_padding=&#8221;2&#8243; top_padding=&#8221;3&#8243; bottom_padding=&#8221;3&#8243; overlay_alpha=&#8221;100&#8243; gutter_size=&#8221;3&#8243; column_width_percent=&#8221;100&#8243; shift_y=&#8221;0&#8243; z_index=&#8221;0&#8243; row_height_use_pixel=&#8221;&#8221;][vc_column column_width_use_pixel=&#8221;yes&#8221; gutter_size=&#8221;3&#8243; overlay_alpha=&#8221;50&#8243; shift_x=&#8221;0&#8243; shift_y=&#8221;0&#8243; medium_width=&#8221;0&#8243; zoom_width=&#8221;0&#8243; zoom_height=&#8221;0&#8243; column_width_pixel=&#8221;800&#8243; width=&#8221;1\/1&#8243;][vc_column_text]<\/p>\n<h2>Slow Feeding for Optimal Nutrition<\/h2>\n<p>Slow feeding is not frustrating for horses; they will spend more time eating hay. It&#8217;s a feeding method better suited to their physiological needs. Slow feeding also helps horses get bored less often. Thanks to hay nets, chewing time will be better distributed throughout the day. The horse won&#8217;t be waiting for the next meal. Hay nets will improve their mental state and morale. Our domesticated horses need to eat for as long as they would in the wild for their well-being. Reducing this time could create stress, stomach problems like ulcers, tics, and behavioral disorders.<br \/>\nHay nets, and thus slow feeding, will also allow equids to regulate themselves and avoid becoming overweight. We know that an overweight horse risks developing serious health issues.<br \/>\nThe benefits of slow feeding are therefore numerous.         In the quest for animal welfare, it is certain that hay nets offer nothing but advantages. [\/vc_column_text][\/vc_column][\/vc_row]<\/p>\n<\/div>","protected":false},"excerpt":{"rendered":"<p>[vc_row row_height_percent=&#8221;0&#8243; override_padding=&#8221;yes&#8221; h_padding=&#8221;2&#8243; top_padding=&#8221;5&#8243; bottom_padding=&#8221;0&#8243; overlay_alpha=&#8221;100&#8243; gutter_size=&#8221;3&#8243; column_width_percent=&#8221;100&#8243; shift_y=&#8221;0&#8243; z_index=&#8221;0&#8243; row_height_use_pixel=&#8221;&#8221;][vc_column column_width_use_pixel=&#8221;yes&#8221; gutter_size=&#8221;3&#8243; overlay_alpha=&#8221;50&#8243; shift_x=&#8221;0&#8243; shift_y=&#8221;0&#8243; medium_width=&#8221;0&#8243; zoom_width=&#8221;0&#8243; zoom_height=&#8221;0&#8243; [&hellip;]<\/p>\n","protected":false},"author":1,"featured_media":83758,"parent":0,"menu_order":0,"comment_status":"closed","ping_status":"closed","template":"","meta":{"footnotes":""},"class_list":["post-83761","page","type-page","status-publish","has-post-thumbnail","hentry","page_category-guide"],"yoast_head":"<!-- This site is optimized with the Yoast SEO plugin v26.7 - https:\/\/yoast.com\/wordpress\/plugins\/seo\/ -->\n<title>Equine Feeding - Filets \u00e0 Foin<\/title>\n<meta name=\"description\" content=\"Discover how horses eat in the wild and why slow feeding with hay nets improves their digestion, well-being, and behavior.\" \/>\n<meta name=\"robots\" content=\"index, follow, max-snippet:-1, max-image-preview:large, max-video-preview:-1\" \/>\n<link rel=\"canonical\" href=\"https:\/\/filetafoin.com\/en\/equine-feeding\/\" \/>\n<meta property=\"og:locale\" content=\"en_US\" \/>\n<meta property=\"og:type\" content=\"article\" \/>\n<meta property=\"og:title\" content=\"Equine Feeding - Filets \u00e0 Foin\" \/>\n<meta property=\"og:description\" content=\"Discover how horses eat in the wild and why slow feeding with hay nets improves their digestion, well-being, and behavior.\" \/>\n<meta property=\"og:url\" content=\"https:\/\/filetafoin.com\/en\/equine-feeding\/\" \/>\n<meta property=\"og:site_name\" content=\"Filets \u00e0 Foin\" \/>\n<meta property=\"article:modified_time\" content=\"2026-04-07T13:59:34+00:00\" \/>\n<meta property=\"og:image\" content=\"https:\/\/filetafoin.com\/wp-content\/uploads\/2024\/04\/SME2.jpeg\" \/>\n\t<meta property=\"og:image:width\" content=\"806\" \/>\n\t<meta property=\"og:image:height\" content=\"558\" \/>\n\t<meta property=\"og:image:type\" content=\"image\/jpeg\" \/>\n<meta name=\"twitter:card\" content=\"summary_large_image\" \/>\n<meta name=\"twitter:label1\" content=\"Est. reading time\" \/>\n\t<meta name=\"twitter:data1\" content=\"4 minutes\" \/>\n<script type=\"application\/ld+json\" class=\"yoast-schema-graph\">{\"@context\":\"https:\/\/schema.org\",\"@graph\":[{\"@type\":\"WebPage\",\"@id\":\"https:\/\/filetafoin.com\/en\/equine-feeding\/\",\"url\":\"https:\/\/filetafoin.com\/en\/equine-feeding\/\",\"name\":\"Equine Feeding - Filets \u00e0 Foin\",\"isPartOf\":{\"@id\":\"https:\/\/filetafoin.com\/en\/#website\"},\"primaryImageOfPage\":{\"@id\":\"https:\/\/filetafoin.com\/en\/equine-feeding\/#primaryimage\"},\"image\":{\"@id\":\"https:\/\/filetafoin.com\/en\/equine-feeding\/#primaryimage\"},\"thumbnailUrl\":\"https:\/\/filetafoin.com\/wp-content\/uploads\/2024\/04\/SME2.jpeg\",\"datePublished\":\"2023-12-07T10:30:59+00:00\",\"dateModified\":\"2026-04-07T13:59:34+00:00\",\"description\":\"Discover how horses eat in the wild and why slow feeding with hay nets improves their digestion, well-being, and behavior.\",\"breadcrumb\":{\"@id\":\"https:\/\/filetafoin.com\/en\/equine-feeding\/#breadcrumb\"},\"inLanguage\":\"en-US\",\"potentialAction\":[{\"@type\":\"ReadAction\",\"target\":[\"https:\/\/filetafoin.com\/en\/equine-feeding\/\"]}]},{\"@type\":\"ImageObject\",\"inLanguage\":\"en-US\",\"@id\":\"https:\/\/filetafoin.com\/en\/equine-feeding\/#primaryimage\",\"url\":\"https:\/\/filetafoin.com\/wp-content\/uploads\/2024\/04\/SME2.jpeg\",\"contentUrl\":\"https:\/\/filetafoin.com\/wp-content\/uploads\/2024\/04\/SME2.jpeg\",\"width\":806,\"height\":558},{\"@type\":\"BreadcrumbList\",\"@id\":\"https:\/\/filetafoin.com\/en\/equine-feeding\/#breadcrumb\",\"itemListElement\":[{\"@type\":\"ListItem\",\"position\":1,\"name\":\"Accueil\",\"item\":\"https:\/\/filetafoin.com\/en\/hay-net-specialist-for-horses\/\"},{\"@type\":\"ListItem\",\"position\":2,\"name\":\"Equine Feeding\"}]},{\"@type\":\"WebSite\",\"@id\":\"https:\/\/filetafoin.com\/en\/#website\",\"url\":\"https:\/\/filetafoin.com\/en\/\",\"name\":\"Filets \u00e0 Foin\",\"description\":\"Sp\u00e9cialiste du Filet \u00e0 Foin pour Chevaux\",\"potentialAction\":[{\"@type\":\"SearchAction\",\"target\":{\"@type\":\"EntryPoint\",\"urlTemplate\":\"https:\/\/filetafoin.com\/en\/?s={search_term_string}\"},\"query-input\":{\"@type\":\"PropertyValueSpecification\",\"valueRequired\":true,\"valueName\":\"search_term_string\"}}],\"inLanguage\":\"en-US\"}]}<\/script>\n<!-- \/ Yoast SEO plugin. -->","yoast_head_json":{"title":"Equine Feeding - Filets \u00e0 Foin","description":"Discover how horses eat in the wild and why slow feeding with hay nets improves their digestion, well-being, and behavior.","robots":{"index":"index","follow":"follow","max-snippet":"max-snippet:-1","max-image-preview":"max-image-preview:large","max-video-preview":"max-video-preview:-1"},"canonical":"https:\/\/filetafoin.com\/en\/equine-feeding\/","og_locale":"en_US","og_type":"article","og_title":"Equine Feeding - Filets \u00e0 Foin","og_description":"Discover how horses eat in the wild and why slow feeding with hay nets improves their digestion, well-being, and behavior.","og_url":"https:\/\/filetafoin.com\/en\/equine-feeding\/","og_site_name":"Filets \u00e0 Foin","article_modified_time":"2026-04-07T13:59:34+00:00","og_image":[{"width":806,"height":558,"url":"https:\/\/filetafoin.com\/wp-content\/uploads\/2024\/04\/SME2.jpeg","type":"image\/jpeg"}],"twitter_card":"summary_large_image","twitter_misc":{"Est. reading time":"4 minutes"},"schema":{"@context":"https:\/\/schema.org","@graph":[{"@type":"WebPage","@id":"https:\/\/filetafoin.com\/en\/equine-feeding\/","url":"https:\/\/filetafoin.com\/en\/equine-feeding\/","name":"Equine Feeding - Filets \u00e0 Foin","isPartOf":{"@id":"https:\/\/filetafoin.com\/en\/#website"},"primaryImageOfPage":{"@id":"https:\/\/filetafoin.com\/en\/equine-feeding\/#primaryimage"},"image":{"@id":"https:\/\/filetafoin.com\/en\/equine-feeding\/#primaryimage"},"thumbnailUrl":"https:\/\/filetafoin.com\/wp-content\/uploads\/2024\/04\/SME2.jpeg","datePublished":"2023-12-07T10:30:59+00:00","dateModified":"2026-04-07T13:59:34+00:00","description":"Discover how horses eat in the wild and why slow feeding with hay nets improves their digestion, well-being, and behavior.","breadcrumb":{"@id":"https:\/\/filetafoin.com\/en\/equine-feeding\/#breadcrumb"},"inLanguage":"en-US","potentialAction":[{"@type":"ReadAction","target":["https:\/\/filetafoin.com\/en\/equine-feeding\/"]}]},{"@type":"ImageObject","inLanguage":"en-US","@id":"https:\/\/filetafoin.com\/en\/equine-feeding\/#primaryimage","url":"https:\/\/filetafoin.com\/wp-content\/uploads\/2024\/04\/SME2.jpeg","contentUrl":"https:\/\/filetafoin.com\/wp-content\/uploads\/2024\/04\/SME2.jpeg","width":806,"height":558},{"@type":"BreadcrumbList","@id":"https:\/\/filetafoin.com\/en\/equine-feeding\/#breadcrumb","itemListElement":[{"@type":"ListItem","position":1,"name":"Accueil","item":"https:\/\/filetafoin.com\/en\/hay-net-specialist-for-horses\/"},{"@type":"ListItem","position":2,"name":"Equine Feeding"}]},{"@type":"WebSite","@id":"https:\/\/filetafoin.com\/en\/#website","url":"https:\/\/filetafoin.com\/en\/","name":"Filets \u00e0 Foin","description":"Sp\u00e9cialiste du Filet \u00e0 Foin pour Chevaux","potentialAction":[{"@type":"SearchAction","target":{"@type":"EntryPoint","urlTemplate":"https:\/\/filetafoin.com\/en\/?s={search_term_string}"},"query-input":{"@type":"PropertyValueSpecification","valueRequired":true,"valueName":"search_term_string"}}],"inLanguage":"en-US"}]}},"_links":{"self":[{"href":"https:\/\/filetafoin.com\/en\/wp-json\/wp\/v2\/pages\/83761","targetHints":{"allow":["GET"]}}],"collection":[{"href":"https:\/\/filetafoin.com\/en\/wp-json\/wp\/v2\/pages"}],"about":[{"href":"https:\/\/filetafoin.com\/en\/wp-json\/wp\/v2\/types\/page"}],"author":[{"embeddable":true,"href":"https:\/\/filetafoin.com\/en\/wp-json\/wp\/v2\/users\/1"}],"replies":[{"embeddable":true,"href":"https:\/\/filetafoin.com\/en\/wp-json\/wp\/v2\/comments?post=83761"}],"version-history":[{"count":5,"href":"https:\/\/filetafoin.com\/en\/wp-json\/wp\/v2\/pages\/83761\/revisions"}],"predecessor-version":[{"id":84195,"href":"https:\/\/filetafoin.com\/en\/wp-json\/wp\/v2\/pages\/83761\/revisions\/84195"}],"wp:featuredmedia":[{"embeddable":true,"href":"https:\/\/filetafoin.com\/en\/wp-json\/wp\/v2\/media\/83758"}],"wp:attachment":[{"href":"https:\/\/filetafoin.com\/en\/wp-json\/wp\/v2\/media?parent=83761"}],"curies":[{"name":"wp","href":"https:\/\/api.w.org\/{rel}","templated":true}]}}