{"id":83781,"date":"2021-01-19T14:29:50","date_gmt":"2021-01-19T13:29:50","guid":{"rendered":"https:\/\/filetafoin.com\/how-to-properly-install-a-hay-net-for-horses\/"},"modified":"2026-01-15T09:52:36","modified_gmt":"2026-01-15T08:52:36","slug":"how-to-properly-install-a-hay-net-for-horses","status":"publish","type":"page","link":"https:\/\/filetafoin.com\/en\/how-to-properly-install-a-hay-net-for-horses\/","title":{"rendered":"How to properly install a hay net for horses"},"content":{"rendered":"<div class=\"wpb-content-wrapper\"><p>[vc_row unlock_row_content=&#8221;yes&#8221; row_height_percent=&#8221;30&#8243; back_image=&#8221;83793&#8243; back_position=&#8221;center center&#8221; overlay_alpha=&#8221;50&#8243; gutter_size=&#8221;3&#8243; column_width_percent=&#8221;100&#8243; shift_y=&#8221;0&#8243; z_index=&#8221;0&#8243; content_parallax=&#8221;0&#8243; uncode_shortcode_id=&#8221;166150&#8243;][vc_column width=&#8221;1\/1&#8243;][\/vc_column][\/vc_row][vc_row row_height_percent=&#8221;0&#8243; override_padding=&#8221;yes&#8221; h_padding=&#8221;2&#8243; top_padding=&#8221;4&#8243; bottom_padding=&#8221;3&#8243; overlay_alpha=&#8221;50&#8243; gutter_size=&#8221;2&#8243; column_width_percent=&#8221;100&#8243; shift_y=&#8221;0&#8243; z_index=&#8221;0&#8243; content_parallax=&#8221;0&#8243; uncode_shortcode_id=&#8221;104076&#8243;][vc_column column_width_percent=&#8221;100&#8243; align_horizontal=&#8221;align_center&#8221; gutter_size=&#8221;4&#8243; overlay_alpha=&#8221;50&#8243; shift_x=&#8221;0&#8243; shift_y=&#8221;0&#8243; shift_y_down=&#8221;0&#8243; z_index=&#8221;0&#8243; medium_width=&#8221;0&#8243; mobile_width=&#8221;0&#8243; width=&#8221;1\/1&#8243; uncode_shortcode_id=&#8221;169537&#8243;][vc_custom_heading text_color=&#8221;color-469260&#8243; heading_semantic=&#8221;h1&#8243; text_size=&#8221;h1&#8243; uncode_shortcode_id=&#8221;725198&#8243; text_color_type=&#8221;uncode-palette&#8221;]How to properly install a hay net for horses?[\/vc_custom_heading][\/vc_column][\/vc_row][vc_row][vc_column][vc_column_text uncode_shortcode_id=&#8221;116299&#8243;]<strong>As explained in our <a href=\"https:\/\/feelnets.com\/filets-a-foin-chevaux-feelnets\/\">article on Feelnets hay nets for horses<\/a>, these items offer multiple benefits: for better horse health, for overall sanitary reasons, but also to help breeders save money and organize better. But once the decision to use a hay net is made, the question arises: how to install it properly? Feelnets, the company specializing in the custom manufacturing of technical nets and fabrics for indoor and outdoor use, provides advice on how to best install your hay net. <\/strong>[\/vc_column_text][vc_single_image media=&#8221;83782&#8243; media_width_percent=&#8221;100&#8243;][vc_column_text uncode_shortcode_id=&#8221;158770&#8243;]<\/p>\n<h2>Installing your hay net on a round bale or rectangular bale<\/h2>\n<p>Round hay bales are generally 112 cm in diameter and 122 cm in length. However, depending on the baler model and its settings, they can be found up to 183 cm in diameter (72 inches) and weigh from 225 kg to 450 kg.<\/p>\n<p>It can therefore be very complicated for a single person to place a round bale into a hay net. This seemingly arduous task is greatly facilitated by various methods.<\/p>\n<h3>How to fill your hay net for horses?<\/h3>\n<h4>The hay net filling support<\/h4>\n<p>These metal supports come in two forms: either a circle to hang on a wall or a three-legged stand that can be placed on the ground. Whichever model is chosen, the principle is the same: 5 to 6 pins, along the circle, allow the net to be attached. Then, using a pitchfork, the hay must be placed into the hay net.<\/p>\n<h4>Wall-mounted hay nets<\/h4>\n<p>Some rectangular hay nets for horses have 4 attachment rings at their four ends, allowing them to be hung on a wall with the opening at the top, to keep your hands completely free for filling with hay using a pitchfork.<\/p>\n<h4>Hay nets with easy closures<\/h4>\n<p>The easiest solution is certainly the hay net <strong>that &#8220;slips on&#8221; like a sock<\/strong>. <a href=\"\/\">Feelnets hay nets<\/a> feature <strong>this easy closure system with a sliding knot<\/strong>. You simply place your net directly onto the round bale or rectangular bale, pull it down (or up if you&#8217;ve placed the hay bale on top) just as you would, for example, put a sock on your foot. Then, when you reach the end, you close the sliding knot.<\/p>\n<p>Simple, fast, and effective!<\/p>\n<p>Furthermore, our hay nets are suitable for both round bales and rectangular bales, and you can place them on the ground or suspend them with rope.<\/p>\n<h3>Where to install your hay net?<\/h3>\n<p><strong>Whether you have chosen a small or large hay net<\/strong>, you can hang it in your <strong>stable<\/strong>, for example. To prevent the net from swinging in all directions and the horse from having to shake it to get hay out, we advise hanging it against a wall or partition. But be careful, it is important <strong>to hang it at the correct height<\/strong> (elbow height), to avoid uncomfortable positions for the horse.<\/p>\n<p><strong>For shod horses<\/strong> who might get their shoe caught in the net, you can hang your net above a wooden support or a barrel, which would be at the height of the horse&#8217;s hooves.<\/p>\n<p><strong>A large hay net, containing an entire hay bale<\/strong> for several horses and several days, can be placed on the ground and attached outdoors to a tree, to prevent excessive movement. To minimize waste, also try to place it in an area away from a water source for horses, to prevent the hay from mixing with mud and becoming unusable.<\/p>\n<p>&#8211;[\/vc_column_text][vc_row_inner][vc_column_inner width=&#8221;1\/1&#8243;][vc_raw_html]PGEgaHJlZj0iaHR0cHM6Ly93YS5tZS8zMzY4MDk2MjQ4Nz90ZXh0PUJvbmpvdXIlMkMlMjBqJ2FpJTIwcXVlbHF1ZXMlMjBxdWVzdGlvbnMlMjBzdXIlMjB2b3MlMjBmaWxldHMuIiB0YXJnZXQ9Il9ibGFuayIgc3R5bGU9ImJhY2tncm91bmQtY29sb3I6ICMyNWQzNjY7IGNvbG9yOiB3aGl0ZTsgcGFkZGluZzogMTBweCAyMHB4OyB0ZXh0LWFsaWduOiBjZW50ZXI7IHRleHQtZGVjb3JhdGlvbjogbm9uZTsgZGlzcGxheTogaW5saW5lLWJsb2NrOyBib3JkZXItcmFkaXVzOiA1cHg7IGZvbnQtd2VpZ2h0OiBib2xkOyI+CiBDb250YWN0IHVzIG9uIFdoYXRzQXBwCjwvYT4=[\/vc_raw_html][vc_column_text uncode_shortcode_id=&#8221;177819&#8243;]<strong><a href=\"https:\/\/filetafoin.com\/contact\/\">CONTACT US<\/a> for more information: <a href=\"mailto:commercial@feelnets.com\" target=\"_blank\" rel=\"noopener noreferrer\">commercial@feelnets.com<\/a><\/strong>[\/vc_column_text][\/vc_column_inner][\/vc_row_inner][\/vc_column][\/vc_row]<\/p>\n<\/div>","protected":false},"excerpt":{"rendered":"<p>[vc_row unlock_row_content=&#8221;yes&#8221; row_height_percent=&#8221;30&#8243; back_image=&#8221;83793&#8243; back_position=&#8221;center center&#8221; overlay_alpha=&#8221;50&#8243; gutter_size=&#8221;3&#8243; column_width_percent=&#8221;100&#8243; shift_y=&#8221;0&#8243; z_index=&#8221;0&#8243; content_parallax=&#8221;0&#8243; uncode_shortcode_id=&#8221;166150&#8243;][vc_column width=&#8221;1\/1&#8243;][\/vc_column][\/vc_row][vc_row row_height_percent=&#8221;0&#8243; override_padding=&#8221;yes&#8221; h_padding=&#8221;2&#8243; top_padding=&#8221;4&#8243; bottom_padding=&#8221;3&#8243; overlay_alpha=&#8221;50&#8243; [&hellip;]<\/p>\n","protected":false},"author":1,"featured_media":0,"parent":0,"menu_order":0,"comment_status":"closed","ping_status":"closed","template":"","meta":{"footnotes":""},"class_list":["post-83781","page","type-page","status-publish","hentry"],"yoast_head":"<!-- This site is optimized with the Yoast SEO plugin v26.7 - https:\/\/yoast.com\/wordpress\/plugins\/seo\/ -->\n<title>How to properly install a hay net for horses - Filets \u00e0 Foin<\/title>\n<meta name=\"description\" content=\"Feelnets, the net specialist, explains how to properly install your hay net for horses: how and where to install it, and how to fill it.\" \/>\n<meta name=\"robots\" content=\"index, follow, max-snippet:-1, max-image-preview:large, max-video-preview:-1\" \/>\n<link rel=\"canonical\" href=\"https:\/\/filetafoin.com\/en\/how-to-properly-install-a-hay-net-for-horses\/\" \/>\n<meta property=\"og:locale\" content=\"en_US\" \/>\n<meta property=\"og:type\" content=\"article\" \/>\n<meta property=\"og:title\" content=\"How to properly install a hay net for horses - Filets \u00e0 Foin\" \/>\n<meta property=\"og:description\" content=\"Feelnets, the net specialist, explains how to properly install your hay net for horses: how and where to install it, and how to fill it.\" \/>\n<meta property=\"og:url\" content=\"https:\/\/filetafoin.com\/en\/how-to-properly-install-a-hay-net-for-horses\/\" \/>\n<meta property=\"og:site_name\" content=\"Filets \u00e0 Foin\" \/>\n<meta property=\"article:modified_time\" content=\"2026-01-15T08:52:36+00:00\" \/>\n<meta name=\"twitter:card\" content=\"summary_large_image\" \/>\n<meta name=\"twitter:label1\" content=\"Est. reading time\" \/>\n\t<meta name=\"twitter:data1\" content=\"4 minutes\" \/>\n<script type=\"application\/ld+json\" class=\"yoast-schema-graph\">{\"@context\":\"https:\/\/schema.org\",\"@graph\":[{\"@type\":\"WebPage\",\"@id\":\"https:\/\/filetafoin.com\/en\/how-to-properly-install-a-hay-net-for-horses\/\",\"url\":\"https:\/\/filetafoin.com\/en\/how-to-properly-install-a-hay-net-for-horses\/\",\"name\":\"How to properly install a hay net for horses - Filets \u00e0 Foin\",\"isPartOf\":{\"@id\":\"https:\/\/filetafoin.com\/en\/#website\"},\"datePublished\":\"2021-01-19T13:29:50+00:00\",\"dateModified\":\"2026-01-15T08:52:36+00:00\",\"description\":\"Feelnets, the net specialist, explains how to properly install your hay net for horses: how and where to install it, and how to fill it.\",\"breadcrumb\":{\"@id\":\"https:\/\/filetafoin.com\/en\/how-to-properly-install-a-hay-net-for-horses\/#breadcrumb\"},\"inLanguage\":\"en-US\",\"potentialAction\":[{\"@type\":\"ReadAction\",\"target\":[\"https:\/\/filetafoin.com\/en\/how-to-properly-install-a-hay-net-for-horses\/\"]}]},{\"@type\":\"BreadcrumbList\",\"@id\":\"https:\/\/filetafoin.com\/en\/how-to-properly-install-a-hay-net-for-horses\/#breadcrumb\",\"itemListElement\":[{\"@type\":\"ListItem\",\"position\":1,\"name\":\"Accueil\",\"item\":\"https:\/\/filetafoin.com\/en\/hay-net-specialist-for-horses\/\"},{\"@type\":\"ListItem\",\"position\":2,\"name\":\"How to properly install a hay net for horses\"}]},{\"@type\":\"WebSite\",\"@id\":\"https:\/\/filetafoin.com\/en\/#website\",\"url\":\"https:\/\/filetafoin.com\/en\/\",\"name\":\"Filets \u00e0 Foin\",\"description\":\"Sp\u00e9cialiste du Filet \u00e0 Foin pour Chevaux\",\"potentialAction\":[{\"@type\":\"SearchAction\",\"target\":{\"@type\":\"EntryPoint\",\"urlTemplate\":\"https:\/\/filetafoin.com\/en\/?s={search_term_string}\"},\"query-input\":{\"@type\":\"PropertyValueSpecification\",\"valueRequired\":true,\"valueName\":\"search_term_string\"}}],\"inLanguage\":\"en-US\"}]}<\/script>\n<!-- \/ Yoast SEO plugin. -->","yoast_head_json":{"title":"How to properly install a hay net for horses - Filets \u00e0 Foin","description":"Feelnets, the net specialist, explains how to properly install your hay net for horses: how and where to install it, and how to fill it.","robots":{"index":"index","follow":"follow","max-snippet":"max-snippet:-1","max-image-preview":"max-image-preview:large","max-video-preview":"max-video-preview:-1"},"canonical":"https:\/\/filetafoin.com\/en\/how-to-properly-install-a-hay-net-for-horses\/","og_locale":"en_US","og_type":"article","og_title":"How to properly install a hay net for horses - Filets \u00e0 Foin","og_description":"Feelnets, the net specialist, explains how to properly install your hay net for horses: how and where to install it, and how to fill it.","og_url":"https:\/\/filetafoin.com\/en\/how-to-properly-install-a-hay-net-for-horses\/","og_site_name":"Filets \u00e0 Foin","article_modified_time":"2026-01-15T08:52:36+00:00","twitter_card":"summary_large_image","twitter_misc":{"Est. reading time":"4 minutes"},"schema":{"@context":"https:\/\/schema.org","@graph":[{"@type":"WebPage","@id":"https:\/\/filetafoin.com\/en\/how-to-properly-install-a-hay-net-for-horses\/","url":"https:\/\/filetafoin.com\/en\/how-to-properly-install-a-hay-net-for-horses\/","name":"How to properly install a hay net for horses - Filets \u00e0 Foin","isPartOf":{"@id":"https:\/\/filetafoin.com\/en\/#website"},"datePublished":"2021-01-19T13:29:50+00:00","dateModified":"2026-01-15T08:52:36+00:00","description":"Feelnets, the net specialist, explains how to properly install your hay net for horses: how and where to install it, and how to fill it.","breadcrumb":{"@id":"https:\/\/filetafoin.com\/en\/how-to-properly-install-a-hay-net-for-horses\/#breadcrumb"},"inLanguage":"en-US","potentialAction":[{"@type":"ReadAction","target":["https:\/\/filetafoin.com\/en\/how-to-properly-install-a-hay-net-for-horses\/"]}]},{"@type":"BreadcrumbList","@id":"https:\/\/filetafoin.com\/en\/how-to-properly-install-a-hay-net-for-horses\/#breadcrumb","itemListElement":[{"@type":"ListItem","position":1,"name":"Accueil","item":"https:\/\/filetafoin.com\/en\/hay-net-specialist-for-horses\/"},{"@type":"ListItem","position":2,"name":"How to properly install a hay net for horses"}]},{"@type":"WebSite","@id":"https:\/\/filetafoin.com\/en\/#website","url":"https:\/\/filetafoin.com\/en\/","name":"Filets \u00e0 Foin","description":"Sp\u00e9cialiste du Filet \u00e0 Foin pour Chevaux","potentialAction":[{"@type":"SearchAction","target":{"@type":"EntryPoint","urlTemplate":"https:\/\/filetafoin.com\/en\/?s={search_term_string}"},"query-input":{"@type":"PropertyValueSpecification","valueRequired":true,"valueName":"search_term_string"}}],"inLanguage":"en-US"}]}},"_links":{"self":[{"href":"https:\/\/filetafoin.com\/en\/wp-json\/wp\/v2\/pages\/83781","targetHints":{"allow":["GET"]}}],"collection":[{"href":"https:\/\/filetafoin.com\/en\/wp-json\/wp\/v2\/pages"}],"about":[{"href":"https:\/\/filetafoin.com\/en\/wp-json\/wp\/v2\/types\/page"}],"author":[{"embeddable":true,"href":"https:\/\/filetafoin.com\/en\/wp-json\/wp\/v2\/users\/1"}],"replies":[{"embeddable":true,"href":"https:\/\/filetafoin.com\/en\/wp-json\/wp\/v2\/comments?post=83781"}],"version-history":[{"count":8,"href":"https:\/\/filetafoin.com\/en\/wp-json\/wp\/v2\/pages\/83781\/revisions"}],"predecessor-version":[{"id":84127,"href":"https:\/\/filetafoin.com\/en\/wp-json\/wp\/v2\/pages\/83781\/revisions\/84127"}],"wp:attachment":[{"href":"https:\/\/filetafoin.com\/en\/wp-json\/wp\/v2\/media?parent=83781"}],"curies":[{"name":"wp","href":"https:\/\/api.w.org\/{rel}","templated":true}]}}