{"id":84072,"date":"2025-04-04T16:08:03","date_gmt":"2025-04-04T14:08:03","guid":{"rendered":"https:\/\/filetafoin.com\/spring-pasturing-and-hay\/"},"modified":"2026-01-13T17:56:34","modified_gmt":"2026-01-13T16:56:34","slug":"spring-pasturing-and-hay","status":"publish","type":"page","link":"https:\/\/filetafoin.com\/en\/spring-pasturing-and-hay\/","title":{"rendered":"Spring, Pasturing, and Hay"},"content":{"rendered":"<div class=\"wpb-content-wrapper\"><p>[vc_row row_height_percent=&#8221;0&#8243; override_padding=&#8221;yes&#8221; h_padding=&#8221;2&#8243; top_padding=&#8221;5&#8243; bottom_padding=&#8221;3&#8243; overlay_alpha=&#8221;100&#8243; gutter_size=&#8221;3&#8243; column_width_percent=&#8221;100&#8243; shift_y=&#8221;0&#8243; z_index=&#8221;0&#8243; row_height_use_pixel=&#8221;&#8221;][vc_column column_width_use_pixel=&#8221;yes&#8221; gutter_size=&#8221;3&#8243; overlay_alpha=&#8221;50&#8243; shift_x=&#8221;0&#8243; shift_y=&#8221;0&#8243; medium_width=&#8221;0&#8243; zoom_width=&#8221;0&#8243; zoom_height=&#8221;0&#8243; column_width_pixel=&#8221;800&#8243;][vc_column_text uncode_shortcode_id=&#8221;527881&#8243;]<\/p>\n<h2><strong><u>Here are 4 good reasons to continue giving hay to horses, even when grass is available in the pastures: <\/u><\/strong><\/h2>\n<p><strong>1\/ Grass Quality<\/strong>: If the grass is poor in nutrients or insufficient in quantity, hay can compensate for the horse&#8217;s nutritional needs.<\/p>\n<p><strong>2\/ Dietary Transition<\/strong>: Abruptly switching from a hay-based diet to an exclusively grass diet can disrupt the horse&#8217;s digestive system. Proceed gradually! <\/p>\n<p><strong>3\/ Health Issues<\/strong>: Some more sensitive horses can benefit from a hay supplement to avoid an overload of sugar or fructans present in fresh grass.<\/p>\n<p><strong>4\/ Availability<\/strong>: When pastures become depleted, especially at the end of the season, hay can be essential for maintaining a balanced diet.<\/p>\n<p>[\/vc_column_text][\/vc_column][\/vc_row][vc_row row_height_percent=&#8221;0&#8243; override_padding=&#8221;yes&#8221; h_padding=&#8221;2&#8243; top_padding=&#8221;0&#8243; bottom_padding=&#8221;0&#8243; overlay_alpha=&#8221;100&#8243; gutter_size=&#8221;3&#8243; column_width_percent=&#8221;100&#8243; shift_y=&#8221;0&#8243; z_index=&#8221;0&#8243; row_height_use_pixel=&#8221;&#8221;][vc_column column_width_use_pixel=&#8221;yes&#8221; gutter_size=&#8221;3&#8243; overlay_alpha=&#8221;50&#8243; shift_x=&#8221;0&#8243; shift_y=&#8221;0&#8243; medium_width=&#8221;0&#8243; zoom_width=&#8221;0&#8243; zoom_height=&#8221;0&#8243; width=&#8221;5\/6&#8243;][vc_single_image media=&#8221;84074&#8243; media_width_percent=&#8221;100&#8243; media_ratio=&#8221;three-two&#8221; media_title_uppercase=&#8221;&#8221; uncode_shortcode_id=&#8221;204789&#8243;][\/vc_column][vc_column column_width_percent=&#8221;100&#8243; gutter_size=&#8221;3&#8243; overlay_alpha=&#8221;50&#8243; shift_x=&#8221;0&#8243; shift_y=&#8221;0&#8243; medium_width=&#8221;0&#8243; zoom_width=&#8221;0&#8243; zoom_height=&#8221;0&#8243; width=&#8221;1\/6&#8243;][vc_column_text uncode_shortcode_id=&#8221;212547&#8243;]Hay is a beneficial precaution for the health and comfort of your horses.[\/vc_column_text][\/vc_column][\/vc_row][vc_row row_height_percent=&#8221;0&#8243; override_padding=&#8221;yes&#8221; h_padding=&#8221;2&#8243; top_padding=&#8221;3&#8243; bottom_padding=&#8221;3&#8243; overlay_alpha=&#8221;100&#8243; gutter_size=&#8221;3&#8243; column_width_percent=&#8221;100&#8243; shift_y=&#8221;0&#8243; z_index=&#8221;0&#8243; row_height_use_pixel=&#8221;&#8221;][vc_column column_width_use_pixel=&#8221;yes&#8221; gutter_size=&#8221;3&#8243; overlay_alpha=&#8221;50&#8243; shift_x=&#8221;0&#8243; shift_y=&#8221;0&#8243; medium_width=&#8221;0&#8243; zoom_width=&#8221;0&#8243; zoom_height=&#8221;0&#8243; column_width_pixel=&#8221;800&#8243;][vc_column_text uncode_shortcode_id=&#8221;725683&#8243;]<\/p>\n<h2><strong><u>Here are some precautions when turning your horse out to pasture:<\/u><\/strong><\/h2>\n<ul>\n<li>Give hay before pasturing, no concentrated feeds.<\/li>\n<li>Slowly increase the grazing duration and gradually extend it.<\/li>\n<li>If the horse suffers from diarrhea, do not further extend the grazing duration, but increase the amount of hay until the intestinal flora has normalized.<\/li>\n<li>Reduce the amount of concentrated feeds during the pasturing period.<\/li>\n<li>Ensure your horse gets enough exercise. The extra calories from the grass must be burned through exercise, and digestion must remain active. <\/li>\n<li>Try not to further overload the horse&#8217;s metabolism. If possible, avoid medicinal treatments and dewormers during this period. <\/li>\n<\/ul>\n<p>[\/vc_column_text][\/vc_column][\/vc_row][vc_row row_height_percent=&#8221;0&#8243; override_padding=&#8221;yes&#8221; h_padding=&#8221;2&#8243; top_padding=&#8221;3&#8243; bottom_padding=&#8221;3&#8243; overlay_alpha=&#8221;100&#8243; gutter_size=&#8221;3&#8243; column_width_percent=&#8221;100&#8243; shift_y=&#8221;0&#8243; z_index=&#8221;0&#8243; row_height_use_pixel=&#8221;&#8221;][vc_column column_width_use_pixel=&#8221;yes&#8221; gutter_size=&#8221;3&#8243; overlay_alpha=&#8221;50&#8243; shift_x=&#8221;0&#8243; shift_y=&#8221;0&#8243; medium_width=&#8221;0&#8243; zoom_width=&#8221;0&#8243; zoom_height=&#8221;0&#8243; column_width_pixel=&#8221;800&#8243;][vc_column_text uncode_shortcode_id=&#8221;162763&#8243;]<\/p>\n<h2><strong><u>Why should precautions be taken during spring pasturing?<\/u><\/strong><\/h2>\n<p>In spring, the sun may already be shining, but the nights are cool, and the soil temperature is therefore also below 8\u00b0. Solar radiation certainly triggers photosynthesis, but the cold does not allow energy to be converted into growth.  <strong>The fructan content is therefore very high. <\/strong>Fructans can cause a great deal of suffering for horses that are sugar-sensitive.<\/p>\n<p>For healthy horses, a normal amount of fructan is not a problem. But for horses that are prone to intestinal or metabolic problems, an excessive amount can be dangerous. Fructan is not digested in the small intestine; it therefore flows into the large intestine where it is fermented by bacteria. This disrupts the microbial flora and leads to a reduction in the production of healthy nutrients such as volatile fatty acids, an increase in the release of harmful substances, and increased permeability of the intestinal wall. This allows toxins to enter the body, leading to acute immune reactions and metabolic problems. The clinical consequences of excess fructan are often colic, diarrhea, and laminitis.     <\/p>\n<p>&nbsp;<\/p>\n<p>[\/vc_column_text][\/vc_column][\/vc_row][vc_row row_height_percent=&#8221;0&#8243; override_padding=&#8221;yes&#8221; h_padding=&#8221;2&#8243; top_padding=&#8221;3&#8243; bottom_padding=&#8221;3&#8243; overlay_alpha=&#8221;100&#8243; gutter_size=&#8221;3&#8243; column_width_percent=&#8221;100&#8243; shift_y=&#8221;0&#8243; z_index=&#8221;0&#8243; row_height_use_pixel=&#8221;&#8221;][vc_column column_width_use_pixel=&#8221;yes&#8221; gutter_size=&#8221;3&#8243; overlay_alpha=&#8221;50&#8243; shift_x=&#8221;0&#8243; shift_y=&#8221;0&#8243; medium_width=&#8221;0&#8243; zoom_width=&#8221;0&#8243; zoom_height=&#8221;0&#8243; column_width_pixel=&#8221;800&#8243;][vc_column_text uncode_shortcode_id=&#8221;906432&#8243;]<\/p>\n<h2><strong><u>The benefit of continuing to feed hay in spring:<\/u><\/strong><\/h2>\n<p>Hay helps balance and reduce fructan absorption. The hay drying process reduces fructan content compared to fresh grass. Thus, by consuming hay, horses ingest food less rich in fructan. By adding hay to the diet, the proportion between fresh grass and a more neutral feed is balanced. The total amount of fructan absorbed is thus considerably reduced. Furthermore, hay is rich in fiber, which helps slow down digestion. This also helps limit sudden spikes in sugar assimilation, including fructans, and thus protects against problems related to potential overconsumption.      <\/p>\n<p>If you have specific cases or doubts, consulting a veterinarian or an equine nutritionist is always a good idea! \ud83d\ude0a<\/p>\n<p>&nbsp;<\/p>\n<p>Read our article on this topic <a href=\"https:\/\/filetafoin.com\/en\/horse-forage-feeding\/\">here<\/a><\/p>\n<p>&nbsp;<\/p>\n<p>[\/vc_column_text][\/vc_column][\/vc_row]<\/p>\n<\/div>","protected":false},"excerpt":{"rendered":"<p>[vc_row row_height_percent=&#8221;0&#8243; override_padding=&#8221;yes&#8221; h_padding=&#8221;2&#8243; top_padding=&#8221;5&#8243; bottom_padding=&#8221;3&#8243; overlay_alpha=&#8221;100&#8243; gutter_size=&#8221;3&#8243; column_width_percent=&#8221;100&#8243; shift_y=&#8221;0&#8243; z_index=&#8221;0&#8243; row_height_use_pixel=&#8221;&#8221;][vc_column column_width_use_pixel=&#8221;yes&#8221; gutter_size=&#8221;3&#8243; overlay_alpha=&#8221;50&#8243; shift_x=&#8221;0&#8243; shift_y=&#8221;0&#8243; medium_width=&#8221;0&#8243; zoom_width=&#8221;0&#8243; zoom_height=&#8221;0&#8243; [&hellip;]<\/p>\n","protected":false},"author":6,"featured_media":83355,"parent":0,"menu_order":0,"comment_status":"closed","ping_status":"closed","template":"","meta":{"footnotes":""},"class_list":["post-84072","page","type-page","status-publish","has-post-thumbnail","hentry","page_category-guide"],"yoast_head":"<!-- This site is optimized with the Yoast SEO plugin v26.7 - https:\/\/yoast.com\/wordpress\/plugins\/seo\/ -->\n<title>Spring, Pasturing, and Hay - Filets \u00e0 Foin<\/title>\n<meta name=\"robots\" content=\"index, follow, max-snippet:-1, max-image-preview:large, max-video-preview:-1\" \/>\n<link rel=\"canonical\" href=\"https:\/\/filetafoin.com\/en\/spring-pasturing-and-hay\/\" \/>\n<meta property=\"og:locale\" content=\"en_US\" \/>\n<meta property=\"og:type\" content=\"article\" \/>\n<meta property=\"og:title\" content=\"Spring, Pasturing, and Hay - Filets \u00e0 Foin\" \/>\n<meta property=\"og:description\" content=\"[vc_row row_height_percent=&#8221;0&#8243; override_padding=&#8221;yes&#8221; h_padding=&#8221;2&#8243; top_padding=&#8221;5&#8243; bottom_padding=&#8221;3&#8243; overlay_alpha=&#8221;100&#8243; gutter_size=&#8221;3&#8243; column_width_percent=&#8221;100&#8243; shift_y=&#8221;0&#8243; z_index=&#8221;0&#8243; row_height_use_pixel=&#8221;&#8221;][vc_column column_width_use_pixel=&#8221;yes&#8221; gutter_size=&#8221;3&#8243; overlay_alpha=&#8221;50&#8243; shift_x=&#8221;0&#8243; shift_y=&#8221;0&#8243; medium_width=&#8221;0&#8243; zoom_width=&#8221;0&#8243; zoom_height=&#8221;0&#8243; [&hellip;]\" \/>\n<meta property=\"og:url\" content=\"https:\/\/filetafoin.com\/en\/spring-pasturing-and-hay\/\" \/>\n<meta property=\"og:site_name\" content=\"Filets \u00e0 Foin\" \/>\n<meta property=\"article:modified_time\" content=\"2026-01-13T16:56:34+00:00\" \/>\n<meta property=\"og:image\" content=\"https:\/\/filetafoin.com\/wp-content\/uploads\/2025\/04\/Design-sans-titre2.jpg\" \/>\n\t<meta property=\"og:image:width\" content=\"940\" \/>\n\t<meta property=\"og:image:height\" content=\"788\" \/>\n\t<meta property=\"og:image:type\" content=\"image\/jpeg\" \/>\n<meta name=\"twitter:card\" content=\"summary_large_image\" \/>\n<meta name=\"twitter:label1\" content=\"Est. reading time\" \/>\n\t<meta name=\"twitter:data1\" content=\"4 minutes\" \/>\n<script type=\"application\/ld+json\" class=\"yoast-schema-graph\">{\"@context\":\"https:\/\/schema.org\",\"@graph\":[{\"@type\":\"WebPage\",\"@id\":\"https:\/\/filetafoin.com\/en\/spring-pasturing-and-hay\/\",\"url\":\"https:\/\/filetafoin.com\/en\/spring-pasturing-and-hay\/\",\"name\":\"Spring, Pasturing, and Hay - Filets \u00e0 Foin\",\"isPartOf\":{\"@id\":\"https:\/\/filetafoin.com\/en\/#website\"},\"primaryImageOfPage\":{\"@id\":\"https:\/\/filetafoin.com\/en\/spring-pasturing-and-hay\/#primaryimage\"},\"image\":{\"@id\":\"https:\/\/filetafoin.com\/en\/spring-pasturing-and-hay\/#primaryimage\"},\"thumbnailUrl\":\"https:\/\/filetafoin.com\/wp-content\/uploads\/2025\/04\/Design-sans-titre2.jpg\",\"datePublished\":\"2025-04-04T14:08:03+00:00\",\"dateModified\":\"2026-01-13T16:56:34+00:00\",\"breadcrumb\":{\"@id\":\"https:\/\/filetafoin.com\/en\/spring-pasturing-and-hay\/#breadcrumb\"},\"inLanguage\":\"en-US\",\"potentialAction\":[{\"@type\":\"ReadAction\",\"target\":[\"https:\/\/filetafoin.com\/en\/spring-pasturing-and-hay\/\"]}]},{\"@type\":\"ImageObject\",\"inLanguage\":\"en-US\",\"@id\":\"https:\/\/filetafoin.com\/en\/spring-pasturing-and-hay\/#primaryimage\",\"url\":\"https:\/\/filetafoin.com\/wp-content\/uploads\/2025\/04\/Design-sans-titre2.jpg\",\"contentUrl\":\"https:\/\/filetafoin.com\/wp-content\/uploads\/2025\/04\/Design-sans-titre2.jpg\",\"width\":940,\"height\":788},{\"@type\":\"BreadcrumbList\",\"@id\":\"https:\/\/filetafoin.com\/en\/spring-pasturing-and-hay\/#breadcrumb\",\"itemListElement\":[{\"@type\":\"ListItem\",\"position\":1,\"name\":\"Accueil\",\"item\":\"https:\/\/filetafoin.com\/en\/hay-net-specialist-for-horses\/\"},{\"@type\":\"ListItem\",\"position\":2,\"name\":\"Spring, Pasturing, and Hay\"}]},{\"@type\":\"WebSite\",\"@id\":\"https:\/\/filetafoin.com\/en\/#website\",\"url\":\"https:\/\/filetafoin.com\/en\/\",\"name\":\"Filets \u00e0 Foin\",\"description\":\"Sp\u00e9cialiste du Filet \u00e0 Foin pour Chevaux\",\"potentialAction\":[{\"@type\":\"SearchAction\",\"target\":{\"@type\":\"EntryPoint\",\"urlTemplate\":\"https:\/\/filetafoin.com\/en\/?s={search_term_string}\"},\"query-input\":{\"@type\":\"PropertyValueSpecification\",\"valueRequired\":true,\"valueName\":\"search_term_string\"}}],\"inLanguage\":\"en-US\"}]}<\/script>\n<!-- \/ Yoast SEO plugin. -->","yoast_head_json":{"title":"Spring, Pasturing, and Hay - Filets \u00e0 Foin","robots":{"index":"index","follow":"follow","max-snippet":"max-snippet:-1","max-image-preview":"max-image-preview:large","max-video-preview":"max-video-preview:-1"},"canonical":"https:\/\/filetafoin.com\/en\/spring-pasturing-and-hay\/","og_locale":"en_US","og_type":"article","og_title":"Spring, Pasturing, and Hay - Filets \u00e0 Foin","og_description":"[vc_row row_height_percent=&#8221;0&#8243; override_padding=&#8221;yes&#8221; h_padding=&#8221;2&#8243; top_padding=&#8221;5&#8243; bottom_padding=&#8221;3&#8243; overlay_alpha=&#8221;100&#8243; gutter_size=&#8221;3&#8243; column_width_percent=&#8221;100&#8243; shift_y=&#8221;0&#8243; z_index=&#8221;0&#8243; row_height_use_pixel=&#8221;&#8221;][vc_column column_width_use_pixel=&#8221;yes&#8221; gutter_size=&#8221;3&#8243; overlay_alpha=&#8221;50&#8243; shift_x=&#8221;0&#8243; shift_y=&#8221;0&#8243; medium_width=&#8221;0&#8243; zoom_width=&#8221;0&#8243; zoom_height=&#8221;0&#8243; [&hellip;]","og_url":"https:\/\/filetafoin.com\/en\/spring-pasturing-and-hay\/","og_site_name":"Filets \u00e0 Foin","article_modified_time":"2026-01-13T16:56:34+00:00","og_image":[{"width":940,"height":788,"url":"https:\/\/filetafoin.com\/wp-content\/uploads\/2025\/04\/Design-sans-titre2.jpg","type":"image\/jpeg"}],"twitter_card":"summary_large_image","twitter_misc":{"Est. reading time":"4 minutes"},"schema":{"@context":"https:\/\/schema.org","@graph":[{"@type":"WebPage","@id":"https:\/\/filetafoin.com\/en\/spring-pasturing-and-hay\/","url":"https:\/\/filetafoin.com\/en\/spring-pasturing-and-hay\/","name":"Spring, Pasturing, and Hay - Filets \u00e0 Foin","isPartOf":{"@id":"https:\/\/filetafoin.com\/en\/#website"},"primaryImageOfPage":{"@id":"https:\/\/filetafoin.com\/en\/spring-pasturing-and-hay\/#primaryimage"},"image":{"@id":"https:\/\/filetafoin.com\/en\/spring-pasturing-and-hay\/#primaryimage"},"thumbnailUrl":"https:\/\/filetafoin.com\/wp-content\/uploads\/2025\/04\/Design-sans-titre2.jpg","datePublished":"2025-04-04T14:08:03+00:00","dateModified":"2026-01-13T16:56:34+00:00","breadcrumb":{"@id":"https:\/\/filetafoin.com\/en\/spring-pasturing-and-hay\/#breadcrumb"},"inLanguage":"en-US","potentialAction":[{"@type":"ReadAction","target":["https:\/\/filetafoin.com\/en\/spring-pasturing-and-hay\/"]}]},{"@type":"ImageObject","inLanguage":"en-US","@id":"https:\/\/filetafoin.com\/en\/spring-pasturing-and-hay\/#primaryimage","url":"https:\/\/filetafoin.com\/wp-content\/uploads\/2025\/04\/Design-sans-titre2.jpg","contentUrl":"https:\/\/filetafoin.com\/wp-content\/uploads\/2025\/04\/Design-sans-titre2.jpg","width":940,"height":788},{"@type":"BreadcrumbList","@id":"https:\/\/filetafoin.com\/en\/spring-pasturing-and-hay\/#breadcrumb","itemListElement":[{"@type":"ListItem","position":1,"name":"Accueil","item":"https:\/\/filetafoin.com\/en\/hay-net-specialist-for-horses\/"},{"@type":"ListItem","position":2,"name":"Spring, Pasturing, and Hay"}]},{"@type":"WebSite","@id":"https:\/\/filetafoin.com\/en\/#website","url":"https:\/\/filetafoin.com\/en\/","name":"Filets \u00e0 Foin","description":"Sp\u00e9cialiste du Filet \u00e0 Foin pour Chevaux","potentialAction":[{"@type":"SearchAction","target":{"@type":"EntryPoint","urlTemplate":"https:\/\/filetafoin.com\/en\/?s={search_term_string}"},"query-input":{"@type":"PropertyValueSpecification","valueRequired":true,"valueName":"search_term_string"}}],"inLanguage":"en-US"}]}},"_links":{"self":[{"href":"https:\/\/filetafoin.com\/en\/wp-json\/wp\/v2\/pages\/84072","targetHints":{"allow":["GET"]}}],"collection":[{"href":"https:\/\/filetafoin.com\/en\/wp-json\/wp\/v2\/pages"}],"about":[{"href":"https:\/\/filetafoin.com\/en\/wp-json\/wp\/v2\/types\/page"}],"author":[{"embeddable":true,"href":"https:\/\/filetafoin.com\/en\/wp-json\/wp\/v2\/users\/6"}],"replies":[{"embeddable":true,"href":"https:\/\/filetafoin.com\/en\/wp-json\/wp\/v2\/comments?post=84072"}],"version-history":[{"count":2,"href":"https:\/\/filetafoin.com\/en\/wp-json\/wp\/v2\/pages\/84072\/revisions"}],"predecessor-version":[{"id":84080,"href":"https:\/\/filetafoin.com\/en\/wp-json\/wp\/v2\/pages\/84072\/revisions\/84080"}],"wp:featuredmedia":[{"embeddable":true,"href":"https:\/\/filetafoin.com\/en\/wp-json\/wp\/v2\/media\/83355"}],"wp:attachment":[{"href":"https:\/\/filetafoin.com\/en\/wp-json\/wp\/v2\/media?parent=84072"}],"curies":[{"name":"wp","href":"https:\/\/api.w.org\/{rel}","templated":true}]}}